{"id":4932,"date":"2015-04-29T08:08:00","date_gmt":"2015-04-29T06:08:00","guid":{"rendered":"https:\/\/www.euroresidentes.com\/entretenimiento\/ocio-y-tiempo-libre\/curiosidades-sobre-actores.html"},"modified":"2016-12-20T11:09:19","modified_gmt":"2016-12-20T10:09:19","slug":"curiosidades-sobre-actores","status":"publish","type":"page","link":"https:\/\/www.euroresidentes.com\/entretenimiento\/ocio-y-tiempo-libre\/curiosidades-sobre-actores\/","title":{"rendered":"Curiosidades sobre actores"},"content":{"rendered":"<div dir=\"ltr\" style=\"text-align: left;\" trbidi=\"on\">\n\u00bfQuieres saber todo sobre tus actores favoritos? S\u00f3lo tienes que leer&#8230;<\/p>\n<p>Por orden alfab\u00e9tico:<\/p>\n<ul>\n<li><a href=\"http:\/\/trailers-peliculas.estudiantes.info\/2014\/05\/10-curiosidades-de-alex-gonzalez-actor.html\" target=\"_blank\">Alex Gonz\u00e1lez: 10 curiosidades<\/a><\/li>\n<\/ul>\n<ul>\n<li><a href=\"http:\/\/trailers-peliculas.estudiantes.info\/2014\/07\/17-curiosidades-que-no-sabias-de.html\" target=\"_blank\">Angelina Jolie: 17 curiosidades<\/a><\/li>\n<\/ul>\n<ul>\n<li><a href=\"http:\/\/trailers-peliculas.estudiantes.info\/2014\/08\/15-cosas-que-no-sabias-de-cameron-diaz.html\" target=\"_blank\">Cameron D\u00edaz: 15 cosas<\/a><\/li>\n<\/ul>\n<ul>\n<li><a href=\"http:\/\/trailers-peliculas.estudiantes.info\/2015\/04\/jared-leto-28-curiosidades-del-actor-y.html\" target=\"_blank\">Jared Leto: 28 curiosidades<\/a><\/li>\n<\/ul>\n<ul>\n<li><a href=\"http:\/\/trailers-peliculas.estudiantes.info\/2014\/09\/jennifer-lawrence-18-cosas-que-no.html\" target=\"_blank\">Jennifer Lawrence: 18 cosas<\/a><\/li>\n<\/ul>\n<ul>\n<li><a href=\"http:\/\/trailers-peliculas.estudiantes.info\/2014\/09\/jesus-castro-12-cosas-que-te.html\" target=\"_blank\">Jes\u00fas Castro: 12 cosas<\/a><\/li>\n<\/ul>\n<ul>\n<li><a href=\"http:\/\/trailers-peliculas.estudiantes.info\/2014\/11\/kaley-cuoco-15-datos-que-no-conocias.html\" target=\"_blank\">Kaley Cuoco: 15 datos<\/a><\/li>\n<\/ul>\n<ul>\n<li><a href=\"http:\/\/trailers-peliculas.estudiantes.info\/2014\/06\/17-cosas-que-no-sabias-de-kate-upton.html\" target=\"_blank\">Kate Upton: 17 cosas&nbsp;<\/a><\/li>\n<\/ul>\n<ul>\n<li><a href=\"http:\/\/trailers-peliculas.estudiantes.info\/2014\/09\/kim-kardashian-conoce-la-vida-de-la.html\" target=\"_blank\">Kim Kardashian: La vida de una Celebrity<\/a><\/li>\n<\/ul>\n<ul>\n<li><a href=\"http:\/\/trailers-peliculas.estudiantes.info\/2014\/05\/10-cosas-que-debes-saber-de-ruben.html\" target=\"_blank\">10 Cosas que debes saber sobre Rub\u00e9n Cortada<\/a><\/li>\n<\/ul>\n<ul>\n<li><a href=\"http:\/\/trailers-peliculas.estudiantes.info\/2014\/08\/20-cosas-que-te-sorprenderan-de.html\" target=\"_blank\">Scarlett Johansson: 20 cosas<\/a><\/li>\n<\/ul>\n<ul>\n<li><a href=\"http:\/\/trailers-peliculas.estudiantes.info\/2014\/10\/tus-peliculas-favoritas-12-decisiones.html\" target=\"_blank\">Tus pel\u00edculas favoritas: 12 decisiones de casting que podr\u00edan haber alterado Hollywood<\/a><\/li>\n<\/ul>\n<\/div>\n","protected":false},"excerpt":{"rendered":"<p>\u00bfQuieres saber todo sobre tus actores favoritos? S\u00f3lo tienes que leer&#8230; Por orden alfab\u00e9tico: Alex Gonz\u00e1lez: 10 curiosidades Angelina Jolie: 17 curiosidades Cameron D\u00edaz: 15 cosas Jared Leto: 28 curiosidades Jennifer Lawrence: 18 cosas Jes\u00fas Castro: 12 cosas Kaley Cuoco: 15 datos Kate Upton: 17 cosas&nbsp; Kim Kardashian: La vida de una Celebrity 10 Cosas que debes saber sobre Rub\u00e9n Cortada Scarlett Johansson: 20 cosas Tus pel\u00edculas favoritas: 12 decisiones de casting que podr\u00edan haber alterado Hollywood<\/p>\n","protected":false},"author":11,"featured_media":0,"parent":0,"menu_order":0,"comment_status":"closed","ping_status":"closed","template":"","meta":{"footnotes":""},"class_list":["post-4932","page","type-page","status-publish","hentry"],"yoast_head":"<!-- This site is optimized with the Yoast SEO plugin v24.1 - https:\/\/yoast.com\/wordpress\/plugins\/seo\/ -->\n<title>Curiosidades sobre actores - Ocio y tiempo libre<\/title>\n<meta name=\"robots\" content=\"index, follow, max-snippet:-1, max-image-preview:large, max-video-preview:-1\" \/>\n<link rel=\"canonical\" href=\"https:\/\/www.euroresidentes.com\/entretenimiento\/ocio-y-tiempo-libre\/curiosidades-sobre-actores\/\" \/>\n<meta property=\"og:locale\" content=\"es_ES\" \/>\n<meta property=\"og:type\" content=\"article\" \/>\n<meta property=\"og:title\" content=\"Curiosidades sobre actores - Ocio y tiempo libre\" \/>\n<meta property=\"og:description\" content=\"\u00bfQuieres saber todo sobre tus actores favoritos? S\u00f3lo tienes que leer&#8230; Por orden alfab\u00e9tico: Alex Gonz\u00e1lez: 10 curiosidades Angelina Jolie: 17 curiosidades Cameron D\u00edaz: 15 cosas Jared Leto: 28 curiosidades Jennifer Lawrence: 18 cosas Jes\u00fas Castro: 12 cosas Kaley Cuoco: 15 datos Kate Upton: 17 cosas&nbsp; Kim Kardashian: La vida de una Celebrity 10 Cosas que debes saber sobre Rub\u00e9n Cortada Scarlett Johansson: 20 cosas Tus pel\u00edculas favoritas: 12 decisiones de casting que podr\u00edan haber alterado Hollywood\" \/>\n<meta property=\"og:url\" content=\"https:\/\/www.euroresidentes.com\/entretenimiento\/ocio-y-tiempo-libre\/curiosidades-sobre-actores\/\" \/>\n<meta property=\"og:site_name\" content=\"Ocio y tiempo libre\" \/>\n<meta property=\"article:publisher\" content=\"https:\/\/www.facebook.com\/euroresidentes\/\" \/>\n<meta property=\"article:modified_time\" content=\"2016-12-20T10:09:19+00:00\" \/>\n<meta name=\"twitter:card\" content=\"summary_large_image\" \/>\n<script type=\"application\/ld+json\" class=\"yoast-schema-graph\">{\"@context\":\"https:\/\/schema.org\",\"@graph\":[{\"@type\":\"WebPage\",\"@id\":\"https:\/\/www.euroresidentes.com\/entretenimiento\/ocio-y-tiempo-libre\/curiosidades-sobre-actores\/\",\"url\":\"https:\/\/www.euroresidentes.com\/entretenimiento\/ocio-y-tiempo-libre\/curiosidades-sobre-actores\/\",\"name\":\"Curiosidades sobre actores - Ocio y tiempo libre\",\"isPartOf\":{\"@id\":\"https:\/\/www.euroresidentes.com\/entretenimiento\/ocio-y-tiempo-libre\/#website\"},\"datePublished\":\"2015-04-29T06:08:00+00:00\",\"dateModified\":\"2016-12-20T10:09:19+00:00\",\"breadcrumb\":{\"@id\":\"https:\/\/www.euroresidentes.com\/entretenimiento\/ocio-y-tiempo-libre\/curiosidades-sobre-actores\/#breadcrumb\"},\"inLanguage\":\"es\",\"potentialAction\":[{\"@type\":\"ReadAction\",\"target\":[\"https:\/\/www.euroresidentes.com\/entretenimiento\/ocio-y-tiempo-libre\/curiosidades-sobre-actores\/\"]}]},{\"@type\":\"BreadcrumbList\",\"@id\":\"https:\/\/www.euroresidentes.com\/entretenimiento\/ocio-y-tiempo-libre\/curiosidades-sobre-actores\/#breadcrumb\",\"itemListElement\":[{\"@type\":\"ListItem\",\"position\":1,\"name\":\"Portada\",\"item\":\"https:\/\/www.euroresidentes.com\/entretenimiento\/ocio-y-tiempo-libre\/\"},{\"@type\":\"ListItem\",\"position\":2,\"name\":\"Curiosidades sobre actores\"}]},{\"@type\":\"WebSite\",\"@id\":\"https:\/\/www.euroresidentes.com\/entretenimiento\/ocio-y-tiempo-libre\/#website\",\"url\":\"https:\/\/www.euroresidentes.com\/entretenimiento\/ocio-y-tiempo-libre\/\",\"name\":\"Ocio y tiempo libre\",\"description\":\"Euroresidentes\",\"potentialAction\":[{\"@type\":\"SearchAction\",\"target\":{\"@type\":\"EntryPoint\",\"urlTemplate\":\"https:\/\/www.euroresidentes.com\/entretenimiento\/ocio-y-tiempo-libre\/?s={search_term_string}\"},\"query-input\":{\"@type\":\"PropertyValueSpecification\",\"valueRequired\":true,\"valueName\":\"search_term_string\"}}],\"inLanguage\":\"es\"}]}<\/script>\n<!-- \/ Yoast SEO plugin. -->","yoast_head_json":{"title":"Curiosidades sobre actores - Ocio y tiempo libre","robots":{"index":"index","follow":"follow","max-snippet":"max-snippet:-1","max-image-preview":"max-image-preview:large","max-video-preview":"max-video-preview:-1"},"canonical":"https:\/\/www.euroresidentes.com\/entretenimiento\/ocio-y-tiempo-libre\/curiosidades-sobre-actores\/","og_locale":"es_ES","og_type":"article","og_title":"Curiosidades sobre actores - Ocio y tiempo libre","og_description":"\u00bfQuieres saber todo sobre tus actores favoritos? S\u00f3lo tienes que leer&#8230; Por orden alfab\u00e9tico: Alex Gonz\u00e1lez: 10 curiosidades Angelina Jolie: 17 curiosidades Cameron D\u00edaz: 15 cosas Jared Leto: 28 curiosidades Jennifer Lawrence: 18 cosas Jes\u00fas Castro: 12 cosas Kaley Cuoco: 15 datos Kate Upton: 17 cosas&nbsp; Kim Kardashian: La vida de una Celebrity 10 Cosas que debes saber sobre Rub\u00e9n Cortada Scarlett Johansson: 20 cosas Tus pel\u00edculas favoritas: 12 decisiones de casting que podr\u00edan haber alterado Hollywood","og_url":"https:\/\/www.euroresidentes.com\/entretenimiento\/ocio-y-tiempo-libre\/curiosidades-sobre-actores\/","og_site_name":"Ocio y tiempo libre","article_publisher":"https:\/\/www.facebook.com\/euroresidentes\/","article_modified_time":"2016-12-20T10:09:19+00:00","twitter_card":"summary_large_image","schema":{"@context":"https:\/\/schema.org","@graph":[{"@type":"WebPage","@id":"https:\/\/www.euroresidentes.com\/entretenimiento\/ocio-y-tiempo-libre\/curiosidades-sobre-actores\/","url":"https:\/\/www.euroresidentes.com\/entretenimiento\/ocio-y-tiempo-libre\/curiosidades-sobre-actores\/","name":"Curiosidades sobre actores - Ocio y tiempo libre","isPartOf":{"@id":"https:\/\/www.euroresidentes.com\/entretenimiento\/ocio-y-tiempo-libre\/#website"},"datePublished":"2015-04-29T06:08:00+00:00","dateModified":"2016-12-20T10:09:19+00:00","breadcrumb":{"@id":"https:\/\/www.euroresidentes.com\/entretenimiento\/ocio-y-tiempo-libre\/curiosidades-sobre-actores\/#breadcrumb"},"inLanguage":"es","potentialAction":[{"@type":"ReadAction","target":["https:\/\/www.euroresidentes.com\/entretenimiento\/ocio-y-tiempo-libre\/curiosidades-sobre-actores\/"]}]},{"@type":"BreadcrumbList","@id":"https:\/\/www.euroresidentes.com\/entretenimiento\/ocio-y-tiempo-libre\/curiosidades-sobre-actores\/#breadcrumb","itemListElement":[{"@type":"ListItem","position":1,"name":"Portada","item":"https:\/\/www.euroresidentes.com\/entretenimiento\/ocio-y-tiempo-libre\/"},{"@type":"ListItem","position":2,"name":"Curiosidades sobre actores"}]},{"@type":"WebSite","@id":"https:\/\/www.euroresidentes.com\/entretenimiento\/ocio-y-tiempo-libre\/#website","url":"https:\/\/www.euroresidentes.com\/entretenimiento\/ocio-y-tiempo-libre\/","name":"Ocio y tiempo libre","description":"Euroresidentes","potentialAction":[{"@type":"SearchAction","target":{"@type":"EntryPoint","urlTemplate":"https:\/\/www.euroresidentes.com\/entretenimiento\/ocio-y-tiempo-libre\/?s={search_term_string}"},"query-input":{"@type":"PropertyValueSpecification","valueRequired":true,"valueName":"search_term_string"}}],"inLanguage":"es"}]}},"_links":{"self":[{"href":"https:\/\/www.euroresidentes.com\/entretenimiento\/ocio-y-tiempo-libre\/wp-json\/wp\/v2\/pages\/4932","targetHints":{"allow":["GET"]}}],"collection":[{"href":"https:\/\/www.euroresidentes.com\/entretenimiento\/ocio-y-tiempo-libre\/wp-json\/wp\/v2\/pages"}],"about":[{"href":"https:\/\/www.euroresidentes.com\/entretenimiento\/ocio-y-tiempo-libre\/wp-json\/wp\/v2\/types\/page"}],"author":[{"embeddable":true,"href":"https:\/\/www.euroresidentes.com\/entretenimiento\/ocio-y-tiempo-libre\/wp-json\/wp\/v2\/users\/11"}],"replies":[{"embeddable":true,"href":"https:\/\/www.euroresidentes.com\/entretenimiento\/ocio-y-tiempo-libre\/wp-json\/wp\/v2\/comments?post=4932"}],"version-history":[{"count":1,"href":"https:\/\/www.euroresidentes.com\/entretenimiento\/ocio-y-tiempo-libre\/wp-json\/wp\/v2\/pages\/4932\/revisions"}],"predecessor-version":[{"id":4942,"href":"https:\/\/www.euroresidentes.com\/entretenimiento\/ocio-y-tiempo-libre\/wp-json\/wp\/v2\/pages\/4932\/revisions\/4942"}],"wp:attachment":[{"href":"https:\/\/www.euroresidentes.com\/entretenimiento\/ocio-y-tiempo-libre\/wp-json\/wp\/v2\/media?parent=4932"}],"curies":[{"name":"wp","href":"https:\/\/api.w.org\/{rel}","templated":true}]}}