{"id":2213,"date":"2014-09-22T18:09:00","date_gmt":"2014-09-22T18:09:00","guid":{"rendered":"https:\/\/www.euroresidentes.com\/entretenimiento\/ocio-y-tiempo-libre\/autor-del-blog.html"},"modified":"2016-02-26T09:52:22","modified_gmt":"2016-02-26T09:52:22","slug":"autor-del-blog","status":"publish","type":"page","link":"https:\/\/www.euroresidentes.com\/entretenimiento\/ocio-y-tiempo-libre\/autor-del-blog\/","title":{"rendered":"Sobre el autor del Blog"},"content":{"rendered":"<h2>\nDavid Esquivel<\/h2>\n<h4>\nDiez cosas sobre m\u00ed (quiz\u00e1 sean demasiadas):&nbsp;<\/h4>\n<div>\n<\/div>\n<p>1. Me siento fundamentalmente alicantino, pero tambi\u00e9n sevillano y pucelano. Y, si me apuras, de<br \/>\nLavapi\u00e9s.<\/p>\n<p>2. Mi pr\u00e1ctica de los deportes es inversamente proporcional a mi edad. No me siento orgulloso.<\/p>\n<p>3. Me gusta el cine desde los 14 a\u00f1os, cuando vi como se hund\u00eda el Titanic desde la primera fila<br \/>\n(no del barco, sino de la sala de cine).<\/p>\n<p>4. Estudi\u00e9 Publicidad y Relaciones P\u00fablicas porque me gustaba el cine. De l\u00f3gica aplastante\u2026<\/p>\n<p>5. A los 25 a\u00f1os dej\u00e9 un trabajo estable en Marketing para probar suerte en el mundo del cine.<\/p>\n<p>6. He participados en cerca de 50 cortometrajes. \u00bfA cu\u00e1nto est\u00e1 el largometraje? \u00bf100 cortos es<br \/>\nun largo?<\/p>\n<p>7. Me gusta el cine, la m\u00fasica y estar con los amigos. Soy un t\u00edo original, \u00bfeh?<\/p>\n<p>8. Si tengo que elegir tres pel\u00edculas, ahora dir\u00eda: El secreto de tus ojos, En la ciudad sin l\u00edmites y<br \/>\nEl Apartamento. Pero quiz\u00e1 en una hora las cambiar\u00eda todas.<\/p>\n<p>9. Si tengo que elegir tres directores, ahora dir\u00eda: David Trueba, Alfonso Cuar\u00f3n y David Fincher.<br \/>\nPero quiz\u00e1 en una hora los cambiar\u00eda a los tres.<\/p>\n<p>10. Me he quedado sin ideas.<\/p>\n","protected":false},"excerpt":{"rendered":"<p>David Esquivel Diez cosas sobre m\u00ed (quiz\u00e1 sean demasiadas):&nbsp; 1. Me siento fundamentalmente alicantino, pero tambi\u00e9n sevillano y pucelano. Y, si me apuras, de Lavapi\u00e9s. 2. Mi pr\u00e1ctica de los deportes es inversamente proporcional a mi edad. No me siento orgulloso. 3. Me gusta el cine desde los 14 a\u00f1os, cuando vi como se hund\u00eda el Titanic desde la primera fila (no del barco, sino de la sala de cine). 4. Estudi\u00e9 Publicidad y Relaciones P\u00fablicas porque me gustaba el cine. De l\u00f3gica aplastante\u2026 5. A los 25 a\u00f1os dej\u00e9 un trabajo estable en Marketing para probar suerte en el <\/p>\n","protected":false},"author":1,"featured_media":0,"parent":0,"menu_order":0,"comment_status":"closed","ping_status":"closed","template":"","meta":{"footnotes":""},"class_list":["post-2213","page","type-page","status-publish","hentry"],"yoast_head":"<!-- This site is optimized with the Yoast SEO plugin v24.1 - https:\/\/yoast.com\/wordpress\/plugins\/seo\/ -->\n<title>Sobre el autor del Blog - Ocio y tiempo libre<\/title>\n<meta name=\"robots\" content=\"index, follow, max-snippet:-1, max-image-preview:large, max-video-preview:-1\" \/>\n<link rel=\"canonical\" href=\"https:\/\/www.euroresidentes.com\/entretenimiento\/ocio-y-tiempo-libre\/autor-del-blog\/\" \/>\n<meta property=\"og:locale\" content=\"es_ES\" \/>\n<meta property=\"og:type\" content=\"article\" \/>\n<meta property=\"og:title\" content=\"Sobre el autor del Blog - Ocio y tiempo libre\" \/>\n<meta property=\"og:description\" content=\"David Esquivel Diez cosas sobre m\u00ed (quiz\u00e1 sean demasiadas):&nbsp; 1. Me siento fundamentalmente alicantino, pero tambi\u00e9n sevillano y pucelano. Y, si me apuras, de Lavapi\u00e9s. 2. Mi pr\u00e1ctica de los deportes es inversamente proporcional a mi edad. No me siento orgulloso. 3. Me gusta el cine desde los 14 a\u00f1os, cuando vi como se hund\u00eda el Titanic desde la primera fila (no del barco, sino de la sala de cine). 4. Estudi\u00e9 Publicidad y Relaciones P\u00fablicas porque me gustaba el cine. De l\u00f3gica aplastante\u2026 5. A los 25 a\u00f1os dej\u00e9 un trabajo estable en Marketing para probar suerte en el\" \/>\n<meta property=\"og:url\" content=\"https:\/\/www.euroresidentes.com\/entretenimiento\/ocio-y-tiempo-libre\/autor-del-blog\/\" \/>\n<meta property=\"og:site_name\" content=\"Ocio y tiempo libre\" \/>\n<meta property=\"article:publisher\" content=\"https:\/\/www.facebook.com\/euroresidentes\/\" \/>\n<meta property=\"article:modified_time\" content=\"2016-02-26T09:52:22+00:00\" \/>\n<meta name=\"twitter:card\" content=\"summary_large_image\" \/>\n<meta name=\"twitter:label1\" content=\"Est. reading time\" \/>\n\t<meta name=\"twitter:data1\" content=\"1 minuto\" \/>\n<script type=\"application\/ld+json\" class=\"yoast-schema-graph\">{\"@context\":\"https:\/\/schema.org\",\"@graph\":[{\"@type\":\"WebPage\",\"@id\":\"https:\/\/www.euroresidentes.com\/entretenimiento\/ocio-y-tiempo-libre\/autor-del-blog\/\",\"url\":\"https:\/\/www.euroresidentes.com\/entretenimiento\/ocio-y-tiempo-libre\/autor-del-blog\/\",\"name\":\"Sobre el autor del Blog - Ocio y tiempo libre\",\"isPartOf\":{\"@id\":\"https:\/\/www.euroresidentes.com\/entretenimiento\/ocio-y-tiempo-libre\/#website\"},\"datePublished\":\"2014-09-22T18:09:00+00:00\",\"dateModified\":\"2016-02-26T09:52:22+00:00\",\"breadcrumb\":{\"@id\":\"https:\/\/www.euroresidentes.com\/entretenimiento\/ocio-y-tiempo-libre\/autor-del-blog\/#breadcrumb\"},\"inLanguage\":\"es\",\"potentialAction\":[{\"@type\":\"ReadAction\",\"target\":[\"https:\/\/www.euroresidentes.com\/entretenimiento\/ocio-y-tiempo-libre\/autor-del-blog\/\"]}]},{\"@type\":\"BreadcrumbList\",\"@id\":\"https:\/\/www.euroresidentes.com\/entretenimiento\/ocio-y-tiempo-libre\/autor-del-blog\/#breadcrumb\",\"itemListElement\":[{\"@type\":\"ListItem\",\"position\":1,\"name\":\"Portada\",\"item\":\"https:\/\/www.euroresidentes.com\/entretenimiento\/ocio-y-tiempo-libre\/\"},{\"@type\":\"ListItem\",\"position\":2,\"name\":\"Sobre el autor del Blog\"}]},{\"@type\":\"WebSite\",\"@id\":\"https:\/\/www.euroresidentes.com\/entretenimiento\/ocio-y-tiempo-libre\/#website\",\"url\":\"https:\/\/www.euroresidentes.com\/entretenimiento\/ocio-y-tiempo-libre\/\",\"name\":\"Ocio y tiempo libre\",\"description\":\"Euroresidentes\",\"potentialAction\":[{\"@type\":\"SearchAction\",\"target\":{\"@type\":\"EntryPoint\",\"urlTemplate\":\"https:\/\/www.euroresidentes.com\/entretenimiento\/ocio-y-tiempo-libre\/?s={search_term_string}\"},\"query-input\":{\"@type\":\"PropertyValueSpecification\",\"valueRequired\":true,\"valueName\":\"search_term_string\"}}],\"inLanguage\":\"es\"}]}<\/script>\n<!-- \/ Yoast SEO plugin. -->","yoast_head_json":{"title":"Sobre el autor del Blog - Ocio y tiempo libre","robots":{"index":"index","follow":"follow","max-snippet":"max-snippet:-1","max-image-preview":"max-image-preview:large","max-video-preview":"max-video-preview:-1"},"canonical":"https:\/\/www.euroresidentes.com\/entretenimiento\/ocio-y-tiempo-libre\/autor-del-blog\/","og_locale":"es_ES","og_type":"article","og_title":"Sobre el autor del Blog - Ocio y tiempo libre","og_description":"David Esquivel Diez cosas sobre m\u00ed (quiz\u00e1 sean demasiadas):&nbsp; 1. Me siento fundamentalmente alicantino, pero tambi\u00e9n sevillano y pucelano. Y, si me apuras, de Lavapi\u00e9s. 2. Mi pr\u00e1ctica de los deportes es inversamente proporcional a mi edad. No me siento orgulloso. 3. Me gusta el cine desde los 14 a\u00f1os, cuando vi como se hund\u00eda el Titanic desde la primera fila (no del barco, sino de la sala de cine). 4. Estudi\u00e9 Publicidad y Relaciones P\u00fablicas porque me gustaba el cine. De l\u00f3gica aplastante\u2026 5. A los 25 a\u00f1os dej\u00e9 un trabajo estable en Marketing para probar suerte en el","og_url":"https:\/\/www.euroresidentes.com\/entretenimiento\/ocio-y-tiempo-libre\/autor-del-blog\/","og_site_name":"Ocio y tiempo libre","article_publisher":"https:\/\/www.facebook.com\/euroresidentes\/","article_modified_time":"2016-02-26T09:52:22+00:00","twitter_card":"summary_large_image","twitter_misc":{"Est. reading time":"1 minuto"},"schema":{"@context":"https:\/\/schema.org","@graph":[{"@type":"WebPage","@id":"https:\/\/www.euroresidentes.com\/entretenimiento\/ocio-y-tiempo-libre\/autor-del-blog\/","url":"https:\/\/www.euroresidentes.com\/entretenimiento\/ocio-y-tiempo-libre\/autor-del-blog\/","name":"Sobre el autor del Blog - Ocio y tiempo libre","isPartOf":{"@id":"https:\/\/www.euroresidentes.com\/entretenimiento\/ocio-y-tiempo-libre\/#website"},"datePublished":"2014-09-22T18:09:00+00:00","dateModified":"2016-02-26T09:52:22+00:00","breadcrumb":{"@id":"https:\/\/www.euroresidentes.com\/entretenimiento\/ocio-y-tiempo-libre\/autor-del-blog\/#breadcrumb"},"inLanguage":"es","potentialAction":[{"@type":"ReadAction","target":["https:\/\/www.euroresidentes.com\/entretenimiento\/ocio-y-tiempo-libre\/autor-del-blog\/"]}]},{"@type":"BreadcrumbList","@id":"https:\/\/www.euroresidentes.com\/entretenimiento\/ocio-y-tiempo-libre\/autor-del-blog\/#breadcrumb","itemListElement":[{"@type":"ListItem","position":1,"name":"Portada","item":"https:\/\/www.euroresidentes.com\/entretenimiento\/ocio-y-tiempo-libre\/"},{"@type":"ListItem","position":2,"name":"Sobre el autor del Blog"}]},{"@type":"WebSite","@id":"https:\/\/www.euroresidentes.com\/entretenimiento\/ocio-y-tiempo-libre\/#website","url":"https:\/\/www.euroresidentes.com\/entretenimiento\/ocio-y-tiempo-libre\/","name":"Ocio y tiempo libre","description":"Euroresidentes","potentialAction":[{"@type":"SearchAction","target":{"@type":"EntryPoint","urlTemplate":"https:\/\/www.euroresidentes.com\/entretenimiento\/ocio-y-tiempo-libre\/?s={search_term_string}"},"query-input":{"@type":"PropertyValueSpecification","valueRequired":true,"valueName":"search_term_string"}}],"inLanguage":"es"}]}},"_links":{"self":[{"href":"https:\/\/www.euroresidentes.com\/entretenimiento\/ocio-y-tiempo-libre\/wp-json\/wp\/v2\/pages\/2213","targetHints":{"allow":["GET"]}}],"collection":[{"href":"https:\/\/www.euroresidentes.com\/entretenimiento\/ocio-y-tiempo-libre\/wp-json\/wp\/v2\/pages"}],"about":[{"href":"https:\/\/www.euroresidentes.com\/entretenimiento\/ocio-y-tiempo-libre\/wp-json\/wp\/v2\/types\/page"}],"author":[{"embeddable":true,"href":"https:\/\/www.euroresidentes.com\/entretenimiento\/ocio-y-tiempo-libre\/wp-json\/wp\/v2\/users\/1"}],"replies":[{"embeddable":true,"href":"https:\/\/www.euroresidentes.com\/entretenimiento\/ocio-y-tiempo-libre\/wp-json\/wp\/v2\/comments?post=2213"}],"version-history":[{"count":1,"href":"https:\/\/www.euroresidentes.com\/entretenimiento\/ocio-y-tiempo-libre\/wp-json\/wp\/v2\/pages\/2213\/revisions"}],"predecessor-version":[{"id":2220,"href":"https:\/\/www.euroresidentes.com\/entretenimiento\/ocio-y-tiempo-libre\/wp-json\/wp\/v2\/pages\/2213\/revisions\/2220"}],"wp:attachment":[{"href":"https:\/\/www.euroresidentes.com\/entretenimiento\/ocio-y-tiempo-libre\/wp-json\/wp\/v2\/media?parent=2213"}],"curies":[{"name":"wp","href":"https:\/\/api.w.org\/{rel}","templated":true}]}}