{"id":1839,"date":"2015-07-24T14:22:00","date_gmt":"2015-07-24T14:22:00","guid":{"rendered":"https:\/\/www.euroresidentes.com\/entretenimiento\/ocio-y-tiempo-libre\/divertidas.html"},"modified":"2016-02-26T09:51:52","modified_gmt":"2016-02-26T09:51:52","slug":"divertidas","status":"publish","type":"page","link":"https:\/\/www.euroresidentes.com\/entretenimiento\/ocio-y-tiempo-libre\/divertidas\/","title":{"rendered":"Divertidas"},"content":{"rendered":"<p>10 Razones divertidas:<\/p>\n<ul>\n<li><a href=\"http:\/\/10-razones.euroresidentes.com\/2015\/07\/15-cosas-que-no-puedes-decirle-nunca.html\">15 cosas que no puedes decirle NUNCA a una chica durante su periodo<\/a><\/li>\n<li><a href=\"http:\/\/10-razones.euroresidentes.com\/2014\/05\/10-razones-para-sonreir.html\" target=\"_blank\">10 razones para sonre\u00edr<\/a><\/li>\n<li><a href=\"http:\/\/10-razones.euroresidentes.com\/2014\/05\/10-razones-para-creer-en-los_21.html\" target=\"_blank\">10 razones para creer en los extraterrestres<\/a><\/li>\n<li><a href=\"http:\/\/10-razones.euroresidentes.com\/2014\/05\/10-razones-por-las-que-usar-tanga.html\" target=\"_blank\">10 razones para tener cuidado con los selfies<\/a><\/li>\n<li><a href=\"http:\/\/10-razones.euroresidentes.com\/2014\/06\/10-razones-por-las-que-ser-soltero.html\" target=\"_blank\">10 razones para NO ver Juego de Tronos<\/a><\/li>\n<\/ul>\n<p><\/p>\n<ul>\n<li><a href=\"http:\/\/10-razones.euroresidentes.com\/2014\/05\/10-razones-por-las-que-usar-tanga.html\" target=\"_blank\">10 razones por las que usar tanga<\/a><\/li>\n<li><a href=\"http:\/\/10-razones.euroresidentes.com\/2014\/05\/10-razones-para-que-los-hombres-lleven.html\" target=\"_blank\">10 razones por las que los hombres lleven un ba\u00f1ador paquetero<\/a><\/li>\n<\/ul>\n<p><\/p>\n<ul>\n<li><a href=\"http:\/\/10-razones.euroresidentes.com\/2014\/05\/9-razones-para-jugar-al-cubo-de-rubik.html\" target=\"_blank\">9 razones por las que jugar al cubo de rubik<\/a><\/li>\n<li><a href=\"http:\/\/10-razones.euroresidentes.com\/2014\/05\/18-razones-por-las-que-escuchar-y-amar_26.html\" target=\"_blank\">18 razones por las que escuchar m\u00fasica<\/a><\/li>\n<\/ul>\n<p><\/p>\n<ul>\n<li><a href=\"http:\/\/10-razones.euroresidentes.com\/2014\/05\/18-razones-por-las-que-escuchar-y-amar_26.html\" target=\"_blank\">18 razones para escuchar y amar la m\u00fasica<\/a><\/li>\n<li><a href=\"http:\/\/10-razones.euroresidentes.com\/2014\/05\/10-razones-para-cantar-en-la-ducha.html\" target=\"_blank\">10 razones para cantar en la ducha<\/a><\/li>\n<\/ul>\n<p><\/p>\n<ul>\n<\/ul>\n","protected":false},"excerpt":{"rendered":"<p>10 Razones divertidas: 15 cosas que no puedes decirle NUNCA a una chica durante su periodo 10 razones para sonre\u00edr 10 razones para creer en los extraterrestres 10 razones para tener cuidado con los selfies 10 razones para NO ver Juego de Tronos 10 razones por las que usar tanga 10 razones por las que los hombres lleven un ba\u00f1ador paquetero 9 razones por las que jugar al cubo de rubik 18 razones por las que escuchar m\u00fasica 18 razones para escuchar y amar la m\u00fasica 10 razones para cantar en la ducha<\/p>\n","protected":false},"author":1,"featured_media":0,"parent":0,"menu_order":0,"comment_status":"closed","ping_status":"closed","template":"","meta":{"footnotes":""},"class_list":["post-1839","page","type-page","status-publish","hentry"],"yoast_head":"<!-- This site is optimized with the Yoast SEO plugin v24.1 - https:\/\/yoast.com\/wordpress\/plugins\/seo\/ -->\n<title>Divertidas - Ocio y tiempo libre<\/title>\n<meta name=\"robots\" content=\"index, follow, max-snippet:-1, max-image-preview:large, max-video-preview:-1\" \/>\n<link rel=\"canonical\" href=\"https:\/\/www.euroresidentes.com\/entretenimiento\/ocio-y-tiempo-libre\/divertidas\/\" \/>\n<meta property=\"og:locale\" content=\"es_ES\" \/>\n<meta property=\"og:type\" content=\"article\" \/>\n<meta property=\"og:title\" content=\"Divertidas - Ocio y tiempo libre\" \/>\n<meta property=\"og:description\" content=\"10 Razones divertidas: 15 cosas que no puedes decirle NUNCA a una chica durante su periodo 10 razones para sonre\u00edr 10 razones para creer en los extraterrestres 10 razones para tener cuidado con los selfies 10 razones para NO ver Juego de Tronos 10 razones por las que usar tanga 10 razones por las que los hombres lleven un ba\u00f1ador paquetero 9 razones por las que jugar al cubo de rubik 18 razones por las que escuchar m\u00fasica 18 razones para escuchar y amar la m\u00fasica 10 razones para cantar en la ducha\" \/>\n<meta property=\"og:url\" content=\"https:\/\/www.euroresidentes.com\/entretenimiento\/ocio-y-tiempo-libre\/divertidas\/\" \/>\n<meta property=\"og:site_name\" content=\"Ocio y tiempo libre\" \/>\n<meta property=\"article:publisher\" content=\"https:\/\/www.facebook.com\/euroresidentes\/\" \/>\n<meta property=\"article:modified_time\" content=\"2016-02-26T09:51:52+00:00\" \/>\n<meta name=\"twitter:card\" content=\"summary_large_image\" \/>\n<script type=\"application\/ld+json\" class=\"yoast-schema-graph\">{\"@context\":\"https:\/\/schema.org\",\"@graph\":[{\"@type\":\"WebPage\",\"@id\":\"https:\/\/www.euroresidentes.com\/entretenimiento\/ocio-y-tiempo-libre\/divertidas\/\",\"url\":\"https:\/\/www.euroresidentes.com\/entretenimiento\/ocio-y-tiempo-libre\/divertidas\/\",\"name\":\"Divertidas - Ocio y tiempo libre\",\"isPartOf\":{\"@id\":\"https:\/\/www.euroresidentes.com\/entretenimiento\/ocio-y-tiempo-libre\/#website\"},\"datePublished\":\"2015-07-24T14:22:00+00:00\",\"dateModified\":\"2016-02-26T09:51:52+00:00\",\"breadcrumb\":{\"@id\":\"https:\/\/www.euroresidentes.com\/entretenimiento\/ocio-y-tiempo-libre\/divertidas\/#breadcrumb\"},\"inLanguage\":\"es\",\"potentialAction\":[{\"@type\":\"ReadAction\",\"target\":[\"https:\/\/www.euroresidentes.com\/entretenimiento\/ocio-y-tiempo-libre\/divertidas\/\"]}]},{\"@type\":\"BreadcrumbList\",\"@id\":\"https:\/\/www.euroresidentes.com\/entretenimiento\/ocio-y-tiempo-libre\/divertidas\/#breadcrumb\",\"itemListElement\":[{\"@type\":\"ListItem\",\"position\":1,\"name\":\"Portada\",\"item\":\"https:\/\/www.euroresidentes.com\/entretenimiento\/ocio-y-tiempo-libre\/\"},{\"@type\":\"ListItem\",\"position\":2,\"name\":\"Divertidas\"}]},{\"@type\":\"WebSite\",\"@id\":\"https:\/\/www.euroresidentes.com\/entretenimiento\/ocio-y-tiempo-libre\/#website\",\"url\":\"https:\/\/www.euroresidentes.com\/entretenimiento\/ocio-y-tiempo-libre\/\",\"name\":\"Ocio y tiempo libre\",\"description\":\"Euroresidentes\",\"potentialAction\":[{\"@type\":\"SearchAction\",\"target\":{\"@type\":\"EntryPoint\",\"urlTemplate\":\"https:\/\/www.euroresidentes.com\/entretenimiento\/ocio-y-tiempo-libre\/?s={search_term_string}\"},\"query-input\":{\"@type\":\"PropertyValueSpecification\",\"valueRequired\":true,\"valueName\":\"search_term_string\"}}],\"inLanguage\":\"es\"}]}<\/script>\n<!-- \/ Yoast SEO plugin. -->","yoast_head_json":{"title":"Divertidas - Ocio y tiempo libre","robots":{"index":"index","follow":"follow","max-snippet":"max-snippet:-1","max-image-preview":"max-image-preview:large","max-video-preview":"max-video-preview:-1"},"canonical":"https:\/\/www.euroresidentes.com\/entretenimiento\/ocio-y-tiempo-libre\/divertidas\/","og_locale":"es_ES","og_type":"article","og_title":"Divertidas - Ocio y tiempo libre","og_description":"10 Razones divertidas: 15 cosas que no puedes decirle NUNCA a una chica durante su periodo 10 razones para sonre\u00edr 10 razones para creer en los extraterrestres 10 razones para tener cuidado con los selfies 10 razones para NO ver Juego de Tronos 10 razones por las que usar tanga 10 razones por las que los hombres lleven un ba\u00f1ador paquetero 9 razones por las que jugar al cubo de rubik 18 razones por las que escuchar m\u00fasica 18 razones para escuchar y amar la m\u00fasica 10 razones para cantar en la ducha","og_url":"https:\/\/www.euroresidentes.com\/entretenimiento\/ocio-y-tiempo-libre\/divertidas\/","og_site_name":"Ocio y tiempo libre","article_publisher":"https:\/\/www.facebook.com\/euroresidentes\/","article_modified_time":"2016-02-26T09:51:52+00:00","twitter_card":"summary_large_image","schema":{"@context":"https:\/\/schema.org","@graph":[{"@type":"WebPage","@id":"https:\/\/www.euroresidentes.com\/entretenimiento\/ocio-y-tiempo-libre\/divertidas\/","url":"https:\/\/www.euroresidentes.com\/entretenimiento\/ocio-y-tiempo-libre\/divertidas\/","name":"Divertidas - Ocio y tiempo libre","isPartOf":{"@id":"https:\/\/www.euroresidentes.com\/entretenimiento\/ocio-y-tiempo-libre\/#website"},"datePublished":"2015-07-24T14:22:00+00:00","dateModified":"2016-02-26T09:51:52+00:00","breadcrumb":{"@id":"https:\/\/www.euroresidentes.com\/entretenimiento\/ocio-y-tiempo-libre\/divertidas\/#breadcrumb"},"inLanguage":"es","potentialAction":[{"@type":"ReadAction","target":["https:\/\/www.euroresidentes.com\/entretenimiento\/ocio-y-tiempo-libre\/divertidas\/"]}]},{"@type":"BreadcrumbList","@id":"https:\/\/www.euroresidentes.com\/entretenimiento\/ocio-y-tiempo-libre\/divertidas\/#breadcrumb","itemListElement":[{"@type":"ListItem","position":1,"name":"Portada","item":"https:\/\/www.euroresidentes.com\/entretenimiento\/ocio-y-tiempo-libre\/"},{"@type":"ListItem","position":2,"name":"Divertidas"}]},{"@type":"WebSite","@id":"https:\/\/www.euroresidentes.com\/entretenimiento\/ocio-y-tiempo-libre\/#website","url":"https:\/\/www.euroresidentes.com\/entretenimiento\/ocio-y-tiempo-libre\/","name":"Ocio y tiempo libre","description":"Euroresidentes","potentialAction":[{"@type":"SearchAction","target":{"@type":"EntryPoint","urlTemplate":"https:\/\/www.euroresidentes.com\/entretenimiento\/ocio-y-tiempo-libre\/?s={search_term_string}"},"query-input":{"@type":"PropertyValueSpecification","valueRequired":true,"valueName":"search_term_string"}}],"inLanguage":"es"}]}},"_links":{"self":[{"href":"https:\/\/www.euroresidentes.com\/entretenimiento\/ocio-y-tiempo-libre\/wp-json\/wp\/v2\/pages\/1839","targetHints":{"allow":["GET"]}}],"collection":[{"href":"https:\/\/www.euroresidentes.com\/entretenimiento\/ocio-y-tiempo-libre\/wp-json\/wp\/v2\/pages"}],"about":[{"href":"https:\/\/www.euroresidentes.com\/entretenimiento\/ocio-y-tiempo-libre\/wp-json\/wp\/v2\/types\/page"}],"author":[{"embeddable":true,"href":"https:\/\/www.euroresidentes.com\/entretenimiento\/ocio-y-tiempo-libre\/wp-json\/wp\/v2\/users\/1"}],"replies":[{"embeddable":true,"href":"https:\/\/www.euroresidentes.com\/entretenimiento\/ocio-y-tiempo-libre\/wp-json\/wp\/v2\/comments?post=1839"}],"version-history":[{"count":1,"href":"https:\/\/www.euroresidentes.com\/entretenimiento\/ocio-y-tiempo-libre\/wp-json\/wp\/v2\/pages\/1839\/revisions"}],"predecessor-version":[{"id":1984,"href":"https:\/\/www.euroresidentes.com\/entretenimiento\/ocio-y-tiempo-libre\/wp-json\/wp\/v2\/pages\/1839\/revisions\/1984"}],"wp:attachment":[{"href":"https:\/\/www.euroresidentes.com\/entretenimiento\/ocio-y-tiempo-libre\/wp-json\/wp\/v2\/media?parent=1839"}],"curies":[{"name":"wp","href":"https:\/\/api.w.org\/{rel}","templated":true}]}}