{"id":818,"date":"2014-05-07T14:28:00","date_gmt":"2014-05-07T14:28:00","guid":{"rendered":"https:\/\/www.euroresidentes.com\/entretenimiento\/horoscopos-de-famosos\/fic.html"},"modified":"2016-02-26T09:46:25","modified_gmt":"2016-02-26T09:46:25","slug":"fic","status":"publish","type":"page","link":"https:\/\/www.euroresidentes.com\/entretenimiento\/horoscopos-de-famosos\/fic\/","title":{"rendered":"Ficci\u00f3n"},"content":{"rendered":"<p>\u00cdndice de los Hor\u00f3scopos de FAMOSOS PERSONAJES DE FICCI\u00d3N que aparecen en nuestro blog:<\/p>\n<div class=\"separator\" style=\"clear: both; text-align: center;\">\n<a href=\"https:\/\/www.euroresidentes.com\/entretenimiento\/horoscopos-de-famosos\/wp-content\/uploads\/sites\/8\/2014\/05\/Hello-Kitty-2-1024x640.jpg\" imageanchor=\"1\" style=\"margin-left: 1em; margin-right: 1em;\"><img loading=\"lazy\" decoding=\"async\" border=\"0\" src=\"https:\/\/www.euroresidentes.com\/entretenimiento\/horoscopos-de-famosos\/wp-content\/uploads\/sites\/8\/2014\/05\/Hello-Kitty-2-1024x640.jpg\" height=\"200\" width=\"320\" \/><\/a><\/div>\n<p><\/p>\n<ul>\n<li><a href=\"http:\/\/horoscopos-de-famosos.euroresidentes.com\/2013\/02\/horoscopo-de-antasia-steele.html\" target=\"_blank\">Anastasia Steele<\/a><\/li>\n<li><a href=\"http:\/\/horoscopos-de-famosos.euroresidentes.com\/2013\/02\/horoscopo-de-christian-grey.html\" target=\"_blank\">Christian Grey<\/a><\/li>\n<li><u><a href=\"http:\/\/horoscopos-de-famosos.euroresidentes.com\/2012\/06\/horoscopo-de-harry-potter.html\" target=\"_blank\">Harry Potter<\/a><\/u><\/li>\n<li><u><a href=\"http:\/\/horoscopos-de-famosos.euroresidentes.com\/2012\/06\/horoscopo-de-hello-kitty.html\" target=\"_blank\">Hellow Kitty<\/a><\/u><\/li>\n<li><u><a href=\"http:\/\/horoscopos-de-famosos.euroresidentes.com\/2012\/06\/horoscopo-de-naruto.html\" target=\"_blank\">Naruto<\/a><\/u><\/li>\n<\/ul>\n<div class=\"separator\" style=\"clear: both; text-align: center;\">\n<\/div>\n<div class=\"separator\" style=\"clear: both; text-align: center;\">\n<\/div>\n<p><\/p>\n<div class=\"separator\" style=\"clear: both; text-align: center;\">\n<a href=\"https:\/\/www.euroresidentes.com\/entretenimiento\/horoscopos-de-famosos\/wp-content\/uploads\/sites\/8\/2014\/05\/CHRISTIAN-GREY.jpg\" imageanchor=\"1\" style=\"margin-left: 1em; margin-right: 1em;\"><img loading=\"lazy\" decoding=\"async\" border=\"0\" src=\"https:\/\/www.euroresidentes.com\/entretenimiento\/horoscopos-de-famosos\/wp-content\/uploads\/sites\/8\/2014\/05\/CHRISTIAN-GREY.jpg\" height=\"227\" width=\"320\" \/><\/a><\/div>\n<div>\n<\/div>\n","protected":false},"excerpt":{"rendered":"<p>\u00cdndice de los Hor\u00f3scopos de FAMOSOS PERSONAJES DE FICCI\u00d3N que aparecen en nuestro blog: Anastasia Steele Christian Grey Harry Potter Hellow Kitty Naruto<\/p>\n","protected":false},"author":23,"featured_media":0,"parent":0,"menu_order":0,"comment_status":"closed","ping_status":"closed","template":"","meta":{"footnotes":""},"class_list":["post-818","page","type-page","status-publish","hentry"],"yoast_head":"<!-- This site is optimized with the Yoast SEO plugin v24.1 - https:\/\/yoast.com\/wordpress\/plugins\/seo\/ -->\n<title>Ficci\u00f3n - Hor\u00f3scopos Famosos<\/title>\n<meta name=\"robots\" content=\"index, follow, max-snippet:-1, max-image-preview:large, max-video-preview:-1\" \/>\n<link rel=\"canonical\" href=\"https:\/\/www.euroresidentes.com\/entretenimiento\/horoscopos-de-famosos\/fic\/\" \/>\n<meta property=\"og:locale\" content=\"es_ES\" \/>\n<meta property=\"og:type\" content=\"article\" \/>\n<meta property=\"og:title\" content=\"Ficci\u00f3n - Hor\u00f3scopos Famosos\" \/>\n<meta property=\"og:description\" content=\"\u00cdndice de los Hor\u00f3scopos de FAMOSOS PERSONAJES DE FICCI\u00d3N que aparecen en nuestro blog: Anastasia Steele Christian Grey Harry Potter Hellow Kitty Naruto\" \/>\n<meta property=\"og:url\" content=\"https:\/\/www.euroresidentes.com\/entretenimiento\/horoscopos-de-famosos\/fic\/\" \/>\n<meta property=\"og:site_name\" content=\"Hor\u00f3scopos Famosos\" \/>\n<meta property=\"article:publisher\" content=\"https:\/\/www.facebook.com\/horoscopos.euroresidentes\/\" \/>\n<meta property=\"article:modified_time\" content=\"2016-02-26T09:46:25+00:00\" \/>\n<meta property=\"og:image\" content=\"https:\/\/www.euroresidentes.com\/entretenimiento\/horoscopos-de-famosos\/wp-content\/uploads\/sites\/8\/2014\/05\/Hello-Kitty-2-1024x640.jpg\" \/>\n<meta name=\"twitter:card\" content=\"summary_large_image\" \/>\n<script type=\"application\/ld+json\" class=\"yoast-schema-graph\">{\"@context\":\"https:\/\/schema.org\",\"@graph\":[{\"@type\":\"WebPage\",\"@id\":\"https:\/\/www.euroresidentes.com\/entretenimiento\/horoscopos-de-famosos\/fic\/\",\"url\":\"https:\/\/www.euroresidentes.com\/entretenimiento\/horoscopos-de-famosos\/fic\/\",\"name\":\"Ficci\u00f3n - Hor\u00f3scopos Famosos\",\"isPartOf\":{\"@id\":\"https:\/\/www.euroresidentes.com\/entretenimiento\/horoscopos-de-famosos\/#website\"},\"primaryImageOfPage\":{\"@id\":\"https:\/\/www.euroresidentes.com\/entretenimiento\/horoscopos-de-famosos\/fic\/#primaryimage\"},\"image\":{\"@id\":\"https:\/\/www.euroresidentes.com\/entretenimiento\/horoscopos-de-famosos\/fic\/#primaryimage\"},\"thumbnailUrl\":\"https:\/\/www.euroresidentes.com\/entretenimiento\/horoscopos-de-famosos\/wp-content\/uploads\/sites\/8\/2014\/05\/Hello-Kitty-2-1024x640.jpg\",\"datePublished\":\"2014-05-07T14:28:00+00:00\",\"dateModified\":\"2016-02-26T09:46:25+00:00\",\"breadcrumb\":{\"@id\":\"https:\/\/www.euroresidentes.com\/entretenimiento\/horoscopos-de-famosos\/fic\/#breadcrumb\"},\"inLanguage\":\"es\",\"potentialAction\":[{\"@type\":\"ReadAction\",\"target\":[\"https:\/\/www.euroresidentes.com\/entretenimiento\/horoscopos-de-famosos\/fic\/\"]}]},{\"@type\":\"ImageObject\",\"inLanguage\":\"es\",\"@id\":\"https:\/\/www.euroresidentes.com\/entretenimiento\/horoscopos-de-famosos\/fic\/#primaryimage\",\"url\":\"https:\/\/www.euroresidentes.com\/entretenimiento\/horoscopos-de-famosos\/wp-content\/uploads\/sites\/8\/2014\/05\/Hello-Kitty-2.jpg\",\"contentUrl\":\"https:\/\/www.euroresidentes.com\/entretenimiento\/horoscopos-de-famosos\/wp-content\/uploads\/sites\/8\/2014\/05\/Hello-Kitty-2.jpg\",\"width\":1600,\"height\":1000},{\"@type\":\"BreadcrumbList\",\"@id\":\"https:\/\/www.euroresidentes.com\/entretenimiento\/horoscopos-de-famosos\/fic\/#breadcrumb\",\"itemListElement\":[{\"@type\":\"ListItem\",\"position\":1,\"name\":\"Portada\",\"item\":\"https:\/\/www.euroresidentes.com\/entretenimiento\/horoscopos-de-famosos\/\"},{\"@type\":\"ListItem\",\"position\":2,\"name\":\"Ficci\u00f3n\"}]},{\"@type\":\"WebSite\",\"@id\":\"https:\/\/www.euroresidentes.com\/entretenimiento\/horoscopos-de-famosos\/#website\",\"url\":\"https:\/\/www.euroresidentes.com\/entretenimiento\/horoscopos-de-famosos\/\",\"name\":\"Hor\u00f3scopos Famosos\",\"description\":\"Euroresidentes\",\"potentialAction\":[{\"@type\":\"SearchAction\",\"target\":{\"@type\":\"EntryPoint\",\"urlTemplate\":\"https:\/\/www.euroresidentes.com\/entretenimiento\/horoscopos-de-famosos\/?s={search_term_string}\"},\"query-input\":{\"@type\":\"PropertyValueSpecification\",\"valueRequired\":true,\"valueName\":\"search_term_string\"}}],\"inLanguage\":\"es\"}]}<\/script>\n<!-- \/ Yoast SEO plugin. -->","yoast_head_json":{"title":"Ficci\u00f3n - Hor\u00f3scopos Famosos","robots":{"index":"index","follow":"follow","max-snippet":"max-snippet:-1","max-image-preview":"max-image-preview:large","max-video-preview":"max-video-preview:-1"},"canonical":"https:\/\/www.euroresidentes.com\/entretenimiento\/horoscopos-de-famosos\/fic\/","og_locale":"es_ES","og_type":"article","og_title":"Ficci\u00f3n - Hor\u00f3scopos Famosos","og_description":"\u00cdndice de los Hor\u00f3scopos de FAMOSOS PERSONAJES DE FICCI\u00d3N que aparecen en nuestro blog: Anastasia Steele Christian Grey Harry Potter Hellow Kitty Naruto","og_url":"https:\/\/www.euroresidentes.com\/entretenimiento\/horoscopos-de-famosos\/fic\/","og_site_name":"Hor\u00f3scopos Famosos","article_publisher":"https:\/\/www.facebook.com\/horoscopos.euroresidentes\/","article_modified_time":"2016-02-26T09:46:25+00:00","og_image":[{"url":"https:\/\/www.euroresidentes.com\/entretenimiento\/horoscopos-de-famosos\/wp-content\/uploads\/sites\/8\/2014\/05\/Hello-Kitty-2-1024x640.jpg","type":"","width":"","height":""}],"twitter_card":"summary_large_image","schema":{"@context":"https:\/\/schema.org","@graph":[{"@type":"WebPage","@id":"https:\/\/www.euroresidentes.com\/entretenimiento\/horoscopos-de-famosos\/fic\/","url":"https:\/\/www.euroresidentes.com\/entretenimiento\/horoscopos-de-famosos\/fic\/","name":"Ficci\u00f3n - Hor\u00f3scopos Famosos","isPartOf":{"@id":"https:\/\/www.euroresidentes.com\/entretenimiento\/horoscopos-de-famosos\/#website"},"primaryImageOfPage":{"@id":"https:\/\/www.euroresidentes.com\/entretenimiento\/horoscopos-de-famosos\/fic\/#primaryimage"},"image":{"@id":"https:\/\/www.euroresidentes.com\/entretenimiento\/horoscopos-de-famosos\/fic\/#primaryimage"},"thumbnailUrl":"https:\/\/www.euroresidentes.com\/entretenimiento\/horoscopos-de-famosos\/wp-content\/uploads\/sites\/8\/2014\/05\/Hello-Kitty-2-1024x640.jpg","datePublished":"2014-05-07T14:28:00+00:00","dateModified":"2016-02-26T09:46:25+00:00","breadcrumb":{"@id":"https:\/\/www.euroresidentes.com\/entretenimiento\/horoscopos-de-famosos\/fic\/#breadcrumb"},"inLanguage":"es","potentialAction":[{"@type":"ReadAction","target":["https:\/\/www.euroresidentes.com\/entretenimiento\/horoscopos-de-famosos\/fic\/"]}]},{"@type":"ImageObject","inLanguage":"es","@id":"https:\/\/www.euroresidentes.com\/entretenimiento\/horoscopos-de-famosos\/fic\/#primaryimage","url":"https:\/\/www.euroresidentes.com\/entretenimiento\/horoscopos-de-famosos\/wp-content\/uploads\/sites\/8\/2014\/05\/Hello-Kitty-2.jpg","contentUrl":"https:\/\/www.euroresidentes.com\/entretenimiento\/horoscopos-de-famosos\/wp-content\/uploads\/sites\/8\/2014\/05\/Hello-Kitty-2.jpg","width":1600,"height":1000},{"@type":"BreadcrumbList","@id":"https:\/\/www.euroresidentes.com\/entretenimiento\/horoscopos-de-famosos\/fic\/#breadcrumb","itemListElement":[{"@type":"ListItem","position":1,"name":"Portada","item":"https:\/\/www.euroresidentes.com\/entretenimiento\/horoscopos-de-famosos\/"},{"@type":"ListItem","position":2,"name":"Ficci\u00f3n"}]},{"@type":"WebSite","@id":"https:\/\/www.euroresidentes.com\/entretenimiento\/horoscopos-de-famosos\/#website","url":"https:\/\/www.euroresidentes.com\/entretenimiento\/horoscopos-de-famosos\/","name":"Hor\u00f3scopos Famosos","description":"Euroresidentes","potentialAction":[{"@type":"SearchAction","target":{"@type":"EntryPoint","urlTemplate":"https:\/\/www.euroresidentes.com\/entretenimiento\/horoscopos-de-famosos\/?s={search_term_string}"},"query-input":{"@type":"PropertyValueSpecification","valueRequired":true,"valueName":"search_term_string"}}],"inLanguage":"es"}]}},"_links":{"self":[{"href":"https:\/\/www.euroresidentes.com\/entretenimiento\/horoscopos-de-famosos\/wp-json\/wp\/v2\/pages\/818","targetHints":{"allow":["GET"]}}],"collection":[{"href":"https:\/\/www.euroresidentes.com\/entretenimiento\/horoscopos-de-famosos\/wp-json\/wp\/v2\/pages"}],"about":[{"href":"https:\/\/www.euroresidentes.com\/entretenimiento\/horoscopos-de-famosos\/wp-json\/wp\/v2\/types\/page"}],"author":[{"embeddable":true,"href":"https:\/\/www.euroresidentes.com\/entretenimiento\/horoscopos-de-famosos\/wp-json\/wp\/v2\/users\/23"}],"replies":[{"embeddable":true,"href":"https:\/\/www.euroresidentes.com\/entretenimiento\/horoscopos-de-famosos\/wp-json\/wp\/v2\/comments?post=818"}],"version-history":[{"count":1,"href":"https:\/\/www.euroresidentes.com\/entretenimiento\/horoscopos-de-famosos\/wp-json\/wp\/v2\/pages\/818\/revisions"}],"predecessor-version":[{"id":1054,"href":"https:\/\/www.euroresidentes.com\/entretenimiento\/horoscopos-de-famosos\/wp-json\/wp\/v2\/pages\/818\/revisions\/1054"}],"wp:attachment":[{"href":"https:\/\/www.euroresidentes.com\/entretenimiento\/horoscopos-de-famosos\/wp-json\/wp\/v2\/media?parent=818"}],"curies":[{"name":"wp","href":"https:\/\/api.w.org\/{rel}","templated":true}]}}