{"id":812,"date":"2015-07-13T11:24:00","date_gmt":"2015-07-13T11:24:00","guid":{"rendered":"https:\/\/www.euroresidentes.com\/entretenimiento\/horoscopos-de-famosos\/norteamericanos.html"},"modified":"2016-02-26T09:46:40","modified_gmt":"2016-02-26T09:46:40","slug":"norteamericanos","status":"publish","type":"page","link":"https:\/\/www.euroresidentes.com\/entretenimiento\/horoscopos-de-famosos\/norteamericanos\/","title":{"rendered":"Norteamericanos"},"content":{"rendered":"<p>\u00cdndice de los Hor\u00f3scopos de FAMOSOS NORTEAMERICANOS que aparecen en nuestro blog:<\/p>\n<div class=\"separator\" style=\"clear: both; text-align: center;\">\n<a href=\"https:\/\/www.euroresidentes.com\/entretenimiento\/horoscopos-de-famosos\/wp-content\/uploads\/sites\/8\/2015\/07\/imagen-rihanna.jpg\" imageanchor=\"1\" style=\"margin-left: 1em; margin-right: 1em;\"><img loading=\"lazy\" decoding=\"async\" border=\"0\" height=\"192\" src=\"https:\/\/www.euroresidentes.com\/entretenimiento\/horoscopos-de-famosos\/wp-content\/uploads\/sites\/8\/2015\/07\/imagen-rihanna.jpg\" width=\"320\" \/><\/a><\/div>\n<div class=\"separator\" style=\"clear: both; text-align: center;\">\n<\/div>\n<ul type=\"disc\">\n<li class=\"MsoNormal\" style=\"text-align: left;\"><a href=\"http:\/\/horoscopos-de-famosos.euroresidentes.com\/2013\/07\/horoscopo-de-elvis-presley.html\">Alicia Keys<\/a><\/li>\n<li class=\"MsoNormal\" style=\"text-align: left;\"><a href=\"http:\/\/horoscopos-de-famosos.euroresidentes.com\/2012\/09\/horoscopo-de-angelina-jolie.html\">Angelina Jolie<\/a><\/li>\n<li class=\"MsoNormal\" style=\"text-align: left;\"><a href=\"http:\/\/horoscopos-de-famosos.euroresidentes.com\/2012\/08\/horoscopo-de-ashton-kutcher_21.html\">Ashton Kutcher<\/a><\/li>\n<li class=\"MsoNormal\" style=\"text-align: left;\"><a href=\"http:\/\/horoscopos-de-famosos.euroresidentes.com\/2012\/08\/horoscopo-de-barack-obama_22.html\">Barack Obama<\/a><\/li>\n<li class=\"MsoNormal\" style=\"text-align: left;\"><a href=\"http:\/\/horoscopos-de-famosos.euroresidentes.com\/2012\/09\/horoscopo-de-ben-affleck_20.html\">Ben Affleck<\/a><\/li>\n<li class=\"MsoNormal\" style=\"text-align: left;\"><a href=\"http:\/\/horoscopos-de-famosos.euroresidentes.com\/2012\/12\/horoscopo-de-beyonce.html\">Beyonc\u00e9<\/a><\/li>\n<li class=\"MsoNormal\" style=\"text-align: left;\"><a href=\"http:\/\/horoscopos-de-famosos.euroresidentes.com\/2012\/07\/horoscopo-de-brad-pitt.html\">Brad Pitt<\/a><\/li>\n<li class=\"MsoNormal\" style=\"text-align: left;\"><a href=\"http:\/\/horoscopos-de-famosos.euroresidentes.com\/2012\/07\/horoscopo-de-britney-spears.html\">Britney Spears<\/a><\/li>\n<li class=\"MsoNormal\" style=\"text-align: left;\"><a href=\"http:\/\/horoscopos-de-famosos.euroresidentes.com\/2013\/06\/horoscopo-de-bruce-springteen.html\">Bruce Springteen<\/a><\/li>\n<li class=\"MsoNormal\" style=\"text-align: left;\"><a href=\"http:\/\/horoscopos-de-famosos.euroresidentes.com\/2013\/09\/horoscopo-de-charlie-hunnam.html\">Charlie Hunnan<\/a><\/li>\n<li class=\"MsoNormal\" style=\"text-align: left;\"><a href=\"http:\/\/horoscopos-de-famosos.euroresidentes.com\/2012\/10\/horoscopo-de-cristina-aguilera.html\">Cristina Aguilera<\/a><\/li>\n<li class=\"MsoNormal\" style=\"text-align: left;\"><a href=\"http:\/\/horoscopos-de-famosos.euroresidentes.com\/2013\/09\/horoscopo-de-dakota-johnson.html\">Dakota Johson<\/a><\/li>\n<li class=\"MsoNormal\" style=\"text-align: left;\"><a href=\"http:\/\/horoscopos-de-famosos.euroresidentes.com\/2013\/07\/horoscopo-de-elvis-presley.html\">Elvis Presley<\/a><\/li>\n<li class=\"MsoNormal\" style=\"text-align: left;\"><a href=\"http:\/\/horoscopos-de-famosos.euroresidentes.com\/2012\/06\/horoscopo-de-eminem.html\">Eminem<\/a><\/li>\n<li class=\"MsoNormal\" style=\"text-align: left;\"><a href=\"http:\/\/horoscopos-de-famosos.euroresidentes.com\/2012\/07\/horoscopo-de-george-clooney_20.html\">George Clooney<\/a><\/li>\n<li class=\"MsoNormal\" style=\"text-align: left;\"><a href=\"http:\/\/horoscopos-de-famosos.euroresidentes.com\/2014\/06\/horoscopo-de-george-r-r-martin.html\" target=\"_blank\">George R.R. Martin<\/a><\/li>\n<li class=\"MsoNormal\" style=\"text-align: left;\"><a href=\"http:\/\/horoscopos-de-famosos.euroresidentes.com\/2012\/10\/gwynethpaltrow-cuyo-nombre-completo-es.html\">Gwyneth Paltrow<\/a><\/li>\n<li class=\"MsoNormal\" style=\"text-align: left;\"><a href=\"http:\/\/horoscopos-de-famosos.euroresidentes.com\/2013\/10\/horoscopo-de-jamie-dornan.html\">Jamie Dornan<\/a><\/li>\n<li class=\"MsoNormal\" style=\"text-align: left;\"><a href=\"http:\/\/horoscopos-de-famosos.euroresidentes.com\/2013\/05\/hosroscopo-de-jennifer-aniston.html\">Jennifer Aniston<\/a><\/li>\n<li class=\"MsoNormal\" style=\"text-align: left;\"><a href=\"http:\/\/horoscopos-de-famosos.euroresidentes.com\/2015\/07\/horoscopo-de-jennifer-garner-energica-y.html\" target=\"_blank\">Jennifer Garner<\/a><\/li>\n<li class=\"MsoNormal\" style=\"text-align: left;\"><a href=\"http:\/\/horoscopos-de-famosos.euroresidentes.com\/2013\/02\/horoscopo-de-paris-hilton.html\">Jennifer Lawrence<\/a><\/li>\n<li class=\"MsoNormal\" style=\"text-align: left;\"><a href=\"http:\/\/horoscopos-de-famosos.euroresidentes.com\/2012\/09\/horoscopo-de-jennifer-lopez.html\">Jennifer L\u00f3pez<\/a><\/li>\n<li class=\"MsoNormal\" style=\"text-align: left;\"><a href=\"http:\/\/horoscopos-de-famosos.euroresidentes.com\/2012\/06\/horoscopo-de-justin-bieber.html\">Justin Bieber<\/a><\/li>\n<li class=\"MsoNormal\" style=\"text-align: left;\"><a href=\"http:\/\/horoscopos-de-famosos.euroresidentes.com\/2013\/04\/horoscopo-de-justin-timberlake.html\">Justin Timberlake<\/a><\/li>\n<li class=\"MsoNormal\" style=\"text-align: left;\"><a href=\"http:\/\/horoscopos-de-famosos.euroresidentes.com\/2012\/08\/horoscopo-de-kellan-lutz.html\">Kellan Lutz<\/a><\/li>\n<li class=\"MsoNormal\" style=\"text-align: left;\"><a href=\"http:\/\/horoscopos-de-famosos.euroresidentes.com\/2012\/08\/horoscopo-de-kevin-jonas.html\">Kevin Jonas<\/a><\/li>\n<li class=\"MsoNormal\" style=\"text-align: left;\"><a href=\"http:\/\/horoscopos-de-famosos.euroresidentes.com\/2014\/10\/horoscopo-de-kim-kardashian.html\" target=\"_blank\">Kim Kardashian<\/a><\/li>\n<li class=\"MsoNormal\" style=\"text-align: left;\"><a href=\"http:\/\/horoscopos-de-famosos.euroresidentes.com\/2012\/10\/horoscopo-de-lady-gaga.html\">Lady Gaga<\/a><\/li>\n<li class=\"MsoNormal\" style=\"text-align: left;\"><a href=\"http:\/\/horoscopos-de-famosos.euroresidentes.com\/2013\/01\/horoscopo-de-lance-armstrong.html\">Lance Armstrong<\/a><\/li>\n<li class=\"MsoNormal\" style=\"text-align: left;\"><a href=\"http:\/\/horoscopos-de-famosos.euroresidentes.com\/2015\/05\/horoscopo-de-leona-lewis.html\" target=\"_blank\">Leona Lewis<\/a><\/li>\n<li class=\"MsoNormal\" style=\"text-align: left;\"><a href=\"http:\/\/horoscopos-de-famosos.euroresidentes.com\/2012\/10\/horoscopo-de-madonna.html\">Madonna<\/a><\/li>\n<li class=\"MsoNormal\" style=\"text-align: left;\"><a href=\"http:\/\/horoscopos-de-famosos.euroresidentes.com\/2014\/04\/horoscopo-de-marc-anthony.html\">Marc Anthony<\/a><\/li>\n<li class=\"MsoNormal\" style=\"text-align: left;\"><a href=\"http:\/\/horoscopos-de-famosos.euroresidentes.com\/2012\/09\/horoscopo-de-marilyn-monroe.html\">Marilyn Monroe<\/a><\/li>\n<li class=\"MsoNormal\" style=\"text-align: left;\"><a href=\"http:\/\/horoscopos-de-famosos.euroresidentes.com\/2013\/02\/horoscopo-de-matt-bomer.html\">Matt Bomer<\/a><\/li>\n<li class=\"MsoNormal\" style=\"text-align: left;\"><a href=\"http:\/\/horoscopos-de-famosos.euroresidentes.com\/2013\/06\/horoscopo-de-michael-jackson.html\">Michael Jackson<\/a><\/li>\n<li class=\"MsoNormal\" style=\"text-align: left;\"><a href=\"http:\/\/horoscopos-de-famosos.euroresidentes.com\/2013\/02\/horoscopo-de-michelle-obama.html\">Michelle Obama<\/a><\/li>\n<li class=\"MsoNormal\" style=\"text-align: left;\"><a href=\"http:\/\/horoscopos-de-famosos.euroresidentes.com\/2012\/09\/horoscopo-de-michelle-pfeiffer.html\">Michelle Pffeifer<\/a><\/li>\n<li class=\"MsoNormal\" style=\"text-align: left;\"><a href=\"http:\/\/horoscopos-de-famosos.euroresidentes.com\/2012\/08\/horoscopo-de-miles-cyrus.html\">Miley Cyrus<\/a><\/li>\n<li class=\"MsoNormal\" style=\"text-align: left;\"><a href=\"http:\/\/horoscopos-de-famosos.euroresidentes.com\/2013\/05\/horoscopo-de-oprah-winfrey.html\">Oprah Winfrey<\/a><\/li>\n<li class=\"MsoNormal\" style=\"text-align: left;\"><a href=\"http:\/\/horoscopos-de-famosos.euroresidentes.com\/2013\/02\/horoscopo-de-paris-hilton.html\">Paris Hilton<\/a><\/li>\n<li class=\"MsoNormal\" style=\"text-align: left;\"><a href=\"http:\/\/horoscopos-de-famosos.euroresidentes.com\/2014\/05\/horoscopo-de-rihanna.html\">Rihanna<\/a><\/li>\n<li class=\"MsoNormal\" style=\"text-align: left;\"><a href=\"http:\/\/horoscopos-de-famosos.euroresidentes.com\/2012\/08\/horoscopo-de-robert-pattison.html\">Robert Patisson<\/a><\/li>\n<li class=\"MsoNormal\" style=\"text-align: left;\"><a href=\"http:\/\/horoscopos-de-famosos.euroresidentes.com\/2015\/04\/horoscopo-de-sandra-bullock.html\" target=\"_blank\">Sandra Bullock<\/a><\/li>\n<li class=\"MsoNormal\" style=\"text-align: left;\"><a href=\"http:\/\/horoscopos-de-famosos.euroresidentes.com\/2013\/05\/horoscopo-de-sarah-jessica-parker.html\">Sarah Jessica Parker<\/a><\/li>\n<li class=\"MsoNormal\" style=\"text-align: left;\"><a href=\"http:\/\/horoscopos-de-famosos.euroresidentes.com\/2012\/10\/horoscopo-de-scarlett-johansson.html\">Scarlet Johansson<\/a><\/li>\n<li class=\"MsoNormal\" style=\"text-align: left;\"><a href=\"http:\/\/horoscopos-de-famosos.euroresidentes.com\/2013\/06\/horoscopo-de-simon-baker.html\">Simon Backer<\/a><\/li>\n<li class=\"MsoNormal\" style=\"text-align: left;\"><a href=\"http:\/\/horoscopos-de-famosos.euroresidentes.com\/2013\/08\/horoscopo-de-steven-spielberg.html\">Steven Spielberg<\/a><\/li>\n<li class=\"MsoNormal\" style=\"text-align: left;\"><a href=\"http:\/\/horoscopos-de-famosos.euroresidentes.com\/2012\/11\/taylorswift-cuyo-nombre-real-es.html\">Taylor Swift<\/a><\/li>\n<li class=\"MsoNormal\" style=\"text-align: left;\"><a href=\"http:\/\/horoscopos-de-famosos.euroresidentes.com\/2012\/09\/horoscopo-de-tom-cruise.html\">Tom Cruise<\/a><\/li>\n<li class=\"MsoNormal\" style=\"text-align: left;\"><a href=\"http:\/\/horoscopos-de-famosos.euroresidentes.com\/2013\/09\/horoscopo-de-will-smith.html\">Will Smith<\/a><\/li>\n<li class=\"MsoNormal\" style=\"text-align: left;\"><a href=\"http:\/\/horoscopos-de-famosos.euroresidentes.com\/2012\/06\/horoscopo-de-justin-bieber.html\">Zac Effron<\/a><\/li>\n<li class=\"MsoNormal\" style=\"text-align: left;\"><a href=\"http:\/\/horoscopos-de-famosos.euroresidentes.com\/2014\/10\/horoscopo-de-kim-kardashian.html\" target=\"_blank\">Kim Kardashian<\/a><\/li>\n<\/ul>\n<div style=\"text-align: left;\">\n<\/div>\n<div class=\"separator\" style=\"clear: both; text-align: center;\">\n<a href=\"https:\/\/www.euroresidentes.com\/entretenimiento\/horoscopos-de-famosos\/wp-content\/uploads\/sites\/8\/2015\/07\/WILL-SMITH2.jpg\" imageanchor=\"1\" style=\"margin-left: 1em; margin-right: 1em;\"><img decoding=\"async\" border=\"0\" src=\"https:\/\/www.euroresidentes.com\/entretenimiento\/horoscopos-de-famosos\/wp-content\/uploads\/sites\/8\/2015\/07\/WILL-SMITH2.jpg\" \/><\/a><\/div>\n<div>\n<\/div>\n","protected":false},"excerpt":{"rendered":"<p>\u00cdndice de los Hor\u00f3scopos de FAMOSOS NORTEAMERICANOS que aparecen en nuestro blog: Alicia Keys Angelina Jolie Ashton Kutcher Barack Obama Ben Affleck Beyonc\u00e9 Brad Pitt Britney Spears Bruce Springteen Charlie Hunnan Cristina Aguilera Dakota Johson Elvis Presley Eminem George Clooney George R.R. Martin Gwyneth Paltrow Jamie Dornan Jennifer Aniston Jennifer Garner Jennifer Lawrence Jennifer L\u00f3pez Justin Bieber Justin Timberlake Kellan Lutz Kevin Jonas Kim Kardashian Lady Gaga Lance Armstrong Leona Lewis Madonna Marc Anthony Marilyn Monroe Matt Bomer Michael Jackson Michelle Obama Michelle Pffeifer Miley Cyrus Oprah Winfrey Paris Hilton Rihanna Robert Patisson Sandra Bullock Sarah Jessica Parker Scarlet Johansson <\/p>\n","protected":false},"author":23,"featured_media":0,"parent":0,"menu_order":0,"comment_status":"closed","ping_status":"closed","template":"","meta":{"footnotes":""},"class_list":["post-812","page","type-page","status-publish","hentry"],"yoast_head":"<!-- This site is optimized with the Yoast SEO plugin v24.1 - https:\/\/yoast.com\/wordpress\/plugins\/seo\/ -->\n<title>Norteamericanos - Hor\u00f3scopos Famosos<\/title>\n<meta name=\"robots\" content=\"index, follow, max-snippet:-1, max-image-preview:large, max-video-preview:-1\" \/>\n<link rel=\"canonical\" href=\"https:\/\/www.euroresidentes.com\/entretenimiento\/horoscopos-de-famosos\/norteamericanos\/\" \/>\n<meta property=\"og:locale\" content=\"es_ES\" \/>\n<meta property=\"og:type\" content=\"article\" \/>\n<meta property=\"og:title\" content=\"Norteamericanos - Hor\u00f3scopos Famosos\" \/>\n<meta property=\"og:description\" content=\"\u00cdndice de los Hor\u00f3scopos de FAMOSOS NORTEAMERICANOS que aparecen en nuestro blog: Alicia Keys Angelina Jolie Ashton Kutcher Barack Obama Ben Affleck Beyonc\u00e9 Brad Pitt Britney Spears Bruce Springteen Charlie Hunnan Cristina Aguilera Dakota Johson Elvis Presley Eminem George Clooney George R.R. Martin Gwyneth Paltrow Jamie Dornan Jennifer Aniston Jennifer Garner Jennifer Lawrence Jennifer L\u00f3pez Justin Bieber Justin Timberlake Kellan Lutz Kevin Jonas Kim Kardashian Lady Gaga Lance Armstrong Leona Lewis Madonna Marc Anthony Marilyn Monroe Matt Bomer Michael Jackson Michelle Obama Michelle Pffeifer Miley Cyrus Oprah Winfrey Paris Hilton Rihanna Robert Patisson Sandra Bullock Sarah Jessica Parker Scarlet Johansson\" \/>\n<meta property=\"og:url\" content=\"https:\/\/www.euroresidentes.com\/entretenimiento\/horoscopos-de-famosos\/norteamericanos\/\" \/>\n<meta property=\"og:site_name\" content=\"Hor\u00f3scopos Famosos\" \/>\n<meta property=\"article:publisher\" content=\"https:\/\/www.facebook.com\/horoscopos.euroresidentes\/\" \/>\n<meta property=\"article:modified_time\" content=\"2016-02-26T09:46:40+00:00\" \/>\n<meta property=\"og:image\" content=\"https:\/\/www.euroresidentes.com\/entretenimiento\/horoscopos-de-famosos\/wp-content\/uploads\/sites\/8\/2015\/07\/imagen-rihanna.jpg\" \/>\n<meta name=\"twitter:card\" content=\"summary_large_image\" \/>\n<meta name=\"twitter:label1\" content=\"Est. reading time\" \/>\n\t<meta name=\"twitter:data1\" content=\"1 minuto\" \/>\n<script type=\"application\/ld+json\" class=\"yoast-schema-graph\">{\"@context\":\"https:\/\/schema.org\",\"@graph\":[{\"@type\":\"WebPage\",\"@id\":\"https:\/\/www.euroresidentes.com\/entretenimiento\/horoscopos-de-famosos\/norteamericanos\/\",\"url\":\"https:\/\/www.euroresidentes.com\/entretenimiento\/horoscopos-de-famosos\/norteamericanos\/\",\"name\":\"Norteamericanos - Hor\u00f3scopos Famosos\",\"isPartOf\":{\"@id\":\"https:\/\/www.euroresidentes.com\/entretenimiento\/horoscopos-de-famosos\/#website\"},\"primaryImageOfPage\":{\"@id\":\"https:\/\/www.euroresidentes.com\/entretenimiento\/horoscopos-de-famosos\/norteamericanos\/#primaryimage\"},\"image\":{\"@id\":\"https:\/\/www.euroresidentes.com\/entretenimiento\/horoscopos-de-famosos\/norteamericanos\/#primaryimage\"},\"thumbnailUrl\":\"https:\/\/www.euroresidentes.com\/entretenimiento\/horoscopos-de-famosos\/wp-content\/uploads\/sites\/8\/2015\/07\/imagen-rihanna.jpg\",\"datePublished\":\"2015-07-13T11:24:00+00:00\",\"dateModified\":\"2016-02-26T09:46:40+00:00\",\"breadcrumb\":{\"@id\":\"https:\/\/www.euroresidentes.com\/entretenimiento\/horoscopos-de-famosos\/norteamericanos\/#breadcrumb\"},\"inLanguage\":\"es\",\"potentialAction\":[{\"@type\":\"ReadAction\",\"target\":[\"https:\/\/www.euroresidentes.com\/entretenimiento\/horoscopos-de-famosos\/norteamericanos\/\"]}]},{\"@type\":\"ImageObject\",\"inLanguage\":\"es\",\"@id\":\"https:\/\/www.euroresidentes.com\/entretenimiento\/horoscopos-de-famosos\/norteamericanos\/#primaryimage\",\"url\":\"https:\/\/www.euroresidentes.com\/entretenimiento\/horoscopos-de-famosos\/wp-content\/uploads\/sites\/8\/2015\/07\/imagen-rihanna.jpg\",\"contentUrl\":\"https:\/\/www.euroresidentes.com\/entretenimiento\/horoscopos-de-famosos\/wp-content\/uploads\/sites\/8\/2015\/07\/imagen-rihanna.jpg\",\"width\":640,\"height\":384},{\"@type\":\"BreadcrumbList\",\"@id\":\"https:\/\/www.euroresidentes.com\/entretenimiento\/horoscopos-de-famosos\/norteamericanos\/#breadcrumb\",\"itemListElement\":[{\"@type\":\"ListItem\",\"position\":1,\"name\":\"Portada\",\"item\":\"https:\/\/www.euroresidentes.com\/entretenimiento\/horoscopos-de-famosos\/\"},{\"@type\":\"ListItem\",\"position\":2,\"name\":\"Norteamericanos\"}]},{\"@type\":\"WebSite\",\"@id\":\"https:\/\/www.euroresidentes.com\/entretenimiento\/horoscopos-de-famosos\/#website\",\"url\":\"https:\/\/www.euroresidentes.com\/entretenimiento\/horoscopos-de-famosos\/\",\"name\":\"Hor\u00f3scopos Famosos\",\"description\":\"Euroresidentes\",\"potentialAction\":[{\"@type\":\"SearchAction\",\"target\":{\"@type\":\"EntryPoint\",\"urlTemplate\":\"https:\/\/www.euroresidentes.com\/entretenimiento\/horoscopos-de-famosos\/?s={search_term_string}\"},\"query-input\":{\"@type\":\"PropertyValueSpecification\",\"valueRequired\":true,\"valueName\":\"search_term_string\"}}],\"inLanguage\":\"es\"}]}<\/script>\n<!-- \/ Yoast SEO plugin. -->","yoast_head_json":{"title":"Norteamericanos - Hor\u00f3scopos Famosos","robots":{"index":"index","follow":"follow","max-snippet":"max-snippet:-1","max-image-preview":"max-image-preview:large","max-video-preview":"max-video-preview:-1"},"canonical":"https:\/\/www.euroresidentes.com\/entretenimiento\/horoscopos-de-famosos\/norteamericanos\/","og_locale":"es_ES","og_type":"article","og_title":"Norteamericanos - Hor\u00f3scopos Famosos","og_description":"\u00cdndice de los Hor\u00f3scopos de FAMOSOS NORTEAMERICANOS que aparecen en nuestro blog: Alicia Keys Angelina Jolie Ashton Kutcher Barack Obama Ben Affleck Beyonc\u00e9 Brad Pitt Britney Spears Bruce Springteen Charlie Hunnan Cristina Aguilera Dakota Johson Elvis Presley Eminem George Clooney George R.R. Martin Gwyneth Paltrow Jamie Dornan Jennifer Aniston Jennifer Garner Jennifer Lawrence Jennifer L\u00f3pez Justin Bieber Justin Timberlake Kellan Lutz Kevin Jonas Kim Kardashian Lady Gaga Lance Armstrong Leona Lewis Madonna Marc Anthony Marilyn Monroe Matt Bomer Michael Jackson Michelle Obama Michelle Pffeifer Miley Cyrus Oprah Winfrey Paris Hilton Rihanna Robert Patisson Sandra Bullock Sarah Jessica Parker Scarlet Johansson","og_url":"https:\/\/www.euroresidentes.com\/entretenimiento\/horoscopos-de-famosos\/norteamericanos\/","og_site_name":"Hor\u00f3scopos Famosos","article_publisher":"https:\/\/www.facebook.com\/horoscopos.euroresidentes\/","article_modified_time":"2016-02-26T09:46:40+00:00","og_image":[{"url":"https:\/\/www.euroresidentes.com\/entretenimiento\/horoscopos-de-famosos\/wp-content\/uploads\/sites\/8\/2015\/07\/imagen-rihanna.jpg","type":"","width":"","height":""}],"twitter_card":"summary_large_image","twitter_misc":{"Est. reading time":"1 minuto"},"schema":{"@context":"https:\/\/schema.org","@graph":[{"@type":"WebPage","@id":"https:\/\/www.euroresidentes.com\/entretenimiento\/horoscopos-de-famosos\/norteamericanos\/","url":"https:\/\/www.euroresidentes.com\/entretenimiento\/horoscopos-de-famosos\/norteamericanos\/","name":"Norteamericanos - Hor\u00f3scopos Famosos","isPartOf":{"@id":"https:\/\/www.euroresidentes.com\/entretenimiento\/horoscopos-de-famosos\/#website"},"primaryImageOfPage":{"@id":"https:\/\/www.euroresidentes.com\/entretenimiento\/horoscopos-de-famosos\/norteamericanos\/#primaryimage"},"image":{"@id":"https:\/\/www.euroresidentes.com\/entretenimiento\/horoscopos-de-famosos\/norteamericanos\/#primaryimage"},"thumbnailUrl":"https:\/\/www.euroresidentes.com\/entretenimiento\/horoscopos-de-famosos\/wp-content\/uploads\/sites\/8\/2015\/07\/imagen-rihanna.jpg","datePublished":"2015-07-13T11:24:00+00:00","dateModified":"2016-02-26T09:46:40+00:00","breadcrumb":{"@id":"https:\/\/www.euroresidentes.com\/entretenimiento\/horoscopos-de-famosos\/norteamericanos\/#breadcrumb"},"inLanguage":"es","potentialAction":[{"@type":"ReadAction","target":["https:\/\/www.euroresidentes.com\/entretenimiento\/horoscopos-de-famosos\/norteamericanos\/"]}]},{"@type":"ImageObject","inLanguage":"es","@id":"https:\/\/www.euroresidentes.com\/entretenimiento\/horoscopos-de-famosos\/norteamericanos\/#primaryimage","url":"https:\/\/www.euroresidentes.com\/entretenimiento\/horoscopos-de-famosos\/wp-content\/uploads\/sites\/8\/2015\/07\/imagen-rihanna.jpg","contentUrl":"https:\/\/www.euroresidentes.com\/entretenimiento\/horoscopos-de-famosos\/wp-content\/uploads\/sites\/8\/2015\/07\/imagen-rihanna.jpg","width":640,"height":384},{"@type":"BreadcrumbList","@id":"https:\/\/www.euroresidentes.com\/entretenimiento\/horoscopos-de-famosos\/norteamericanos\/#breadcrumb","itemListElement":[{"@type":"ListItem","position":1,"name":"Portada","item":"https:\/\/www.euroresidentes.com\/entretenimiento\/horoscopos-de-famosos\/"},{"@type":"ListItem","position":2,"name":"Norteamericanos"}]},{"@type":"WebSite","@id":"https:\/\/www.euroresidentes.com\/entretenimiento\/horoscopos-de-famosos\/#website","url":"https:\/\/www.euroresidentes.com\/entretenimiento\/horoscopos-de-famosos\/","name":"Hor\u00f3scopos Famosos","description":"Euroresidentes","potentialAction":[{"@type":"SearchAction","target":{"@type":"EntryPoint","urlTemplate":"https:\/\/www.euroresidentes.com\/entretenimiento\/horoscopos-de-famosos\/?s={search_term_string}"},"query-input":{"@type":"PropertyValueSpecification","valueRequired":true,"valueName":"search_term_string"}}],"inLanguage":"es"}]}},"_links":{"self":[{"href":"https:\/\/www.euroresidentes.com\/entretenimiento\/horoscopos-de-famosos\/wp-json\/wp\/v2\/pages\/812","targetHints":{"allow":["GET"]}}],"collection":[{"href":"https:\/\/www.euroresidentes.com\/entretenimiento\/horoscopos-de-famosos\/wp-json\/wp\/v2\/pages"}],"about":[{"href":"https:\/\/www.euroresidentes.com\/entretenimiento\/horoscopos-de-famosos\/wp-json\/wp\/v2\/types\/page"}],"author":[{"embeddable":true,"href":"https:\/\/www.euroresidentes.com\/entretenimiento\/horoscopos-de-famosos\/wp-json\/wp\/v2\/users\/23"}],"replies":[{"embeddable":true,"href":"https:\/\/www.euroresidentes.com\/entretenimiento\/horoscopos-de-famosos\/wp-json\/wp\/v2\/comments?post=812"}],"version-history":[{"count":1,"href":"https:\/\/www.euroresidentes.com\/entretenimiento\/horoscopos-de-famosos\/wp-json\/wp\/v2\/pages\/812\/revisions"}],"predecessor-version":[{"id":841,"href":"https:\/\/www.euroresidentes.com\/entretenimiento\/horoscopos-de-famosos\/wp-json\/wp\/v2\/pages\/812\/revisions\/841"}],"wp:attachment":[{"href":"https:\/\/www.euroresidentes.com\/entretenimiento\/horoscopos-de-famosos\/wp-json\/wp\/v2\/media?parent=812"}],"curies":[{"name":"wp","href":"https:\/\/api.w.org\/{rel}","templated":true}]}}