{"id":695,"date":"2014-09-12T11:37:00","date_gmt":"2014-09-12T11:37:00","guid":{"rendered":"https:\/\/www.euroresidentes.com\/entretenimiento\/frases-citas\/frases-de-amor.html"},"modified":"2016-03-31T10:19:22","modified_gmt":"2016-03-31T10:19:22","slug":"frases-de-amor","status":"publish","type":"page","link":"https:\/\/www.euroresidentes.com\/entretenimiento\/frases-citas-imagenes\/frases-de-amor\/","title":{"rendered":"Frases de amor"},"content":{"rendered":"<div>\n<ul>\n<li><a href=\"http:\/\/frases-citas.euroresidentes.com\/2013\/12\/bellas-frases-de-amor-de-las-canciones.html\" target=\"_blank\"><img loading=\"lazy\" decoding=\"async\" class=\"aligncenter size-full wp-image-4929\" src=\"https:\/\/www.euroresidentes.com\/entretenimiento\/frases-citas-imagenes\/wp-content\/uploads\/sites\/7\/2014\/09\/frases-amor-euroresidentes.jpg\" alt=\"frases amor euroresidentes\" width=\"700\" height=\"525\" srcset=\"https:\/\/www.euroresidentes.com\/entretenimiento\/frases-citas-imagenes\/wp-content\/uploads\/sites\/7\/2014\/09\/frases-amor-euroresidentes.jpg 700w, https:\/\/www.euroresidentes.com\/entretenimiento\/frases-citas-imagenes\/wp-content\/uploads\/sites\/7\/2014\/09\/frases-amor-euroresidentes-300x225.jpg 300w, https:\/\/www.euroresidentes.com\/entretenimiento\/frases-citas-imagenes\/wp-content\/uploads\/sites\/7\/2014\/09\/frases-amor-euroresidentes-396x297.jpg 396w\" sizes=\"auto, (max-width: 700px) 100vw, 700px\" \/>Bellas frases de amor de las canciones de Pablo Albor\u00e1n<\/a><\/li>\n<li><a href=\"http:\/\/frases-citas.euroresidentes.com\/2011\/01\/frases-de-amar.html\" target=\"_blank\">Frases de amar<\/a><\/li>\n<li><a href=\"http:\/\/frases-citas.euroresidentes.com\/2012\/10\/frases-de-amor-de-paulo-coelho.html\" target=\"_blank\" rel=\"nofollow\">30 frases de amor de paulo Coelho<\/a><\/li>\n<li><a href=\"http:\/\/frases-citas.euroresidentes.com\/2014\/07\/25-frases-para-llegar-directo-al-corazon.html\" target=\"_blank\" rel=\"nofollow\">25 frases para llegar directo al coraz\u00f3n<\/a><\/li>\n<li><a href=\"http:\/\/frases-citas.euroresidentes.com\/2011\/08\/frases-de-amor-verdadero.html\" target=\"_blank\">20 frases lindas de amor verdadero<\/a><\/li>\n<li><a href=\"http:\/\/frases-citas.euroresidentes.com\/2011\/03\/frases-de-amor-de-benedetti.html\" target=\"_blank\">Las mejores frases de amor de Mario Benedetti<\/a><\/li>\n<li><a href=\"http:\/\/frases-citas.euroresidentes.com\/2013\/12\/las-10-mejores-frases-para-compartir.html\" target=\"_blank\">Las 10 mejores frases para compartir con el ser amado<\/a><\/li>\n<li><a href=\"http:\/\/frases-citas.euroresidentes.com\/2012\/01\/frases-epicas-de-amor.html\" target=\"_blank\">Frases \u00e9picas de amor<\/a><\/li>\n<li><a href=\"http:\/\/frases-citas.euroresidentes.com\/2012\/11\/frases-de-amor-prohibido.html\" target=\"_blank\" rel=\"nofollow\">20 frases para amores prohibidos<\/a><\/li>\n<li><a href=\"http:\/\/frases-citas.euroresidentes.com\/2012\/11\/frases-de-amor-puro.html\" target=\"_blank\">Frases de amor puro<\/a><\/li>\n<li><a href=\"http:\/\/frases-citas.euroresidentes.com\/2012\/05\/frases-inolvidables-de-amor.html\" target=\"_blank\" rel=\"nofollow\">Frases inolvidables de amor<\/a><\/li>\n<li><a href=\"http:\/\/frases-citas.euroresidentes.com\/2011\/07\/frases-de-amor-eterno.html\" target=\"_blank\">Frases de amor eterno<\/a><\/li>\n<li><a href=\"http:\/\/frases-citas.euroresidentes.com\/2011\/07\/frases-de-amor-de-neruda.html\" target=\"_blank\">Frases de amor de Neruda<\/a><\/li>\n<li><a href=\"http:\/\/frases-citas.euroresidentes.com\/2011\/07\/frases-del-amor.html\" target=\"_blank\">Frases sobre el amor<\/a><\/li>\n<li><a href=\"http:\/\/frases-citas.euroresidentes.com\/2011\/07\/frases-de-amor-de-filosofos.html\" target=\"_blank\" rel=\"nofollow\">Frases de amor de fil\u00f3sofos<\/a><\/li>\n<li><a href=\"http:\/\/frases-citas.euroresidentes.com\/2011\/07\/frases-de-amor-celebres.html\" target=\"_blank\" rel=\"nofollow\">Frases de amor c\u00e9lebres<\/a><\/li>\n<li><a href=\"http:\/\/frases-citas.euroresidentes.com\/2011\/07\/frases-de-amor-bonitas.html\" target=\"_blank\">Frases de amor bonitas<\/a><\/li>\n<li><a href=\"http:\/\/frases-citas.euroresidentes.com\/2008\/01\/frases-amor-perdido.html\" target=\"_blank\">Frases de amor perdido<\/a><\/li>\n<li><a href=\"http:\/\/frases-citas.euroresidentes.com\/2011\/07\/frases-de-amor-de-peliculas.html\" target=\"_blank\">Frases de amor de pel\u00edculas<\/a><\/li>\n<li><a href=\"http:\/\/frases-citas.euroresidentes.com\/2011\/08\/frases-de-amor-de-romeo-y-julieta.html\" target=\"_blank\">Frases de amor de Romeo y Julieta<\/a><\/li>\n<li><a href=\"http:\/\/frases-citas.euroresidentes.com\/2012\/11\/frases-de-amor-unicas.html\" target=\"_blank\">Frases de amor \u00fanicas<\/a><\/li>\n<li><a href=\"http:\/\/frases-citas.euroresidentes.com\/2011\/12\/frases-llenas-de-amor.html\" target=\"_blank\" rel=\"nofollow\">Frases llenas de amor<\/a><\/li>\n<li><a href=\"http:\/\/frases-citas.euroresidentes.com\/2012\/10\/frases-de-amor-de-madre-teresa-de.html\" target=\"_blank\">Frases de amor de Madre Teresa de Calcuta<\/a><\/li>\n<li><a href=\"http:\/\/frases-citas.euroresidentes.com\/2013\/02\/frases-de-amor-divertidas.html\" target=\"_blank\">Frases de amor divertidas<\/a><\/li>\n<li><a href=\"http:\/\/frases-citas.euroresidentes.com\/2011\/07\/frases-de-amor-de-libros.html\" target=\"_blank\">Frases de amor de libros<\/a><\/li>\n<li><a href=\"http:\/\/www.euroresidentes.com\/Diversion\/Frases_de_amor_sencillas.htm\" target=\"_blank\" rel=\"nofollow\">Frases de amor sencillas<\/a><\/li>\n<li><a href=\"http:\/\/frases-citas.euroresidentes.com\/2012\/01\/frases-de-san-valentin.html\" target=\"_blank\">Frases de San valent\u00edn 2012<\/a><\/li>\n<li><a href=\"http:\/\/frases-citas.euroresidentes.com\/2013\/01\/frases-de-amor-para-san-valentin-2013.html\" target=\"_blank\">Frases de amor para San Valent\u00edn 2013<\/a><\/li>\n<li><a href=\"http:\/\/frases-citas.euroresidentes.com\/2012\/01\/frases-de-san-valentin-en-ingles.html\" target=\"_blank\">Frases de San Valent\u00edn en ingl\u00e9s<\/a><\/li>\n<li><a href=\"http:\/\/www.euroresidentes.com\/Diversion\/Frases\/frases_san_valentin.htm\" target=\"_blank\">Frases para el d\u00eda de San Valent\u00edn<\/a><\/li>\n<li><a href=\"http:\/\/frases-citas.euroresidentes.com\/2012\/01\/frases-para-enamorar.html\" target=\"_blank\">Frases de San Valent\u00edn para enamorar<\/a><\/li>\n<li><a href=\"http:\/\/frases-citas.euroresidentes.com\/2011\/02\/frases-de-san-valentin-para-messenger.html\" target=\"_blank\">Frases de San Valent\u00edn para Messenger<\/a><\/li>\n<li><a href=\"http:\/\/frases-citas.euroresidentes.com\/2012\/12\/frases-de-amor-secreto.html\" target=\"_blank\">Frases de amor secreto<\/a><\/li>\n<li><a href=\"http:\/\/www.euroresidentes.com\/Diversion\/Frases_de_amor_no_correspondido.htm\" target=\"_blank\">Frases de amor no correspondido<\/a><\/li>\n<li><a href=\"http:\/\/frases-citas.euroresidentes.com\/2011\/04\/frases-de-amor-y-besos.html\" target=\"_blank\">Frases de amor y besos<\/a><\/li>\n<li><a href=\"http:\/\/frases-citas.euroresidentes.com\/2011\/08\/frases-de-amor-y-dolor.html\" target=\"_blank\">Frases de amor y dolor<\/a><\/li>\n<li><a href=\"http:\/\/frases-citas.euroresidentes.com\/2011\/07\/frases-de-amor-y-felicidad.html\" target=\"_blank\">Frases de amor y felicidad<\/a><\/li>\n<li><a href=\"http:\/\/frases-citas.euroresidentes.com\/2012\/11\/frases-de-amor-prohibido.html\" target=\"_blank\">Frases de amor prohibido<\/a><\/li>\n<li><a href=\"http:\/\/frases-citas.euroresidentes.com\/2011\/09\/frases-de-amor-y-pasion.html\" target=\"_blank\">Frases de amor y pasi\u00f3n<\/a><\/li>\n<li><a href=\"http:\/\/frases-citas.euroresidentes.com\/2012\/11\/frases-de-amor-tristes.html\" target=\"_blank\">Frases de amor tristes<\/a><\/li>\n<li><a href=\"http:\/\/frases-citas.euroresidentes.com\/2011\/08\/frases-de-amor-y-olvido.html\" target=\"_blank\">Frases de amor y olvido<\/a><\/li>\n<li><a href=\"http:\/\/frases-citas.euroresidentes.com\/2011\/08\/frases-de-amor-x-siempre.html\" target=\"_blank\">Frases de amor x siempre<\/a><\/li>\n<li><a href=\"http:\/\/frases-citas.euroresidentes.com\/2011\/07\/frases-de-amor-en-ingles.html\" target=\"_blank\" rel=\"nofollow\">Frases de amor en ingl\u00e9s<\/a><\/li>\n<li><a href=\"http:\/\/frases-citas.euroresidentes.com\/2011\/07\/frases-de-amor-en-portugues.html\" target=\"_blank\">Frases de amor en portugu\u00e9s<\/a><\/li>\n<li><a href=\"http:\/\/frases-citas.euroresidentes.com\/2011\/07\/frases-de-amor-en-italiano.html\" target=\"_blank\">Frases de amor en italiano<\/a><\/li>\n<li><a href=\"http:\/\/www.euroresidentes.com\/Diversion\/Frases_de_amor_no_correspondido.htm\" target=\"_blank\">Frases de amores no correspondidos<\/a><\/li>\n<li><a href=\"http:\/\/frases-citas.euroresidentes.com\/2011\/03\/frases-de-amor-de-shakespeare.html\" target=\"_blank\">Frases de amor de Shakespeare<\/a><\/li>\n<li><a href=\"http:\/\/frases-citas.euroresidentes.com\/2012\/11\/frases-de-amor-de-federico-moccia.html\" target=\"_blank\">Frases de amor de Federico Moccia<\/a><\/li>\n<li><a href=\"http:\/\/frases-citas.euroresidentes.com\/2011\/03\/frases-de-amor-primera-vista.html\" target=\"_blank\">Frases de amor a primera vista<\/a><\/li>\n<li><a href=\"http:\/\/frases-citas.euroresidentes.com\/2012\/01\/frases-y-versos-de-amor.html\" target=\"_blank\">10 inolvidables frases y versos de amor<\/a><\/li>\n<li><a href=\"http:\/\/www.euroresidentes.com\/Diversion\/Frases_de_amor_para_amantes.htm\" target=\"_blank\">Frases de amor para amantes<\/a><\/li>\n<li><a href=\"http:\/\/frases-citas.euroresidentes.com\/2012\/03\/frases-de-un-amor-imposible.html\" target=\"_blank\">Frases de amor imposible<\/a><\/li>\n<li><a href=\"http:\/\/frases-citas.euroresidentes.com\/2012\/05\/frases-inolvidables-de-amor.html\" target=\"_blank\" rel=\"nofollow\">Frases inolvidables de amor<\/a><\/li>\n<li><a href=\"http:\/\/frases-citas.euroresidentes.com\/2011\/09\/frases-de-besos.html\" target=\"_blank\">Frases de Besos<\/a><\/li>\n<li><a href=\"http:\/\/frases-citas.euroresidentes.com\/2012\/04\/frases-para-bodas.html\" target=\"_blank\">Frases para bodas<\/a><\/li>\n<li><a href=\"http:\/\/frases-citas.euroresidentes.com\/2011\/01\/frases-de-canciones-de-amor.html\" target=\"_blank\">Frases de canciones de amor<\/a><\/li>\n<li><a href=\"http:\/\/frases-citas.euroresidentes.com\/2011\/11\/frases-de-enamorados.html\" target=\"_blank\">Frases de enamorados<\/a><\/li>\n<li><a href=\"http:\/\/frases-citas.euroresidentes.com\/2012\/01\/frases-de-novios.html\" target=\"_blank\">Frases de novios<\/a><\/li>\n<li><a href=\"http:\/\/frases-citas.euroresidentes.com\/2012\/01\/frases-de-pasion.html\" target=\"_blank\">Frases de pasi\u00f3n<\/a><\/li>\n<\/ul>\n<\/div>\n","protected":false},"excerpt":{"rendered":"<p>Bellas frases de amor de las canciones de Pablo Albor\u00e1n Frases de amar 30 frases de amor de paulo Coelho 25 frases para llegar directo al coraz\u00f3n 20 frases lindas de amor verdadero Las mejores frases de amor de Mario Benedetti Las 10 mejores frases para compartir con el ser amado Frases \u00e9picas de amor 20 frases para amores prohibidos Frases de amor puro Frases inolvidables de amor Frases de amor eterno Frases de amor de Neruda Frases sobre el amor Frases de amor de fil\u00f3sofos Frases de amor c\u00e9lebres Frases de amor bonitas Frases de amor perdido Frases de <\/p>\n","protected":false},"author":1,"featured_media":4929,"parent":0,"menu_order":0,"comment_status":"closed","ping_status":"closed","template":"","meta":{"footnotes":""},"class_list":["post-695","page","type-page","status-publish","has-post-thumbnail","hentry","has_thumb"],"yoast_head":"<!-- This site is optimized with the Yoast SEO plugin v24.1 - https:\/\/yoast.com\/wordpress\/plugins\/seo\/ -->\n<title>Frases de amor - Frases y Citas C\u00e9lebres<\/title>\n<meta name=\"robots\" content=\"index, follow, max-snippet:-1, max-image-preview:large, max-video-preview:-1\" \/>\n<link rel=\"canonical\" href=\"https:\/\/www.euroresidentes.com\/entretenimiento\/frases-citas-imagenes\/frases-de-amor\/\" \/>\n<meta property=\"og:locale\" content=\"es_ES\" \/>\n<meta property=\"og:type\" content=\"article\" \/>\n<meta property=\"og:title\" content=\"Frases de amor - Frases y Citas C\u00e9lebres\" \/>\n<meta property=\"og:description\" content=\"Bellas frases de amor de las canciones de Pablo Albor\u00e1n Frases de amar 30 frases de amor de paulo Coelho 25 frases para llegar directo al coraz\u00f3n 20 frases lindas de amor verdadero Las mejores frases de amor de Mario Benedetti Las 10 mejores frases para compartir con el ser amado Frases \u00e9picas de amor 20 frases para amores prohibidos Frases de amor puro Frases inolvidables de amor Frases de amor eterno Frases de amor de Neruda Frases sobre el amor Frases de amor de fil\u00f3sofos Frases de amor c\u00e9lebres Frases de amor bonitas Frases de amor perdido Frases de\" \/>\n<meta property=\"og:url\" content=\"https:\/\/www.euroresidentes.com\/entretenimiento\/frases-citas-imagenes\/frases-de-amor\/\" \/>\n<meta property=\"og:site_name\" content=\"Frases y Citas C\u00e9lebres\" \/>\n<meta property=\"article:publisher\" content=\"https:\/\/www.facebook.com\/frases.euroresidentes\/\" \/>\n<meta property=\"article:modified_time\" content=\"2016-03-31T10:19:22+00:00\" \/>\n<meta property=\"og:image\" content=\"https:\/\/www.euroresidentes.com\/entretenimiento\/frases-citas-imagenes\/wp-content\/uploads\/sites\/7\/2014\/09\/frases-amor-euroresidentes.jpg\" \/>\n\t<meta property=\"og:image:width\" content=\"700\" \/>\n\t<meta property=\"og:image:height\" content=\"525\" \/>\n\t<meta property=\"og:image:type\" content=\"image\/jpeg\" \/>\n<meta name=\"twitter:card\" content=\"summary_large_image\" \/>\n<meta name=\"twitter:label1\" content=\"Est. reading time\" \/>\n\t<meta name=\"twitter:data1\" content=\"2 minutos\" \/>\n<script type=\"application\/ld+json\" class=\"yoast-schema-graph\">{\"@context\":\"https:\/\/schema.org\",\"@graph\":[{\"@type\":\"WebPage\",\"@id\":\"https:\/\/www.euroresidentes.com\/entretenimiento\/frases-citas-imagenes\/frases-de-amor\/\",\"url\":\"https:\/\/www.euroresidentes.com\/entretenimiento\/frases-citas-imagenes\/frases-de-amor\/\",\"name\":\"Frases de amor - Frases y Citas C\u00e9lebres\",\"isPartOf\":{\"@id\":\"https:\/\/www.euroresidentes.com\/entretenimiento\/frases-citas-imagenes\/#website\"},\"primaryImageOfPage\":{\"@id\":\"https:\/\/www.euroresidentes.com\/entretenimiento\/frases-citas-imagenes\/frases-de-amor\/#primaryimage\"},\"image\":{\"@id\":\"https:\/\/www.euroresidentes.com\/entretenimiento\/frases-citas-imagenes\/frases-de-amor\/#primaryimage\"},\"thumbnailUrl\":\"https:\/\/www.euroresidentes.com\/entretenimiento\/frases-citas-imagenes\/wp-content\/uploads\/sites\/7\/2014\/09\/frases-amor-euroresidentes.jpg\",\"datePublished\":\"2014-09-12T11:37:00+00:00\",\"dateModified\":\"2016-03-31T10:19:22+00:00\",\"breadcrumb\":{\"@id\":\"https:\/\/www.euroresidentes.com\/entretenimiento\/frases-citas-imagenes\/frases-de-amor\/#breadcrumb\"},\"inLanguage\":\"es\",\"potentialAction\":[{\"@type\":\"ReadAction\",\"target\":[\"https:\/\/www.euroresidentes.com\/entretenimiento\/frases-citas-imagenes\/frases-de-amor\/\"]}]},{\"@type\":\"ImageObject\",\"inLanguage\":\"es\",\"@id\":\"https:\/\/www.euroresidentes.com\/entretenimiento\/frases-citas-imagenes\/frases-de-amor\/#primaryimage\",\"url\":\"https:\/\/www.euroresidentes.com\/entretenimiento\/frases-citas-imagenes\/wp-content\/uploads\/sites\/7\/2014\/09\/frases-amor-euroresidentes.jpg\",\"contentUrl\":\"https:\/\/www.euroresidentes.com\/entretenimiento\/frases-citas-imagenes\/wp-content\/uploads\/sites\/7\/2014\/09\/frases-amor-euroresidentes.jpg\",\"width\":700,\"height\":525,\"caption\":\"frases amor euroresidentes\"},{\"@type\":\"BreadcrumbList\",\"@id\":\"https:\/\/www.euroresidentes.com\/entretenimiento\/frases-citas-imagenes\/frases-de-amor\/#breadcrumb\",\"itemListElement\":[{\"@type\":\"ListItem\",\"position\":1,\"name\":\"Portada\",\"item\":\"https:\/\/www.euroresidentes.com\/entretenimiento\/frases-citas-imagenes\/\"},{\"@type\":\"ListItem\",\"position\":2,\"name\":\"Frases de amor\"}]},{\"@type\":\"WebSite\",\"@id\":\"https:\/\/www.euroresidentes.com\/entretenimiento\/frases-citas-imagenes\/#website\",\"url\":\"https:\/\/www.euroresidentes.com\/entretenimiento\/frases-citas-imagenes\/\",\"name\":\"Frases y Citas C\u00e9lebres\",\"description\":\"Frases, citas c\u00e9lebres de autores, refranes, frases de figuras hist\u00f3ricas\",\"potentialAction\":[{\"@type\":\"SearchAction\",\"target\":{\"@type\":\"EntryPoint\",\"urlTemplate\":\"https:\/\/www.euroresidentes.com\/entretenimiento\/frases-citas-imagenes\/?s={search_term_string}\"},\"query-input\":{\"@type\":\"PropertyValueSpecification\",\"valueRequired\":true,\"valueName\":\"search_term_string\"}}],\"inLanguage\":\"es\"}]}<\/script>\n<!-- \/ Yoast SEO plugin. -->","yoast_head_json":{"title":"Frases de amor - Frases y Citas C\u00e9lebres","robots":{"index":"index","follow":"follow","max-snippet":"max-snippet:-1","max-image-preview":"max-image-preview:large","max-video-preview":"max-video-preview:-1"},"canonical":"https:\/\/www.euroresidentes.com\/entretenimiento\/frases-citas-imagenes\/frases-de-amor\/","og_locale":"es_ES","og_type":"article","og_title":"Frases de amor - Frases y Citas C\u00e9lebres","og_description":"Bellas frases de amor de las canciones de Pablo Albor\u00e1n Frases de amar 30 frases de amor de paulo Coelho 25 frases para llegar directo al coraz\u00f3n 20 frases lindas de amor verdadero Las mejores frases de amor de Mario Benedetti Las 10 mejores frases para compartir con el ser amado Frases \u00e9picas de amor 20 frases para amores prohibidos Frases de amor puro Frases inolvidables de amor Frases de amor eterno Frases de amor de Neruda Frases sobre el amor Frases de amor de fil\u00f3sofos Frases de amor c\u00e9lebres Frases de amor bonitas Frases de amor perdido Frases de","og_url":"https:\/\/www.euroresidentes.com\/entretenimiento\/frases-citas-imagenes\/frases-de-amor\/","og_site_name":"Frases y Citas C\u00e9lebres","article_publisher":"https:\/\/www.facebook.com\/frases.euroresidentes\/","article_modified_time":"2016-03-31T10:19:22+00:00","og_image":[{"width":700,"height":525,"url":"https:\/\/www.euroresidentes.com\/entretenimiento\/frases-citas-imagenes\/wp-content\/uploads\/sites\/7\/2014\/09\/frases-amor-euroresidentes.jpg","type":"image\/jpeg"}],"twitter_card":"summary_large_image","twitter_misc":{"Est. reading time":"2 minutos"},"schema":{"@context":"https:\/\/schema.org","@graph":[{"@type":"WebPage","@id":"https:\/\/www.euroresidentes.com\/entretenimiento\/frases-citas-imagenes\/frases-de-amor\/","url":"https:\/\/www.euroresidentes.com\/entretenimiento\/frases-citas-imagenes\/frases-de-amor\/","name":"Frases de amor - Frases y Citas C\u00e9lebres","isPartOf":{"@id":"https:\/\/www.euroresidentes.com\/entretenimiento\/frases-citas-imagenes\/#website"},"primaryImageOfPage":{"@id":"https:\/\/www.euroresidentes.com\/entretenimiento\/frases-citas-imagenes\/frases-de-amor\/#primaryimage"},"image":{"@id":"https:\/\/www.euroresidentes.com\/entretenimiento\/frases-citas-imagenes\/frases-de-amor\/#primaryimage"},"thumbnailUrl":"https:\/\/www.euroresidentes.com\/entretenimiento\/frases-citas-imagenes\/wp-content\/uploads\/sites\/7\/2014\/09\/frases-amor-euroresidentes.jpg","datePublished":"2014-09-12T11:37:00+00:00","dateModified":"2016-03-31T10:19:22+00:00","breadcrumb":{"@id":"https:\/\/www.euroresidentes.com\/entretenimiento\/frases-citas-imagenes\/frases-de-amor\/#breadcrumb"},"inLanguage":"es","potentialAction":[{"@type":"ReadAction","target":["https:\/\/www.euroresidentes.com\/entretenimiento\/frases-citas-imagenes\/frases-de-amor\/"]}]},{"@type":"ImageObject","inLanguage":"es","@id":"https:\/\/www.euroresidentes.com\/entretenimiento\/frases-citas-imagenes\/frases-de-amor\/#primaryimage","url":"https:\/\/www.euroresidentes.com\/entretenimiento\/frases-citas-imagenes\/wp-content\/uploads\/sites\/7\/2014\/09\/frases-amor-euroresidentes.jpg","contentUrl":"https:\/\/www.euroresidentes.com\/entretenimiento\/frases-citas-imagenes\/wp-content\/uploads\/sites\/7\/2014\/09\/frases-amor-euroresidentes.jpg","width":700,"height":525,"caption":"frases amor euroresidentes"},{"@type":"BreadcrumbList","@id":"https:\/\/www.euroresidentes.com\/entretenimiento\/frases-citas-imagenes\/frases-de-amor\/#breadcrumb","itemListElement":[{"@type":"ListItem","position":1,"name":"Portada","item":"https:\/\/www.euroresidentes.com\/entretenimiento\/frases-citas-imagenes\/"},{"@type":"ListItem","position":2,"name":"Frases de amor"}]},{"@type":"WebSite","@id":"https:\/\/www.euroresidentes.com\/entretenimiento\/frases-citas-imagenes\/#website","url":"https:\/\/www.euroresidentes.com\/entretenimiento\/frases-citas-imagenes\/","name":"Frases y Citas C\u00e9lebres","description":"Frases, citas c\u00e9lebres de autores, refranes, frases de figuras hist\u00f3ricas","potentialAction":[{"@type":"SearchAction","target":{"@type":"EntryPoint","urlTemplate":"https:\/\/www.euroresidentes.com\/entretenimiento\/frases-citas-imagenes\/?s={search_term_string}"},"query-input":{"@type":"PropertyValueSpecification","valueRequired":true,"valueName":"search_term_string"}}],"inLanguage":"es"}]}},"_links":{"self":[{"href":"https:\/\/www.euroresidentes.com\/entretenimiento\/frases-citas-imagenes\/wp-json\/wp\/v2\/pages\/695","targetHints":{"allow":["GET"]}}],"collection":[{"href":"https:\/\/www.euroresidentes.com\/entretenimiento\/frases-citas-imagenes\/wp-json\/wp\/v2\/pages"}],"about":[{"href":"https:\/\/www.euroresidentes.com\/entretenimiento\/frases-citas-imagenes\/wp-json\/wp\/v2\/types\/page"}],"author":[{"embeddable":true,"href":"https:\/\/www.euroresidentes.com\/entretenimiento\/frases-citas-imagenes\/wp-json\/wp\/v2\/users\/1"}],"replies":[{"embeddable":true,"href":"https:\/\/www.euroresidentes.com\/entretenimiento\/frases-citas-imagenes\/wp-json\/wp\/v2\/comments?post=695"}],"version-history":[{"count":3,"href":"https:\/\/www.euroresidentes.com\/entretenimiento\/frases-citas-imagenes\/wp-json\/wp\/v2\/pages\/695\/revisions"}],"predecessor-version":[{"id":4931,"href":"https:\/\/www.euroresidentes.com\/entretenimiento\/frases-citas-imagenes\/wp-json\/wp\/v2\/pages\/695\/revisions\/4931"}],"wp:featuredmedia":[{"embeddable":true,"href":"https:\/\/www.euroresidentes.com\/entretenimiento\/frases-citas-imagenes\/wp-json\/wp\/v2\/media\/4929"}],"wp:attachment":[{"href":"https:\/\/www.euroresidentes.com\/entretenimiento\/frases-citas-imagenes\/wp-json\/wp\/v2\/media?parent=695"}],"curies":[{"name":"wp","href":"https:\/\/api.w.org\/{rel}","templated":true}]}}