{"id":6610,"date":"2015-02-27T12:32:00","date_gmt":"2015-02-27T11:32:00","guid":{"rendered":"https:\/\/www.euroresidentes.com\/entretenimiento\/frases-citas-imagenes\/citas-famosas.html"},"modified":"2016-12-21T10:54:07","modified_gmt":"2016-12-21T09:54:07","slug":"citas-famosas","status":"publish","type":"page","link":"https:\/\/www.euroresidentes.com\/entretenimiento\/frases-citas-imagenes\/citas-famosas\/","title":{"rendered":"Citas famosas"},"content":{"rendered":"<p><\/p>\n<ul>\n<li><a href=\"http:\/\/frasesqueinspirantudia.estudiantes.info\/2014\/10\/absolutamente-ridicula-o-completamente.html\">\u00bfAbsolutamente rid\u00edcula o completamente aburrida?<\/a><\/li>\n<\/ul>\n<ul>\n<li><a href=\"http:\/\/frasesqueinspirantudia.estudiantes.info\/2014\/11\/se-inteligente-y-no-te-interpongas-en.html\">S\u00e9 inteligente y no te interpongas en tu propio camino<\/a><\/li>\n<\/ul>\n<ul>\n<li><a href=\"http:\/\/frasesqueinspirantudia.estudiantes.info\/2014\/11\/todo-dura-un-poco-mas-de-lo-que-deberia.html\">Todo dura un poco m\u00e1s de lo que deber\u00eda<\/a><\/li>\n<\/ul>\n<ul>\n<li><a href=\"http:\/\/frasesqueinspirantudia.estudiantes.info\/2014\/11\/lo-mas-importante-de-la-vida.html\">Lo m\u00e1s importante de la vida&#8230;<\/a><\/li>\n<\/ul>\n<ul>\n<li><a href=\"http:\/\/frasesqueinspirantudia.estudiantes.info\/2014\/12\/musica.html\">M\u00fasica<\/a><\/li>\n<\/ul>\n<ul>\n<li><a href=\"http:\/\/frasesqueinspirantudia.estudiantes.info\/2015\/01\/consejos-para-el-exito.html\">Consejos para el \u00e9xito<\/a><\/li>\n<\/ul>\n<ul>\n<li><a href=\"http:\/\/frasesqueinspirantudia.estudiantes.info\/2015\/01\/buenos-o-malos.html\">\u00bfBuenos o malos?<\/a><\/li>\n<\/ul>\n<ul>\n<li><a href=\"http:\/\/frasesqueinspirantudia.estudiantes.info\/2015\/01\/hakuna-matata.html\">HAKUNA MATATA<\/a><\/li>\n<\/ul>\n","protected":false},"excerpt":{"rendered":"<p>\u00bfAbsolutamente rid\u00edcula o completamente aburrida? S\u00e9 inteligente y no te interpongas en tu propio camino Todo dura un poco m\u00e1s de lo que deber\u00eda Lo m\u00e1s importante de la vida&#8230; M\u00fasica Consejos para el \u00e9xito \u00bfBuenos o malos? HAKUNA MATATA<\/p>\n","protected":false},"author":11,"featured_media":0,"parent":0,"menu_order":0,"comment_status":"closed","ping_status":"closed","template":"","meta":{"footnotes":""},"class_list":["post-6610","page","type-page","status-publish","hentry"],"yoast_head":"<!-- This site is optimized with the Yoast SEO plugin v24.1 - https:\/\/yoast.com\/wordpress\/plugins\/seo\/ -->\n<title>Citas famosas - Frases y Citas C\u00e9lebres<\/title>\n<meta name=\"robots\" content=\"index, follow, max-snippet:-1, max-image-preview:large, max-video-preview:-1\" \/>\n<link rel=\"canonical\" href=\"https:\/\/www.euroresidentes.com\/entretenimiento\/frases-citas-imagenes\/citas-famosas\/\" \/>\n<meta property=\"og:locale\" content=\"es_ES\" \/>\n<meta property=\"og:type\" content=\"article\" \/>\n<meta property=\"og:title\" content=\"Citas famosas - Frases y Citas C\u00e9lebres\" \/>\n<meta property=\"og:description\" content=\"\u00bfAbsolutamente rid\u00edcula o completamente aburrida? S\u00e9 inteligente y no te interpongas en tu propio camino Todo dura un poco m\u00e1s de lo que deber\u00eda Lo m\u00e1s importante de la vida&#8230; M\u00fasica Consejos para el \u00e9xito \u00bfBuenos o malos? HAKUNA MATATA\" \/>\n<meta property=\"og:url\" content=\"https:\/\/www.euroresidentes.com\/entretenimiento\/frases-citas-imagenes\/citas-famosas\/\" \/>\n<meta property=\"og:site_name\" content=\"Frases y Citas C\u00e9lebres\" \/>\n<meta property=\"article:publisher\" content=\"https:\/\/www.facebook.com\/frases.euroresidentes\/\" \/>\n<meta property=\"article:modified_time\" content=\"2016-12-21T09:54:07+00:00\" \/>\n<meta name=\"twitter:card\" content=\"summary_large_image\" \/>\n<script type=\"application\/ld+json\" class=\"yoast-schema-graph\">{\"@context\":\"https:\/\/schema.org\",\"@graph\":[{\"@type\":\"WebPage\",\"@id\":\"https:\/\/www.euroresidentes.com\/entretenimiento\/frases-citas-imagenes\/citas-famosas\/\",\"url\":\"https:\/\/www.euroresidentes.com\/entretenimiento\/frases-citas-imagenes\/citas-famosas\/\",\"name\":\"Citas famosas - Frases y Citas C\u00e9lebres\",\"isPartOf\":{\"@id\":\"https:\/\/www.euroresidentes.com\/entretenimiento\/frases-citas-imagenes\/#website\"},\"datePublished\":\"2015-02-27T11:32:00+00:00\",\"dateModified\":\"2016-12-21T09:54:07+00:00\",\"breadcrumb\":{\"@id\":\"https:\/\/www.euroresidentes.com\/entretenimiento\/frases-citas-imagenes\/citas-famosas\/#breadcrumb\"},\"inLanguage\":\"es\",\"potentialAction\":[{\"@type\":\"ReadAction\",\"target\":[\"https:\/\/www.euroresidentes.com\/entretenimiento\/frases-citas-imagenes\/citas-famosas\/\"]}]},{\"@type\":\"BreadcrumbList\",\"@id\":\"https:\/\/www.euroresidentes.com\/entretenimiento\/frases-citas-imagenes\/citas-famosas\/#breadcrumb\",\"itemListElement\":[{\"@type\":\"ListItem\",\"position\":1,\"name\":\"Portada\",\"item\":\"https:\/\/www.euroresidentes.com\/entretenimiento\/frases-citas-imagenes\/\"},{\"@type\":\"ListItem\",\"position\":2,\"name\":\"Citas famosas\"}]},{\"@type\":\"WebSite\",\"@id\":\"https:\/\/www.euroresidentes.com\/entretenimiento\/frases-citas-imagenes\/#website\",\"url\":\"https:\/\/www.euroresidentes.com\/entretenimiento\/frases-citas-imagenes\/\",\"name\":\"Frases y Citas C\u00e9lebres\",\"description\":\"Frases, citas c\u00e9lebres de autores, refranes, frases de figuras hist\u00f3ricas\",\"potentialAction\":[{\"@type\":\"SearchAction\",\"target\":{\"@type\":\"EntryPoint\",\"urlTemplate\":\"https:\/\/www.euroresidentes.com\/entretenimiento\/frases-citas-imagenes\/?s={search_term_string}\"},\"query-input\":{\"@type\":\"PropertyValueSpecification\",\"valueRequired\":true,\"valueName\":\"search_term_string\"}}],\"inLanguage\":\"es\"}]}<\/script>\n<!-- \/ Yoast SEO plugin. -->","yoast_head_json":{"title":"Citas famosas - Frases y Citas C\u00e9lebres","robots":{"index":"index","follow":"follow","max-snippet":"max-snippet:-1","max-image-preview":"max-image-preview:large","max-video-preview":"max-video-preview:-1"},"canonical":"https:\/\/www.euroresidentes.com\/entretenimiento\/frases-citas-imagenes\/citas-famosas\/","og_locale":"es_ES","og_type":"article","og_title":"Citas famosas - Frases y Citas C\u00e9lebres","og_description":"\u00bfAbsolutamente rid\u00edcula o completamente aburrida? S\u00e9 inteligente y no te interpongas en tu propio camino Todo dura un poco m\u00e1s de lo que deber\u00eda Lo m\u00e1s importante de la vida&#8230; M\u00fasica Consejos para el \u00e9xito \u00bfBuenos o malos? HAKUNA MATATA","og_url":"https:\/\/www.euroresidentes.com\/entretenimiento\/frases-citas-imagenes\/citas-famosas\/","og_site_name":"Frases y Citas C\u00e9lebres","article_publisher":"https:\/\/www.facebook.com\/frases.euroresidentes\/","article_modified_time":"2016-12-21T09:54:07+00:00","twitter_card":"summary_large_image","schema":{"@context":"https:\/\/schema.org","@graph":[{"@type":"WebPage","@id":"https:\/\/www.euroresidentes.com\/entretenimiento\/frases-citas-imagenes\/citas-famosas\/","url":"https:\/\/www.euroresidentes.com\/entretenimiento\/frases-citas-imagenes\/citas-famosas\/","name":"Citas famosas - Frases y Citas C\u00e9lebres","isPartOf":{"@id":"https:\/\/www.euroresidentes.com\/entretenimiento\/frases-citas-imagenes\/#website"},"datePublished":"2015-02-27T11:32:00+00:00","dateModified":"2016-12-21T09:54:07+00:00","breadcrumb":{"@id":"https:\/\/www.euroresidentes.com\/entretenimiento\/frases-citas-imagenes\/citas-famosas\/#breadcrumb"},"inLanguage":"es","potentialAction":[{"@type":"ReadAction","target":["https:\/\/www.euroresidentes.com\/entretenimiento\/frases-citas-imagenes\/citas-famosas\/"]}]},{"@type":"BreadcrumbList","@id":"https:\/\/www.euroresidentes.com\/entretenimiento\/frases-citas-imagenes\/citas-famosas\/#breadcrumb","itemListElement":[{"@type":"ListItem","position":1,"name":"Portada","item":"https:\/\/www.euroresidentes.com\/entretenimiento\/frases-citas-imagenes\/"},{"@type":"ListItem","position":2,"name":"Citas famosas"}]},{"@type":"WebSite","@id":"https:\/\/www.euroresidentes.com\/entretenimiento\/frases-citas-imagenes\/#website","url":"https:\/\/www.euroresidentes.com\/entretenimiento\/frases-citas-imagenes\/","name":"Frases y Citas C\u00e9lebres","description":"Frases, citas c\u00e9lebres de autores, refranes, frases de figuras hist\u00f3ricas","potentialAction":[{"@type":"SearchAction","target":{"@type":"EntryPoint","urlTemplate":"https:\/\/www.euroresidentes.com\/entretenimiento\/frases-citas-imagenes\/?s={search_term_string}"},"query-input":{"@type":"PropertyValueSpecification","valueRequired":true,"valueName":"search_term_string"}}],"inLanguage":"es"}]}},"_links":{"self":[{"href":"https:\/\/www.euroresidentes.com\/entretenimiento\/frases-citas-imagenes\/wp-json\/wp\/v2\/pages\/6610","targetHints":{"allow":["GET"]}}],"collection":[{"href":"https:\/\/www.euroresidentes.com\/entretenimiento\/frases-citas-imagenes\/wp-json\/wp\/v2\/pages"}],"about":[{"href":"https:\/\/www.euroresidentes.com\/entretenimiento\/frases-citas-imagenes\/wp-json\/wp\/v2\/types\/page"}],"author":[{"embeddable":true,"href":"https:\/\/www.euroresidentes.com\/entretenimiento\/frases-citas-imagenes\/wp-json\/wp\/v2\/users\/11"}],"replies":[{"embeddable":true,"href":"https:\/\/www.euroresidentes.com\/entretenimiento\/frases-citas-imagenes\/wp-json\/wp\/v2\/comments?post=6610"}],"version-history":[{"count":1,"href":"https:\/\/www.euroresidentes.com\/entretenimiento\/frases-citas-imagenes\/wp-json\/wp\/v2\/pages\/6610\/revisions"}],"predecessor-version":[{"id":6745,"href":"https:\/\/www.euroresidentes.com\/entretenimiento\/frases-citas-imagenes\/wp-json\/wp\/v2\/pages\/6610\/revisions\/6745"}],"wp:attachment":[{"href":"https:\/\/www.euroresidentes.com\/entretenimiento\/frases-citas-imagenes\/wp-json\/wp\/v2\/media?parent=6610"}],"curies":[{"name":"wp","href":"https:\/\/api.w.org\/{rel}","templated":true}]}}