{"id":6608,"date":"2015-02-27T12:40:00","date_gmt":"2015-02-27T11:40:00","guid":{"rendered":"https:\/\/www.euroresidentes.com\/entretenimiento\/frases-citas-imagenes\/humor.html"},"modified":"2016-12-21T10:54:07","modified_gmt":"2016-12-21T09:54:07","slug":"humor","status":"publish","type":"page","link":"https:\/\/www.euroresidentes.com\/entretenimiento\/frases-citas-imagenes\/humor\/","title":{"rendered":"Humor"},"content":{"rendered":"<p><\/p>\n<ul>\n<li><a href=\"http:\/\/frasesqueinspirantudia.estudiantes.info\/2014\/10\/se-tu-mismo.html\">S\u00e9 t\u00fa mismo<\/a><\/li>\n<\/ul>\n<ul>\n<li><a href=\"http:\/\/frasesqueinspirantudia.estudiantes.info\/2014\/11\/se-una-chica-diferente.html\">S\u00e9 una chica diferente<\/a><\/li>\n<\/ul>\n<ul>\n<li><a href=\"http:\/\/frasesqueinspirantudia.estudiantes.info\/2014\/11\/la-vida-es-mejor-cuando-te-ries.html\">La vida es mejor cuando te r\u00edes<\/a><\/li>\n<\/ul>\n<ul>\n<li><a href=\"http:\/\/frasesqueinspirantudia.estudiantes.info\/2014\/11\/el-unico-planeta-donde-existe-el.html\">El \u00fanico planeta d\u00f3nde existe el chocolate<\/a><\/li>\n<\/ul>\n<ul>\n<li><a href=\"http:\/\/frasesqueinspirantudia.estudiantes.info\/2014\/11\/se-un-lider.html\">S\u00e9 un lider<\/a><\/li>\n<\/ul>\n<ul>\n<li><a href=\"http:\/\/frasesqueinspirantudia.estudiantes.info\/2014\/11\/vive-como-si-nadie-viese-lo-que-haces.html\">Vive como si nadie viese lo que haces&#8230;<\/a><\/li>\n<\/ul>\n<ul>\n<li><a href=\"http:\/\/frasesqueinspirantudia.estudiantes.info\/2014\/11\/la-vida-es-corta.html\">La vida es corta<\/a><\/li>\n<\/ul>\n<ul>\n<li><a href=\"http:\/\/frasesqueinspirantudia.estudiantes.info\/2014\/11\/asi-quiero-que-demuestres-tu-amor.html\">As\u00ed quiero que demuestres tu amor<\/a><\/li>\n<\/ul>\n<ul>\n<li><a href=\"http:\/\/frasesqueinspirantudia.estudiantes.info\/2014\/11\/si-caes-ahi-estare-yo.html\">Si caes, ah\u00ed estar\u00e9 yo<\/a><\/li>\n<\/ul>\n<ul>\n<li><a href=\"http:\/\/frasesqueinspirantudia.estudiantes.info\/2014\/11\/la-vida-seria-mas-facil-si.html\">La vida ser\u00eda m\u00e1s f\u00e1cil si&#8230;<\/a><\/li>\n<\/ul>\n<ul>\n<li><a href=\"http:\/\/frasesqueinspirantudia.estudiantes.info\/2014\/12\/no-tengo-la-mente-sucia.html\">No tengo la mente sucia<\/a><\/li>\n<\/ul>\n<ul>\n<li><a href=\"http:\/\/frasesqueinspirantudia.estudiantes.info\/2014\/12\/solo-5-minutos.html\">\u00a1S\u00f3lo 5 minutos!<\/a><\/li>\n<\/ul>\n<ul>\n<li><a href=\"http:\/\/frasesqueinspirantudia.estudiantes.info\/2014\/12\/motivo-por-el-cual-una-madre-es.html\">Motivo por el cu\u00e1l una madre es imprescindible<\/a><\/li>\n<\/ul>\n<ul>\n<li><a href=\"http:\/\/frasesqueinspirantudia.estudiantes.info\/2015\/01\/no-existe-la-fama-en-instagram.html\">No existe la fama en instagram<\/a><\/li>\n<\/ul>\n<ul>\n<li><a href=\"http:\/\/frasesqueinspirantudia.estudiantes.info\/2015\/01\/quieres-que-te-recuerden-coge-dinero.html\">\u00bfQuieres que te recuerden? Coge dinero prestado<\/a><\/li>\n<\/ul>\n<ul>\n<li><a href=\"http:\/\/frasesqueinspirantudia.estudiantes.info\/2015\/01\/me-encantan-las-preguntas-estupidas.html\">Me encantan las preguntas est\u00fapidas<\/a><\/li>\n<\/ul>\n<ul>\n<li><a href=\"http:\/\/frasesqueinspirantudia.estudiantes.info\/2015\/01\/no-es-facil-seguir-una-dieta.html\">No es f\u00e1cil seguir una dieta<\/a><\/li>\n<\/ul>\n<ul>\n<li><a href=\"http:\/\/frasesqueinspirantudia.estudiantes.info\/2015\/01\/alguien-mas-del-club-del-vino.html\">\u00bfAlguien m\u00e1s del club del vino?<\/a><\/li>\n<\/ul>\n<ul>\n<li><a href=\"http:\/\/frasesqueinspirantudia.estudiantes.info\/2015\/01\/la-mejor-excusa-que-habras-oido-jamas.html\">La mejor excusa que habr\u00e1s o\u00eddo jam\u00e1s<\/a><\/li>\n<\/ul>\n","protected":false},"excerpt":{"rendered":"<p>S\u00e9 t\u00fa mismo S\u00e9 una chica diferente La vida es mejor cuando te r\u00edes El \u00fanico planeta d\u00f3nde existe el chocolate S\u00e9 un lider Vive como si nadie viese lo que haces&#8230; La vida es corta As\u00ed quiero que demuestres tu amor Si caes, ah\u00ed estar\u00e9 yo La vida ser\u00eda m\u00e1s f\u00e1cil si&#8230; No tengo la mente sucia \u00a1S\u00f3lo 5 minutos! Motivo por el cu\u00e1l una madre es imprescindible No existe la fama en instagram \u00bfQuieres que te recuerden? Coge dinero prestado Me encantan las preguntas est\u00fapidas No es f\u00e1cil seguir una dieta \u00bfAlguien m\u00e1s del club del vino? La <\/p>\n","protected":false},"author":11,"featured_media":0,"parent":0,"menu_order":0,"comment_status":"closed","ping_status":"closed","template":"","meta":{"footnotes":""},"class_list":["post-6608","page","type-page","status-publish","hentry"],"yoast_head":"<!-- This site is optimized with the Yoast SEO plugin v24.1 - https:\/\/yoast.com\/wordpress\/plugins\/seo\/ -->\n<title>Humor - Frases y Citas C\u00e9lebres<\/title>\n<meta name=\"robots\" content=\"index, follow, max-snippet:-1, max-image-preview:large, max-video-preview:-1\" \/>\n<link rel=\"canonical\" href=\"https:\/\/www.euroresidentes.com\/entretenimiento\/frases-citas-imagenes\/humor\/\" \/>\n<meta property=\"og:locale\" content=\"es_ES\" \/>\n<meta property=\"og:type\" content=\"article\" \/>\n<meta property=\"og:title\" content=\"Humor - Frases y Citas C\u00e9lebres\" \/>\n<meta property=\"og:description\" content=\"S\u00e9 t\u00fa mismo S\u00e9 una chica diferente La vida es mejor cuando te r\u00edes El \u00fanico planeta d\u00f3nde existe el chocolate S\u00e9 un lider Vive como si nadie viese lo que haces&#8230; La vida es corta As\u00ed quiero que demuestres tu amor Si caes, ah\u00ed estar\u00e9 yo La vida ser\u00eda m\u00e1s f\u00e1cil si&#8230; No tengo la mente sucia \u00a1S\u00f3lo 5 minutos! Motivo por el cu\u00e1l una madre es imprescindible No existe la fama en instagram \u00bfQuieres que te recuerden? Coge dinero prestado Me encantan las preguntas est\u00fapidas No es f\u00e1cil seguir una dieta \u00bfAlguien m\u00e1s del club del vino? La\" \/>\n<meta property=\"og:url\" content=\"https:\/\/www.euroresidentes.com\/entretenimiento\/frases-citas-imagenes\/humor\/\" \/>\n<meta property=\"og:site_name\" content=\"Frases y Citas C\u00e9lebres\" \/>\n<meta property=\"article:publisher\" content=\"https:\/\/www.facebook.com\/frases.euroresidentes\/\" \/>\n<meta property=\"article:modified_time\" content=\"2016-12-21T09:54:07+00:00\" \/>\n<meta name=\"twitter:card\" content=\"summary_large_image\" \/>\n<meta name=\"twitter:label1\" content=\"Est. reading time\" \/>\n\t<meta name=\"twitter:data1\" content=\"1 minuto\" \/>\n<script type=\"application\/ld+json\" class=\"yoast-schema-graph\">{\"@context\":\"https:\/\/schema.org\",\"@graph\":[{\"@type\":\"WebPage\",\"@id\":\"https:\/\/www.euroresidentes.com\/entretenimiento\/frases-citas-imagenes\/humor\/\",\"url\":\"https:\/\/www.euroresidentes.com\/entretenimiento\/frases-citas-imagenes\/humor\/\",\"name\":\"Humor - Frases y Citas C\u00e9lebres\",\"isPartOf\":{\"@id\":\"https:\/\/www.euroresidentes.com\/entretenimiento\/frases-citas-imagenes\/#website\"},\"datePublished\":\"2015-02-27T11:40:00+00:00\",\"dateModified\":\"2016-12-21T09:54:07+00:00\",\"breadcrumb\":{\"@id\":\"https:\/\/www.euroresidentes.com\/entretenimiento\/frases-citas-imagenes\/humor\/#breadcrumb\"},\"inLanguage\":\"es\",\"potentialAction\":[{\"@type\":\"ReadAction\",\"target\":[\"https:\/\/www.euroresidentes.com\/entretenimiento\/frases-citas-imagenes\/humor\/\"]}]},{\"@type\":\"BreadcrumbList\",\"@id\":\"https:\/\/www.euroresidentes.com\/entretenimiento\/frases-citas-imagenes\/humor\/#breadcrumb\",\"itemListElement\":[{\"@type\":\"ListItem\",\"position\":1,\"name\":\"Portada\",\"item\":\"https:\/\/www.euroresidentes.com\/entretenimiento\/frases-citas-imagenes\/\"},{\"@type\":\"ListItem\",\"position\":2,\"name\":\"Humor\"}]},{\"@type\":\"WebSite\",\"@id\":\"https:\/\/www.euroresidentes.com\/entretenimiento\/frases-citas-imagenes\/#website\",\"url\":\"https:\/\/www.euroresidentes.com\/entretenimiento\/frases-citas-imagenes\/\",\"name\":\"Frases y Citas C\u00e9lebres\",\"description\":\"Frases, citas c\u00e9lebres de autores, refranes, frases de figuras hist\u00f3ricas\",\"potentialAction\":[{\"@type\":\"SearchAction\",\"target\":{\"@type\":\"EntryPoint\",\"urlTemplate\":\"https:\/\/www.euroresidentes.com\/entretenimiento\/frases-citas-imagenes\/?s={search_term_string}\"},\"query-input\":{\"@type\":\"PropertyValueSpecification\",\"valueRequired\":true,\"valueName\":\"search_term_string\"}}],\"inLanguage\":\"es\"}]}<\/script>\n<!-- \/ Yoast SEO plugin. -->","yoast_head_json":{"title":"Humor - Frases y Citas C\u00e9lebres","robots":{"index":"index","follow":"follow","max-snippet":"max-snippet:-1","max-image-preview":"max-image-preview:large","max-video-preview":"max-video-preview:-1"},"canonical":"https:\/\/www.euroresidentes.com\/entretenimiento\/frases-citas-imagenes\/humor\/","og_locale":"es_ES","og_type":"article","og_title":"Humor - Frases y Citas C\u00e9lebres","og_description":"S\u00e9 t\u00fa mismo S\u00e9 una chica diferente La vida es mejor cuando te r\u00edes El \u00fanico planeta d\u00f3nde existe el chocolate S\u00e9 un lider Vive como si nadie viese lo que haces&#8230; La vida es corta As\u00ed quiero que demuestres tu amor Si caes, ah\u00ed estar\u00e9 yo La vida ser\u00eda m\u00e1s f\u00e1cil si&#8230; No tengo la mente sucia \u00a1S\u00f3lo 5 minutos! Motivo por el cu\u00e1l una madre es imprescindible No existe la fama en instagram \u00bfQuieres que te recuerden? Coge dinero prestado Me encantan las preguntas est\u00fapidas No es f\u00e1cil seguir una dieta \u00bfAlguien m\u00e1s del club del vino? La","og_url":"https:\/\/www.euroresidentes.com\/entretenimiento\/frases-citas-imagenes\/humor\/","og_site_name":"Frases y Citas C\u00e9lebres","article_publisher":"https:\/\/www.facebook.com\/frases.euroresidentes\/","article_modified_time":"2016-12-21T09:54:07+00:00","twitter_card":"summary_large_image","twitter_misc":{"Est. reading time":"1 minuto"},"schema":{"@context":"https:\/\/schema.org","@graph":[{"@type":"WebPage","@id":"https:\/\/www.euroresidentes.com\/entretenimiento\/frases-citas-imagenes\/humor\/","url":"https:\/\/www.euroresidentes.com\/entretenimiento\/frases-citas-imagenes\/humor\/","name":"Humor - Frases y Citas C\u00e9lebres","isPartOf":{"@id":"https:\/\/www.euroresidentes.com\/entretenimiento\/frases-citas-imagenes\/#website"},"datePublished":"2015-02-27T11:40:00+00:00","dateModified":"2016-12-21T09:54:07+00:00","breadcrumb":{"@id":"https:\/\/www.euroresidentes.com\/entretenimiento\/frases-citas-imagenes\/humor\/#breadcrumb"},"inLanguage":"es","potentialAction":[{"@type":"ReadAction","target":["https:\/\/www.euroresidentes.com\/entretenimiento\/frases-citas-imagenes\/humor\/"]}]},{"@type":"BreadcrumbList","@id":"https:\/\/www.euroresidentes.com\/entretenimiento\/frases-citas-imagenes\/humor\/#breadcrumb","itemListElement":[{"@type":"ListItem","position":1,"name":"Portada","item":"https:\/\/www.euroresidentes.com\/entretenimiento\/frases-citas-imagenes\/"},{"@type":"ListItem","position":2,"name":"Humor"}]},{"@type":"WebSite","@id":"https:\/\/www.euroresidentes.com\/entretenimiento\/frases-citas-imagenes\/#website","url":"https:\/\/www.euroresidentes.com\/entretenimiento\/frases-citas-imagenes\/","name":"Frases y Citas C\u00e9lebres","description":"Frases, citas c\u00e9lebres de autores, refranes, frases de figuras hist\u00f3ricas","potentialAction":[{"@type":"SearchAction","target":{"@type":"EntryPoint","urlTemplate":"https:\/\/www.euroresidentes.com\/entretenimiento\/frases-citas-imagenes\/?s={search_term_string}"},"query-input":{"@type":"PropertyValueSpecification","valueRequired":true,"valueName":"search_term_string"}}],"inLanguage":"es"}]}},"_links":{"self":[{"href":"https:\/\/www.euroresidentes.com\/entretenimiento\/frases-citas-imagenes\/wp-json\/wp\/v2\/pages\/6608","targetHints":{"allow":["GET"]}}],"collection":[{"href":"https:\/\/www.euroresidentes.com\/entretenimiento\/frases-citas-imagenes\/wp-json\/wp\/v2\/pages"}],"about":[{"href":"https:\/\/www.euroresidentes.com\/entretenimiento\/frases-citas-imagenes\/wp-json\/wp\/v2\/types\/page"}],"author":[{"embeddable":true,"href":"https:\/\/www.euroresidentes.com\/entretenimiento\/frases-citas-imagenes\/wp-json\/wp\/v2\/users\/11"}],"replies":[{"embeddable":true,"href":"https:\/\/www.euroresidentes.com\/entretenimiento\/frases-citas-imagenes\/wp-json\/wp\/v2\/comments?post=6608"}],"version-history":[{"count":1,"href":"https:\/\/www.euroresidentes.com\/entretenimiento\/frases-citas-imagenes\/wp-json\/wp\/v2\/pages\/6608\/revisions"}],"predecessor-version":[{"id":6743,"href":"https:\/\/www.euroresidentes.com\/entretenimiento\/frases-citas-imagenes\/wp-json\/wp\/v2\/pages\/6608\/revisions\/6743"}],"wp:attachment":[{"href":"https:\/\/www.euroresidentes.com\/entretenimiento\/frases-citas-imagenes\/wp-json\/wp\/v2\/media?parent=6608"}],"curies":[{"name":"wp","href":"https:\/\/api.w.org\/{rel}","templated":true}]}}