{"id":4293,"date":"2015-07-17T10:45:00","date_gmt":"2015-07-17T10:45:00","guid":{"rendered":"https:\/\/www.euroresidentes.com\/entretenimiento\/frases-citas-imagenes\/10-cosas-sobre-mi.html"},"modified":"2016-02-26T09:44:26","modified_gmt":"2016-02-26T09:44:26","slug":"10-cosas-sobre-mi","status":"publish","type":"page","link":"https:\/\/www.euroresidentes.com\/entretenimiento\/frases-citas-imagenes\/10-cosas-sobre-mi\/","title":{"rendered":"10 cosas sobre mi"},"content":{"rendered":"<div style=\"text-align: center;\">\n<div class=\"separator\" style=\"clear: both; text-align: center;\">\n<\/div>\n<div class=\"separator\" style=\"clear: both; text-align: center;\">\n<a href=\"http:\/\/2.bp.blogspot.com\/-ZOHwMXTQXP4\/Vai5uLFoXFI\/AAAAAAAAAuw\/PU2U5UrxmZg\/s1600\/2.png\" imageanchor=\"1\" style=\"margin-left: 1em; margin-right: 1em;\"><img loading=\"lazy\" decoding=\"async\" border=\"0\" height=\"450\" src=\"https:\/\/www.euroresidentes.com\/entretenimiento\/frases-citas-imagenes\/wp-content\/uploads\/sites\/7\/2015\/07\/2-6.png\" width=\"600\" \/><\/a><\/div>\n<\/div>\n<div style=\"text-align: center;\">\n<\/div>\n<p><b>1.<\/b> Ingeniera en Telecomunicaciones especialidad Imagen y Sonido en la Universidad de Alicante.<\/p>\n<p><b>2. <\/b>Estoy casi segura que nac\u00ed en el 92 porque Freddie Mercury cantar\u00eda&nbsp;<i>Barcelona<\/i> en las Olimpiadas de ese a\u00f1o.<\/p>\n<p><b>3<\/b>. Desde que aprend\u00ed a relativizar las cosas, soy m\u00e1s feliz.<\/p>\n<p><b>4. <\/b>Tengo el Grado Medio de Piano en el conservatorio de Alicante. T\u00edtulo que me permite aporrear con estilo los pianos de muestra de la FNAC.<\/p>\n<p><b>5.<\/b> El mejor regalo que me han hecho es un bajo el\u00e9ctrico,&nbsp;una mesa de mezclas y un micro.<\/p>\n<p><b>6. <\/b>Mientras que a los dem\u00e1s les molesta mi desorden, a mi me tranquiliza.<br \/>\n<b><br \/><\/b><br \/>\n<b>7.<\/b> Cuando descubr\u00ed la programaci\u00f3n dije que jam\u00e1s tendr\u00eda nada que ver con ella (J\u00c1).<\/p>\n<p><b>8.<\/b> Me encanta el teatro, la vida loca de Bukowski y <i>El Aleph<\/i> de Borges.<\/p>\n<p><b>9.<\/b> Hasta que no lo intento, no lo pregunto.<\/p>\n<p><b>10. <\/b>Siempre tengo a mano una libreta y un boli.<\/p>\n","protected":false},"excerpt":{"rendered":"<p>1. Ingeniera en Telecomunicaciones especialidad Imagen y Sonido en la Universidad de Alicante. 2. Estoy casi segura que nac\u00ed en el 92 porque Freddie Mercury cantar\u00eda&nbsp;Barcelona en las Olimpiadas de ese a\u00f1o. 3. Desde que aprend\u00ed a relativizar las cosas, soy m\u00e1s feliz. 4. Tengo el Grado Medio de Piano en el conservatorio de Alicante. T\u00edtulo que me permite aporrear con estilo los pianos de muestra de la FNAC. 5. El mejor regalo que me han hecho es un bajo el\u00e9ctrico,&nbsp;una mesa de mezclas y un micro. 6. Mientras que a los dem\u00e1s les molesta mi desorden, a mi me <\/p>\n","protected":false},"author":6,"featured_media":0,"parent":0,"menu_order":0,"comment_status":"closed","ping_status":"closed","template":"page-author.php","meta":{"footnotes":""},"class_list":["post-4293","page","type-page","status-publish","hentry"],"yoast_head":"<!-- This site is optimized with the Yoast SEO plugin v24.1 - https:\/\/yoast.com\/wordpress\/plugins\/seo\/ -->\n<title>10 cosas sobre mi - Frases y Citas C\u00e9lebres<\/title>\n<meta name=\"robots\" content=\"index, follow, max-snippet:-1, max-image-preview:large, max-video-preview:-1\" \/>\n<link rel=\"canonical\" href=\"https:\/\/www.euroresidentes.com\/entretenimiento\/frases-citas-imagenes\/10-cosas-sobre-mi\/\" \/>\n<meta property=\"og:locale\" content=\"es_ES\" \/>\n<meta property=\"og:type\" content=\"article\" \/>\n<meta property=\"og:title\" content=\"10 cosas sobre mi - Frases y Citas C\u00e9lebres\" \/>\n<meta property=\"og:description\" content=\"1. Ingeniera en Telecomunicaciones especialidad Imagen y Sonido en la Universidad de Alicante. 2. Estoy casi segura que nac\u00ed en el 92 porque Freddie Mercury cantar\u00eda&nbsp;Barcelona en las Olimpiadas de ese a\u00f1o. 3. Desde que aprend\u00ed a relativizar las cosas, soy m\u00e1s feliz. 4. Tengo el Grado Medio de Piano en el conservatorio de Alicante. T\u00edtulo que me permite aporrear con estilo los pianos de muestra de la FNAC. 5. El mejor regalo que me han hecho es un bajo el\u00e9ctrico,&nbsp;una mesa de mezclas y un micro. 6. Mientras que a los dem\u00e1s les molesta mi desorden, a mi me\" \/>\n<meta property=\"og:url\" content=\"https:\/\/www.euroresidentes.com\/entretenimiento\/frases-citas-imagenes\/10-cosas-sobre-mi\/\" \/>\n<meta property=\"og:site_name\" content=\"Frases y Citas C\u00e9lebres\" \/>\n<meta property=\"article:publisher\" content=\"https:\/\/www.facebook.com\/frases.euroresidentes\/\" \/>\n<meta property=\"article:modified_time\" content=\"2016-02-26T09:44:26+00:00\" \/>\n<meta property=\"og:image\" content=\"https:\/\/www.euroresidentes.com\/entretenimiento\/frases-citas-imagenes\/wp-content\/uploads\/sites\/7\/2015\/07\/2-6.png\" \/>\n<meta name=\"twitter:card\" content=\"summary_large_image\" \/>\n<meta name=\"twitter:label1\" content=\"Est. reading time\" \/>\n\t<meta name=\"twitter:data1\" content=\"1 minuto\" \/>\n<script type=\"application\/ld+json\" class=\"yoast-schema-graph\">{\"@context\":\"https:\/\/schema.org\",\"@graph\":[{\"@type\":\"WebPage\",\"@id\":\"https:\/\/www.euroresidentes.com\/entretenimiento\/frases-citas-imagenes\/10-cosas-sobre-mi\/\",\"url\":\"https:\/\/www.euroresidentes.com\/entretenimiento\/frases-citas-imagenes\/10-cosas-sobre-mi\/\",\"name\":\"10 cosas sobre mi - Frases y Citas C\u00e9lebres\",\"isPartOf\":{\"@id\":\"https:\/\/www.euroresidentes.com\/entretenimiento\/frases-citas-imagenes\/#website\"},\"primaryImageOfPage\":{\"@id\":\"https:\/\/www.euroresidentes.com\/entretenimiento\/frases-citas-imagenes\/10-cosas-sobre-mi\/#primaryimage\"},\"image\":{\"@id\":\"https:\/\/www.euroresidentes.com\/entretenimiento\/frases-citas-imagenes\/10-cosas-sobre-mi\/#primaryimage\"},\"thumbnailUrl\":\"https:\/\/www.euroresidentes.com\/entretenimiento\/frases-citas-imagenes\/wp-content\/uploads\/sites\/7\/2015\/07\/2-6.png\",\"datePublished\":\"2015-07-17T10:45:00+00:00\",\"dateModified\":\"2016-02-26T09:44:26+00:00\",\"breadcrumb\":{\"@id\":\"https:\/\/www.euroresidentes.com\/entretenimiento\/frases-citas-imagenes\/10-cosas-sobre-mi\/#breadcrumb\"},\"inLanguage\":\"es\",\"potentialAction\":[{\"@type\":\"ReadAction\",\"target\":[\"https:\/\/www.euroresidentes.com\/entretenimiento\/frases-citas-imagenes\/10-cosas-sobre-mi\/\"]}]},{\"@type\":\"ImageObject\",\"inLanguage\":\"es\",\"@id\":\"https:\/\/www.euroresidentes.com\/entretenimiento\/frases-citas-imagenes\/10-cosas-sobre-mi\/#primaryimage\",\"url\":\"https:\/\/www.euroresidentes.com\/entretenimiento\/frases-citas-imagenes\/wp-content\/uploads\/sites\/7\/2015\/07\/2-6.png\",\"contentUrl\":\"https:\/\/www.euroresidentes.com\/entretenimiento\/frases-citas-imagenes\/wp-content\/uploads\/sites\/7\/2015\/07\/2-6.png\"},{\"@type\":\"BreadcrumbList\",\"@id\":\"https:\/\/www.euroresidentes.com\/entretenimiento\/frases-citas-imagenes\/10-cosas-sobre-mi\/#breadcrumb\",\"itemListElement\":[{\"@type\":\"ListItem\",\"position\":1,\"name\":\"Portada\",\"item\":\"https:\/\/www.euroresidentes.com\/entretenimiento\/frases-citas-imagenes\/\"},{\"@type\":\"ListItem\",\"position\":2,\"name\":\"10 cosas sobre mi\"}]},{\"@type\":\"WebSite\",\"@id\":\"https:\/\/www.euroresidentes.com\/entretenimiento\/frases-citas-imagenes\/#website\",\"url\":\"https:\/\/www.euroresidentes.com\/entretenimiento\/frases-citas-imagenes\/\",\"name\":\"Frases y Citas C\u00e9lebres\",\"description\":\"Frases, citas c\u00e9lebres de autores, refranes, frases de figuras hist\u00f3ricas\",\"potentialAction\":[{\"@type\":\"SearchAction\",\"target\":{\"@type\":\"EntryPoint\",\"urlTemplate\":\"https:\/\/www.euroresidentes.com\/entretenimiento\/frases-citas-imagenes\/?s={search_term_string}\"},\"query-input\":{\"@type\":\"PropertyValueSpecification\",\"valueRequired\":true,\"valueName\":\"search_term_string\"}}],\"inLanguage\":\"es\"}]}<\/script>\n<!-- \/ Yoast SEO plugin. -->","yoast_head_json":{"title":"10 cosas sobre mi - Frases y Citas C\u00e9lebres","robots":{"index":"index","follow":"follow","max-snippet":"max-snippet:-1","max-image-preview":"max-image-preview:large","max-video-preview":"max-video-preview:-1"},"canonical":"https:\/\/www.euroresidentes.com\/entretenimiento\/frases-citas-imagenes\/10-cosas-sobre-mi\/","og_locale":"es_ES","og_type":"article","og_title":"10 cosas sobre mi - Frases y Citas C\u00e9lebres","og_description":"1. Ingeniera en Telecomunicaciones especialidad Imagen y Sonido en la Universidad de Alicante. 2. Estoy casi segura que nac\u00ed en el 92 porque Freddie Mercury cantar\u00eda&nbsp;Barcelona en las Olimpiadas de ese a\u00f1o. 3. Desde que aprend\u00ed a relativizar las cosas, soy m\u00e1s feliz. 4. Tengo el Grado Medio de Piano en el conservatorio de Alicante. T\u00edtulo que me permite aporrear con estilo los pianos de muestra de la FNAC. 5. El mejor regalo que me han hecho es un bajo el\u00e9ctrico,&nbsp;una mesa de mezclas y un micro. 6. Mientras que a los dem\u00e1s les molesta mi desorden, a mi me","og_url":"https:\/\/www.euroresidentes.com\/entretenimiento\/frases-citas-imagenes\/10-cosas-sobre-mi\/","og_site_name":"Frases y Citas C\u00e9lebres","article_publisher":"https:\/\/www.facebook.com\/frases.euroresidentes\/","article_modified_time":"2016-02-26T09:44:26+00:00","og_image":[{"url":"https:\/\/www.euroresidentes.com\/entretenimiento\/frases-citas-imagenes\/wp-content\/uploads\/sites\/7\/2015\/07\/2-6.png","type":"","width":"","height":""}],"twitter_card":"summary_large_image","twitter_misc":{"Est. reading time":"1 minuto"},"schema":{"@context":"https:\/\/schema.org","@graph":[{"@type":"WebPage","@id":"https:\/\/www.euroresidentes.com\/entretenimiento\/frases-citas-imagenes\/10-cosas-sobre-mi\/","url":"https:\/\/www.euroresidentes.com\/entretenimiento\/frases-citas-imagenes\/10-cosas-sobre-mi\/","name":"10 cosas sobre mi - Frases y Citas C\u00e9lebres","isPartOf":{"@id":"https:\/\/www.euroresidentes.com\/entretenimiento\/frases-citas-imagenes\/#website"},"primaryImageOfPage":{"@id":"https:\/\/www.euroresidentes.com\/entretenimiento\/frases-citas-imagenes\/10-cosas-sobre-mi\/#primaryimage"},"image":{"@id":"https:\/\/www.euroresidentes.com\/entretenimiento\/frases-citas-imagenes\/10-cosas-sobre-mi\/#primaryimage"},"thumbnailUrl":"https:\/\/www.euroresidentes.com\/entretenimiento\/frases-citas-imagenes\/wp-content\/uploads\/sites\/7\/2015\/07\/2-6.png","datePublished":"2015-07-17T10:45:00+00:00","dateModified":"2016-02-26T09:44:26+00:00","breadcrumb":{"@id":"https:\/\/www.euroresidentes.com\/entretenimiento\/frases-citas-imagenes\/10-cosas-sobre-mi\/#breadcrumb"},"inLanguage":"es","potentialAction":[{"@type":"ReadAction","target":["https:\/\/www.euroresidentes.com\/entretenimiento\/frases-citas-imagenes\/10-cosas-sobre-mi\/"]}]},{"@type":"ImageObject","inLanguage":"es","@id":"https:\/\/www.euroresidentes.com\/entretenimiento\/frases-citas-imagenes\/10-cosas-sobre-mi\/#primaryimage","url":"https:\/\/www.euroresidentes.com\/entretenimiento\/frases-citas-imagenes\/wp-content\/uploads\/sites\/7\/2015\/07\/2-6.png","contentUrl":"https:\/\/www.euroresidentes.com\/entretenimiento\/frases-citas-imagenes\/wp-content\/uploads\/sites\/7\/2015\/07\/2-6.png"},{"@type":"BreadcrumbList","@id":"https:\/\/www.euroresidentes.com\/entretenimiento\/frases-citas-imagenes\/10-cosas-sobre-mi\/#breadcrumb","itemListElement":[{"@type":"ListItem","position":1,"name":"Portada","item":"https:\/\/www.euroresidentes.com\/entretenimiento\/frases-citas-imagenes\/"},{"@type":"ListItem","position":2,"name":"10 cosas sobre mi"}]},{"@type":"WebSite","@id":"https:\/\/www.euroresidentes.com\/entretenimiento\/frases-citas-imagenes\/#website","url":"https:\/\/www.euroresidentes.com\/entretenimiento\/frases-citas-imagenes\/","name":"Frases y Citas C\u00e9lebres","description":"Frases, citas c\u00e9lebres de autores, refranes, frases de figuras hist\u00f3ricas","potentialAction":[{"@type":"SearchAction","target":{"@type":"EntryPoint","urlTemplate":"https:\/\/www.euroresidentes.com\/entretenimiento\/frases-citas-imagenes\/?s={search_term_string}"},"query-input":{"@type":"PropertyValueSpecification","valueRequired":true,"valueName":"search_term_string"}}],"inLanguage":"es"}]}},"_links":{"self":[{"href":"https:\/\/www.euroresidentes.com\/entretenimiento\/frases-citas-imagenes\/wp-json\/wp\/v2\/pages\/4293","targetHints":{"allow":["GET"]}}],"collection":[{"href":"https:\/\/www.euroresidentes.com\/entretenimiento\/frases-citas-imagenes\/wp-json\/wp\/v2\/pages"}],"about":[{"href":"https:\/\/www.euroresidentes.com\/entretenimiento\/frases-citas-imagenes\/wp-json\/wp\/v2\/types\/page"}],"author":[{"embeddable":true,"href":"https:\/\/www.euroresidentes.com\/entretenimiento\/frases-citas-imagenes\/wp-json\/wp\/v2\/users\/6"}],"replies":[{"embeddable":true,"href":"https:\/\/www.euroresidentes.com\/entretenimiento\/frases-citas-imagenes\/wp-json\/wp\/v2\/comments?post=4293"}],"version-history":[{"count":1,"href":"https:\/\/www.euroresidentes.com\/entretenimiento\/frases-citas-imagenes\/wp-json\/wp\/v2\/pages\/4293\/revisions"}],"predecessor-version":[{"id":4636,"href":"https:\/\/www.euroresidentes.com\/entretenimiento\/frases-citas-imagenes\/wp-json\/wp\/v2\/pages\/4293\/revisions\/4636"}],"wp:attachment":[{"href":"https:\/\/www.euroresidentes.com\/entretenimiento\/frases-citas-imagenes\/wp-json\/wp\/v2\/media?parent=4293"}],"curies":[{"name":"wp","href":"https:\/\/api.w.org\/{rel}","templated":true}]}}