{"id":899,"date":"2014-12-06T09:39:00","date_gmt":"2014-12-06T09:39:00","guid":{"rendered":"https:\/\/www.euroresidentes.com\/entretenimiento\/esoterismo\/sobre-la-autora-2.html"},"modified":"2016-07-13T11:56:58","modified_gmt":"2016-07-13T09:56:58","slug":"sobre-la-autora-2","status":"publish","type":"page","link":"https:\/\/www.euroresidentes.com\/entretenimiento\/esoterismo\/sobre-la-autora-2\/","title":{"rendered":"Sobre la Autora"},"content":{"rendered":"<div class=\"separator\" style=\"clear: both;text-align: center\"><a style=\"margin-left: 1em;margin-right: 1em\" href=\"https:\/\/www.euroresidentes.com\/entretenimiento\/esoterismo\/wp-content\/uploads\/sites\/4\/2014\/12\/ASSUMPTA-perfil.jpg\"><img loading=\"lazy\" decoding=\"async\" src=\"https:\/\/www.euroresidentes.com\/entretenimiento\/esoterismo\/wp-content\/uploads\/sites\/4\/2014\/12\/ASSUMPTA-perfil.jpg\" alt=\"\" width=\"320\" height=\"400\" border=\"0\" \/><\/a><\/div>\n<ol>\n<li>\n<ol>\n<li><strong>Soy<\/strong> RRPP, Community Builder, Community Manager, Bloguera, Youtuber, tarotista, astrologa, esot\u00e9rica en general y ejerzo de Dir. de Esoterismo en Euroresidentes.<\/li>\n<li><strong>Soy<\/strong> inquieta, curiosa, vital, \u00a0simp\u00e1tica, sociable e intuitiva. Me vanaglorio de tomarme la vida con humor y relativizarlo todo.\u00a0<strong>Estoy abierta a todo<\/strong> en la vida y la vivo como yo la entiendo, aunque sea fuera de las normas sociales establecidas. La libertad y el respeto son fundamentales en mi vida.<\/li>\n<li><strong>Mis lemas en la vida<\/strong>\u00a0son:\u00a0<i>\u00abIl vaut mieux avoir de remors que de regrets<\/i>\u00ab. Es un refr\u00e1n franc\u00e9s, que viene a decir, que es mejor tener remordimientos, que sentir no haberlo hecho y preguntarse toda la vida: \u00bfQu\u00e9 hubiera pasado si lo hubiera hecho&#8230;? Y otro de S\u00f3crates:\u00a0<i>\u00abS\u00f3lo se que no se nada\u00bb, <\/i>porque nunca se deja de aprender.<\/li>\n<li><strong>Me encanta leer,<\/strong> so\u00f1ar y aprender cosas nuevas. Me quedo pegada a los libros desde peque\u00f1a. Si algo hay en mi casa son libros.<\/li>\n<li>Me encanta <strong>viajar<\/strong> y cada viaje me sugiere descubrir un mundo maravilloso. Para m\u00ed son como una caja de sorpresas. Mi maleta siempre est\u00e1 hecha y a punto.<\/li>\n<li>Me gusta <strong>caminar junto al mar,<\/strong> me ayuda a pensar, se me va el malhumor y\u00a0se me aclaran las ideas.\u00a0<\/li>\n<li>Me encanta <strong>recibir a mis amigos<\/strong> en casa y darles de comer: comidas, cenas, fiestas&#8230; Disfruto comiendo y cargo pilas con mis amigos. <strong>Mi casa siempre est\u00e1 llena<\/strong>.\u00a0<\/li>\n<li>Me gustan <strong>los perros y los gatos<\/strong>. Tengo una comunicaci\u00f3n especial con ellos.<\/li>\n<li><strong>La comida<\/strong> que m\u00e1s me gusta es: el marisco, el jam\u00f3n de Jabugo, el Foie, los quesos y el chocolate&#8230; Acompa\u00f1ado, claro est\u00e1, de un buen vino. En realidad, \u00a1Me encanta comer!<\/li>\n<li><strong>Sois muy sociable, pero necesito mis ratitos de soledad,<\/strong> para ordenar mis ideas, mi casa y reencontrarme a mi misma. Descansar. La soledad, en peque\u00f1as dosis, me hace sentir feliz.<\/li>\n<li><strong>Me gusta<\/strong>: la historia, la literatura, hablar idiomas, el esoterismo, re\u00edrme, comer, bailar, las fiestas, las reuniones, la gente, los amigos, la psicolog\u00eda, la sinceridad, la gente trabajadora, el extranjero y los extranjeros<\/li>\n<li><strong>Odio<\/strong>: la hipocres\u00eda, a los necios, estar en manos de incultos e ineptos, la maldad, las matem\u00e1ticas, el desorden, la suciedad, sentirme utilizada.<\/li>\n<li><a href=\"http:\/\/curso-tarot.euroresidentes.com\/2014\/12\/entrevista-chloe-assumpta-ricart-por-la.html\" target=\"_blank\"><b>Entrevista a Chlo\u00e9 Assumpta Ricart por la revista 365 CARIL\u00d3\u00a0<\/b><\/a><\/li>\n<\/ol>\n<\/li>\n<\/ol>\n","protected":false},"excerpt":{"rendered":"<p>Soy RRPP, Community Builder, Community Manager, Bloguera, Youtuber, tarotista, astrologa, esot\u00e9rica en general y ejerzo de Dir. de Esoterismo en Euroresidentes. Soy inquieta, curiosa, vital, \u00a0simp\u00e1tica, sociable e intuitiva. Me vanaglorio de tomarme la vida con humor y relativizarlo todo.\u00a0Estoy abierta a todo en la vida y la vivo como yo la entiendo, aunque sea fuera de las normas sociales establecidas. La libertad y el respeto son fundamentales en mi vida. Mis lemas en la vida\u00a0son:\u00a0\u00abIl vaut mieux avoir de remors que de regrets\u00ab. Es un refr\u00e1n franc\u00e9s, que viene a decir, que es mejor tener remordimientos, que sentir no <\/p>\n","protected":false},"author":23,"featured_media":0,"parent":0,"menu_order":0,"comment_status":"closed","ping_status":"closed","template":"","meta":{"footnotes":""},"class_list":["post-899","page","type-page","status-publish","hentry"],"yoast_head":"<!-- This site is optimized with the Yoast SEO plugin v24.1 - https:\/\/yoast.com\/wordpress\/plugins\/seo\/ -->\n<title>Sobre la Autora - Esoterismo<\/title>\n<meta name=\"robots\" content=\"index, follow, max-snippet:-1, max-image-preview:large, max-video-preview:-1\" \/>\n<link rel=\"canonical\" href=\"https:\/\/www.euroresidentes.com\/entretenimiento\/esoterismo\/sobre-la-autora-2\/\" \/>\n<meta property=\"og:locale\" content=\"es_ES\" \/>\n<meta property=\"og:type\" content=\"article\" \/>\n<meta property=\"og:title\" content=\"Sobre la Autora - Esoterismo\" \/>\n<meta property=\"og:description\" content=\"Soy RRPP, Community Builder, Community Manager, Bloguera, Youtuber, tarotista, astrologa, esot\u00e9rica en general y ejerzo de Dir. de Esoterismo en Euroresidentes. Soy inquieta, curiosa, vital, \u00a0simp\u00e1tica, sociable e intuitiva. Me vanaglorio de tomarme la vida con humor y relativizarlo todo.\u00a0Estoy abierta a todo en la vida y la vivo como yo la entiendo, aunque sea fuera de las normas sociales establecidas. La libertad y el respeto son fundamentales en mi vida. Mis lemas en la vida\u00a0son:\u00a0\u00abIl vaut mieux avoir de remors que de regrets\u00ab. Es un refr\u00e1n franc\u00e9s, que viene a decir, que es mejor tener remordimientos, que sentir no\" \/>\n<meta property=\"og:url\" content=\"https:\/\/www.euroresidentes.com\/entretenimiento\/esoterismo\/sobre-la-autora-2\/\" \/>\n<meta property=\"og:site_name\" content=\"Esoterismo\" \/>\n<meta property=\"article:publisher\" content=\"https:\/\/www.facebook.com\/horoscopos.euroresidentes\/\" \/>\n<meta property=\"article:modified_time\" content=\"2016-07-13T09:56:58+00:00\" \/>\n<meta property=\"og:image\" content=\"https:\/\/www.euroresidentes.com\/entretenimiento\/esoterismo\/wp-content\/uploads\/sites\/4\/2014\/12\/ASSUMPTA-perfil.jpg\" \/>\n<meta name=\"twitter:card\" content=\"summary_large_image\" \/>\n<meta name=\"twitter:label1\" content=\"Est. reading time\" \/>\n\t<meta name=\"twitter:data1\" content=\"2 minutos\" \/>\n<script type=\"application\/ld+json\" class=\"yoast-schema-graph\">{\"@context\":\"https:\/\/schema.org\",\"@graph\":[{\"@type\":\"WebPage\",\"@id\":\"https:\/\/www.euroresidentes.com\/entretenimiento\/esoterismo\/sobre-la-autora-2\/\",\"url\":\"https:\/\/www.euroresidentes.com\/entretenimiento\/esoterismo\/sobre-la-autora-2\/\",\"name\":\"Sobre la Autora - Esoterismo\",\"isPartOf\":{\"@id\":\"https:\/\/www.euroresidentes.com\/entretenimiento\/esoterismo\/#website\"},\"primaryImageOfPage\":{\"@id\":\"https:\/\/www.euroresidentes.com\/entretenimiento\/esoterismo\/sobre-la-autora-2\/#primaryimage\"},\"image\":{\"@id\":\"https:\/\/www.euroresidentes.com\/entretenimiento\/esoterismo\/sobre-la-autora-2\/#primaryimage\"},\"thumbnailUrl\":\"https:\/\/www.euroresidentes.com\/entretenimiento\/esoterismo\/wp-content\/uploads\/sites\/4\/2014\/12\/ASSUMPTA-perfil.jpg\",\"datePublished\":\"2014-12-06T09:39:00+00:00\",\"dateModified\":\"2016-07-13T09:56:58+00:00\",\"breadcrumb\":{\"@id\":\"https:\/\/www.euroresidentes.com\/entretenimiento\/esoterismo\/sobre-la-autora-2\/#breadcrumb\"},\"inLanguage\":\"es\",\"potentialAction\":[{\"@type\":\"ReadAction\",\"target\":[\"https:\/\/www.euroresidentes.com\/entretenimiento\/esoterismo\/sobre-la-autora-2\/\"]}]},{\"@type\":\"ImageObject\",\"inLanguage\":\"es\",\"@id\":\"https:\/\/www.euroresidentes.com\/entretenimiento\/esoterismo\/sobre-la-autora-2\/#primaryimage\",\"url\":\"https:\/\/www.euroresidentes.com\/entretenimiento\/esoterismo\/wp-content\/uploads\/sites\/4\/2014\/12\/ASSUMPTA-perfil.jpg\",\"contentUrl\":\"https:\/\/www.euroresidentes.com\/entretenimiento\/esoterismo\/wp-content\/uploads\/sites\/4\/2014\/12\/ASSUMPTA-perfil.jpg\",\"width\":373,\"height\":462,\"caption\":\"assumpta-perfil\"},{\"@type\":\"BreadcrumbList\",\"@id\":\"https:\/\/www.euroresidentes.com\/entretenimiento\/esoterismo\/sobre-la-autora-2\/#breadcrumb\",\"itemListElement\":[{\"@type\":\"ListItem\",\"position\":1,\"name\":\"Portada\",\"item\":\"https:\/\/www.euroresidentes.com\/entretenimiento\/esoterismo\/\"},{\"@type\":\"ListItem\",\"position\":2,\"name\":\"Sobre la Autora\"}]},{\"@type\":\"WebSite\",\"@id\":\"https:\/\/www.euroresidentes.com\/entretenimiento\/esoterismo\/#website\",\"url\":\"https:\/\/www.euroresidentes.com\/entretenimiento\/esoterismo\/\",\"name\":\"Esoterismo\",\"description\":\"Euroresidentes\",\"potentialAction\":[{\"@type\":\"SearchAction\",\"target\":{\"@type\":\"EntryPoint\",\"urlTemplate\":\"https:\/\/www.euroresidentes.com\/entretenimiento\/esoterismo\/?s={search_term_string}\"},\"query-input\":{\"@type\":\"PropertyValueSpecification\",\"valueRequired\":true,\"valueName\":\"search_term_string\"}}],\"inLanguage\":\"es\"}]}<\/script>\n<!-- \/ Yoast SEO plugin. -->","yoast_head_json":{"title":"Sobre la Autora - Esoterismo","robots":{"index":"index","follow":"follow","max-snippet":"max-snippet:-1","max-image-preview":"max-image-preview:large","max-video-preview":"max-video-preview:-1"},"canonical":"https:\/\/www.euroresidentes.com\/entretenimiento\/esoterismo\/sobre-la-autora-2\/","og_locale":"es_ES","og_type":"article","og_title":"Sobre la Autora - Esoterismo","og_description":"Soy RRPP, Community Builder, Community Manager, Bloguera, Youtuber, tarotista, astrologa, esot\u00e9rica en general y ejerzo de Dir. de Esoterismo en Euroresidentes. Soy inquieta, curiosa, vital, \u00a0simp\u00e1tica, sociable e intuitiva. Me vanaglorio de tomarme la vida con humor y relativizarlo todo.\u00a0Estoy abierta a todo en la vida y la vivo como yo la entiendo, aunque sea fuera de las normas sociales establecidas. La libertad y el respeto son fundamentales en mi vida. Mis lemas en la vida\u00a0son:\u00a0\u00abIl vaut mieux avoir de remors que de regrets\u00ab. Es un refr\u00e1n franc\u00e9s, que viene a decir, que es mejor tener remordimientos, que sentir no","og_url":"https:\/\/www.euroresidentes.com\/entretenimiento\/esoterismo\/sobre-la-autora-2\/","og_site_name":"Esoterismo","article_publisher":"https:\/\/www.facebook.com\/horoscopos.euroresidentes\/","article_modified_time":"2016-07-13T09:56:58+00:00","og_image":[{"url":"https:\/\/www.euroresidentes.com\/entretenimiento\/esoterismo\/wp-content\/uploads\/sites\/4\/2014\/12\/ASSUMPTA-perfil.jpg","type":"","width":"","height":""}],"twitter_card":"summary_large_image","twitter_misc":{"Est. reading time":"2 minutos"},"schema":{"@context":"https:\/\/schema.org","@graph":[{"@type":"WebPage","@id":"https:\/\/www.euroresidentes.com\/entretenimiento\/esoterismo\/sobre-la-autora-2\/","url":"https:\/\/www.euroresidentes.com\/entretenimiento\/esoterismo\/sobre-la-autora-2\/","name":"Sobre la Autora - Esoterismo","isPartOf":{"@id":"https:\/\/www.euroresidentes.com\/entretenimiento\/esoterismo\/#website"},"primaryImageOfPage":{"@id":"https:\/\/www.euroresidentes.com\/entretenimiento\/esoterismo\/sobre-la-autora-2\/#primaryimage"},"image":{"@id":"https:\/\/www.euroresidentes.com\/entretenimiento\/esoterismo\/sobre-la-autora-2\/#primaryimage"},"thumbnailUrl":"https:\/\/www.euroresidentes.com\/entretenimiento\/esoterismo\/wp-content\/uploads\/sites\/4\/2014\/12\/ASSUMPTA-perfil.jpg","datePublished":"2014-12-06T09:39:00+00:00","dateModified":"2016-07-13T09:56:58+00:00","breadcrumb":{"@id":"https:\/\/www.euroresidentes.com\/entretenimiento\/esoterismo\/sobre-la-autora-2\/#breadcrumb"},"inLanguage":"es","potentialAction":[{"@type":"ReadAction","target":["https:\/\/www.euroresidentes.com\/entretenimiento\/esoterismo\/sobre-la-autora-2\/"]}]},{"@type":"ImageObject","inLanguage":"es","@id":"https:\/\/www.euroresidentes.com\/entretenimiento\/esoterismo\/sobre-la-autora-2\/#primaryimage","url":"https:\/\/www.euroresidentes.com\/entretenimiento\/esoterismo\/wp-content\/uploads\/sites\/4\/2014\/12\/ASSUMPTA-perfil.jpg","contentUrl":"https:\/\/www.euroresidentes.com\/entretenimiento\/esoterismo\/wp-content\/uploads\/sites\/4\/2014\/12\/ASSUMPTA-perfil.jpg","width":373,"height":462,"caption":"assumpta-perfil"},{"@type":"BreadcrumbList","@id":"https:\/\/www.euroresidentes.com\/entretenimiento\/esoterismo\/sobre-la-autora-2\/#breadcrumb","itemListElement":[{"@type":"ListItem","position":1,"name":"Portada","item":"https:\/\/www.euroresidentes.com\/entretenimiento\/esoterismo\/"},{"@type":"ListItem","position":2,"name":"Sobre la Autora"}]},{"@type":"WebSite","@id":"https:\/\/www.euroresidentes.com\/entretenimiento\/esoterismo\/#website","url":"https:\/\/www.euroresidentes.com\/entretenimiento\/esoterismo\/","name":"Esoterismo","description":"Euroresidentes","potentialAction":[{"@type":"SearchAction","target":{"@type":"EntryPoint","urlTemplate":"https:\/\/www.euroresidentes.com\/entretenimiento\/esoterismo\/?s={search_term_string}"},"query-input":{"@type":"PropertyValueSpecification","valueRequired":true,"valueName":"search_term_string"}}],"inLanguage":"es"}]}},"_links":{"self":[{"href":"https:\/\/www.euroresidentes.com\/entretenimiento\/esoterismo\/wp-json\/wp\/v2\/pages\/899","targetHints":{"allow":["GET"]}}],"collection":[{"href":"https:\/\/www.euroresidentes.com\/entretenimiento\/esoterismo\/wp-json\/wp\/v2\/pages"}],"about":[{"href":"https:\/\/www.euroresidentes.com\/entretenimiento\/esoterismo\/wp-json\/wp\/v2\/types\/page"}],"author":[{"embeddable":true,"href":"https:\/\/www.euroresidentes.com\/entretenimiento\/esoterismo\/wp-json\/wp\/v2\/users\/23"}],"replies":[{"embeddable":true,"href":"https:\/\/www.euroresidentes.com\/entretenimiento\/esoterismo\/wp-json\/wp\/v2\/comments?post=899"}],"version-history":[{"count":2,"href":"https:\/\/www.euroresidentes.com\/entretenimiento\/esoterismo\/wp-json\/wp\/v2\/pages\/899\/revisions"}],"predecessor-version":[{"id":2600,"href":"https:\/\/www.euroresidentes.com\/entretenimiento\/esoterismo\/wp-json\/wp\/v2\/pages\/899\/revisions\/2600"}],"wp:attachment":[{"href":"https:\/\/www.euroresidentes.com\/entretenimiento\/esoterismo\/wp-json\/wp\/v2\/media?parent=899"}],"curies":[{"name":"wp","href":"https:\/\/api.w.org\/{rel}","templated":true}]}}