{"id":890,"date":"2015-09-14T11:11:00","date_gmt":"2015-09-14T11:11:00","guid":{"rendered":"https:\/\/www.euroresidentes.com\/entretenimiento\/esoterismo\/indice.html"},"modified":"2024-02-16T18:20:30","modified_gmt":"2024-02-16T17:20:30","slug":"indice","status":"publish","type":"page","link":"https:\/\/www.euroresidentes.com\/entretenimiento\/esoterismo\/indice\/","title":{"rendered":"Libros Esotericos"},"content":{"rendered":"<p>Este apartado est\u00e1 dedicada a\u00a0<b>dar informaci\u00f3n sobre libros esot\u00e9ricos de todo tipo<\/b>: Astrolog\u00eda, Tarot, Metaf\u00edsica, Santer\u00eda, Reiki, Taichi, Meditaci\u00f3n, Biodescodificaci\u00f3n, Sanaci\u00f3n, Religi\u00f3n y Sectas, Filosof\u00edas de Vida, Reencarnaci\u00f3n&#8230;\u00a0Con la rese\u00f1a y los datos editoriales, que les ofrecemos, pretendemos facilitar su elecci\u00f3n y la\u00a0b\u00fasqueda\u00a0del libro elegido.<\/p>\n<div class=\"separator\" style=\"clear: both;text-align: center\"><a style=\"margin-left: 1em;margin-right: 1em\" href=\"https:\/\/www.euroresidentes.com\/entretenimiento\/esoterismo\/wp-content\/uploads\/sites\/4\/2015\/09\/libros-antiguos28129.jpg\"><img decoding=\"async\" src=\"https:\/\/www.euroresidentes.com\/entretenimiento\/esoterismo\/wp-content\/uploads\/sites\/4\/2015\/09\/libros-antiguos28129.jpg\" border=\"0\" \/><\/a><\/div>\n<div class=\"separator\" style=\"clear: both;text-align: center\"><\/div>\n<ol>\n<li style=\"text-align: left\"><a href=\"http:\/\/tarot.euroresidentes.es\/\"><b>Tarot<\/b>\u00a0<\/a>\u00a0(Alejandro Jodorowsky)<\/li>\n<li style=\"text-align: left\"><b><a href=\"https:\/\/www.euroresidentes.com\/entretenimiento\/esoterismo\/la-prctica-del-taro\">La Gu\u00eda del Tarot<\/a>\u00a0\u00a0<\/b>\u00a0(Alejandro Jodorowsky)<\/li>\n<li style=\"text-align: left\"><b><a href=\"https:\/\/www.euroresidentes.com\/entretenimiento\/esoterismo\/la-practica-de-las-llamas\">La Pr\u00e1ctica de las Llamas<\/a>\u00a0<\/b>(Saint Germain)<\/li>\n<li style=\"text-align: left\"><b><a href=\"https:\/\/www.euroresidentes.com\/entretenimiento\/esoterismo\/el-espritu-del-reiki\">El Esp\u00edritu del Reiki<\/a>\u00a0 <\/b>(Walter L\u00fcbeck, Frank Arjava Setter, William Lee Rand)<\/li>\n<li style=\"text-align: left\"><a href=\"https:\/\/www.euroresidentes.com\/entretenimiento\/esoterismo\/libros-de-feng-shui\"><b>Feng Shui habitaci\u00f3n por habitaci\u00f3n<\/b><\/a>\u00a0(Terah Kathryn Collins)<\/li>\n<li style=\"text-align: left\"><a href=\"https:\/\/www.euroresidentes.com\/entretenimiento\/esoterismo\/feng-shui-para-el-amor\"><b>Feng Shui para el amor<\/b><\/a>\u00a0(Sarah Bartlett)<\/li>\n<li style=\"text-align: left\"><a href=\"http:\/\/libros-esotericos.euroresidentes.com\/2007\/12\/la-sanacin-con-el-tarot.html\" target=\"_blank\" rel=\"noopener\"><b>Sanaci\u00f3n con el Tarot<\/b><\/a>\u00a0(Ahimsa Lara Rivera)<\/li>\n<li style=\"text-align: left\"><a href=\"https:\/\/www.euroresidentes.com\/entretenimiento\/esoterismo\/metafsica-4-en-1\"><b>Metaf\u00edsica 4 en 1<\/b><\/a>\u00a0(Connie Mendes)<\/li>\n<li style=\"text-align: left\"><a href=\"https:\/\/www.euroresidentes.com\/entretenimiento\/esoterismo\/numerologa-para-principiantes\"><b>Numerolog\u00eda para principiantes<\/b>\u00a0<\/a>(Gerie Bauer)<\/li>\n<li style=\"text-align: left\"><a href=\"https:\/\/www.euroresidentes.com\/entretenimiento\/esoterismo\/la-practica-de-las-llamas\"><b>Pr\u00e1ctica de las Llamas<\/b><\/a>\u00a0(Saint Germain)<\/li>\n<li style=\"text-align: left\"><a href=\"https:\/\/www.euroresidentes.com\/entretenimiento\/esoterismo\/gua-prctica-de-la-regresin-vidas\"><b>Gu\u00eda Pr\u00e1ctica de Regresi\u00f3n a Vidas Pasadas<\/b><\/a>\u00a0(Florence Wagner McClain)<\/li>\n<li style=\"text-align: left\"><b><a href=\"https:\/\/www.euroresidentes.com\/entretenimiento\/esoterismo\/los-templarios-estn-entre-nosotros\" target=\"_blank\" rel=\"noopener\">Los Templarios est\u00e1n entre nosotros\u00a0<\/a>\u00a0<\/b>(G\u00e9rard de S\u00e8de)<\/li>\n<li style=\"text-align: left\"><b><a href=\"https:\/\/www.euroresidentes.com\/entretenimiento\/esoterismo\/terpia-con-los-chakras\">Terapia\u00a0de los Chakras<\/a>\u00a0<\/b>(Deedre Diemer)<\/li>\n<li style=\"text-align: left\"><b><a href=\"https:\/\/www.euroresidentes.com\/entretenimiento\/esoterismo\/las-siete-leyes-espirtuales-del-exito\" target=\"_blank\" rel=\"noopener\">Las Siete Leyes Espirituales del \u00c9xito<\/a><\/b>\u00a0(Deepak Chopra)<\/li>\n<li style=\"text-align: left\"><a href=\"https:\/\/www.euroresidentes.com\/entretenimiento\/esoterismo\/usted-puede-sanar-su-vida\"><b>Vd. Puede sanar su vida<\/b><\/a>\u00a0(Louise L. Hay)<\/li>\n<li style=\"text-align: left\"><a href=\"https:\/\/www.euroresidentes.com\/entretenimiento\/esoterismo\/secretos-de-otros-tiempos\"><b>Secretos de Otros Tiempos<\/b><\/a>\u00a0(Bhaktivedanta Swami PRABHUPADA)<\/li>\n<li style=\"text-align: left\"><b><a href=\"https:\/\/www.euroresidentes.com\/entretenimiento\/esoterismo\/el-sptimo-rayo\">El S\u00e9ptimo Rayo<\/a>\u00a0<\/b>(Saint Germain)<\/li>\n<li style=\"text-align: left\"><b><a href=\"https:\/\/www.euroresidentes.com\/entretenimiento\/esoterismo\/psicologa-de-los-chacras\">Psicolog\u00eda de los Chakras<\/a>\u00a0<\/b>(Michel Katzeff)<\/li>\n<li style=\"text-align: left\"><a href=\"https:\/\/www.euroresidentes.com\/entretenimiento\/esoterismo\/el-libro-de-oro-de-saint-germain\"><b>El Libro de Oro de Saint Germain\u00a0<\/b><\/a><\/li>\n<li style=\"text-align: left\"><b><a href=\"https:\/\/www.euroresidentes.com\/entretenimiento\/esoterismo\/como-ver-e-interpretar-el-aura\">C\u00f3mo ver e interpretar el Aura<\/a>\u00a0<\/b>(Richard Webster)<\/li>\n<li style=\"text-align: left\"><b><a href=\"https:\/\/www.euroresidentes.com\/entretenimiento\/esoterismo\/tarot-osho-zen\">Tarot Osho Zen<\/a>\u00a0<\/b>(Osho)<\/li>\n<li style=\"text-align: left\"><b><a href=\"https:\/\/www.euroresidentes.com\/entretenimiento\/esoterismo\/biodescodificacion\">Biodescodificaci\u00f3n<\/a>\u00a0<\/b>(Enric Corbera)<\/li>\n<li style=\"text-align: left\"><b><a href=\"https:\/\/www.euroresidentes.com\/entretenimiento\/esoterismo\/sincro-destino\">Sincro Destino<\/a>\u00a0<\/b>(Deepak\u00a0Chopra)<\/li>\n<li style=\"text-align: left\"><b><a href=\"https:\/\/www.euroresidentes.com\/entretenimiento\/esoterismo\/la-aventura-de-descubrir-tu-ser\">La Aventura de Descubrir Tu Ser<\/a>\u00a0<\/b>(Srinivas Arka)<\/li>\n<li style=\"text-align: left\"><b><a href=\"https:\/\/www.euroresidentes.com\/entretenimiento\/esoterismo\/guia-del-i-ching\">Gu\u00eda del I Ching<\/a>\u00a0<\/b>(Carol K. Anthony)<\/li>\n<li style=\"text-align: left\"><a href=\"https:\/\/www.euroresidentes.com\/entretenimiento\/esoterismo\/ayurveda-y-sexo-tantric\"><b>Ayurveda y Sexo T\u00e1ntrico\u00a0<\/b><\/a>(Fabi\u00e1n Ciarlotti)<\/li>\n<li style=\"text-align: left\"><b><a href=\"https:\/\/www.euroresidentes.com\/entretenimiento\/esoterismo\/el-doble-como-funciona\">EL DOBLE&#8230; \u00bfC\u00f3mo funciona?<\/a>\u00a0<\/b>(Jean-Pierre Garnier Mallet)<\/li>\n<li style=\"text-align: left\"><b><a href=\"https:\/\/www.euroresidentes.com\/entretenimiento\/esoterismo\/didactica-de-las-constelaciones\">Did\u00e1ctica de Constelaciones Familiares: El Intercambio<\/a>\u00a0<\/b>(Bert Hellinger)<\/li>\n<li style=\"text-align: left\"><a href=\"https:\/\/www.euroresidentes.com\/entretenimiento\/esoterismo\/el-libro-del-yoga\"><b>El libro del YOGA de Osho: tomo I y tomo II\u00a0<\/b><\/a><\/li>\n<li style=\"text-align: left\"><a href=\"https:\/\/www.euroresidentes.com\/entretenimiento\/esoterismo\/el-libro-del-sexo\"><b>El Libro del Sexo de Osho<\/b><\/a><\/li>\n<li style=\"text-align: left\"><b><a href=\"https:\/\/www.euroresidentes.com\/entretenimiento\/esoterismo\/vida-despues-de-la-muerte\">Vida despu\u00e9s de la Muerte<\/a>\u00a0<\/b>(Mary T. Brown)<\/li>\n<li style=\"text-align: left\"><b><a href=\"https:\/\/www.euroresidentes.com\/entretenimiento\/esoterismo\/aventuras-fuera-del-cuerpo-viajes\">Aventuras Fuera del Cuerpo: viajes astrales<\/a>\u00a0<\/b>(William Buhlman)<\/li>\n<li style=\"text-align: left\"><b><a href=\"https:\/\/www.euroresidentes.com\/entretenimiento\/esoterismo\/el-sindrome-del-yacente\">El S\u00edndrome del Yacente<\/a>\u00a0<\/b>(Salom\u00f3n Sellam)<\/li>\n<li style=\"text-align: left\"><b><a href=\"https:\/\/www.euroresidentes.com\/entretenimiento\/esoterismo\/horoscopo-chino-2015\">Hor\u00f3scopo Chino 2015<\/a>\u00a0<\/b>(Ludovica Squirru Dari)<\/li>\n<li style=\"text-align: left\"><a href=\"https:\/\/www.euroresidentes.com\/entretenimiento\/esoterismo\/alergia-y-biodescodificacion\"><b>Las Alerg\u00edas no existen<\/b><\/a>\u00a0(Salom\u00f3n Sellam)<\/li>\n<li style=\"text-align: left\"><a href=\"https:\/\/www.euroresidentes.com\/entretenimiento\/esoterismo\/vida-amor-y-risa-de-osho\"><b>Vida, Amor y Risa de Osho<\/b><\/a><\/li>\n<li style=\"text-align: left\"><a href=\"https:\/\/www.euroresidentes.com\/entretenimiento\/esoterismo\/registros-akashicos-o-la-llave-de\"><b>Registros Ak\u00e1shicos o La Llave del Conocimiento del Alma<\/b><\/a> (Mar\u00eda Blanch)<\/li>\n<\/ol>\n<div class=\"separator\" style=\"clear: both;text-align: center\"><\/div>\n<div><a style=\"margin-left: 1em;margin-right: 1em;text-align: center\" href=\"http:\/\/1.bp.blogspot.com\/-4xI-8D4SKqw\/U4MfO1e_-FI\/AAAAAAAADaE\/jcxymvOxOHQ\/s1600\/INDICE+LIBROS+ESOTERICOS.jpg\"><img loading=\"lazy\" decoding=\"async\" src=\"https:\/\/www.euroresidentes.com\/entretenimiento\/esoterismo\/wp-content\/uploads\/sites\/4\/2015\/09\/INDICE-LIBROS-ESOTERICOS.jpg\" width=\"640\" height=\"486\" border=\"0\" \/><\/a><\/div>\n","protected":false},"excerpt":{"rendered":"<p>Este apartado est\u00e1 dedicada a\u00a0dar informaci\u00f3n sobre libros esot\u00e9ricos de todo tipo: Astrolog\u00eda, Tarot, Metaf\u00edsica, Santer\u00eda, Reiki, Taichi, Meditaci\u00f3n, Biodescodificaci\u00f3n, Sanaci\u00f3n, Religi\u00f3n y Sectas, Filosof\u00edas de Vida, Reencarnaci\u00f3n&#8230;\u00a0Con la rese\u00f1a y los datos editoriales, que les ofrecemos, pretendemos facilitar su elecci\u00f3n y la\u00a0b\u00fasqueda\u00a0del libro elegido. Tarot\u00a0\u00a0(Alejandro Jodorowsky) La Gu\u00eda del Tarot\u00a0\u00a0\u00a0(Alejandro Jodorowsky) La Pr\u00e1ctica de las Llamas\u00a0(Saint Germain) El Esp\u00edritu del Reiki\u00a0 (Walter L\u00fcbeck, Frank Arjava Setter, William Lee Rand) Feng Shui habitaci\u00f3n por habitaci\u00f3n\u00a0(Terah Kathryn Collins) Feng Shui para el amor\u00a0(Sarah Bartlett) Sanaci\u00f3n con el Tarot\u00a0(Ahimsa Lara Rivera) Metaf\u00edsica 4 en 1\u00a0(Connie Mendes) Numerolog\u00eda para principiantes\u00a0(Gerie Bauer) Pr\u00e1ctica de <\/p>\n","protected":false},"author":23,"featured_media":0,"parent":0,"menu_order":0,"comment_status":"closed","ping_status":"closed","template":"","meta":{"footnotes":""},"class_list":["post-890","page","type-page","status-publish","hentry"],"yoast_head":"<!-- This site is optimized with the Yoast SEO plugin v24.1 - https:\/\/yoast.com\/wordpress\/plugins\/seo\/ -->\n<title>Libros Esotericos - Esoterismo<\/title>\n<meta name=\"robots\" content=\"index, follow, max-snippet:-1, max-image-preview:large, max-video-preview:-1\" \/>\n<link rel=\"canonical\" href=\"https:\/\/www.euroresidentes.com\/entretenimiento\/esoterismo\/indice\/\" \/>\n<meta property=\"og:locale\" content=\"es_ES\" \/>\n<meta property=\"og:type\" content=\"article\" \/>\n<meta property=\"og:title\" content=\"Libros Esotericos - Esoterismo\" \/>\n<meta property=\"og:description\" content=\"Este apartado est\u00e1 dedicada a\u00a0dar informaci\u00f3n sobre libros esot\u00e9ricos de todo tipo: Astrolog\u00eda, Tarot, Metaf\u00edsica, Santer\u00eda, Reiki, Taichi, Meditaci\u00f3n, Biodescodificaci\u00f3n, Sanaci\u00f3n, Religi\u00f3n y Sectas, Filosof\u00edas de Vida, Reencarnaci\u00f3n&#8230;\u00a0Con la rese\u00f1a y los datos editoriales, que les ofrecemos, pretendemos facilitar su elecci\u00f3n y la\u00a0b\u00fasqueda\u00a0del libro elegido. Tarot\u00a0\u00a0(Alejandro Jodorowsky) La Gu\u00eda del Tarot\u00a0\u00a0\u00a0(Alejandro Jodorowsky) La Pr\u00e1ctica de las Llamas\u00a0(Saint Germain) El Esp\u00edritu del Reiki\u00a0 (Walter L\u00fcbeck, Frank Arjava Setter, William Lee Rand) Feng Shui habitaci\u00f3n por habitaci\u00f3n\u00a0(Terah Kathryn Collins) Feng Shui para el amor\u00a0(Sarah Bartlett) Sanaci\u00f3n con el Tarot\u00a0(Ahimsa Lara Rivera) Metaf\u00edsica 4 en 1\u00a0(Connie Mendes) Numerolog\u00eda para principiantes\u00a0(Gerie Bauer) Pr\u00e1ctica de\" \/>\n<meta property=\"og:url\" content=\"https:\/\/www.euroresidentes.com\/entretenimiento\/esoterismo\/indice\/\" \/>\n<meta property=\"og:site_name\" content=\"Esoterismo\" \/>\n<meta property=\"article:publisher\" content=\"https:\/\/www.facebook.com\/horoscopos.euroresidentes\/\" \/>\n<meta property=\"article:modified_time\" content=\"2024-02-16T17:20:30+00:00\" \/>\n<meta property=\"og:image\" content=\"https:\/\/www.euroresidentes.com\/entretenimiento\/esoterismo\/wp-content\/uploads\/sites\/4\/2015\/09\/libros-antiguos28129.jpg\" \/>\n<meta name=\"twitter:card\" content=\"summary_large_image\" \/>\n<meta name=\"twitter:label1\" content=\"Est. reading time\" \/>\n\t<meta name=\"twitter:data1\" content=\"2 minutos\" \/>\n<script type=\"application\/ld+json\" class=\"yoast-schema-graph\">{\"@context\":\"https:\/\/schema.org\",\"@graph\":[{\"@type\":\"WebPage\",\"@id\":\"https:\/\/www.euroresidentes.com\/entretenimiento\/esoterismo\/indice\/\",\"url\":\"https:\/\/www.euroresidentes.com\/entretenimiento\/esoterismo\/indice\/\",\"name\":\"Libros Esotericos - Esoterismo\",\"isPartOf\":{\"@id\":\"https:\/\/www.euroresidentes.com\/entretenimiento\/esoterismo\/#website\"},\"primaryImageOfPage\":{\"@id\":\"https:\/\/www.euroresidentes.com\/entretenimiento\/esoterismo\/indice\/#primaryimage\"},\"image\":{\"@id\":\"https:\/\/www.euroresidentes.com\/entretenimiento\/esoterismo\/indice\/#primaryimage\"},\"thumbnailUrl\":\"https:\/\/www.euroresidentes.com\/entretenimiento\/esoterismo\/wp-content\/uploads\/sites\/4\/2015\/09\/libros-antiguos28129.jpg\",\"datePublished\":\"2015-09-14T11:11:00+00:00\",\"dateModified\":\"2024-02-16T17:20:30+00:00\",\"breadcrumb\":{\"@id\":\"https:\/\/www.euroresidentes.com\/entretenimiento\/esoterismo\/indice\/#breadcrumb\"},\"inLanguage\":\"es\",\"potentialAction\":[{\"@type\":\"ReadAction\",\"target\":[\"https:\/\/www.euroresidentes.com\/entretenimiento\/esoterismo\/indice\/\"]}]},{\"@type\":\"ImageObject\",\"inLanguage\":\"es\",\"@id\":\"https:\/\/www.euroresidentes.com\/entretenimiento\/esoterismo\/indice\/#primaryimage\",\"url\":\"https:\/\/www.euroresidentes.com\/entretenimiento\/esoterismo\/wp-content\/uploads\/sites\/4\/2015\/09\/libros-antiguos28129.jpg\",\"contentUrl\":\"https:\/\/www.euroresidentes.com\/entretenimiento\/esoterismo\/wp-content\/uploads\/sites\/4\/2015\/09\/libros-antiguos28129.jpg\",\"width\":600,\"height\":450},{\"@type\":\"BreadcrumbList\",\"@id\":\"https:\/\/www.euroresidentes.com\/entretenimiento\/esoterismo\/indice\/#breadcrumb\",\"itemListElement\":[{\"@type\":\"ListItem\",\"position\":1,\"name\":\"Portada\",\"item\":\"https:\/\/www.euroresidentes.com\/entretenimiento\/esoterismo\/\"},{\"@type\":\"ListItem\",\"position\":2,\"name\":\"Libros Esotericos\"}]},{\"@type\":\"WebSite\",\"@id\":\"https:\/\/www.euroresidentes.com\/entretenimiento\/esoterismo\/#website\",\"url\":\"https:\/\/www.euroresidentes.com\/entretenimiento\/esoterismo\/\",\"name\":\"Esoterismo\",\"description\":\"Euroresidentes\",\"potentialAction\":[{\"@type\":\"SearchAction\",\"target\":{\"@type\":\"EntryPoint\",\"urlTemplate\":\"https:\/\/www.euroresidentes.com\/entretenimiento\/esoterismo\/?s={search_term_string}\"},\"query-input\":{\"@type\":\"PropertyValueSpecification\",\"valueRequired\":true,\"valueName\":\"search_term_string\"}}],\"inLanguage\":\"es\"}]}<\/script>\n<!-- \/ Yoast SEO plugin. -->","yoast_head_json":{"title":"Libros Esotericos - Esoterismo","robots":{"index":"index","follow":"follow","max-snippet":"max-snippet:-1","max-image-preview":"max-image-preview:large","max-video-preview":"max-video-preview:-1"},"canonical":"https:\/\/www.euroresidentes.com\/entretenimiento\/esoterismo\/indice\/","og_locale":"es_ES","og_type":"article","og_title":"Libros Esotericos - Esoterismo","og_description":"Este apartado est\u00e1 dedicada a\u00a0dar informaci\u00f3n sobre libros esot\u00e9ricos de todo tipo: Astrolog\u00eda, Tarot, Metaf\u00edsica, Santer\u00eda, Reiki, Taichi, Meditaci\u00f3n, Biodescodificaci\u00f3n, Sanaci\u00f3n, Religi\u00f3n y Sectas, Filosof\u00edas de Vida, Reencarnaci\u00f3n&#8230;\u00a0Con la rese\u00f1a y los datos editoriales, que les ofrecemos, pretendemos facilitar su elecci\u00f3n y la\u00a0b\u00fasqueda\u00a0del libro elegido. Tarot\u00a0\u00a0(Alejandro Jodorowsky) La Gu\u00eda del Tarot\u00a0\u00a0\u00a0(Alejandro Jodorowsky) La Pr\u00e1ctica de las Llamas\u00a0(Saint Germain) El Esp\u00edritu del Reiki\u00a0 (Walter L\u00fcbeck, Frank Arjava Setter, William Lee Rand) Feng Shui habitaci\u00f3n por habitaci\u00f3n\u00a0(Terah Kathryn Collins) Feng Shui para el amor\u00a0(Sarah Bartlett) Sanaci\u00f3n con el Tarot\u00a0(Ahimsa Lara Rivera) Metaf\u00edsica 4 en 1\u00a0(Connie Mendes) Numerolog\u00eda para principiantes\u00a0(Gerie Bauer) Pr\u00e1ctica de","og_url":"https:\/\/www.euroresidentes.com\/entretenimiento\/esoterismo\/indice\/","og_site_name":"Esoterismo","article_publisher":"https:\/\/www.facebook.com\/horoscopos.euroresidentes\/","article_modified_time":"2024-02-16T17:20:30+00:00","og_image":[{"url":"https:\/\/www.euroresidentes.com\/entretenimiento\/esoterismo\/wp-content\/uploads\/sites\/4\/2015\/09\/libros-antiguos28129.jpg","type":"","width":"","height":""}],"twitter_card":"summary_large_image","twitter_misc":{"Est. reading time":"2 minutos"},"schema":{"@context":"https:\/\/schema.org","@graph":[{"@type":"WebPage","@id":"https:\/\/www.euroresidentes.com\/entretenimiento\/esoterismo\/indice\/","url":"https:\/\/www.euroresidentes.com\/entretenimiento\/esoterismo\/indice\/","name":"Libros Esotericos - Esoterismo","isPartOf":{"@id":"https:\/\/www.euroresidentes.com\/entretenimiento\/esoterismo\/#website"},"primaryImageOfPage":{"@id":"https:\/\/www.euroresidentes.com\/entretenimiento\/esoterismo\/indice\/#primaryimage"},"image":{"@id":"https:\/\/www.euroresidentes.com\/entretenimiento\/esoterismo\/indice\/#primaryimage"},"thumbnailUrl":"https:\/\/www.euroresidentes.com\/entretenimiento\/esoterismo\/wp-content\/uploads\/sites\/4\/2015\/09\/libros-antiguos28129.jpg","datePublished":"2015-09-14T11:11:00+00:00","dateModified":"2024-02-16T17:20:30+00:00","breadcrumb":{"@id":"https:\/\/www.euroresidentes.com\/entretenimiento\/esoterismo\/indice\/#breadcrumb"},"inLanguage":"es","potentialAction":[{"@type":"ReadAction","target":["https:\/\/www.euroresidentes.com\/entretenimiento\/esoterismo\/indice\/"]}]},{"@type":"ImageObject","inLanguage":"es","@id":"https:\/\/www.euroresidentes.com\/entretenimiento\/esoterismo\/indice\/#primaryimage","url":"https:\/\/www.euroresidentes.com\/entretenimiento\/esoterismo\/wp-content\/uploads\/sites\/4\/2015\/09\/libros-antiguos28129.jpg","contentUrl":"https:\/\/www.euroresidentes.com\/entretenimiento\/esoterismo\/wp-content\/uploads\/sites\/4\/2015\/09\/libros-antiguos28129.jpg","width":600,"height":450},{"@type":"BreadcrumbList","@id":"https:\/\/www.euroresidentes.com\/entretenimiento\/esoterismo\/indice\/#breadcrumb","itemListElement":[{"@type":"ListItem","position":1,"name":"Portada","item":"https:\/\/www.euroresidentes.com\/entretenimiento\/esoterismo\/"},{"@type":"ListItem","position":2,"name":"Libros Esotericos"}]},{"@type":"WebSite","@id":"https:\/\/www.euroresidentes.com\/entretenimiento\/esoterismo\/#website","url":"https:\/\/www.euroresidentes.com\/entretenimiento\/esoterismo\/","name":"Esoterismo","description":"Euroresidentes","potentialAction":[{"@type":"SearchAction","target":{"@type":"EntryPoint","urlTemplate":"https:\/\/www.euroresidentes.com\/entretenimiento\/esoterismo\/?s={search_term_string}"},"query-input":{"@type":"PropertyValueSpecification","valueRequired":true,"valueName":"search_term_string"}}],"inLanguage":"es"}]}},"_links":{"self":[{"href":"https:\/\/www.euroresidentes.com\/entretenimiento\/esoterismo\/wp-json\/wp\/v2\/pages\/890","targetHints":{"allow":["GET"]}}],"collection":[{"href":"https:\/\/www.euroresidentes.com\/entretenimiento\/esoterismo\/wp-json\/wp\/v2\/pages"}],"about":[{"href":"https:\/\/www.euroresidentes.com\/entretenimiento\/esoterismo\/wp-json\/wp\/v2\/types\/page"}],"author":[{"embeddable":true,"href":"https:\/\/www.euroresidentes.com\/entretenimiento\/esoterismo\/wp-json\/wp\/v2\/users\/23"}],"replies":[{"embeddable":true,"href":"https:\/\/www.euroresidentes.com\/entretenimiento\/esoterismo\/wp-json\/wp\/v2\/comments?post=890"}],"version-history":[{"count":4,"href":"https:\/\/www.euroresidentes.com\/entretenimiento\/esoterismo\/wp-json\/wp\/v2\/pages\/890\/revisions"}],"predecessor-version":[{"id":6699,"href":"https:\/\/www.euroresidentes.com\/entretenimiento\/esoterismo\/wp-json\/wp\/v2\/pages\/890\/revisions\/6699"}],"wp:attachment":[{"href":"https:\/\/www.euroresidentes.com\/entretenimiento\/esoterismo\/wp-json\/wp\/v2\/media?parent=890"}],"curies":[{"name":"wp","href":"https:\/\/api.w.org\/{rel}","templated":true}]}}