{"id":731,"date":"2015-10-02T12:18:00","date_gmt":"2015-10-02T12:18:00","guid":{"rendered":"https:\/\/www.euroresidentes.com\/entretenimiento\/esoterismo\/sobre-la-autora.html"},"modified":"2016-02-29T10:22:39","modified_gmt":"2016-02-29T10:22:39","slug":"sobre-la-autora","status":"publish","type":"page","link":"https:\/\/www.euroresidentes.com\/entretenimiento\/esoterismo\/sobre-la-autora\/","title":{"rendered":"Sobre la Autora"},"content":{"rendered":"<div><\/div>\n<div class=\"separator\" style=\"clear: both;text-align: center\"><a style=\"margin-left: 1em;margin-right: 1em\" href=\"https:\/\/www.euroresidentes.com\/entretenimiento\/esoterismo\/wp-content\/uploads\/sites\/4\/2015\/10\/IMAGENCHLOC3892Bnombre.png\"><img decoding=\"async\" src=\"https:\/\/www.euroresidentes.com\/entretenimiento\/esoterismo\/wp-content\/uploads\/sites\/4\/2015\/10\/IMAGENCHLOC3892Bnombre.png\" alt=\"\" border=\"0\" \/><\/a><\/div>\n<div><\/div>\n<ol>\n<li>Soy inquieta, vital, \u00a0simp\u00e1tica, sociable e intuitiva. Me vanaglorio de tomarme la vida con humor y relativizarlo todo.<\/li>\n<li>Mi lema en la vida es:\u00a0<i>\u00abIl vaut mieux avoir de remors que de regrets<\/i>\u00ab. Es un refr\u00e1n franc\u00e9s, que viene a decir, que es mejor tener remordimientos, que sentir no haberlo hecho y preguntarme toda la vida: \u00bfQu\u00e9 hubiera pasado si yo&#8230;?<\/li>\n<li>Estoy abierta a todo en la vida y la vivo como yo la entiendo, aunque sea fuera de las normas sociales establecidas. La libertad y el respeto son fundamentales en mi vida.<\/li>\n<li>Me encanta leer, so\u00f1ar y aprender cosas nuevas. Me quedo pegada a los libros desde peque\u00f1a. Si algo hay en mi casa son libros.<\/li>\n<li>Me encanta viajar y cada viaje me sugiere descubrir un mundo maravilloso. Para m\u00ed son como una caja de sorpresas.<\/li>\n<li>Hace a\u00f1os que me di cuenta, que nunca se deja de aprender, por lo que siempre tengo presente la frase de S\u00f3crates:\u00a0<i>\u00abS\u00f3lo se que no se nada\u00bb<\/i>.<\/li>\n<li>Me gusta caminar junto al mar, me ayuda a pensar, se me va el malhumor y de repente lo veo todo claro.<\/li>\n<li>Me encanta recibir a mis amigos en casa y darles de comer. Disfruto comiendo y cargo pilas con mis amigos. Mi casa siempre est\u00e1 llena.<\/li>\n<li>Me gustan los perros y los gatos. Tengo una comunicaci\u00f3n especial con ellos.<\/li>\n<li>La comida que m\u00e1s me gusta es: el marisco, el jam\u00f3n de Jabugo, el Foie, los quesos y el chocolate&#8230; Acompa\u00f1ado, claro est\u00e1, de un buen vino.<\/li>\n<li>Necesito mis ratitos de soledad, para ordenar mis ideas, mi casa y reencontrarme a mi misma. Descansar. La soledad, en peque\u00f1as dosis, me hace sentir feliz.<\/li>\n<li>Me gusta: la historia, la literatura, hablar idiomas, el esoterismo, re\u00edrme, comer, bailar, las fiestas, las reuniones, la gente, los amigos, la psicolog\u00eda, la sinceridad, la gente trabajadora, el extranjero y los extranjeros<\/li>\n<li>Odio: la hipocres\u00eda, a los necios, estar en manos de incultos e ineptos, la maldad, las matem\u00e1ticas, el desorden, la suciedad, sentirme utilizada.<\/li>\n<li><span style=\"font-family: georgia\"><b><a href=\"http:\/\/curso-tarot.euroresidentes.com\/2014\/12\/entrevista-chloe-assumpta-ricart-por-la.html\">Entrevista a Chlo\u00e9 Assumpta Ricart sobre el Tarot y el Esoterismo, por la revista argentina 365 CARIL<\/a>\u00d3<\/b><\/span><\/li>\n<li><span style=\"font-family: georgia\">Entrevista a Chlo\u00e9 Assumpta Ricart por la revista argentina 365 CARIL\u00d3<\/span><\/li>\n<li><span style=\"font-family: georgia\"><a href=\"https:\/\/www.euroresidentes.com\/entretenimiento\/esoterismo\/entrevista-chloe-sobre-los-suenos-por\" target=\"_blank\"><b>Art\u00edculo sobre los Sue\u00f1os para la revista argentina 365 CARIL\u00d3<\/b><\/a><\/span><\/li>\n<\/ol>\n","protected":false},"excerpt":{"rendered":"<p>Soy inquieta, vital, \u00a0simp\u00e1tica, sociable e intuitiva. Me vanaglorio de tomarme la vida con humor y relativizarlo todo. Mi lema en la vida es:\u00a0\u00abIl vaut mieux avoir de remors que de regrets\u00ab. Es un refr\u00e1n franc\u00e9s, que viene a decir, que es mejor tener remordimientos, que sentir no haberlo hecho y preguntarme toda la vida: \u00bfQu\u00e9 hubiera pasado si yo&#8230;? Estoy abierta a todo en la vida y la vivo como yo la entiendo, aunque sea fuera de las normas sociales establecidas. La libertad y el respeto son fundamentales en mi vida. Me encanta leer, so\u00f1ar y aprender cosas nuevas. <\/p>\n","protected":false},"author":1,"featured_media":0,"parent":0,"menu_order":0,"comment_status":"closed","ping_status":"closed","template":"","meta":{"footnotes":""},"class_list":["post-731","page","type-page","status-publish","hentry"],"yoast_head":"<!-- This site is optimized with the Yoast SEO plugin v24.1 - https:\/\/yoast.com\/wordpress\/plugins\/seo\/ -->\n<title>Sobre la Autora - Esoterismo<\/title>\n<meta name=\"robots\" content=\"index, follow, max-snippet:-1, max-image-preview:large, max-video-preview:-1\" \/>\n<link rel=\"canonical\" href=\"https:\/\/www.euroresidentes.com\/entretenimiento\/esoterismo\/sobre-la-autora\/\" \/>\n<meta property=\"og:locale\" content=\"es_ES\" \/>\n<meta property=\"og:type\" content=\"article\" \/>\n<meta property=\"og:title\" content=\"Sobre la Autora - Esoterismo\" \/>\n<meta property=\"og:description\" content=\"Soy inquieta, vital, \u00a0simp\u00e1tica, sociable e intuitiva. Me vanaglorio de tomarme la vida con humor y relativizarlo todo. Mi lema en la vida es:\u00a0\u00abIl vaut mieux avoir de remors que de regrets\u00ab. Es un refr\u00e1n franc\u00e9s, que viene a decir, que es mejor tener remordimientos, que sentir no haberlo hecho y preguntarme toda la vida: \u00bfQu\u00e9 hubiera pasado si yo&#8230;? Estoy abierta a todo en la vida y la vivo como yo la entiendo, aunque sea fuera de las normas sociales establecidas. La libertad y el respeto son fundamentales en mi vida. Me encanta leer, so\u00f1ar y aprender cosas nuevas.\" \/>\n<meta property=\"og:url\" content=\"https:\/\/www.euroresidentes.com\/entretenimiento\/esoterismo\/sobre-la-autora\/\" \/>\n<meta property=\"og:site_name\" content=\"Esoterismo\" \/>\n<meta property=\"article:publisher\" content=\"https:\/\/www.facebook.com\/horoscopos.euroresidentes\/\" \/>\n<meta property=\"article:modified_time\" content=\"2016-02-29T10:22:39+00:00\" \/>\n<meta property=\"og:image\" content=\"https:\/\/www.euroresidentes.com\/entretenimiento\/esoterismo\/wp-content\/uploads\/sites\/4\/2015\/10\/IMAGENCHLOC3892Bnombre.png\" \/>\n<meta name=\"twitter:card\" content=\"summary_large_image\" \/>\n<meta name=\"twitter:label1\" content=\"Est. reading time\" \/>\n\t<meta name=\"twitter:data1\" content=\"2 minutos\" \/>\n<script type=\"application\/ld+json\" class=\"yoast-schema-graph\">{\"@context\":\"https:\/\/schema.org\",\"@graph\":[{\"@type\":\"WebPage\",\"@id\":\"https:\/\/www.euroresidentes.com\/entretenimiento\/esoterismo\/sobre-la-autora\/\",\"url\":\"https:\/\/www.euroresidentes.com\/entretenimiento\/esoterismo\/sobre-la-autora\/\",\"name\":\"Sobre la Autora - Esoterismo\",\"isPartOf\":{\"@id\":\"https:\/\/www.euroresidentes.com\/entretenimiento\/esoterismo\/#website\"},\"primaryImageOfPage\":{\"@id\":\"https:\/\/www.euroresidentes.com\/entretenimiento\/esoterismo\/sobre-la-autora\/#primaryimage\"},\"image\":{\"@id\":\"https:\/\/www.euroresidentes.com\/entretenimiento\/esoterismo\/sobre-la-autora\/#primaryimage\"},\"thumbnailUrl\":\"https:\/\/www.euroresidentes.com\/entretenimiento\/esoterismo\/wp-content\/uploads\/sites\/4\/2015\/10\/IMAGENCHLOC3892Bnombre.png\",\"datePublished\":\"2015-10-02T12:18:00+00:00\",\"dateModified\":\"2016-02-29T10:22:39+00:00\",\"breadcrumb\":{\"@id\":\"https:\/\/www.euroresidentes.com\/entretenimiento\/esoterismo\/sobre-la-autora\/#breadcrumb\"},\"inLanguage\":\"es\",\"potentialAction\":[{\"@type\":\"ReadAction\",\"target\":[\"https:\/\/www.euroresidentes.com\/entretenimiento\/esoterismo\/sobre-la-autora\/\"]}]},{\"@type\":\"ImageObject\",\"inLanguage\":\"es\",\"@id\":\"https:\/\/www.euroresidentes.com\/entretenimiento\/esoterismo\/sobre-la-autora\/#primaryimage\",\"url\":\"https:\/\/www.euroresidentes.com\/entretenimiento\/esoterismo\/wp-content\/uploads\/sites\/4\/2015\/10\/IMAGENCHLOC3892Bnombre.png\",\"contentUrl\":\"https:\/\/www.euroresidentes.com\/entretenimiento\/esoterismo\/wp-content\/uploads\/sites\/4\/2015\/10\/IMAGENCHLOC3892Bnombre.png\",\"width\":629,\"height\":452},{\"@type\":\"BreadcrumbList\",\"@id\":\"https:\/\/www.euroresidentes.com\/entretenimiento\/esoterismo\/sobre-la-autora\/#breadcrumb\",\"itemListElement\":[{\"@type\":\"ListItem\",\"position\":1,\"name\":\"Portada\",\"item\":\"https:\/\/www.euroresidentes.com\/entretenimiento\/esoterismo\/\"},{\"@type\":\"ListItem\",\"position\":2,\"name\":\"Sobre la Autora\"}]},{\"@type\":\"WebSite\",\"@id\":\"https:\/\/www.euroresidentes.com\/entretenimiento\/esoterismo\/#website\",\"url\":\"https:\/\/www.euroresidentes.com\/entretenimiento\/esoterismo\/\",\"name\":\"Esoterismo\",\"description\":\"Euroresidentes\",\"potentialAction\":[{\"@type\":\"SearchAction\",\"target\":{\"@type\":\"EntryPoint\",\"urlTemplate\":\"https:\/\/www.euroresidentes.com\/entretenimiento\/esoterismo\/?s={search_term_string}\"},\"query-input\":{\"@type\":\"PropertyValueSpecification\",\"valueRequired\":true,\"valueName\":\"search_term_string\"}}],\"inLanguage\":\"es\"}]}<\/script>\n<!-- \/ Yoast SEO plugin. -->","yoast_head_json":{"title":"Sobre la Autora - Esoterismo","robots":{"index":"index","follow":"follow","max-snippet":"max-snippet:-1","max-image-preview":"max-image-preview:large","max-video-preview":"max-video-preview:-1"},"canonical":"https:\/\/www.euroresidentes.com\/entretenimiento\/esoterismo\/sobre-la-autora\/","og_locale":"es_ES","og_type":"article","og_title":"Sobre la Autora - Esoterismo","og_description":"Soy inquieta, vital, \u00a0simp\u00e1tica, sociable e intuitiva. Me vanaglorio de tomarme la vida con humor y relativizarlo todo. Mi lema en la vida es:\u00a0\u00abIl vaut mieux avoir de remors que de regrets\u00ab. Es un refr\u00e1n franc\u00e9s, que viene a decir, que es mejor tener remordimientos, que sentir no haberlo hecho y preguntarme toda la vida: \u00bfQu\u00e9 hubiera pasado si yo&#8230;? Estoy abierta a todo en la vida y la vivo como yo la entiendo, aunque sea fuera de las normas sociales establecidas. La libertad y el respeto son fundamentales en mi vida. Me encanta leer, so\u00f1ar y aprender cosas nuevas.","og_url":"https:\/\/www.euroresidentes.com\/entretenimiento\/esoterismo\/sobre-la-autora\/","og_site_name":"Esoterismo","article_publisher":"https:\/\/www.facebook.com\/horoscopos.euroresidentes\/","article_modified_time":"2016-02-29T10:22:39+00:00","og_image":[{"url":"https:\/\/www.euroresidentes.com\/entretenimiento\/esoterismo\/wp-content\/uploads\/sites\/4\/2015\/10\/IMAGENCHLOC3892Bnombre.png","type":"","width":"","height":""}],"twitter_card":"summary_large_image","twitter_misc":{"Est. reading time":"2 minutos"},"schema":{"@context":"https:\/\/schema.org","@graph":[{"@type":"WebPage","@id":"https:\/\/www.euroresidentes.com\/entretenimiento\/esoterismo\/sobre-la-autora\/","url":"https:\/\/www.euroresidentes.com\/entretenimiento\/esoterismo\/sobre-la-autora\/","name":"Sobre la Autora - Esoterismo","isPartOf":{"@id":"https:\/\/www.euroresidentes.com\/entretenimiento\/esoterismo\/#website"},"primaryImageOfPage":{"@id":"https:\/\/www.euroresidentes.com\/entretenimiento\/esoterismo\/sobre-la-autora\/#primaryimage"},"image":{"@id":"https:\/\/www.euroresidentes.com\/entretenimiento\/esoterismo\/sobre-la-autora\/#primaryimage"},"thumbnailUrl":"https:\/\/www.euroresidentes.com\/entretenimiento\/esoterismo\/wp-content\/uploads\/sites\/4\/2015\/10\/IMAGENCHLOC3892Bnombre.png","datePublished":"2015-10-02T12:18:00+00:00","dateModified":"2016-02-29T10:22:39+00:00","breadcrumb":{"@id":"https:\/\/www.euroresidentes.com\/entretenimiento\/esoterismo\/sobre-la-autora\/#breadcrumb"},"inLanguage":"es","potentialAction":[{"@type":"ReadAction","target":["https:\/\/www.euroresidentes.com\/entretenimiento\/esoterismo\/sobre-la-autora\/"]}]},{"@type":"ImageObject","inLanguage":"es","@id":"https:\/\/www.euroresidentes.com\/entretenimiento\/esoterismo\/sobre-la-autora\/#primaryimage","url":"https:\/\/www.euroresidentes.com\/entretenimiento\/esoterismo\/wp-content\/uploads\/sites\/4\/2015\/10\/IMAGENCHLOC3892Bnombre.png","contentUrl":"https:\/\/www.euroresidentes.com\/entretenimiento\/esoterismo\/wp-content\/uploads\/sites\/4\/2015\/10\/IMAGENCHLOC3892Bnombre.png","width":629,"height":452},{"@type":"BreadcrumbList","@id":"https:\/\/www.euroresidentes.com\/entretenimiento\/esoterismo\/sobre-la-autora\/#breadcrumb","itemListElement":[{"@type":"ListItem","position":1,"name":"Portada","item":"https:\/\/www.euroresidentes.com\/entretenimiento\/esoterismo\/"},{"@type":"ListItem","position":2,"name":"Sobre la Autora"}]},{"@type":"WebSite","@id":"https:\/\/www.euroresidentes.com\/entretenimiento\/esoterismo\/#website","url":"https:\/\/www.euroresidentes.com\/entretenimiento\/esoterismo\/","name":"Esoterismo","description":"Euroresidentes","potentialAction":[{"@type":"SearchAction","target":{"@type":"EntryPoint","urlTemplate":"https:\/\/www.euroresidentes.com\/entretenimiento\/esoterismo\/?s={search_term_string}"},"query-input":{"@type":"PropertyValueSpecification","valueRequired":true,"valueName":"search_term_string"}}],"inLanguage":"es"}]}},"_links":{"self":[{"href":"https:\/\/www.euroresidentes.com\/entretenimiento\/esoterismo\/wp-json\/wp\/v2\/pages\/731","targetHints":{"allow":["GET"]}}],"collection":[{"href":"https:\/\/www.euroresidentes.com\/entretenimiento\/esoterismo\/wp-json\/wp\/v2\/pages"}],"about":[{"href":"https:\/\/www.euroresidentes.com\/entretenimiento\/esoterismo\/wp-json\/wp\/v2\/types\/page"}],"author":[{"embeddable":true,"href":"https:\/\/www.euroresidentes.com\/entretenimiento\/esoterismo\/wp-json\/wp\/v2\/users\/1"}],"replies":[{"embeddable":true,"href":"https:\/\/www.euroresidentes.com\/entretenimiento\/esoterismo\/wp-json\/wp\/v2\/comments?post=731"}],"version-history":[{"count":2,"href":"https:\/\/www.euroresidentes.com\/entretenimiento\/esoterismo\/wp-json\/wp\/v2\/pages\/731\/revisions"}],"predecessor-version":[{"id":1664,"href":"https:\/\/www.euroresidentes.com\/entretenimiento\/esoterismo\/wp-json\/wp\/v2\/pages\/731\/revisions\/1664"}],"wp:attachment":[{"href":"https:\/\/www.euroresidentes.com\/entretenimiento\/esoterismo\/wp-json\/wp\/v2\/media?parent=731"}],"curies":[{"name":"wp","href":"https:\/\/api.w.org\/{rel}","templated":true}]}}