{"id":1021,"date":"2014-12-09T09:29:00","date_gmt":"2014-12-09T09:29:00","guid":{"rendered":"https:\/\/www.euroresidentes.com\/entretenimiento\/curso-tarot\/entrevista-de-la-revista-365-carilo.html"},"modified":"2021-01-04T14:31:27","modified_gmt":"2021-01-04T13:31:27","slug":"entrevista-de-la-revista-365-carilo","status":"publish","type":"page","link":"https:\/\/www.euroresidentes.com\/entretenimiento\/curso-tarot\/entrevista-de-la-revista-365-carilo\/","title":{"rendered":"Entrevista a Chlo\u00e9"},"content":{"rendered":"<h2 style=\"text-align: left\"><span style=\"color: #000000\"><strong>Entrevista a Chlo\u00e9<\/strong><\/span><\/h2>\n<div class=\"separator\" style=\"clear: both;text-align: center\"><a style=\"margin-left: 1em;margin-right: 1em\" href=\"https:\/\/www.euroresidentes.com\/entretenimiento\/curso-tarot\/wp-content\/uploads\/sites\/2\/2014\/12\/PicMonkeyCollage2.jpg\"><img loading=\"lazy\" decoding=\"async\" src=\"https:\/\/www.euroresidentes.com\/entretenimiento\/curso-tarot\/wp-content\/uploads\/sites\/2\/2014\/12\/PicMonkeyCollage2.jpg\" alt=\"\" width=\"400\" height=\"300\" border=\"0\" \/><\/a><\/div>\n<div class=\"separator\" style=\"clear: both;text-align: center\"><\/div>\n<div class=\"separator\" style=\"clear: both;text-align: left\"><\/div>\n<p style=\"text-align: left\" data-tadv-p=\"keep\"><b>La revista Argentina 365 CARIL\u00d3<\/b>, se ha interesado por m\u00ed y me ha hecho una entrevista. La mantuvimos por video-conferencia el pasado domingo 30 de Noviembre y di\u00f3 como resultado este art\u00edculo, que ha sido publicado como avance hoy, 5 de Diciembre en<b>\u00a0Facebook<\/b>. El n\u00famero de la revista\u00a0<b><i>365 Caril\u00f3\u00a0<\/i><\/b><b><i>Summer 2015 saldr\u00e1 a mediados de Diciembre.\u00a0<\/i><\/b><\/p>\n<p style=\"text-align: left\" data-tadv-p=\"keep\">Su directora y editora\u00a0<b>Annie Ballandras<\/b>\u00a0est\u00e1 interesada en mi trabajo al frente del departamento de\u00a0<b>Esoterismo de Euroresidentes\u00a0<\/b>y por mis ideas sobre el\u00a0<b>Tarot<\/b>, el futuro, el destino, el libre albedr\u00edo, la f\u00edsica cu\u00e1ntica, las energ\u00edas, el amor&#8230; Lo cierto es que tras interesarse por todos mis trabajos y participar en algunos como: El Curso de Tarot y la consulta personalizada, los libros esot\u00e9ricos en los que ha ido sumergi\u00e9ndose, los hor\u00f3scopos&#8230; Decidi\u00f3 que a sus seguidores podr\u00eda interesarles una entrevista conmigo, para conocerme mejor y conocer mis puntos de vista sobre estos temas.<\/p>\n<p style=\"text-align: left\" data-tadv-p=\"keep\">Les dejo la entrevista integra por si les interesa leerla:<\/p>\n<div class=\"separator\" style=\"clear: both;text-align: left\"><a style=\"margin-left: 1em;margin-right: 1em\" href=\"https:\/\/www.euroresidentes.com\/entretenimiento\/curso-tarot\/wp-content\/uploads\/sites\/2\/2014\/12\/c12-786x1024.jpg\"><img loading=\"lazy\" decoding=\"async\" class=\"aligncenter\" src=\"https:\/\/www.euroresidentes.com\/entretenimiento\/curso-tarot\/wp-content\/uploads\/sites\/2\/2014\/12\/c12-786x1024.jpg\" alt=\"\" width=\"490\" height=\"640\" border=\"0\" \/><\/a><\/div>\n<div class=\"separator\" style=\"clear: both;text-align: left\"><a style=\"margin-left: 1em;margin-right: 1em\" href=\"https:\/\/www.euroresidentes.com\/entretenimiento\/curso-tarot\/wp-content\/uploads\/sites\/2\/2014\/12\/c22-774x1024.jpg\"><img loading=\"lazy\" decoding=\"async\" class=\"aligncenter\" src=\"https:\/\/www.euroresidentes.com\/entretenimiento\/curso-tarot\/wp-content\/uploads\/sites\/2\/2014\/12\/c22-774x1024.jpg\" alt=\"\" width=\"484\" height=\"640\" border=\"0\" \/><\/a><\/div>\n<div class=\"separator\" style=\"clear: both;text-align: center\"><a style=\"margin-left: 1em;margin-right: 1em\" href=\"https:\/\/www.euroresidentes.com\/entretenimiento\/curso-tarot\/wp-content\/uploads\/sites\/2\/2014\/12\/c32-745x1024.jpg\"><img loading=\"lazy\" decoding=\"async\" class=\"aligncenter\" src=\"https:\/\/www.euroresidentes.com\/entretenimiento\/curso-tarot\/wp-content\/uploads\/sites\/2\/2014\/12\/c32-745x1024.jpg\" alt=\"\" width=\"464\" height=\"640\" border=\"0\" \/><\/a><\/div>\n<div class=\"separator\" style=\"clear: both;text-align: center\"><\/div>\n<div class=\"separator\" style=\"clear: both;text-align: center\"><\/div>\n<div style=\"text-align: left\">\u00a1Gracias Annie Ballandras!<\/div>\n<div><\/div>\n<div>\n<div style=\"text-align: left\">\n<p><span style=\"color: #000000\"><b>Otros temas relacionados con \u00cdndice Curso\u00a0de Tarot:<\/b><\/span><\/p>\n<\/div>\n<ul type=\"disc\">\n<li><span style=\"color: #3366ff\"><a style=\"color: #3366ff\" href=\"https:\/\/www.euroresidentes.com\/entretenimiento\/curso-tarot\/indice-curso-de-tarot\">\u00cdndice curso de tarot<\/a><\/span><\/li>\n<li><span style=\"color: #3366ff\"><a style=\"color: #3366ff\" href=\"https:\/\/tarot.euroresidentes.es\/tu_carta\">Tu carta del tarot de hoy<\/a><\/span><\/li>\n<li><span style=\"color: #3366ff\"><a style=\"color: #3366ff\" href=\"https:\/\/www.youtube.com\/watch?v=lsjAs3iTYlI\">Tiradas Personalizadas de Chlo\u00e9<\/a><\/span><\/li>\n<li><span style=\"color: #3366ff\"><a style=\"color: #3366ff\" href=\"https:\/\/www.euroresidentes.com\/horoscopos\/tienda-esoterica-online\/\">Tienda esot\u00e9rica online<\/a><\/span><\/li>\n<li><span style=\"color: #3366ff\"><a style=\"color: #3366ff\" href=\"https:\/\/tarot.euroresidentes.es\/tema\/3-tarot-amor\">Tirada tarot amor<\/a><\/span><\/li>\n<li><a href=\"https:\/\/www.euroresidentes.com\/entretenimiento\/curso-tarot\/barajas\">Barajas y cartas\u00a0<\/a><\/li>\n<\/ul>\n<\/div>\n","protected":false},"excerpt":{"rendered":"<p>Entrevista a Chlo\u00e9 La revista Argentina 365 CARIL\u00d3, se ha interesado por m\u00ed y me ha hecho una entrevista. La mantuvimos por video-conferencia el pasado domingo 30 de Noviembre y di\u00f3 como resultado este art\u00edculo, que ha sido publicado como avance hoy, 5 de Diciembre en\u00a0Facebook. El n\u00famero de la revista\u00a0365 Caril\u00f3\u00a0Summer 2015 saldr\u00e1 a mediados de Diciembre.\u00a0 Su directora y editora\u00a0Annie Ballandras\u00a0est\u00e1 interesada en mi trabajo al frente del departamento de\u00a0Esoterismo de Euroresidentes\u00a0y por mis ideas sobre el\u00a0Tarot, el futuro, el destino, el libre albedr\u00edo, la f\u00edsica cu\u00e1ntica, las energ\u00edas, el amor&#8230; Lo cierto es que tras interesarse por <\/p>\n","protected":false},"author":2,"featured_media":0,"parent":0,"menu_order":0,"comment_status":"closed","ping_status":"closed","template":"","meta":{"footnotes":""},"class_list":["post-1021","page","type-page","status-publish","hentry"],"yoast_head":"<!-- This site is optimized with the Yoast SEO plugin v24.1 - https:\/\/yoast.com\/wordpress\/plugins\/seo\/ -->\n<title>Entrevista a Chlo\u00e9 - Curso de Tarot<\/title>\n<meta name=\"robots\" content=\"index, follow, max-snippet:-1, max-image-preview:large, max-video-preview:-1\" \/>\n<link rel=\"canonical\" href=\"https:\/\/www.euroresidentes.com\/entretenimiento\/curso-tarot\/entrevista-de-la-revista-365-carilo\/\" \/>\n<meta property=\"og:locale\" content=\"es_ES\" \/>\n<meta property=\"og:type\" content=\"article\" \/>\n<meta property=\"og:title\" content=\"Entrevista a Chlo\u00e9 - Curso de Tarot\" \/>\n<meta property=\"og:description\" content=\"Entrevista a Chlo\u00e9 La revista Argentina 365 CARIL\u00d3, se ha interesado por m\u00ed y me ha hecho una entrevista. La mantuvimos por video-conferencia el pasado domingo 30 de Noviembre y di\u00f3 como resultado este art\u00edculo, que ha sido publicado como avance hoy, 5 de Diciembre en\u00a0Facebook. El n\u00famero de la revista\u00a0365 Caril\u00f3\u00a0Summer 2015 saldr\u00e1 a mediados de Diciembre.\u00a0 Su directora y editora\u00a0Annie Ballandras\u00a0est\u00e1 interesada en mi trabajo al frente del departamento de\u00a0Esoterismo de Euroresidentes\u00a0y por mis ideas sobre el\u00a0Tarot, el futuro, el destino, el libre albedr\u00edo, la f\u00edsica cu\u00e1ntica, las energ\u00edas, el amor&#8230; Lo cierto es que tras interesarse por\" \/>\n<meta property=\"og:url\" content=\"https:\/\/www.euroresidentes.com\/entretenimiento\/curso-tarot\/entrevista-de-la-revista-365-carilo\/\" \/>\n<meta property=\"og:site_name\" content=\"Curso de Tarot\" \/>\n<meta property=\"article:publisher\" content=\"https:\/\/www.facebook.com\/horoscopos.euroresidentes\/\" \/>\n<meta property=\"article:modified_time\" content=\"2021-01-04T13:31:27+00:00\" \/>\n<meta property=\"og:image\" content=\"https:\/\/www.euroresidentes.com\/entretenimiento\/curso-tarot\/wp-content\/uploads\/sites\/2\/2014\/12\/PicMonkeyCollage2.jpg\" \/>\n<meta name=\"twitter:card\" content=\"summary_large_image\" \/>\n<meta name=\"twitter:label1\" content=\"Est. reading time\" \/>\n\t<meta name=\"twitter:data1\" content=\"1 minuto\" \/>\n<script type=\"application\/ld+json\" class=\"yoast-schema-graph\">{\"@context\":\"https:\/\/schema.org\",\"@graph\":[{\"@type\":\"WebPage\",\"@id\":\"https:\/\/www.euroresidentes.com\/entretenimiento\/curso-tarot\/entrevista-de-la-revista-365-carilo\/\",\"url\":\"https:\/\/www.euroresidentes.com\/entretenimiento\/curso-tarot\/entrevista-de-la-revista-365-carilo\/\",\"name\":\"Entrevista a Chlo\u00e9 - Curso de Tarot\",\"isPartOf\":{\"@id\":\"https:\/\/www.euroresidentes.com\/entretenimiento\/curso-tarot\/#website\"},\"primaryImageOfPage\":{\"@id\":\"https:\/\/www.euroresidentes.com\/entretenimiento\/curso-tarot\/entrevista-de-la-revista-365-carilo\/#primaryimage\"},\"image\":{\"@id\":\"https:\/\/www.euroresidentes.com\/entretenimiento\/curso-tarot\/entrevista-de-la-revista-365-carilo\/#primaryimage\"},\"thumbnailUrl\":\"https:\/\/www.euroresidentes.com\/entretenimiento\/curso-tarot\/wp-content\/uploads\/sites\/2\/2014\/12\/PicMonkeyCollage2.jpg\",\"datePublished\":\"2014-12-09T09:29:00+00:00\",\"dateModified\":\"2021-01-04T13:31:27+00:00\",\"breadcrumb\":{\"@id\":\"https:\/\/www.euroresidentes.com\/entretenimiento\/curso-tarot\/entrevista-de-la-revista-365-carilo\/#breadcrumb\"},\"inLanguage\":\"es\",\"potentialAction\":[{\"@type\":\"ReadAction\",\"target\":[\"https:\/\/www.euroresidentes.com\/entretenimiento\/curso-tarot\/entrevista-de-la-revista-365-carilo\/\"]}]},{\"@type\":\"ImageObject\",\"inLanguage\":\"es\",\"@id\":\"https:\/\/www.euroresidentes.com\/entretenimiento\/curso-tarot\/entrevista-de-la-revista-365-carilo\/#primaryimage\",\"url\":\"https:\/\/www.euroresidentes.com\/entretenimiento\/curso-tarot\/wp-content\/uploads\/sites\/2\/2014\/12\/PicMonkeyCollage2.jpg\",\"contentUrl\":\"https:\/\/www.euroresidentes.com\/entretenimiento\/curso-tarot\/wp-content\/uploads\/sites\/2\/2014\/12\/PicMonkeyCollage2.jpg\",\"width\":600,\"height\":450},{\"@type\":\"BreadcrumbList\",\"@id\":\"https:\/\/www.euroresidentes.com\/entretenimiento\/curso-tarot\/entrevista-de-la-revista-365-carilo\/#breadcrumb\",\"itemListElement\":[{\"@type\":\"ListItem\",\"position\":1,\"name\":\"Portada\",\"item\":\"https:\/\/www.euroresidentes.com\/entretenimiento\/curso-tarot\/\"},{\"@type\":\"ListItem\",\"position\":2,\"name\":\"Entrevista a Chlo\u00e9\"}]},{\"@type\":\"WebSite\",\"@id\":\"https:\/\/www.euroresidentes.com\/entretenimiento\/curso-tarot\/#website\",\"url\":\"https:\/\/www.euroresidentes.com\/entretenimiento\/curso-tarot\/\",\"name\":\"Curso de Tarot\",\"description\":\"Euroresidentes\",\"potentialAction\":[{\"@type\":\"SearchAction\",\"target\":{\"@type\":\"EntryPoint\",\"urlTemplate\":\"https:\/\/www.euroresidentes.com\/entretenimiento\/curso-tarot\/?s={search_term_string}\"},\"query-input\":{\"@type\":\"PropertyValueSpecification\",\"valueRequired\":true,\"valueName\":\"search_term_string\"}}],\"inLanguage\":\"es\"}]}<\/script>\n<!-- \/ Yoast SEO plugin. -->","yoast_head_json":{"title":"Entrevista a Chlo\u00e9 - Curso de Tarot","robots":{"index":"index","follow":"follow","max-snippet":"max-snippet:-1","max-image-preview":"max-image-preview:large","max-video-preview":"max-video-preview:-1"},"canonical":"https:\/\/www.euroresidentes.com\/entretenimiento\/curso-tarot\/entrevista-de-la-revista-365-carilo\/","og_locale":"es_ES","og_type":"article","og_title":"Entrevista a Chlo\u00e9 - Curso de Tarot","og_description":"Entrevista a Chlo\u00e9 La revista Argentina 365 CARIL\u00d3, se ha interesado por m\u00ed y me ha hecho una entrevista. La mantuvimos por video-conferencia el pasado domingo 30 de Noviembre y di\u00f3 como resultado este art\u00edculo, que ha sido publicado como avance hoy, 5 de Diciembre en\u00a0Facebook. El n\u00famero de la revista\u00a0365 Caril\u00f3\u00a0Summer 2015 saldr\u00e1 a mediados de Diciembre.\u00a0 Su directora y editora\u00a0Annie Ballandras\u00a0est\u00e1 interesada en mi trabajo al frente del departamento de\u00a0Esoterismo de Euroresidentes\u00a0y por mis ideas sobre el\u00a0Tarot, el futuro, el destino, el libre albedr\u00edo, la f\u00edsica cu\u00e1ntica, las energ\u00edas, el amor&#8230; Lo cierto es que tras interesarse por","og_url":"https:\/\/www.euroresidentes.com\/entretenimiento\/curso-tarot\/entrevista-de-la-revista-365-carilo\/","og_site_name":"Curso de Tarot","article_publisher":"https:\/\/www.facebook.com\/horoscopos.euroresidentes\/","article_modified_time":"2021-01-04T13:31:27+00:00","og_image":[{"url":"https:\/\/www.euroresidentes.com\/entretenimiento\/curso-tarot\/wp-content\/uploads\/sites\/2\/2014\/12\/PicMonkeyCollage2.jpg","type":"","width":"","height":""}],"twitter_card":"summary_large_image","twitter_misc":{"Est. reading time":"1 minuto"},"schema":{"@context":"https:\/\/schema.org","@graph":[{"@type":"WebPage","@id":"https:\/\/www.euroresidentes.com\/entretenimiento\/curso-tarot\/entrevista-de-la-revista-365-carilo\/","url":"https:\/\/www.euroresidentes.com\/entretenimiento\/curso-tarot\/entrevista-de-la-revista-365-carilo\/","name":"Entrevista a Chlo\u00e9 - Curso de Tarot","isPartOf":{"@id":"https:\/\/www.euroresidentes.com\/entretenimiento\/curso-tarot\/#website"},"primaryImageOfPage":{"@id":"https:\/\/www.euroresidentes.com\/entretenimiento\/curso-tarot\/entrevista-de-la-revista-365-carilo\/#primaryimage"},"image":{"@id":"https:\/\/www.euroresidentes.com\/entretenimiento\/curso-tarot\/entrevista-de-la-revista-365-carilo\/#primaryimage"},"thumbnailUrl":"https:\/\/www.euroresidentes.com\/entretenimiento\/curso-tarot\/wp-content\/uploads\/sites\/2\/2014\/12\/PicMonkeyCollage2.jpg","datePublished":"2014-12-09T09:29:00+00:00","dateModified":"2021-01-04T13:31:27+00:00","breadcrumb":{"@id":"https:\/\/www.euroresidentes.com\/entretenimiento\/curso-tarot\/entrevista-de-la-revista-365-carilo\/#breadcrumb"},"inLanguage":"es","potentialAction":[{"@type":"ReadAction","target":["https:\/\/www.euroresidentes.com\/entretenimiento\/curso-tarot\/entrevista-de-la-revista-365-carilo\/"]}]},{"@type":"ImageObject","inLanguage":"es","@id":"https:\/\/www.euroresidentes.com\/entretenimiento\/curso-tarot\/entrevista-de-la-revista-365-carilo\/#primaryimage","url":"https:\/\/www.euroresidentes.com\/entretenimiento\/curso-tarot\/wp-content\/uploads\/sites\/2\/2014\/12\/PicMonkeyCollage2.jpg","contentUrl":"https:\/\/www.euroresidentes.com\/entretenimiento\/curso-tarot\/wp-content\/uploads\/sites\/2\/2014\/12\/PicMonkeyCollage2.jpg","width":600,"height":450},{"@type":"BreadcrumbList","@id":"https:\/\/www.euroresidentes.com\/entretenimiento\/curso-tarot\/entrevista-de-la-revista-365-carilo\/#breadcrumb","itemListElement":[{"@type":"ListItem","position":1,"name":"Portada","item":"https:\/\/www.euroresidentes.com\/entretenimiento\/curso-tarot\/"},{"@type":"ListItem","position":2,"name":"Entrevista a Chlo\u00e9"}]},{"@type":"WebSite","@id":"https:\/\/www.euroresidentes.com\/entretenimiento\/curso-tarot\/#website","url":"https:\/\/www.euroresidentes.com\/entretenimiento\/curso-tarot\/","name":"Curso de Tarot","description":"Euroresidentes","potentialAction":[{"@type":"SearchAction","target":{"@type":"EntryPoint","urlTemplate":"https:\/\/www.euroresidentes.com\/entretenimiento\/curso-tarot\/?s={search_term_string}"},"query-input":{"@type":"PropertyValueSpecification","valueRequired":true,"valueName":"search_term_string"}}],"inLanguage":"es"}]}},"_links":{"self":[{"href":"https:\/\/www.euroresidentes.com\/entretenimiento\/curso-tarot\/wp-json\/wp\/v2\/pages\/1021","targetHints":{"allow":["GET"]}}],"collection":[{"href":"https:\/\/www.euroresidentes.com\/entretenimiento\/curso-tarot\/wp-json\/wp\/v2\/pages"}],"about":[{"href":"https:\/\/www.euroresidentes.com\/entretenimiento\/curso-tarot\/wp-json\/wp\/v2\/types\/page"}],"author":[{"embeddable":true,"href":"https:\/\/www.euroresidentes.com\/entretenimiento\/curso-tarot\/wp-json\/wp\/v2\/users\/2"}],"replies":[{"embeddable":true,"href":"https:\/\/www.euroresidentes.com\/entretenimiento\/curso-tarot\/wp-json\/wp\/v2\/comments?post=1021"}],"version-history":[{"count":6,"href":"https:\/\/www.euroresidentes.com\/entretenimiento\/curso-tarot\/wp-json\/wp\/v2\/pages\/1021\/revisions"}],"predecessor-version":[{"id":2936,"href":"https:\/\/www.euroresidentes.com\/entretenimiento\/curso-tarot\/wp-json\/wp\/v2\/pages\/1021\/revisions\/2936"}],"wp:attachment":[{"href":"https:\/\/www.euroresidentes.com\/entretenimiento\/curso-tarot\/wp-json\/wp\/v2\/media?parent=1021"}],"curies":[{"name":"wp","href":"https:\/\/api.w.org\/{rel}","templated":true}]}}