{"id":1019,"date":"2015-12-02T16:24:00","date_gmt":"2015-12-02T16:24:00","guid":{"rendered":"https:\/\/www.euroresidentes.com\/entretenimiento\/curso-tarot\/tiradas.html"},"modified":"2021-01-04T14:27:53","modified_gmt":"2021-01-04T13:27:53","slug":"tiradas","status":"publish","type":"page","link":"https:\/\/www.euroresidentes.com\/entretenimiento\/curso-tarot\/tiradas\/","title":{"rendered":"Tiradas"},"content":{"rendered":"<div><b> <\/b><\/p>\n<p style=\"text-align: left\" data-tadv-p=\"keep\"><strong style=\"color: #000000;font-size: 1.95em\">Tiradas<\/strong><\/p>\n<p style=\"text-align: left\" data-tadv-p=\"keep\"><strong><span style=\"color: #000000\">Explicaciones de c\u00f3mo se hacen las tiradas explicadas en este blog de Curso de Tarot, con diferentes barajas:<\/span><\/strong><\/p>\n<ul>\n<li style=\"text-align: left\" data-tadv-p=\"keep\"><span style=\"color: #000000\"><a style=\"color: #000000\" href=\"http:\/\/curso-tarot.euroresidentes.com\/2011\/06\/15-guia-practica-de-tiradas-de-tarot.html\"><span style=\"text-decoration: underline\">Gu\u00eda pr\u00e1ctica de tiradas del tarot: tirada de las 3 cartas<\/span><\/a><span style=\"text-decoration: underline\">\u00a0(lecci\u00f3n 15)<\/span><\/span><\/li>\n<li style=\"text-align: left\" data-tadv-p=\"keep\"><span style=\"text-decoration: underline\"><span style=\"color: #000000;text-decoration: underline\"><a style=\"color: #000000;text-decoration: underline\" href=\"http:\/\/curso-tarot.euroresidentes.com\/2011\/04\/16-tirada-de-las-3-carta.html\">Tirada de las 3 cartas: pasado\/presente\/futuro<\/a>\u00a0(lecci\u00f3n 16)<\/span><\/span><\/li>\n<li style=\"text-align: left\" data-tadv-p=\"keep\"><span style=\"text-decoration: underline\"><span style=\"color: #000000;text-decoration: underline\"><a style=\"color: #000000;text-decoration: underline\" href=\"http:\/\/curso-tarot.euroresidentes.com\/2011\/04\/17-tirada-de-las-3-cartas.html\">Tirada de las 3 cartas: aniversario\/resultado\/consultante<\/a>\u00a0(lecci\u00f3n 17)<\/span><\/span><\/li>\n<li style=\"text-align: left\" data-tadv-p=\"keep\"><span style=\"text-decoration: underline\"><span style=\"color: #000000;text-decoration: underline\"><a style=\"color: #000000;text-decoration: underline\" href=\"http:\/\/curso-tarot.euroresidentes.com\/2011\/04\/18-tirada-de-las-3-cartas-situacion.html\">Tirada de las 3 cartas: situaci\u00f3n actual<\/a>\u00a0(lecci\u00f3n 18)<\/span><\/span><\/li>\n<li style=\"text-align: left\" data-tadv-p=\"keep\"><span style=\"text-decoration: underline\"><span style=\"color: #000000;text-decoration: underline\"><a style=\"color: #000000;text-decoration: underline\" href=\"http:\/\/curso-tarot.euroresidentes.com\/2011\/04\/19-tirada-de-la-cruz.html\">Tirada de la Cruz<\/a>\u00a0(lecci\u00f3n 19)<\/span><\/span><\/li>\n<li style=\"text-align: left\" data-tadv-p=\"keep\"><span style=\"text-decoration: underline\"><span style=\"color: #000000;text-decoration: underline\"><a style=\"color: #000000;text-decoration: underline\" href=\"http:\/\/curso-tarot.euroresidentes.com\/2011\/04\/20-tirada-de-la-cruz-celta.html\">Tirada de la Cruz Celta (I)<\/a>\u00a0(lecci\u00f3n 20)<!-- inserta publi --><\/span><\/span><\/li>\n<li style=\"text-align: left\" data-tadv-p=\"keep\"><span style=\"text-decoration: underline\"><span style=\"color: #000000;text-decoration: underline\"><a style=\"color: #000000;text-decoration: underline\" href=\"http:\/\/curso-tarot.euroresidentes.com\/2011\/04\/21-tirada-de-la-cruz-celta-ii.html\">Tirada de la Cruz Celta (II)<\/a>\u00a0(lecci\u00f3n 21)<\/span><\/span><\/li>\n<li style=\"text-align: left\" data-tadv-p=\"keep\"><span style=\"text-decoration: underline\"><span style=\"color: #000000;text-decoration: underline\"><a style=\"color: #000000;text-decoration: underline\" href=\"http:\/\/curso-tarot.euroresidentes.com\/2011\/05\/22-tirada-para-ver-futuro-corto-plazo.html\">Tirada para ver el futuro a corto plazo<\/a>\u00a0(lecci\u00f3n 22)<\/span><\/span><\/li>\n<li style=\"text-align: left\" data-tadv-p=\"keep\"><span style=\"text-decoration: underline\"><span style=\"color: #000000;text-decoration: underline\"><a style=\"color: #000000;text-decoration: underline\" href=\"http:\/\/curso-tarot.euroresidentes.com\/2011\/05\/23-analisis-de-una-relacion-amorosa.html\">Tirada para analizar una relaci\u00f3n amorosa, laboral o de amistad<\/a>\u00a0(lecci\u00f3n 23)<\/span><\/span><\/li>\n<li style=\"text-align: left\" data-tadv-p=\"keep\"><span style=\"text-decoration: underline\"><span style=\"color: #000000;text-decoration: underline\"><a style=\"color: #000000;text-decoration: underline\" href=\"http:\/\/curso-tarot.euroresidentes.com\/2011\/05\/24-la-pequena-rueda.html\">Tirada de la peque\u00f1a rueda<\/a>\u00a0(lecci\u00f3n 24)<\/span><\/span><\/li>\n<li style=\"text-align: left\" data-tadv-p=\"keep\"><span style=\"text-decoration: underline\"><span style=\"color: #000000;text-decoration: underline\"><a style=\"color: #000000;text-decoration: underline\" href=\"http:\/\/curso-tarot.euroresidentes.com\/2011\/05\/25-la-rueda-astrologica.html\">Tirada de la rueda Astrol\u00f3gica<\/a>\u00a0(lecci\u00f3n 25)<\/span><\/span><\/li>\n<li style=\"text-align: left\" data-tadv-p=\"keep\"><span style=\"text-decoration: underline\"><span style=\"color: #000000;text-decoration: underline\"><a style=\"color: #000000;text-decoration: underline\" href=\"http:\/\/curso-tarot.euroresidentes.com\/2011\/05\/26-tirada-de-la-piramide.html\">Tirada de la Pir\u00e1mide<\/a>\u00a0(lecci\u00f3n 26)<\/span><\/span><\/li>\n<li style=\"text-align: left\" data-tadv-p=\"keep\"><span style=\"text-decoration: underline\"><span style=\"color: #000000;text-decoration: underline\"><a style=\"color: #000000;text-decoration: underline\" href=\"http:\/\/curso-tarot.euroresidentes.com\/2011\/05\/28-tirada-de-la-estrella-de-bohemia.html\">Tirada de la Estrella de Bohemia<\/a>\u00a0(lecci\u00f3n 28)<\/span><\/span><\/li>\n<li style=\"text-align: left\" data-tadv-p=\"keep\"><span style=\"text-decoration: underline\"><span style=\"color: #000000;text-decoration: underline\"><a style=\"color: #000000;text-decoration: underline\" href=\"http:\/\/curso-tarot.euroresidentes.com\/2011\/05\/29-tirada-del-futuro-anual.html\">Tirada del futuro Anual<\/a>\u00a0(lecci\u00f3n 29)<\/span><\/span><\/li>\n<\/ul>\n<p style=\"text-align: left\" data-tadv-p=\"keep\"><span style=\"text-decoration: underline\"><span style=\"color: #000000;text-decoration: underline\"><!-- Inicio publicidad Tarot --><\/span><\/span><\/p>\n<div style=\"text-align: left\">\n<h3 style=\"text-align: center\"><span style=\"color: #000000\">Consulta Tarot 10 \u20ac<\/span><\/h3>\n<p style=\"text-align: center\" data-tadv-p=\"keep\"><span style=\"color: #000000\">Elige un tema y\u00a0haz tu consulta<\/span><\/p>\n<\/div>\n<div style=\"text-align: center\"><span style=\"text-decoration: underline\"><span style=\"color: #000000;text-decoration: underline\"><a style=\"color: #000000;text-decoration: underline\" href=\"https:\/\/tarot.euroresidentes.es\/tirada\"><img loading=\"lazy\" decoding=\"async\" class=\"aligncenter size-full wp-image-2856\" src=\"https:\/\/www.euroresidentes.com\/entretenimiento\/curso-tarot\/wp-content\/uploads\/sites\/2\/2020\/12\/consulta-tarot-online-.jpg\" alt=\"\" width=\"300\" height=\"300\" srcset=\"https:\/\/www.euroresidentes.com\/entretenimiento\/curso-tarot\/wp-content\/uploads\/sites\/2\/2020\/12\/consulta-tarot-online-.jpg 300w, https:\/\/www.euroresidentes.com\/entretenimiento\/curso-tarot\/wp-content\/uploads\/sites\/2\/2020\/12\/consulta-tarot-online--150x150.jpg 150w, https:\/\/www.euroresidentes.com\/entretenimiento\/curso-tarot\/wp-content\/uploads\/sites\/2\/2020\/12\/consulta-tarot-online--297x297.jpg 297w, https:\/\/www.euroresidentes.com\/entretenimiento\/curso-tarot\/wp-content\/uploads\/sites\/2\/2020\/12\/consulta-tarot-online--75x75.jpg 75w\" sizes=\"auto, (max-width: 300px) 100vw, 300px\" \/><\/a><\/span><\/span><\/div>\n<ul>\n<li style=\"text-align: left\" data-tadv-p=\"keep\"><span style=\"text-decoration: underline\"><span style=\"color: #000000;text-decoration: underline\"><a style=\"color: #000000;text-decoration: underline\" href=\"http:\/\/curso-tarot.euroresidentes.com\/2012\/01\/tarot-carta-del-dia.html\">Tarot Carta del d\u00eda<\/a>\u00a0(lecci\u00f3n 30)<\/span><\/span><\/li>\n<li style=\"text-align: left\" data-tadv-p=\"keep\"><span style=\"text-decoration: underline\"><span style=\"color: #000000;text-decoration: underline\"><a style=\"color: #000000;text-decoration: underline\" href=\"http:\/\/curso-tarot.euroresidentes.com\/2012\/02\/tarot-tirada-de-cartas.html\">Tarot tirada de cartas<\/a>\u00a0(lecci\u00f3n 32)<\/span><\/span><\/li>\n<li style=\"text-align: left\" data-tadv-p=\"keep\"><span style=\"text-decoration: underline\"><span style=\"color: #000000;text-decoration: underline\"><a style=\"color: #000000;text-decoration: underline\" href=\"http:\/\/curso-tarot.euroresidentes.com\/2012\/05\/tarot-si-o-no.html\">Tarot si o no<\/a>\u00a0(lecci\u00f3n 40)<\/span><\/span><\/li>\n<li style=\"text-align: left\" data-tadv-p=\"keep\"><span style=\"text-decoration: underline\"><span style=\"color: #000000;text-decoration: underline\"><a style=\"color: #000000;text-decoration: underline\" href=\"http:\/\/curso-tarot.euroresidentes.com\/2012\/07\/tarot-baraja-espanola-tiradas-i.html\">Tarot baraja Espa\u00f1ola: Triadas<\/a>\u00a0(lecci\u00f3n 49)<\/span><\/span><\/li>\n<li style=\"text-align: left\" data-tadv-p=\"keep\"><span style=\"text-decoration: underline\"><span style=\"color: #000000;text-decoration: underline\"><a style=\"color: #000000;text-decoration: underline\" href=\"http:\/\/curso-tarot.euroresidentes.com\/2012\/07\/tarot-baraja-espanola-tiradas-ii.html\">Tarot baraja Espa\u00f1ola: Triadas lectura<\/a>\u00a0(lecci\u00f3n 50)<\/span><\/span><\/li>\n<li style=\"text-align: left\" data-tadv-p=\"keep\"><span style=\"text-decoration: underline\"><span style=\"color: #000000;text-decoration: underline\"><a style=\"color: #000000;text-decoration: underline\" href=\"http:\/\/curso-tarot.euroresidentes.com\/2012\/08\/tarot-y-el-sexo.html\">Tarot y sexo<\/a>\u00a0(lecci\u00f3n 57)<\/span><\/span><\/li>\n<li style=\"text-align: left\" data-tadv-p=\"keep\"><span style=\"text-decoration: underline\"><span style=\"color: #000000;text-decoration: underline\"><a style=\"color: #000000;text-decoration: underline\" href=\"http:\/\/curso-tarot.euroresidentes.com\/2012\/09\/tarot-astrologico-egipcio-tiradas_17.html\">Tarot astrol\u00f3gico Egipcio: Tiradas<\/a>\u00a0(lecci\u00f3n 60)<\/span><\/span><\/li>\n<li style=\"text-align: left\" data-tadv-p=\"keep\"><span style=\"text-decoration: underline\"><span style=\"color: #000000;text-decoration: underline\"><a style=\"color: #000000;text-decoration: underline\" href=\"http:\/\/curso-tarot.euroresidentes.com\/2014\/04\/65-tirada-de-la-herradura.html\">Tirada de la Herradura<\/a>\u00a0(lecci\u00f3n 65)<\/span><\/span><\/li>\n<li style=\"text-align: left\" data-tadv-p=\"keep\"><span style=\"text-decoration: underline\"><span style=\"color: #000000;text-decoration: underline\"><a style=\"color: #000000;text-decoration: underline\" href=\"http:\/\/curso-tarot.euroresidentes.com\/2014\/05\/69-tarot-osho-zen-tiradas.html\">Tarot Osho Zen: Tiradas I <\/a>(lecci\u00f3n 69)<\/span><\/span><\/li>\n<li style=\"text-align: left\" data-tadv-p=\"keep\"><span style=\"text-decoration: underline\"><span style=\"color: #000000;text-decoration: underline\"><a style=\"color: #000000;text-decoration: underline\" href=\"http:\/\/curso-tarot.euroresidentes.com\/2014\/05\/73-tarot-osho-zen-tiradas-ii.html\">Tarot Osho Zen: Tiradas II <\/a>(lecci\u00f3n 73)<\/span><\/span><\/li>\n<li style=\"text-align: left\" data-tadv-p=\"keep\"><span style=\"text-decoration: underline\"><span style=\"color: #000000;text-decoration: underline\"><a style=\"color: #000000;text-decoration: underline\" href=\"http:\/\/curso-tarot.euroresidentes.com\/2014\/06\/74-tarot-osho-zen-tiradas-iii.html\">Tarot Osho Zen: Tiradas III<\/a>\u00a0(lecci\u00f3n 74)<\/span><\/span><\/li>\n<li style=\"text-align: left\" data-tadv-p=\"keep\"><span style=\"text-decoration: underline\"><span style=\"color: #000000;text-decoration: underline\"><a style=\"color: #000000;text-decoration: underline\" href=\"http:\/\/curso-tarot.euroresidentes.com\/2014\/07\/75-tarot-osho-zen-tiradas-iv.html\">Tarot Osho Zen: Tiradas IV<\/a>(lecci\u00f3n 75)<\/span><\/span><\/li>\n<li style=\"text-align: left\" data-tadv-p=\"keep\"><span style=\"text-decoration: underline\"><span style=\"color: #000000;text-decoration: underline\"><a style=\"color: #000000;text-decoration: underline\" href=\"http:\/\/curso-tarot.euroresidentes.com\/2014\/07\/76-tarot-osho-zen-tirada-v.html\">Tarot Osho Zen: Tiradas V<\/a>\u00a0(lecci\u00f3n 76)<\/span><\/span><\/li>\n<li style=\"text-align: left\" data-tadv-p=\"keep\"><span style=\"text-decoration: underline\"><span style=\"color: #000000;text-decoration: underline\"><a style=\"color: #000000;text-decoration: underline\" href=\"http:\/\/curso-tarot.euroresidentes.com\/2015\/02\/84-tiradas-arcanos-menores-tarot-rider.html\" target=\"_blank\" rel=\"noopener\">Tiradas Arcanos Menores Rider<\/a>\u00a0(lecci\u00f3n 84)<\/span><\/span><\/li>\n<li style=\"text-align: left\" data-tadv-p=\"keep\"><span style=\"text-decoration: underline\"><span style=\"color: #000000;text-decoration: underline\"><a style=\"color: #000000;text-decoration: underline\" href=\"https:\/\/www.youtube.com\/watch?v=lsjAs3iTYlI\">Tiradas personalizadas de Chlo\u00e9<\/a><\/span><\/span><\/li>\n<\/ul>\n<\/div>\n<div>\n<div>\n<div><a href=\"https:\/\/plus.google.com\/b\/117291111354829518641\/communities\/109096490604211731094\" target=\"_blank\" rel=\"nofollow noopener\"><img loading=\"lazy\" decoding=\"async\" src=\"https:\/\/www.euroresidentes.com\/entretenimiento\/curso-tarot\/wp-content\/uploads\/sites\/2\/2015\/12\/no-te-pierdas-nada-1.png\" alt=\"\" width=\"640\" height=\"143\" border=\"0\" \/><\/a><\/div>\n<div><\/div>\n<\/div>\n<div style=\"text-align: left\">\n<p><span style=\"color: #000000\"><b>Otros temas relacionados con \u00cdndice Curso\u00a0de Tarot:<\/b><\/span><\/p>\n<\/div>\n<ul type=\"disc\">\n<li><span style=\"color: #3366ff\"><a style=\"color: #3366ff\" href=\"https:\/\/www.euroresidentes.com\/entretenimiento\/curso-tarot\/indice-curso-de-tarot\">\u00cdndice curso de tarot<\/a><\/span><\/li>\n<li><span style=\"color: #3366ff\"><a style=\"color: #3366ff\" href=\"https:\/\/tarot.euroresidentes.es\/tu_carta\">Tu carta del tarot de hoy<\/a><\/span><\/li>\n<li><span style=\"color: #3366ff\"><a style=\"color: #3366ff\" href=\"https:\/\/www.youtube.com\/watch?v=lsjAs3iTYlI\">Tiradas Personalizadas de Chlo\u00e9<\/a><\/span><\/li>\n<li><span style=\"color: #3366ff\"><a style=\"color: #3366ff\" href=\"https:\/\/www.euroresidentes.com\/horoscopos\/tienda-esoterica-online\/\">Tienda esot\u00e9rica online<\/a><\/span><\/li>\n<li><span style=\"color: #3366ff\"><a style=\"color: #3366ff\" href=\"https:\/\/tarot.euroresidentes.es\/tema\/3-tarot-amor\">Tirada tarot amor<\/a><\/span><\/li>\n<li><span style=\"color: #3366ff\"><a style=\"color: #3366ff\" href=\"https:\/\/www.euroresidentes.com\/entretenimiento\/curso-tarot\/barajas\">Barajas y su significado<\/a><\/span><\/li>\n<\/ul>\n<\/div>\n","protected":false},"excerpt":{"rendered":"<p>Tiradas Explicaciones de c\u00f3mo se hacen las tiradas explicadas en este blog de Curso de Tarot, con diferentes barajas: Gu\u00eda pr\u00e1ctica de tiradas del tarot: tirada de las 3 cartas\u00a0(lecci\u00f3n 15) Tirada de las 3 cartas: pasado\/presente\/futuro\u00a0(lecci\u00f3n 16) Tirada de las 3 cartas: aniversario\/resultado\/consultante\u00a0(lecci\u00f3n 17) Tirada de las 3 cartas: situaci\u00f3n actual\u00a0(lecci\u00f3n 18) Tirada de la Cruz\u00a0(lecci\u00f3n 19) Tirada de la Cruz Celta (I)\u00a0(lecci\u00f3n 20) Tirada de la Cruz Celta (II)\u00a0(lecci\u00f3n 21) Tirada para ver el futuro a corto plazo\u00a0(lecci\u00f3n 22) Tirada para analizar una relaci\u00f3n amorosa, laboral o de amistad\u00a0(lecci\u00f3n 23) Tirada de la peque\u00f1a rueda\u00a0(lecci\u00f3n 24) Tirada de <\/p>\n","protected":false},"author":2,"featured_media":0,"parent":0,"menu_order":0,"comment_status":"closed","ping_status":"closed","template":"","meta":{"footnotes":""},"class_list":["post-1019","page","type-page","status-publish","hentry"],"yoast_head":"<!-- This site is optimized with the Yoast SEO plugin v24.1 - https:\/\/yoast.com\/wordpress\/plugins\/seo\/ -->\n<title>Explicaci\u00f3n sobre las tiradas de tarot | Curso de Tarot<\/title>\n<meta name=\"description\" content=\"Descubre las explicaciones de c\u00f3mo se hacen las tiradas explicadas en este blog de Curso de Tarot, con diferentes barajas.\" \/>\n<meta name=\"robots\" content=\"index, follow, max-snippet:-1, max-image-preview:large, max-video-preview:-1\" \/>\n<link rel=\"canonical\" href=\"https:\/\/www.euroresidentes.com\/entretenimiento\/curso-tarot\/tiradas\/\" \/>\n<meta property=\"og:locale\" content=\"es_ES\" \/>\n<meta property=\"og:type\" content=\"article\" \/>\n<meta property=\"og:title\" content=\"Explicaci\u00f3n sobre las tiradas de tarot | Curso de Tarot\" \/>\n<meta property=\"og:description\" content=\"Descubre las explicaciones de c\u00f3mo se hacen las tiradas explicadas en este blog de Curso de Tarot, con diferentes barajas.\" \/>\n<meta property=\"og:url\" content=\"https:\/\/www.euroresidentes.com\/entretenimiento\/curso-tarot\/tiradas\/\" \/>\n<meta property=\"og:site_name\" content=\"Curso de Tarot\" \/>\n<meta property=\"article:publisher\" content=\"https:\/\/www.facebook.com\/horoscopos.euroresidentes\/\" \/>\n<meta property=\"article:modified_time\" content=\"2021-01-04T13:27:53+00:00\" \/>\n<meta property=\"og:image\" content=\"https:\/\/www.euroresidentes.com\/entretenimiento\/curso-tarot\/wp-content\/uploads\/sites\/2\/2020\/12\/consulta-tarot-online-.jpg\" \/>\n<meta name=\"twitter:card\" content=\"summary_large_image\" \/>\n<meta name=\"twitter:label1\" content=\"Est. reading time\" \/>\n\t<meta name=\"twitter:data1\" content=\"1 minuto\" \/>\n<script type=\"application\/ld+json\" class=\"yoast-schema-graph\">{\"@context\":\"https:\/\/schema.org\",\"@graph\":[{\"@type\":\"WebPage\",\"@id\":\"https:\/\/www.euroresidentes.com\/entretenimiento\/curso-tarot\/tiradas\/\",\"url\":\"https:\/\/www.euroresidentes.com\/entretenimiento\/curso-tarot\/tiradas\/\",\"name\":\"Explicaci\u00f3n sobre las tiradas de tarot | Curso de Tarot\",\"isPartOf\":{\"@id\":\"https:\/\/www.euroresidentes.com\/entretenimiento\/curso-tarot\/#website\"},\"primaryImageOfPage\":{\"@id\":\"https:\/\/www.euroresidentes.com\/entretenimiento\/curso-tarot\/tiradas\/#primaryimage\"},\"image\":{\"@id\":\"https:\/\/www.euroresidentes.com\/entretenimiento\/curso-tarot\/tiradas\/#primaryimage\"},\"thumbnailUrl\":\"https:\/\/www.euroresidentes.com\/entretenimiento\/curso-tarot\/wp-content\/uploads\/sites\/2\/2020\/12\/consulta-tarot-online-.jpg\",\"datePublished\":\"2015-12-02T16:24:00+00:00\",\"dateModified\":\"2021-01-04T13:27:53+00:00\",\"description\":\"Descubre las explicaciones de c\u00f3mo se hacen las tiradas explicadas en este blog de Curso de Tarot, con diferentes barajas.\",\"breadcrumb\":{\"@id\":\"https:\/\/www.euroresidentes.com\/entretenimiento\/curso-tarot\/tiradas\/#breadcrumb\"},\"inLanguage\":\"es\",\"potentialAction\":[{\"@type\":\"ReadAction\",\"target\":[\"https:\/\/www.euroresidentes.com\/entretenimiento\/curso-tarot\/tiradas\/\"]}]},{\"@type\":\"ImageObject\",\"inLanguage\":\"es\",\"@id\":\"https:\/\/www.euroresidentes.com\/entretenimiento\/curso-tarot\/tiradas\/#primaryimage\",\"url\":\"https:\/\/www.euroresidentes.com\/entretenimiento\/curso-tarot\/wp-content\/uploads\/sites\/2\/2020\/12\/consulta-tarot-online-.jpg\",\"contentUrl\":\"https:\/\/www.euroresidentes.com\/entretenimiento\/curso-tarot\/wp-content\/uploads\/sites\/2\/2020\/12\/consulta-tarot-online-.jpg\",\"width\":300,\"height\":300},{\"@type\":\"BreadcrumbList\",\"@id\":\"https:\/\/www.euroresidentes.com\/entretenimiento\/curso-tarot\/tiradas\/#breadcrumb\",\"itemListElement\":[{\"@type\":\"ListItem\",\"position\":1,\"name\":\"Portada\",\"item\":\"https:\/\/www.euroresidentes.com\/entretenimiento\/curso-tarot\/\"},{\"@type\":\"ListItem\",\"position\":2,\"name\":\"Tiradas\"}]},{\"@type\":\"WebSite\",\"@id\":\"https:\/\/www.euroresidentes.com\/entretenimiento\/curso-tarot\/#website\",\"url\":\"https:\/\/www.euroresidentes.com\/entretenimiento\/curso-tarot\/\",\"name\":\"Curso de Tarot\",\"description\":\"Euroresidentes\",\"potentialAction\":[{\"@type\":\"SearchAction\",\"target\":{\"@type\":\"EntryPoint\",\"urlTemplate\":\"https:\/\/www.euroresidentes.com\/entretenimiento\/curso-tarot\/?s={search_term_string}\"},\"query-input\":{\"@type\":\"PropertyValueSpecification\",\"valueRequired\":true,\"valueName\":\"search_term_string\"}}],\"inLanguage\":\"es\"}]}<\/script>\n<!-- \/ Yoast SEO plugin. -->","yoast_head_json":{"title":"Explicaci\u00f3n sobre las tiradas de tarot | Curso de Tarot","description":"Descubre las explicaciones de c\u00f3mo se hacen las tiradas explicadas en este blog de Curso de Tarot, con diferentes barajas.","robots":{"index":"index","follow":"follow","max-snippet":"max-snippet:-1","max-image-preview":"max-image-preview:large","max-video-preview":"max-video-preview:-1"},"canonical":"https:\/\/www.euroresidentes.com\/entretenimiento\/curso-tarot\/tiradas\/","og_locale":"es_ES","og_type":"article","og_title":"Explicaci\u00f3n sobre las tiradas de tarot | Curso de Tarot","og_description":"Descubre las explicaciones de c\u00f3mo se hacen las tiradas explicadas en este blog de Curso de Tarot, con diferentes barajas.","og_url":"https:\/\/www.euroresidentes.com\/entretenimiento\/curso-tarot\/tiradas\/","og_site_name":"Curso de Tarot","article_publisher":"https:\/\/www.facebook.com\/horoscopos.euroresidentes\/","article_modified_time":"2021-01-04T13:27:53+00:00","og_image":[{"url":"https:\/\/www.euroresidentes.com\/entretenimiento\/curso-tarot\/wp-content\/uploads\/sites\/2\/2020\/12\/consulta-tarot-online-.jpg","type":"","width":"","height":""}],"twitter_card":"summary_large_image","twitter_misc":{"Est. reading time":"1 minuto"},"schema":{"@context":"https:\/\/schema.org","@graph":[{"@type":"WebPage","@id":"https:\/\/www.euroresidentes.com\/entretenimiento\/curso-tarot\/tiradas\/","url":"https:\/\/www.euroresidentes.com\/entretenimiento\/curso-tarot\/tiradas\/","name":"Explicaci\u00f3n sobre las tiradas de tarot | Curso de Tarot","isPartOf":{"@id":"https:\/\/www.euroresidentes.com\/entretenimiento\/curso-tarot\/#website"},"primaryImageOfPage":{"@id":"https:\/\/www.euroresidentes.com\/entretenimiento\/curso-tarot\/tiradas\/#primaryimage"},"image":{"@id":"https:\/\/www.euroresidentes.com\/entretenimiento\/curso-tarot\/tiradas\/#primaryimage"},"thumbnailUrl":"https:\/\/www.euroresidentes.com\/entretenimiento\/curso-tarot\/wp-content\/uploads\/sites\/2\/2020\/12\/consulta-tarot-online-.jpg","datePublished":"2015-12-02T16:24:00+00:00","dateModified":"2021-01-04T13:27:53+00:00","description":"Descubre las explicaciones de c\u00f3mo se hacen las tiradas explicadas en este blog de Curso de Tarot, con diferentes barajas.","breadcrumb":{"@id":"https:\/\/www.euroresidentes.com\/entretenimiento\/curso-tarot\/tiradas\/#breadcrumb"},"inLanguage":"es","potentialAction":[{"@type":"ReadAction","target":["https:\/\/www.euroresidentes.com\/entretenimiento\/curso-tarot\/tiradas\/"]}]},{"@type":"ImageObject","inLanguage":"es","@id":"https:\/\/www.euroresidentes.com\/entretenimiento\/curso-tarot\/tiradas\/#primaryimage","url":"https:\/\/www.euroresidentes.com\/entretenimiento\/curso-tarot\/wp-content\/uploads\/sites\/2\/2020\/12\/consulta-tarot-online-.jpg","contentUrl":"https:\/\/www.euroresidentes.com\/entretenimiento\/curso-tarot\/wp-content\/uploads\/sites\/2\/2020\/12\/consulta-tarot-online-.jpg","width":300,"height":300},{"@type":"BreadcrumbList","@id":"https:\/\/www.euroresidentes.com\/entretenimiento\/curso-tarot\/tiradas\/#breadcrumb","itemListElement":[{"@type":"ListItem","position":1,"name":"Portada","item":"https:\/\/www.euroresidentes.com\/entretenimiento\/curso-tarot\/"},{"@type":"ListItem","position":2,"name":"Tiradas"}]},{"@type":"WebSite","@id":"https:\/\/www.euroresidentes.com\/entretenimiento\/curso-tarot\/#website","url":"https:\/\/www.euroresidentes.com\/entretenimiento\/curso-tarot\/","name":"Curso de Tarot","description":"Euroresidentes","potentialAction":[{"@type":"SearchAction","target":{"@type":"EntryPoint","urlTemplate":"https:\/\/www.euroresidentes.com\/entretenimiento\/curso-tarot\/?s={search_term_string}"},"query-input":{"@type":"PropertyValueSpecification","valueRequired":true,"valueName":"search_term_string"}}],"inLanguage":"es"}]}},"_links":{"self":[{"href":"https:\/\/www.euroresidentes.com\/entretenimiento\/curso-tarot\/wp-json\/wp\/v2\/pages\/1019","targetHints":{"allow":["GET"]}}],"collection":[{"href":"https:\/\/www.euroresidentes.com\/entretenimiento\/curso-tarot\/wp-json\/wp\/v2\/pages"}],"about":[{"href":"https:\/\/www.euroresidentes.com\/entretenimiento\/curso-tarot\/wp-json\/wp\/v2\/types\/page"}],"author":[{"embeddable":true,"href":"https:\/\/www.euroresidentes.com\/entretenimiento\/curso-tarot\/wp-json\/wp\/v2\/users\/2"}],"replies":[{"embeddable":true,"href":"https:\/\/www.euroresidentes.com\/entretenimiento\/curso-tarot\/wp-json\/wp\/v2\/comments?post=1019"}],"version-history":[{"count":11,"href":"https:\/\/www.euroresidentes.com\/entretenimiento\/curso-tarot\/wp-json\/wp\/v2\/pages\/1019\/revisions"}],"predecessor-version":[{"id":2932,"href":"https:\/\/www.euroresidentes.com\/entretenimiento\/curso-tarot\/wp-json\/wp\/v2\/pages\/1019\/revisions\/2932"}],"wp:attachment":[{"href":"https:\/\/www.euroresidentes.com\/entretenimiento\/curso-tarot\/wp-json\/wp\/v2\/media?parent=1019"}],"curies":[{"name":"wp","href":"https:\/\/api.w.org\/{rel}","templated":true}]}}