
{"id":2284,"date":"2017-04-21T13:10:24","date_gmt":"2017-04-21T11:10:24","guid":{"rendered":"http:\/\/www.euroresidentes.com\/empresa\/?page_id=2284"},"modified":"2017-04-21T13:12:38","modified_gmt":"2017-04-21T11:12:38","slug":"sobre-alan-vazquez-hernandez","status":"publish","type":"page","link":"https:\/\/www.euroresidentes.com\/empresa\/sobre-alan-vazquez-hernandez.html","title":{"rendered":"Alan Vazquez Hern\u00e1ndez"},"content":{"rendered":"<h3 style=\"text-align: center;\"><a href=\"http:\/\/www.euroresidentes.com\/empresa\/wp-content\/uploads\/2017\/04\/alan-vazquez-fintech.jpg\"><img loading=\"lazy\" decoding=\"async\" class=\"aligncenter size-full wp-image-2285\" src=\"http:\/\/www.euroresidentes.com\/empresa\/wp-content\/uploads\/2017\/04\/alan-vazquez-fintech.jpg\" alt=\"Alan Vazquez\" width=\"700\" height=\"525\" srcset=\"https:\/\/www.euroresidentes.com\/empresa\/wp-content\/uploads\/2017\/04\/alan-vazquez-fintech.jpg 700w, https:\/\/www.euroresidentes.com\/empresa\/wp-content\/uploads\/2017\/04\/alan-vazquez-fintech-300x225.jpg 300w, https:\/\/www.euroresidentes.com\/empresa\/wp-content\/uploads\/2017\/04\/alan-vazquez-fintech-396x297.jpg 396w\" sizes=\"auto, (max-width: 700px) 100vw, 700px\" \/><\/a><\/h3>\n<h3 style=\"text-align: center;\">10 cosas sobre m\u00ed<\/h3>\n<ol>\n<li>Soy estudiante de cuarto a\u00f1o del grado de econom\u00eda en la universidad de Alicante.<\/li>\n<li>Estoy realizando las pr\u00e1cticas en la empresa Ityis siglo XXI.<\/li>\n<li>Hay varias pel\u00edculas que me parecen muy buenas, pero si tengo que elegir me quedar\u00eda con El origen y Django desencadenado.<\/li>\n<li>Los deportes que m\u00e1s me gustan practicar son jugar a padel y andar en bicicleta. De vez en cuando tambi\u00e9n juego a tenis, aunque muy espor\u00e1dicamente.<\/li>\n<li>Me encanta caminar, tanto haciendo senderismo por la monta\u00f1a como recorrer una ciudad a pie, para mi es la mejor forma de conocer una ciudad.<\/li>\n<li>Mi equipo de f\u00fatbol en el mundo es River Plate, pero si tengo que elegir un equipo a nivel espa\u00f1ol es el Barca.<\/li>\n<li>Mis comidas favoritas son el asado, infaltable los domingos al mediod\u00eda y las pastas con cualquier salsa, especialmente la bolo\u00f1esa.<\/li>\n<li>La estaci\u00f3n del a\u00f1o que m\u00e1s me gusta es la primavera, por tener una temperatura moderada.<\/li>\n<li>Me gusta estar al aire libre, especialmente los d\u00edas despejados con buena temperatura.<\/li>\n<li>La serie que m\u00e1s me gusta es Prison Break, sobre todo la primera y segunda temporada, es la \u00fanica serie que puedo ver m\u00e1s de una vez y me sigue gustando y entreteniendo.<\/li>\n<\/ol>\n","protected":false},"excerpt":{"rendered":"<p>10 cosas sobre m\u00ed Soy estudiante de cuarto a\u00f1o del grado de econom\u00eda en la universidad de Alicante. Estoy realizando las pr\u00e1cticas en la empresa Ityis siglo XXI. Hay varias pel\u00edculas que me parecen muy buenas, pero si tengo que elegir me quedar\u00eda con El origen y Django desencadenado. Los deportes que m\u00e1s me gustan practicar son jugar a padel y andar en bicicleta. De vez en cuando tambi\u00e9n juego a tenis, aunque muy espor\u00e1dicamente. Me encanta caminar, tanto haciendo senderismo por la monta\u00f1a como recorrer una ciudad a pie, para mi es la mejor forma de conocer una ciudad. <\/p>\n","protected":false},"author":1,"featured_media":0,"parent":0,"menu_order":0,"comment_status":"closed","ping_status":"closed","template":"","meta":{"footnotes":""},"class_list":["post-2284","page","type-page","status-publish","hentry"],"yoast_head":"<!-- This site is optimized with the Yoast SEO plugin v27.4 - https:\/\/yoast.com\/product\/yoast-seo-wordpress\/ -->\n<title>Alan Vazquez Hern\u00e1ndez - Empresa<\/title>\n<meta name=\"robots\" content=\"index, follow, max-snippet:-1, max-image-preview:large, max-video-preview:-1\" \/>\n<link rel=\"canonical\" href=\"https:\/\/www.euroresidentes.com\/empresa\/sobre-alan-vazquez-hernandez.html\" \/>\n<meta property=\"og:locale\" content=\"es_ES\" \/>\n<meta property=\"og:type\" content=\"article\" \/>\n<meta property=\"og:title\" content=\"Alan Vazquez Hern\u00e1ndez - Empresa\" \/>\n<meta property=\"og:description\" content=\"10 cosas sobre m\u00ed Soy estudiante de cuarto a\u00f1o del grado de econom\u00eda en la universidad de Alicante. Estoy realizando las pr\u00e1cticas en la empresa Ityis siglo XXI. Hay varias pel\u00edculas que me parecen muy buenas, pero si tengo que elegir me quedar\u00eda con El origen y Django desencadenado. Los deportes que m\u00e1s me gustan practicar son jugar a padel y andar en bicicleta. De vez en cuando tambi\u00e9n juego a tenis, aunque muy espor\u00e1dicamente. Me encanta caminar, tanto haciendo senderismo por la monta\u00f1a como recorrer una ciudad a pie, para mi es la mejor forma de conocer una ciudad.\" \/>\n<meta property=\"og:url\" content=\"https:\/\/www.euroresidentes.com\/empresa\/sobre-alan-vazquez-hernandez.html\" \/>\n<meta property=\"og:site_name\" content=\"Empresa\" \/>\n<meta property=\"article:publisher\" content=\"https:\/\/www.facebook.com\/empresaemprendedores\/\" \/>\n<meta property=\"article:modified_time\" content=\"2017-04-21T11:12:38+00:00\" \/>\n<meta property=\"og:image\" content=\"http:\/\/www.euroresidentes.com\/empresa\/wp-content\/uploads\/2017\/04\/alan-vazquez-fintech.jpg\" \/>\n<meta name=\"twitter:card\" content=\"summary_large_image\" \/>\n<meta name=\"twitter:site\" content=\"@euroresidentes\" \/>\n<meta name=\"twitter:label1\" content=\"Est. reading time\" \/>\n\t<meta name=\"twitter:data1\" content=\"1 minuto\" \/>\n<script type=\"application\/ld+json\" class=\"yoast-schema-graph\">{\"@context\":\"https:\\\/\\\/schema.org\",\"@graph\":[{\"@type\":\"WebPage\",\"@id\":\"https:\\\/\\\/www.euroresidentes.com\\\/empresa\\\/sobre-alan-vazquez-hernandez.html\",\"url\":\"https:\\\/\\\/www.euroresidentes.com\\\/empresa\\\/sobre-alan-vazquez-hernandez.html\",\"name\":\"Alan Vazquez Hern\u00e1ndez - Empresa\",\"isPartOf\":{\"@id\":\"https:\\\/\\\/www.euroresidentes.com\\\/empresa\\\/#website\"},\"primaryImageOfPage\":{\"@id\":\"https:\\\/\\\/www.euroresidentes.com\\\/empresa\\\/sobre-alan-vazquez-hernandez.html#primaryimage\"},\"image\":{\"@id\":\"https:\\\/\\\/www.euroresidentes.com\\\/empresa\\\/sobre-alan-vazquez-hernandez.html#primaryimage\"},\"thumbnailUrl\":\"http:\\\/\\\/www.euroresidentes.com\\\/empresa\\\/wp-content\\\/uploads\\\/2017\\\/04\\\/alan-vazquez-fintech.jpg\",\"datePublished\":\"2017-04-21T11:10:24+00:00\",\"dateModified\":\"2017-04-21T11:12:38+00:00\",\"breadcrumb\":{\"@id\":\"https:\\\/\\\/www.euroresidentes.com\\\/empresa\\\/sobre-alan-vazquez-hernandez.html#breadcrumb\"},\"inLanguage\":\"es\",\"potentialAction\":[{\"@type\":\"ReadAction\",\"target\":[\"https:\\\/\\\/www.euroresidentes.com\\\/empresa\\\/sobre-alan-vazquez-hernandez.html\"]}]},{\"@type\":\"ImageObject\",\"inLanguage\":\"es\",\"@id\":\"https:\\\/\\\/www.euroresidentes.com\\\/empresa\\\/sobre-alan-vazquez-hernandez.html#primaryimage\",\"url\":\"http:\\\/\\\/www.euroresidentes.com\\\/empresa\\\/wp-content\\\/uploads\\\/2017\\\/04\\\/alan-vazquez-fintech.jpg\",\"contentUrl\":\"http:\\\/\\\/www.euroresidentes.com\\\/empresa\\\/wp-content\\\/uploads\\\/2017\\\/04\\\/alan-vazquez-fintech.jpg\"},{\"@type\":\"BreadcrumbList\",\"@id\":\"https:\\\/\\\/www.euroresidentes.com\\\/empresa\\\/sobre-alan-vazquez-hernandez.html#breadcrumb\",\"itemListElement\":[{\"@type\":\"ListItem\",\"position\":1,\"name\":\"Portada\",\"item\":\"https:\\\/\\\/www.euroresidentes.com\\\/empresa\\\/\"},{\"@type\":\"ListItem\",\"position\":2,\"name\":\"Alan Vazquez Hern\u00e1ndez\"}]},{\"@type\":\"WebSite\",\"@id\":\"https:\\\/\\\/www.euroresidentes.com\\\/empresa\\\/#website\",\"url\":\"https:\\\/\\\/www.euroresidentes.com\\\/empresa\\\/\",\"name\":\"Empresa\",\"description\":\"Empresa\",\"potentialAction\":[{\"@type\":\"SearchAction\",\"target\":{\"@type\":\"EntryPoint\",\"urlTemplate\":\"https:\\\/\\\/www.euroresidentes.com\\\/empresa\\\/?s={search_term_string}\"},\"query-input\":{\"@type\":\"PropertyValueSpecification\",\"valueRequired\":true,\"valueName\":\"search_term_string\"}}],\"inLanguage\":\"es\"}]}<\/script>\n<!-- \/ Yoast SEO plugin. -->","yoast_head_json":{"title":"Alan Vazquez Hern\u00e1ndez - Empresa","robots":{"index":"index","follow":"follow","max-snippet":"max-snippet:-1","max-image-preview":"max-image-preview:large","max-video-preview":"max-video-preview:-1"},"canonical":"https:\/\/www.euroresidentes.com\/empresa\/sobre-alan-vazquez-hernandez.html","og_locale":"es_ES","og_type":"article","og_title":"Alan Vazquez Hern\u00e1ndez - Empresa","og_description":"10 cosas sobre m\u00ed Soy estudiante de cuarto a\u00f1o del grado de econom\u00eda en la universidad de Alicante. Estoy realizando las pr\u00e1cticas en la empresa Ityis siglo XXI. Hay varias pel\u00edculas que me parecen muy buenas, pero si tengo que elegir me quedar\u00eda con El origen y Django desencadenado. Los deportes que m\u00e1s me gustan practicar son jugar a padel y andar en bicicleta. De vez en cuando tambi\u00e9n juego a tenis, aunque muy espor\u00e1dicamente. Me encanta caminar, tanto haciendo senderismo por la monta\u00f1a como recorrer una ciudad a pie, para mi es la mejor forma de conocer una ciudad.","og_url":"https:\/\/www.euroresidentes.com\/empresa\/sobre-alan-vazquez-hernandez.html","og_site_name":"Empresa","article_publisher":"https:\/\/www.facebook.com\/empresaemprendedores\/","article_modified_time":"2017-04-21T11:12:38+00:00","og_image":[{"url":"http:\/\/www.euroresidentes.com\/empresa\/wp-content\/uploads\/2017\/04\/alan-vazquez-fintech.jpg","type":"","width":"","height":""}],"twitter_card":"summary_large_image","twitter_site":"@euroresidentes","twitter_misc":{"Est. reading time":"1 minuto"},"schema":{"@context":"https:\/\/schema.org","@graph":[{"@type":"WebPage","@id":"https:\/\/www.euroresidentes.com\/empresa\/sobre-alan-vazquez-hernandez.html","url":"https:\/\/www.euroresidentes.com\/empresa\/sobre-alan-vazquez-hernandez.html","name":"Alan Vazquez Hern\u00e1ndez - Empresa","isPartOf":{"@id":"https:\/\/www.euroresidentes.com\/empresa\/#website"},"primaryImageOfPage":{"@id":"https:\/\/www.euroresidentes.com\/empresa\/sobre-alan-vazquez-hernandez.html#primaryimage"},"image":{"@id":"https:\/\/www.euroresidentes.com\/empresa\/sobre-alan-vazquez-hernandez.html#primaryimage"},"thumbnailUrl":"http:\/\/www.euroresidentes.com\/empresa\/wp-content\/uploads\/2017\/04\/alan-vazquez-fintech.jpg","datePublished":"2017-04-21T11:10:24+00:00","dateModified":"2017-04-21T11:12:38+00:00","breadcrumb":{"@id":"https:\/\/www.euroresidentes.com\/empresa\/sobre-alan-vazquez-hernandez.html#breadcrumb"},"inLanguage":"es","potentialAction":[{"@type":"ReadAction","target":["https:\/\/www.euroresidentes.com\/empresa\/sobre-alan-vazquez-hernandez.html"]}]},{"@type":"ImageObject","inLanguage":"es","@id":"https:\/\/www.euroresidentes.com\/empresa\/sobre-alan-vazquez-hernandez.html#primaryimage","url":"http:\/\/www.euroresidentes.com\/empresa\/wp-content\/uploads\/2017\/04\/alan-vazquez-fintech.jpg","contentUrl":"http:\/\/www.euroresidentes.com\/empresa\/wp-content\/uploads\/2017\/04\/alan-vazquez-fintech.jpg"},{"@type":"BreadcrumbList","@id":"https:\/\/www.euroresidentes.com\/empresa\/sobre-alan-vazquez-hernandez.html#breadcrumb","itemListElement":[{"@type":"ListItem","position":1,"name":"Portada","item":"https:\/\/www.euroresidentes.com\/empresa\/"},{"@type":"ListItem","position":2,"name":"Alan Vazquez Hern\u00e1ndez"}]},{"@type":"WebSite","@id":"https:\/\/www.euroresidentes.com\/empresa\/#website","url":"https:\/\/www.euroresidentes.com\/empresa\/","name":"Empresa","description":"Empresa","potentialAction":[{"@type":"SearchAction","target":{"@type":"EntryPoint","urlTemplate":"https:\/\/www.euroresidentes.com\/empresa\/?s={search_term_string}"},"query-input":{"@type":"PropertyValueSpecification","valueRequired":true,"valueName":"search_term_string"}}],"inLanguage":"es"}]}},"_links":{"self":[{"href":"https:\/\/www.euroresidentes.com\/empresa\/wp-json\/wp\/v2\/pages\/2284","targetHints":{"allow":["GET"]}}],"collection":[{"href":"https:\/\/www.euroresidentes.com\/empresa\/wp-json\/wp\/v2\/pages"}],"about":[{"href":"https:\/\/www.euroresidentes.com\/empresa\/wp-json\/wp\/v2\/types\/page"}],"author":[{"embeddable":true,"href":"https:\/\/www.euroresidentes.com\/empresa\/wp-json\/wp\/v2\/users\/1"}],"replies":[{"embeddable":true,"href":"https:\/\/www.euroresidentes.com\/empresa\/wp-json\/wp\/v2\/comments?post=2284"}],"version-history":[{"count":3,"href":"https:\/\/www.euroresidentes.com\/empresa\/wp-json\/wp\/v2\/pages\/2284\/revisions"}],"predecessor-version":[{"id":2288,"href":"https:\/\/www.euroresidentes.com\/empresa\/wp-json\/wp\/v2\/pages\/2284\/revisions\/2288"}],"wp:attachment":[{"href":"https:\/\/www.euroresidentes.com\/empresa\/wp-json\/wp\/v2\/media?parent=2284"}],"curies":[{"name":"wp","href":"https:\/\/api.w.org\/{rel}","templated":true}]}}