
{"id":2276,"date":"2017-04-18T17:44:48","date_gmt":"2017-04-18T15:44:48","guid":{"rendered":"http:\/\/www.euroresidentes.com\/empresa\/?page_id=2276"},"modified":"2017-04-18T17:54:55","modified_gmt":"2017-04-18T15:54:55","slug":"sobre-javier-ruiz","status":"publish","type":"page","link":"https:\/\/www.euroresidentes.com\/empresa\/sobre-javier-ruiz.html","title":{"rendered":"Javier Ruiz"},"content":{"rendered":"<p><a href=\"http:\/\/www.euroresidentes.com\/empresa\/wp-content\/uploads\/2017\/04\/javier-ruiz-autor.jpg\"><img loading=\"lazy\" decoding=\"async\" class=\"aligncenter size-full wp-image-2277\" src=\"http:\/\/www.euroresidentes.com\/empresa\/wp-content\/uploads\/2017\/04\/javier-ruiz-autor.jpg\" alt=\"Javier Ruiz\" width=\"700\" height=\"525\" srcset=\"https:\/\/www.euroresidentes.com\/empresa\/wp-content\/uploads\/2017\/04\/javier-ruiz-autor.jpg 700w, https:\/\/www.euroresidentes.com\/empresa\/wp-content\/uploads\/2017\/04\/javier-ruiz-autor-300x225.jpg 300w, https:\/\/www.euroresidentes.com\/empresa\/wp-content\/uploads\/2017\/04\/javier-ruiz-autor-396x297.jpg 396w\" sizes=\"auto, (max-width: 700px) 100vw, 700px\" \/><\/a><\/p>\n<h3 style=\"text-align: center;\">10 cosas sobre m\u00ed<\/h3>\n<ol>\n<li>Soy licenciado en Sociolog\u00eda por la Universidad de Alicante y M\u00e1ster en Comercio Internacional por el Instituto de Econom\u00eda Internacional de la misma universidad.<\/li>\n<li>Compagino mi trabajo en IT&amp;IS Siglo XXI con la docencia en el Sistema de Universidad Virtual de la Universidad de Guadalajara, M\u00e9xico.<\/li>\n<li>Un libro: On the Road, de Jack Kerouac.<\/li>\n<li>Una pel\u00edcula: The Big Lebowski, de Joel y Ethan Coen.<\/li>\n<li>Un grupo de m\u00fasica: Beastie Boys.<\/li>\n<li>Un disco: Pet Sounds, de The Beach Boys.<\/li>\n<li>Una canci\u00f3n: \u201cFight the Power\u201d, de Public Enemy.<\/li>\n<li>Un deporte para ver: baloncesto.<\/li>\n<li>Un deporte para practicar: tenis de mesa.<\/li>\n<li>Un deportista: Ronaldo Luis Naz\u00e1rio da Lima.<\/li>\n<\/ol>\n","protected":false},"excerpt":{"rendered":"<p>10 cosas sobre m\u00ed Soy licenciado en Sociolog\u00eda por la Universidad de Alicante y M\u00e1ster en Comercio Internacional por el Instituto de Econom\u00eda Internacional de la misma universidad. Compagino mi trabajo en IT&amp;IS Siglo XXI con la docencia en el Sistema de Universidad Virtual de la Universidad de Guadalajara, M\u00e9xico. Un libro: On the Road, de Jack Kerouac. Una pel\u00edcula: The Big Lebowski, de Joel y Ethan Coen. Un grupo de m\u00fasica: Beastie Boys. Un disco: Pet Sounds, de The Beach Boys. Una canci\u00f3n: \u201cFight the Power\u201d, de Public Enemy. Un deporte para ver: baloncesto. Un deporte para practicar: tenis <\/p>\n","protected":false},"author":1,"featured_media":0,"parent":0,"menu_order":0,"comment_status":"closed","ping_status":"closed","template":"","meta":{"footnotes":""},"class_list":["post-2276","page","type-page","status-publish","hentry"],"yoast_head":"<!-- This site is optimized with the Yoast SEO plugin v27.5 - https:\/\/yoast.com\/product\/yoast-seo-wordpress\/ -->\n<title>Javier Ruiz - Empresa<\/title>\n<meta name=\"robots\" content=\"index, follow, max-snippet:-1, max-image-preview:large, max-video-preview:-1\" \/>\n<link rel=\"canonical\" href=\"https:\/\/www.euroresidentes.com\/empresa\/sobre-javier-ruiz.html\" \/>\n<meta property=\"og:locale\" content=\"es_ES\" \/>\n<meta property=\"og:type\" content=\"article\" \/>\n<meta property=\"og:title\" content=\"Javier Ruiz - Empresa\" \/>\n<meta property=\"og:description\" content=\"10 cosas sobre m\u00ed Soy licenciado en Sociolog\u00eda por la Universidad de Alicante y M\u00e1ster en Comercio Internacional por el Instituto de Econom\u00eda Internacional de la misma universidad. Compagino mi trabajo en IT&amp;IS Siglo XXI con la docencia en el Sistema de Universidad Virtual de la Universidad de Guadalajara, M\u00e9xico. Un libro: On the Road, de Jack Kerouac. Una pel\u00edcula: The Big Lebowski, de Joel y Ethan Coen. Un grupo de m\u00fasica: Beastie Boys. Un disco: Pet Sounds, de The Beach Boys. Una canci\u00f3n: \u201cFight the Power\u201d, de Public Enemy. Un deporte para ver: baloncesto. Un deporte para practicar: tenis\" \/>\n<meta property=\"og:url\" content=\"https:\/\/www.euroresidentes.com\/empresa\/sobre-javier-ruiz.html\" \/>\n<meta property=\"og:site_name\" content=\"Empresa\" \/>\n<meta property=\"article:publisher\" content=\"https:\/\/www.facebook.com\/empresaemprendedores\/\" \/>\n<meta property=\"article:modified_time\" content=\"2017-04-18T15:54:55+00:00\" \/>\n<meta property=\"og:image\" content=\"http:\/\/www.euroresidentes.com\/empresa\/wp-content\/uploads\/2017\/04\/javier-ruiz-autor.jpg\" \/>\n<meta name=\"twitter:card\" content=\"summary_large_image\" \/>\n<meta name=\"twitter:site\" content=\"@euroresidentes\" \/>\n<meta name=\"twitter:label1\" content=\"Est. reading time\" \/>\n\t<meta name=\"twitter:data1\" content=\"1 minuto\" \/>\n<script type=\"application\/ld+json\" class=\"yoast-schema-graph\">{\"@context\":\"https:\\\/\\\/schema.org\",\"@graph\":[{\"@type\":\"WebPage\",\"@id\":\"https:\\\/\\\/www.euroresidentes.com\\\/empresa\\\/sobre-javier-ruiz.html\",\"url\":\"https:\\\/\\\/www.euroresidentes.com\\\/empresa\\\/sobre-javier-ruiz.html\",\"name\":\"Javier Ruiz - Empresa\",\"isPartOf\":{\"@id\":\"https:\\\/\\\/www.euroresidentes.com\\\/empresa\\\/#website\"},\"primaryImageOfPage\":{\"@id\":\"https:\\\/\\\/www.euroresidentes.com\\\/empresa\\\/sobre-javier-ruiz.html#primaryimage\"},\"image\":{\"@id\":\"https:\\\/\\\/www.euroresidentes.com\\\/empresa\\\/sobre-javier-ruiz.html#primaryimage\"},\"thumbnailUrl\":\"http:\\\/\\\/www.euroresidentes.com\\\/empresa\\\/wp-content\\\/uploads\\\/2017\\\/04\\\/javier-ruiz-autor.jpg\",\"datePublished\":\"2017-04-18T15:44:48+00:00\",\"dateModified\":\"2017-04-18T15:54:55+00:00\",\"breadcrumb\":{\"@id\":\"https:\\\/\\\/www.euroresidentes.com\\\/empresa\\\/sobre-javier-ruiz.html#breadcrumb\"},\"inLanguage\":\"es\",\"potentialAction\":[{\"@type\":\"ReadAction\",\"target\":[\"https:\\\/\\\/www.euroresidentes.com\\\/empresa\\\/sobre-javier-ruiz.html\"]}]},{\"@type\":\"ImageObject\",\"inLanguage\":\"es\",\"@id\":\"https:\\\/\\\/www.euroresidentes.com\\\/empresa\\\/sobre-javier-ruiz.html#primaryimage\",\"url\":\"http:\\\/\\\/www.euroresidentes.com\\\/empresa\\\/wp-content\\\/uploads\\\/2017\\\/04\\\/javier-ruiz-autor.jpg\",\"contentUrl\":\"http:\\\/\\\/www.euroresidentes.com\\\/empresa\\\/wp-content\\\/uploads\\\/2017\\\/04\\\/javier-ruiz-autor.jpg\"},{\"@type\":\"BreadcrumbList\",\"@id\":\"https:\\\/\\\/www.euroresidentes.com\\\/empresa\\\/sobre-javier-ruiz.html#breadcrumb\",\"itemListElement\":[{\"@type\":\"ListItem\",\"position\":1,\"name\":\"Portada\",\"item\":\"https:\\\/\\\/www.euroresidentes.com\\\/empresa\\\/\"},{\"@type\":\"ListItem\",\"position\":2,\"name\":\"Javier Ruiz\"}]},{\"@type\":\"WebSite\",\"@id\":\"https:\\\/\\\/www.euroresidentes.com\\\/empresa\\\/#website\",\"url\":\"https:\\\/\\\/www.euroresidentes.com\\\/empresa\\\/\",\"name\":\"Empresa\",\"description\":\"Empresa\",\"potentialAction\":[{\"@type\":\"SearchAction\",\"target\":{\"@type\":\"EntryPoint\",\"urlTemplate\":\"https:\\\/\\\/www.euroresidentes.com\\\/empresa\\\/?s={search_term_string}\"},\"query-input\":{\"@type\":\"PropertyValueSpecification\",\"valueRequired\":true,\"valueName\":\"search_term_string\"}}],\"inLanguage\":\"es\"}]}<\/script>\n<!-- \/ Yoast SEO plugin. -->","yoast_head_json":{"title":"Javier Ruiz - Empresa","robots":{"index":"index","follow":"follow","max-snippet":"max-snippet:-1","max-image-preview":"max-image-preview:large","max-video-preview":"max-video-preview:-1"},"canonical":"https:\/\/www.euroresidentes.com\/empresa\/sobre-javier-ruiz.html","og_locale":"es_ES","og_type":"article","og_title":"Javier Ruiz - Empresa","og_description":"10 cosas sobre m\u00ed Soy licenciado en Sociolog\u00eda por la Universidad de Alicante y M\u00e1ster en Comercio Internacional por el Instituto de Econom\u00eda Internacional de la misma universidad. Compagino mi trabajo en IT&amp;IS Siglo XXI con la docencia en el Sistema de Universidad Virtual de la Universidad de Guadalajara, M\u00e9xico. Un libro: On the Road, de Jack Kerouac. Una pel\u00edcula: The Big Lebowski, de Joel y Ethan Coen. Un grupo de m\u00fasica: Beastie Boys. Un disco: Pet Sounds, de The Beach Boys. Una canci\u00f3n: \u201cFight the Power\u201d, de Public Enemy. Un deporte para ver: baloncesto. Un deporte para practicar: tenis","og_url":"https:\/\/www.euroresidentes.com\/empresa\/sobre-javier-ruiz.html","og_site_name":"Empresa","article_publisher":"https:\/\/www.facebook.com\/empresaemprendedores\/","article_modified_time":"2017-04-18T15:54:55+00:00","og_image":[{"url":"http:\/\/www.euroresidentes.com\/empresa\/wp-content\/uploads\/2017\/04\/javier-ruiz-autor.jpg","type":"","width":"","height":""}],"twitter_card":"summary_large_image","twitter_site":"@euroresidentes","twitter_misc":{"Est. reading time":"1 minuto"},"schema":{"@context":"https:\/\/schema.org","@graph":[{"@type":"WebPage","@id":"https:\/\/www.euroresidentes.com\/empresa\/sobre-javier-ruiz.html","url":"https:\/\/www.euroresidentes.com\/empresa\/sobre-javier-ruiz.html","name":"Javier Ruiz - Empresa","isPartOf":{"@id":"https:\/\/www.euroresidentes.com\/empresa\/#website"},"primaryImageOfPage":{"@id":"https:\/\/www.euroresidentes.com\/empresa\/sobre-javier-ruiz.html#primaryimage"},"image":{"@id":"https:\/\/www.euroresidentes.com\/empresa\/sobre-javier-ruiz.html#primaryimage"},"thumbnailUrl":"http:\/\/www.euroresidentes.com\/empresa\/wp-content\/uploads\/2017\/04\/javier-ruiz-autor.jpg","datePublished":"2017-04-18T15:44:48+00:00","dateModified":"2017-04-18T15:54:55+00:00","breadcrumb":{"@id":"https:\/\/www.euroresidentes.com\/empresa\/sobre-javier-ruiz.html#breadcrumb"},"inLanguage":"es","potentialAction":[{"@type":"ReadAction","target":["https:\/\/www.euroresidentes.com\/empresa\/sobre-javier-ruiz.html"]}]},{"@type":"ImageObject","inLanguage":"es","@id":"https:\/\/www.euroresidentes.com\/empresa\/sobre-javier-ruiz.html#primaryimage","url":"http:\/\/www.euroresidentes.com\/empresa\/wp-content\/uploads\/2017\/04\/javier-ruiz-autor.jpg","contentUrl":"http:\/\/www.euroresidentes.com\/empresa\/wp-content\/uploads\/2017\/04\/javier-ruiz-autor.jpg"},{"@type":"BreadcrumbList","@id":"https:\/\/www.euroresidentes.com\/empresa\/sobre-javier-ruiz.html#breadcrumb","itemListElement":[{"@type":"ListItem","position":1,"name":"Portada","item":"https:\/\/www.euroresidentes.com\/empresa\/"},{"@type":"ListItem","position":2,"name":"Javier Ruiz"}]},{"@type":"WebSite","@id":"https:\/\/www.euroresidentes.com\/empresa\/#website","url":"https:\/\/www.euroresidentes.com\/empresa\/","name":"Empresa","description":"Empresa","potentialAction":[{"@type":"SearchAction","target":{"@type":"EntryPoint","urlTemplate":"https:\/\/www.euroresidentes.com\/empresa\/?s={search_term_string}"},"query-input":{"@type":"PropertyValueSpecification","valueRequired":true,"valueName":"search_term_string"}}],"inLanguage":"es"}]}},"_links":{"self":[{"href":"https:\/\/www.euroresidentes.com\/empresa\/wp-json\/wp\/v2\/pages\/2276","targetHints":{"allow":["GET"]}}],"collection":[{"href":"https:\/\/www.euroresidentes.com\/empresa\/wp-json\/wp\/v2\/pages"}],"about":[{"href":"https:\/\/www.euroresidentes.com\/empresa\/wp-json\/wp\/v2\/types\/page"}],"author":[{"embeddable":true,"href":"https:\/\/www.euroresidentes.com\/empresa\/wp-json\/wp\/v2\/users\/1"}],"replies":[{"embeddable":true,"href":"https:\/\/www.euroresidentes.com\/empresa\/wp-json\/wp\/v2\/comments?post=2276"}],"version-history":[{"count":2,"href":"https:\/\/www.euroresidentes.com\/empresa\/wp-json\/wp\/v2\/pages\/2276\/revisions"}],"predecessor-version":[{"id":2279,"href":"https:\/\/www.euroresidentes.com\/empresa\/wp-json\/wp\/v2\/pages\/2276\/revisions\/2279"}],"wp:attachment":[{"href":"https:\/\/www.euroresidentes.com\/empresa\/wp-json\/wp\/v2\/media?parent=2276"}],"curies":[{"name":"wp","href":"https:\/\/api.w.org\/{rel}","templated":true}]}}