
{"id":2271,"date":"2017-03-14T13:36:26","date_gmt":"2017-03-14T12:36:26","guid":{"rendered":"http:\/\/www.euroresidentes.com\/empresa\/?page_id=2271"},"modified":"2017-03-14T13:40:34","modified_gmt":"2017-03-14T12:40:34","slug":"sobre-manuel-verdu-henares","status":"publish","type":"page","link":"https:\/\/www.euroresidentes.com\/empresa\/sobre-manuel-verdu-henares.html","title":{"rendered":"Manuel Verd\u00fa Henares"},"content":{"rendered":"<p style=\"text-align: center;\"><a href=\"http:\/\/www.euroresidentes.com\/empresa\/wp-content\/uploads\/2017\/03\/Manu-19-10-2015-Retocada.jpg\"><img loading=\"lazy\" decoding=\"async\" class=\"aligncenter size-full wp-image-2272\" src=\"http:\/\/www.euroresidentes.com\/empresa\/wp-content\/uploads\/2017\/03\/Manu-19-10-2015-Retocada.jpg\" alt=\"Manuel Verd\u00fa\" width=\"700\" height=\"525\" srcset=\"https:\/\/www.euroresidentes.com\/empresa\/wp-content\/uploads\/2017\/03\/Manu-19-10-2015-Retocada.jpg 700w, https:\/\/www.euroresidentes.com\/empresa\/wp-content\/uploads\/2017\/03\/Manu-19-10-2015-Retocada-300x225.jpg 300w, https:\/\/www.euroresidentes.com\/empresa\/wp-content\/uploads\/2017\/03\/Manu-19-10-2015-Retocada-396x297.jpg 396w\" sizes=\"auto, (max-width: 700px) 100vw, 700px\" \/><\/a><\/p>\n<h3 style=\"text-align: center;\">10 cosas sobre m\u00ed<\/h3>\n<p>1. Soy estudiante de cuarto curso en el Grado en Econom\u00eda de la Universidad de Alicante (UA). Adem\u00e1s, estoy realizando pr\u00e1cticas en el Observatorio FinTech de IT&amp;IS Siglo XXI S.L.<\/p>\n<p>2. Me gusta mucho leer, ya sea para entretenerme con una buena historia como para aprender cosas nuevas. Si un libro me engancha, soy capaz de no parar de leerlo hasta que lo termino. Aunque suelo leer de todo un poco, me gusta especialmente el g\u00e9nero de fantas\u00eda y ciencia ficci\u00f3n.<\/p>\n<p>3. Raro es el d\u00eda que no me pongo mis auriculares para escuchar m\u00fasica, tanto es as\u00ed que, por lo general, los auriculares me suelen durar poco de tanto que los uso. Intento escuchar siempre todo tipo de m\u00fasica, pero suelo estar escuchando Indie a todas horas.<\/p>\n<p>4. Me encanta el agua en todos los sentidos. Ya sea andando bajo la lluvia en un d\u00eda lluvioso (mis favoritos), como practicando nataci\u00f3n en cualquier piscina, deporte que llevo practicando desde que era peque\u00f1o. He competido tanto en Nataci\u00f3n como en Salvamento y Socorrismo.<\/p>\n<p>5. En ocasiones escribo relatos y poes\u00eda. Me gusta buscar cert\u00e1menes literarios a los que mandar mis obras. Adem\u00e1s, he conseguido publicar algunos relatos breves en peri\u00f3dicos o en libros recopilatorios de relatos.<\/p>\n<p>6. He actuado en distintas obras de teatro durante muchos a\u00f1os. Disfruto mucho viendo una funci\u00f3n de teatro, pero prefiero ser quien act\u00fae en ella. He sido actor durante muchos a\u00f1os, ya sea en funciones llevadas a cabo por el colegio donde estudiaba, como en sainetes representados por el grupo de teatro del que era miembro.<\/p>\n<p>7. Nunca me canso de aprender de cualquier tema. Soy extremadamente curioso y siempre que tengo dudas respecto a cualquier cosa pregunto e investigo hasta que tengo la respuesta.<\/p>\n<p>8. Me apasionan la historia y la econom\u00eda, las cuales, para m\u00ed, siempre van de la mano. Me interesa mucho estudiar c\u00f3mo la sociedad ha gestionado sus recursos a lo largo de su historia, y a veces intento montar mis predicciones sobre c\u00f3mo lo har\u00e1 en el futuro.<\/p>\n<p>9. Dentro de la econom\u00eda, disfruto mucho estudiando el campo de las finanzas. Mi inter\u00e9s en estudiar los movimientos que se llevan a cabo en este campo no se limitan a estimar d\u00f3nde es mejor invertir, sino a comprender qu\u00e9 hay detr\u00e1s de cada movimiento y cu\u00e1l ser\u00e1 su consecuencia.<\/p>\n<p>10. Creo que la tecnolog\u00eda es vital para nuestro desarrollo como sociedad, y que su avance es ya imparable. En mi opini\u00f3n, las ventajas superan con creces los inconvenientes, y que el principal debate al que deberemos dar respuesta es si estamos preparados para el cambio de paradigma que van a suponer estos avances tecnol\u00f3gicos muy pronto.<\/p>\n","protected":false},"excerpt":{"rendered":"<p>10 cosas sobre m\u00ed 1. Soy estudiante de cuarto curso en el Grado en Econom\u00eda de la Universidad de Alicante (UA). Adem\u00e1s, estoy realizando pr\u00e1cticas en el Observatorio FinTech de IT&amp;IS Siglo XXI S.L. 2. Me gusta mucho leer, ya sea para entretenerme con una buena historia como para aprender cosas nuevas. Si un libro me engancha, soy capaz de no parar de leerlo hasta que lo termino. Aunque suelo leer de todo un poco, me gusta especialmente el g\u00e9nero de fantas\u00eda y ciencia ficci\u00f3n. 3. Raro es el d\u00eda que no me pongo mis auriculares para escuchar m\u00fasica, tanto <\/p>\n","protected":false},"author":1,"featured_media":0,"parent":0,"menu_order":0,"comment_status":"closed","ping_status":"closed","template":"","meta":{"footnotes":""},"class_list":["post-2271","page","type-page","status-publish","hentry"],"yoast_head":"<!-- This site is optimized with the Yoast SEO plugin v27.5 - https:\/\/yoast.com\/product\/yoast-seo-wordpress\/ -->\n<title>Manuel Verd\u00fa Henares - Empresa<\/title>\n<meta name=\"robots\" content=\"index, follow, max-snippet:-1, max-image-preview:large, max-video-preview:-1\" \/>\n<link rel=\"canonical\" href=\"https:\/\/www.euroresidentes.com\/empresa\/sobre-manuel-verdu-henares.html\" \/>\n<meta property=\"og:locale\" content=\"es_ES\" \/>\n<meta property=\"og:type\" content=\"article\" \/>\n<meta property=\"og:title\" content=\"Manuel Verd\u00fa Henares - Empresa\" \/>\n<meta property=\"og:description\" content=\"10 cosas sobre m\u00ed 1. Soy estudiante de cuarto curso en el Grado en Econom\u00eda de la Universidad de Alicante (UA). Adem\u00e1s, estoy realizando pr\u00e1cticas en el Observatorio FinTech de IT&amp;IS Siglo XXI S.L. 2. Me gusta mucho leer, ya sea para entretenerme con una buena historia como para aprender cosas nuevas. Si un libro me engancha, soy capaz de no parar de leerlo hasta que lo termino. Aunque suelo leer de todo un poco, me gusta especialmente el g\u00e9nero de fantas\u00eda y ciencia ficci\u00f3n. 3. Raro es el d\u00eda que no me pongo mis auriculares para escuchar m\u00fasica, tanto\" \/>\n<meta property=\"og:url\" content=\"https:\/\/www.euroresidentes.com\/empresa\/sobre-manuel-verdu-henares.html\" \/>\n<meta property=\"og:site_name\" content=\"Empresa\" \/>\n<meta property=\"article:publisher\" content=\"https:\/\/www.facebook.com\/empresaemprendedores\/\" \/>\n<meta property=\"article:modified_time\" content=\"2017-03-14T12:40:34+00:00\" \/>\n<meta property=\"og:image\" content=\"http:\/\/www.euroresidentes.com\/empresa\/wp-content\/uploads\/2017\/03\/Manu-19-10-2015-Retocada.jpg\" \/>\n<meta name=\"twitter:card\" content=\"summary_large_image\" \/>\n<meta name=\"twitter:site\" content=\"@euroresidentes\" \/>\n<meta name=\"twitter:label1\" content=\"Est. reading time\" \/>\n\t<meta name=\"twitter:data1\" content=\"2 minutos\" \/>\n<script type=\"application\/ld+json\" class=\"yoast-schema-graph\">{\"@context\":\"https:\\\/\\\/schema.org\",\"@graph\":[{\"@type\":\"WebPage\",\"@id\":\"https:\\\/\\\/www.euroresidentes.com\\\/empresa\\\/sobre-manuel-verdu-henares.html\",\"url\":\"https:\\\/\\\/www.euroresidentes.com\\\/empresa\\\/sobre-manuel-verdu-henares.html\",\"name\":\"Manuel Verd\u00fa Henares - Empresa\",\"isPartOf\":{\"@id\":\"https:\\\/\\\/www.euroresidentes.com\\\/empresa\\\/#website\"},\"primaryImageOfPage\":{\"@id\":\"https:\\\/\\\/www.euroresidentes.com\\\/empresa\\\/sobre-manuel-verdu-henares.html#primaryimage\"},\"image\":{\"@id\":\"https:\\\/\\\/www.euroresidentes.com\\\/empresa\\\/sobre-manuel-verdu-henares.html#primaryimage\"},\"thumbnailUrl\":\"http:\\\/\\\/www.euroresidentes.com\\\/empresa\\\/wp-content\\\/uploads\\\/2017\\\/03\\\/Manu-19-10-2015-Retocada.jpg\",\"datePublished\":\"2017-03-14T12:36:26+00:00\",\"dateModified\":\"2017-03-14T12:40:34+00:00\",\"breadcrumb\":{\"@id\":\"https:\\\/\\\/www.euroresidentes.com\\\/empresa\\\/sobre-manuel-verdu-henares.html#breadcrumb\"},\"inLanguage\":\"es\",\"potentialAction\":[{\"@type\":\"ReadAction\",\"target\":[\"https:\\\/\\\/www.euroresidentes.com\\\/empresa\\\/sobre-manuel-verdu-henares.html\"]}]},{\"@type\":\"ImageObject\",\"inLanguage\":\"es\",\"@id\":\"https:\\\/\\\/www.euroresidentes.com\\\/empresa\\\/sobre-manuel-verdu-henares.html#primaryimage\",\"url\":\"http:\\\/\\\/www.euroresidentes.com\\\/empresa\\\/wp-content\\\/uploads\\\/2017\\\/03\\\/Manu-19-10-2015-Retocada.jpg\",\"contentUrl\":\"http:\\\/\\\/www.euroresidentes.com\\\/empresa\\\/wp-content\\\/uploads\\\/2017\\\/03\\\/Manu-19-10-2015-Retocada.jpg\"},{\"@type\":\"BreadcrumbList\",\"@id\":\"https:\\\/\\\/www.euroresidentes.com\\\/empresa\\\/sobre-manuel-verdu-henares.html#breadcrumb\",\"itemListElement\":[{\"@type\":\"ListItem\",\"position\":1,\"name\":\"Portada\",\"item\":\"https:\\\/\\\/www.euroresidentes.com\\\/empresa\\\/\"},{\"@type\":\"ListItem\",\"position\":2,\"name\":\"Manuel Verd\u00fa Henares\"}]},{\"@type\":\"WebSite\",\"@id\":\"https:\\\/\\\/www.euroresidentes.com\\\/empresa\\\/#website\",\"url\":\"https:\\\/\\\/www.euroresidentes.com\\\/empresa\\\/\",\"name\":\"Empresa\",\"description\":\"Empresa\",\"potentialAction\":[{\"@type\":\"SearchAction\",\"target\":{\"@type\":\"EntryPoint\",\"urlTemplate\":\"https:\\\/\\\/www.euroresidentes.com\\\/empresa\\\/?s={search_term_string}\"},\"query-input\":{\"@type\":\"PropertyValueSpecification\",\"valueRequired\":true,\"valueName\":\"search_term_string\"}}],\"inLanguage\":\"es\"}]}<\/script>\n<!-- \/ Yoast SEO plugin. -->","yoast_head_json":{"title":"Manuel Verd\u00fa Henares - Empresa","robots":{"index":"index","follow":"follow","max-snippet":"max-snippet:-1","max-image-preview":"max-image-preview:large","max-video-preview":"max-video-preview:-1"},"canonical":"https:\/\/www.euroresidentes.com\/empresa\/sobre-manuel-verdu-henares.html","og_locale":"es_ES","og_type":"article","og_title":"Manuel Verd\u00fa Henares - Empresa","og_description":"10 cosas sobre m\u00ed 1. Soy estudiante de cuarto curso en el Grado en Econom\u00eda de la Universidad de Alicante (UA). Adem\u00e1s, estoy realizando pr\u00e1cticas en el Observatorio FinTech de IT&amp;IS Siglo XXI S.L. 2. Me gusta mucho leer, ya sea para entretenerme con una buena historia como para aprender cosas nuevas. Si un libro me engancha, soy capaz de no parar de leerlo hasta que lo termino. Aunque suelo leer de todo un poco, me gusta especialmente el g\u00e9nero de fantas\u00eda y ciencia ficci\u00f3n. 3. Raro es el d\u00eda que no me pongo mis auriculares para escuchar m\u00fasica, tanto","og_url":"https:\/\/www.euroresidentes.com\/empresa\/sobre-manuel-verdu-henares.html","og_site_name":"Empresa","article_publisher":"https:\/\/www.facebook.com\/empresaemprendedores\/","article_modified_time":"2017-03-14T12:40:34+00:00","og_image":[{"url":"http:\/\/www.euroresidentes.com\/empresa\/wp-content\/uploads\/2017\/03\/Manu-19-10-2015-Retocada.jpg","type":"","width":"","height":""}],"twitter_card":"summary_large_image","twitter_site":"@euroresidentes","twitter_misc":{"Est. reading time":"2 minutos"},"schema":{"@context":"https:\/\/schema.org","@graph":[{"@type":"WebPage","@id":"https:\/\/www.euroresidentes.com\/empresa\/sobre-manuel-verdu-henares.html","url":"https:\/\/www.euroresidentes.com\/empresa\/sobre-manuel-verdu-henares.html","name":"Manuel Verd\u00fa Henares - Empresa","isPartOf":{"@id":"https:\/\/www.euroresidentes.com\/empresa\/#website"},"primaryImageOfPage":{"@id":"https:\/\/www.euroresidentes.com\/empresa\/sobre-manuel-verdu-henares.html#primaryimage"},"image":{"@id":"https:\/\/www.euroresidentes.com\/empresa\/sobre-manuel-verdu-henares.html#primaryimage"},"thumbnailUrl":"http:\/\/www.euroresidentes.com\/empresa\/wp-content\/uploads\/2017\/03\/Manu-19-10-2015-Retocada.jpg","datePublished":"2017-03-14T12:36:26+00:00","dateModified":"2017-03-14T12:40:34+00:00","breadcrumb":{"@id":"https:\/\/www.euroresidentes.com\/empresa\/sobre-manuel-verdu-henares.html#breadcrumb"},"inLanguage":"es","potentialAction":[{"@type":"ReadAction","target":["https:\/\/www.euroresidentes.com\/empresa\/sobre-manuel-verdu-henares.html"]}]},{"@type":"ImageObject","inLanguage":"es","@id":"https:\/\/www.euroresidentes.com\/empresa\/sobre-manuel-verdu-henares.html#primaryimage","url":"http:\/\/www.euroresidentes.com\/empresa\/wp-content\/uploads\/2017\/03\/Manu-19-10-2015-Retocada.jpg","contentUrl":"http:\/\/www.euroresidentes.com\/empresa\/wp-content\/uploads\/2017\/03\/Manu-19-10-2015-Retocada.jpg"},{"@type":"BreadcrumbList","@id":"https:\/\/www.euroresidentes.com\/empresa\/sobre-manuel-verdu-henares.html#breadcrumb","itemListElement":[{"@type":"ListItem","position":1,"name":"Portada","item":"https:\/\/www.euroresidentes.com\/empresa\/"},{"@type":"ListItem","position":2,"name":"Manuel Verd\u00fa Henares"}]},{"@type":"WebSite","@id":"https:\/\/www.euroresidentes.com\/empresa\/#website","url":"https:\/\/www.euroresidentes.com\/empresa\/","name":"Empresa","description":"Empresa","potentialAction":[{"@type":"SearchAction","target":{"@type":"EntryPoint","urlTemplate":"https:\/\/www.euroresidentes.com\/empresa\/?s={search_term_string}"},"query-input":{"@type":"PropertyValueSpecification","valueRequired":true,"valueName":"search_term_string"}}],"inLanguage":"es"}]}},"_links":{"self":[{"href":"https:\/\/www.euroresidentes.com\/empresa\/wp-json\/wp\/v2\/pages\/2271","targetHints":{"allow":["GET"]}}],"collection":[{"href":"https:\/\/www.euroresidentes.com\/empresa\/wp-json\/wp\/v2\/pages"}],"about":[{"href":"https:\/\/www.euroresidentes.com\/empresa\/wp-json\/wp\/v2\/types\/page"}],"author":[{"embeddable":true,"href":"https:\/\/www.euroresidentes.com\/empresa\/wp-json\/wp\/v2\/users\/1"}],"replies":[{"embeddable":true,"href":"https:\/\/www.euroresidentes.com\/empresa\/wp-json\/wp\/v2\/comments?post=2271"}],"version-history":[{"count":1,"href":"https:\/\/www.euroresidentes.com\/empresa\/wp-json\/wp\/v2\/pages\/2271\/revisions"}],"predecessor-version":[{"id":2273,"href":"https:\/\/www.euroresidentes.com\/empresa\/wp-json\/wp\/v2\/pages\/2271\/revisions\/2273"}],"wp:attachment":[{"href":"https:\/\/www.euroresidentes.com\/empresa\/wp-json\/wp\/v2\/media?parent=2271"}],"curies":[{"name":"wp","href":"https:\/\/api.w.org\/{rel}","templated":true}]}}