
{"id":2258,"date":"2017-01-09T15:13:36","date_gmt":"2017-01-09T14:13:36","guid":{"rendered":"http:\/\/www.euroresidentes.com\/empresa\/?page_id=2258"},"modified":"2017-01-09T15:13:36","modified_gmt":"2017-01-09T14:13:36","slug":"pablo-perez","status":"publish","type":"page","link":"https:\/\/www.euroresidentes.com\/empresa\/pablo-perez.html","title":{"rendered":"Pablo P\u00e9rez"},"content":{"rendered":"<p style=\"text-align: center;\">\n<p style=\"text-align: center;\"><a href=\"http:\/\/www.euroresidentes.com\/hogar\/inversion-inmobiliaria\/wp-content\/uploads\/sites\/8\/2014\/09\/pablo-perez-manzano.jpeg\"><img loading=\"lazy\" decoding=\"async\" class=\"aligncenter  wp-image-301\" src=\"http:\/\/www.euroresidentes.com\/hogar\/inversion-inmobiliaria\/wp-content\/uploads\/sites\/8\/2014\/09\/pablo-perez-manzano-1024x1024.jpeg\" alt=\"pablo-perez-manzano\" width=\"506\" height=\"506\" \/><\/a><\/p>\n<p>1. Inquietud, curiosidad&#8230; <strong>Hago muchas preguntas<\/strong>.<br \/>\n2. <strong>Soy cari\u00f1oso<\/strong> y me encanta re\u00edr.<br \/>\n3. <strong>Una rareza<\/strong>: pintar las manos de las personas que aprecio.<br \/>\n4. <strong>Familia numerosa<\/strong>: amor, convivencia&#8230; y supervivencia. Tan parecidos y tan distintos.<br \/>\n5. <strong>Formaci\u00f3n<\/strong>: Arquitecto T\u00e9cnico en la Polit\u00e9cnica de Madrid. Ocho a\u00f1os en Ferrovial y 2 en Metrovacesa para conocer las distintas \u00e1reas del sector inmobiliario.<br \/>\n6. <strong>Tecnolog\u00eda<\/strong>: Pertenezco a un sector maduro que est\u00e1 obligado a reinventarse. Un reto que debe apoyarse en la innovaci\u00f3n y las nuevas tecnolog\u00edas<\/p>\n","protected":false},"excerpt":{"rendered":"<p>1. Inquietud, curiosidad&#8230; Hago muchas preguntas. 2. Soy cari\u00f1oso y me encanta re\u00edr. 3. Una rareza: pintar las manos de las personas que aprecio. 4. Familia numerosa: amor, convivencia&#8230; y supervivencia. Tan parecidos y tan distintos. 5. Formaci\u00f3n: Arquitecto T\u00e9cnico en la Polit\u00e9cnica de Madrid. Ocho a\u00f1os en Ferrovial y 2 en Metrovacesa para conocer las distintas \u00e1reas del sector inmobiliario. 6. Tecnolog\u00eda: Pertenezco a un sector maduro que est\u00e1 obligado a reinventarse. Un reto que debe apoyarse en la innovaci\u00f3n y las nuevas tecnolog\u00edas<\/p>\n","protected":false},"author":1,"featured_media":2256,"parent":0,"menu_order":0,"comment_status":"closed","ping_status":"closed","template":"","meta":{"footnotes":""},"class_list":["post-2258","page","type-page","status-publish","has-post-thumbnail","hentry","has_thumb"],"yoast_head":"<!-- This site is optimized with the Yoast SEO plugin v27.4 - https:\/\/yoast.com\/product\/yoast-seo-wordpress\/ -->\n<title>Pablo P\u00e9rez - Empresa<\/title>\n<meta name=\"robots\" content=\"index, follow, max-snippet:-1, max-image-preview:large, max-video-preview:-1\" \/>\n<link rel=\"canonical\" href=\"https:\/\/www.euroresidentes.com\/empresa\/pablo-perez.html\" \/>\n<meta property=\"og:locale\" content=\"es_ES\" \/>\n<meta property=\"og:type\" content=\"article\" \/>\n<meta property=\"og:title\" content=\"Pablo P\u00e9rez - Empresa\" \/>\n<meta property=\"og:description\" content=\"1. Inquietud, curiosidad&#8230; Hago muchas preguntas. 2. Soy cari\u00f1oso y me encanta re\u00edr. 3. Una rareza: pintar las manos de las personas que aprecio. 4. Familia numerosa: amor, convivencia&#8230; y supervivencia. Tan parecidos y tan distintos. 5. Formaci\u00f3n: Arquitecto T\u00e9cnico en la Polit\u00e9cnica de Madrid. Ocho a\u00f1os en Ferrovial y 2 en Metrovacesa para conocer las distintas \u00e1reas del sector inmobiliario. 6. Tecnolog\u00eda: Pertenezco a un sector maduro que est\u00e1 obligado a reinventarse. Un reto que debe apoyarse en la innovaci\u00f3n y las nuevas tecnolog\u00edas\" \/>\n<meta property=\"og:url\" content=\"https:\/\/www.euroresidentes.com\/empresa\/pablo-perez.html\" \/>\n<meta property=\"og:site_name\" content=\"Empresa\" \/>\n<meta property=\"article:publisher\" content=\"https:\/\/www.facebook.com\/empresaemprendedores\/\" \/>\n<meta property=\"og:image\" content=\"https:\/\/www.euroresidentes.com\/empresa\/wp-content\/uploads\/2017\/01\/pablo-perez-manzano.jpeg\" \/>\n\t<meta property=\"og:image:width\" content=\"1024\" \/>\n\t<meta property=\"og:image:height\" content=\"1024\" \/>\n\t<meta property=\"og:image:type\" content=\"image\/jpeg\" \/>\n<meta name=\"twitter:card\" content=\"summary_large_image\" \/>\n<meta name=\"twitter:site\" content=\"@euroresidentes\" \/>\n<script type=\"application\/ld+json\" class=\"yoast-schema-graph\">{\"@context\":\"https:\\\/\\\/schema.org\",\"@graph\":[{\"@type\":\"WebPage\",\"@id\":\"https:\\\/\\\/www.euroresidentes.com\\\/empresa\\\/pablo-perez.html\",\"url\":\"https:\\\/\\\/www.euroresidentes.com\\\/empresa\\\/pablo-perez.html\",\"name\":\"Pablo P\u00e9rez - Empresa\",\"isPartOf\":{\"@id\":\"https:\\\/\\\/www.euroresidentes.com\\\/empresa\\\/#website\"},\"primaryImageOfPage\":{\"@id\":\"https:\\\/\\\/www.euroresidentes.com\\\/empresa\\\/pablo-perez.html#primaryimage\"},\"image\":{\"@id\":\"https:\\\/\\\/www.euroresidentes.com\\\/empresa\\\/pablo-perez.html#primaryimage\"},\"thumbnailUrl\":\"https:\\\/\\\/www.euroresidentes.com\\\/empresa\\\/wp-content\\\/uploads\\\/2017\\\/01\\\/pablo-perez-manzano.jpeg\",\"datePublished\":\"2017-01-09T14:13:36+00:00\",\"breadcrumb\":{\"@id\":\"https:\\\/\\\/www.euroresidentes.com\\\/empresa\\\/pablo-perez.html#breadcrumb\"},\"inLanguage\":\"es\",\"potentialAction\":[{\"@type\":\"ReadAction\",\"target\":[\"https:\\\/\\\/www.euroresidentes.com\\\/empresa\\\/pablo-perez.html\"]}]},{\"@type\":\"ImageObject\",\"inLanguage\":\"es\",\"@id\":\"https:\\\/\\\/www.euroresidentes.com\\\/empresa\\\/pablo-perez.html#primaryimage\",\"url\":\"https:\\\/\\\/www.euroresidentes.com\\\/empresa\\\/wp-content\\\/uploads\\\/2017\\\/01\\\/pablo-perez-manzano.jpeg\",\"contentUrl\":\"https:\\\/\\\/www.euroresidentes.com\\\/empresa\\\/wp-content\\\/uploads\\\/2017\\\/01\\\/pablo-perez-manzano.jpeg\",\"width\":1024,\"height\":1024},{\"@type\":\"BreadcrumbList\",\"@id\":\"https:\\\/\\\/www.euroresidentes.com\\\/empresa\\\/pablo-perez.html#breadcrumb\",\"itemListElement\":[{\"@type\":\"ListItem\",\"position\":1,\"name\":\"Portada\",\"item\":\"https:\\\/\\\/www.euroresidentes.com\\\/empresa\\\/\"},{\"@type\":\"ListItem\",\"position\":2,\"name\":\"Pablo P\u00e9rez\"}]},{\"@type\":\"WebSite\",\"@id\":\"https:\\\/\\\/www.euroresidentes.com\\\/empresa\\\/#website\",\"url\":\"https:\\\/\\\/www.euroresidentes.com\\\/empresa\\\/\",\"name\":\"Empresa\",\"description\":\"Empresa\",\"potentialAction\":[{\"@type\":\"SearchAction\",\"target\":{\"@type\":\"EntryPoint\",\"urlTemplate\":\"https:\\\/\\\/www.euroresidentes.com\\\/empresa\\\/?s={search_term_string}\"},\"query-input\":{\"@type\":\"PropertyValueSpecification\",\"valueRequired\":true,\"valueName\":\"search_term_string\"}}],\"inLanguage\":\"es\"}]}<\/script>\n<!-- \/ Yoast SEO plugin. -->","yoast_head_json":{"title":"Pablo P\u00e9rez - Empresa","robots":{"index":"index","follow":"follow","max-snippet":"max-snippet:-1","max-image-preview":"max-image-preview:large","max-video-preview":"max-video-preview:-1"},"canonical":"https:\/\/www.euroresidentes.com\/empresa\/pablo-perez.html","og_locale":"es_ES","og_type":"article","og_title":"Pablo P\u00e9rez - Empresa","og_description":"1. Inquietud, curiosidad&#8230; Hago muchas preguntas. 2. Soy cari\u00f1oso y me encanta re\u00edr. 3. Una rareza: pintar las manos de las personas que aprecio. 4. Familia numerosa: amor, convivencia&#8230; y supervivencia. Tan parecidos y tan distintos. 5. Formaci\u00f3n: Arquitecto T\u00e9cnico en la Polit\u00e9cnica de Madrid. Ocho a\u00f1os en Ferrovial y 2 en Metrovacesa para conocer las distintas \u00e1reas del sector inmobiliario. 6. Tecnolog\u00eda: Pertenezco a un sector maduro que est\u00e1 obligado a reinventarse. Un reto que debe apoyarse en la innovaci\u00f3n y las nuevas tecnolog\u00edas","og_url":"https:\/\/www.euroresidentes.com\/empresa\/pablo-perez.html","og_site_name":"Empresa","article_publisher":"https:\/\/www.facebook.com\/empresaemprendedores\/","og_image":[{"width":1024,"height":1024,"url":"https:\/\/www.euroresidentes.com\/empresa\/wp-content\/uploads\/2017\/01\/pablo-perez-manzano.jpeg","type":"image\/jpeg"}],"twitter_card":"summary_large_image","twitter_site":"@euroresidentes","schema":{"@context":"https:\/\/schema.org","@graph":[{"@type":"WebPage","@id":"https:\/\/www.euroresidentes.com\/empresa\/pablo-perez.html","url":"https:\/\/www.euroresidentes.com\/empresa\/pablo-perez.html","name":"Pablo P\u00e9rez - Empresa","isPartOf":{"@id":"https:\/\/www.euroresidentes.com\/empresa\/#website"},"primaryImageOfPage":{"@id":"https:\/\/www.euroresidentes.com\/empresa\/pablo-perez.html#primaryimage"},"image":{"@id":"https:\/\/www.euroresidentes.com\/empresa\/pablo-perez.html#primaryimage"},"thumbnailUrl":"https:\/\/www.euroresidentes.com\/empresa\/wp-content\/uploads\/2017\/01\/pablo-perez-manzano.jpeg","datePublished":"2017-01-09T14:13:36+00:00","breadcrumb":{"@id":"https:\/\/www.euroresidentes.com\/empresa\/pablo-perez.html#breadcrumb"},"inLanguage":"es","potentialAction":[{"@type":"ReadAction","target":["https:\/\/www.euroresidentes.com\/empresa\/pablo-perez.html"]}]},{"@type":"ImageObject","inLanguage":"es","@id":"https:\/\/www.euroresidentes.com\/empresa\/pablo-perez.html#primaryimage","url":"https:\/\/www.euroresidentes.com\/empresa\/wp-content\/uploads\/2017\/01\/pablo-perez-manzano.jpeg","contentUrl":"https:\/\/www.euroresidentes.com\/empresa\/wp-content\/uploads\/2017\/01\/pablo-perez-manzano.jpeg","width":1024,"height":1024},{"@type":"BreadcrumbList","@id":"https:\/\/www.euroresidentes.com\/empresa\/pablo-perez.html#breadcrumb","itemListElement":[{"@type":"ListItem","position":1,"name":"Portada","item":"https:\/\/www.euroresidentes.com\/empresa\/"},{"@type":"ListItem","position":2,"name":"Pablo P\u00e9rez"}]},{"@type":"WebSite","@id":"https:\/\/www.euroresidentes.com\/empresa\/#website","url":"https:\/\/www.euroresidentes.com\/empresa\/","name":"Empresa","description":"Empresa","potentialAction":[{"@type":"SearchAction","target":{"@type":"EntryPoint","urlTemplate":"https:\/\/www.euroresidentes.com\/empresa\/?s={search_term_string}"},"query-input":{"@type":"PropertyValueSpecification","valueRequired":true,"valueName":"search_term_string"}}],"inLanguage":"es"}]}},"_links":{"self":[{"href":"https:\/\/www.euroresidentes.com\/empresa\/wp-json\/wp\/v2\/pages\/2258","targetHints":{"allow":["GET"]}}],"collection":[{"href":"https:\/\/www.euroresidentes.com\/empresa\/wp-json\/wp\/v2\/pages"}],"about":[{"href":"https:\/\/www.euroresidentes.com\/empresa\/wp-json\/wp\/v2\/types\/page"}],"author":[{"embeddable":true,"href":"https:\/\/www.euroresidentes.com\/empresa\/wp-json\/wp\/v2\/users\/1"}],"replies":[{"embeddable":true,"href":"https:\/\/www.euroresidentes.com\/empresa\/wp-json\/wp\/v2\/comments?post=2258"}],"version-history":[{"count":1,"href":"https:\/\/www.euroresidentes.com\/empresa\/wp-json\/wp\/v2\/pages\/2258\/revisions"}],"predecessor-version":[{"id":2259,"href":"https:\/\/www.euroresidentes.com\/empresa\/wp-json\/wp\/v2\/pages\/2258\/revisions\/2259"}],"wp:featuredmedia":[{"embeddable":true,"href":"https:\/\/www.euroresidentes.com\/empresa\/wp-json\/wp\/v2\/media\/2256"}],"wp:attachment":[{"href":"https:\/\/www.euroresidentes.com\/empresa\/wp-json\/wp\/v2\/media?parent=2258"}],"curies":[{"name":"wp","href":"https:\/\/api.w.org\/{rel}","templated":true}]}}