
{"id":2207,"date":"2016-08-19T14:13:30","date_gmt":"2016-08-19T12:13:30","guid":{"rendered":"http:\/\/www.euroresidentes.com\/empresa\/?page_id=2207"},"modified":"2016-08-19T14:13:30","modified_gmt":"2016-08-19T12:13:30","slug":"xabier-lopez-sastre","status":"publish","type":"page","link":"https:\/\/www.euroresidentes.com\/empresa\/xabier-lopez-sastre.html","title":{"rendered":"Xabier L\u00f3pez Sastre"},"content":{"rendered":"<p style=\"text-align: center;\"><a href=\"http:\/\/www.euroresidentes.com\/empresa\/wp-content\/uploads\/2016\/08\/xabier-pagina-autor.jpg\"><img loading=\"lazy\" decoding=\"async\" class=\"aligncenter size-full wp-image-2208\" src=\"http:\/\/www.euroresidentes.com\/empresa\/wp-content\/uploads\/2016\/08\/xabier-pagina-autor.jpg\" alt=\"Xabier L\u00f3pez Sastre\" width=\"700\" height=\"525\" srcset=\"https:\/\/www.euroresidentes.com\/empresa\/wp-content\/uploads\/2016\/08\/xabier-pagina-autor.jpg 700w, https:\/\/www.euroresidentes.com\/empresa\/wp-content\/uploads\/2016\/08\/xabier-pagina-autor-300x225.jpg 300w\" sizes=\"auto, (max-width: 700px) 100vw, 700px\" \/><\/a><\/p>\n<p>&nbsp;<\/p>\n<h2 style=\"text-align: center;\">10 cosas sobre mi<\/h2>\n<p>&nbsp;<\/p>\n<p><strong>1.<\/strong> Apasionado del mundo empresarial y la tecnolog\u00eda, sobre todo de Apple (ll\u00e1mame fanboy)\u00a0\uf8ff<\/p>\n<p><strong>2.<\/strong>\u00a0Camino a convertirme en graduado en Administraci\u00f3n y Direcci\u00f3n de Empresas por la Universidad de Deusto.<\/p>\n<p><strong>3.<\/strong> Cin\u00e9filo empedernido, de los que llegan a ser pedantes conociendo los directores y el reparto de cada pel\u00edcula.<\/p>\n<p><strong>4.<\/strong> Tambi\u00e9n soy mel\u00f3mano como el que m\u00e1s. Me gusta todo tipo de m\u00fasica, si, incluso el reggaeton. Aunque soy de los que cree que la m\u00fasica que merece la pena ya est\u00e1 compuesta.<\/p>\n<p><strong>5.<\/strong> Una curiosidad, toco el piano \u266b aunque todos dicen que no me pega mucho<\/p>\n<p><strong>6.<\/strong> Hasta hace menos de un a\u00f1o era atleta de 100 y 200 metros, lo acabo de dejar.<\/p>\n<p><strong>7.<\/strong> Los viajes con amigos son lo mejor, pero nada de ir de mochilero, eso no va conmigo\u00a0\u30c4<\/p>\n<p><strong>8.<\/strong> Me encanta la comida de todo tipo, pero como vasco que soy no existe nada mejor que la gastronom\u00eda del Pa\u00eds Vasco.<\/p>\n<p><strong>9.<\/strong> Aprendo con cada experiencia y soy de los que piensa que hay que ser autodidacta y que el estudiar no termina con el paso por la universidad.<\/p>\n<p><strong>10.<\/strong> Ahora mismo me encuentro viviendo una experiencia incre\u00edble en Estados Unidos\u00a0\u2708<\/p>\n","protected":false},"excerpt":{"rendered":"<p>&nbsp; 10 cosas sobre mi &nbsp; 1. Apasionado del mundo empresarial y la tecnolog\u00eda, sobre todo de Apple (ll\u00e1mame fanboy)\u00a0\uf8ff 2.\u00a0Camino a convertirme en graduado en Administraci\u00f3n y Direcci\u00f3n de Empresas por la Universidad de Deusto. 3. Cin\u00e9filo empedernido, de los que llegan a ser pedantes conociendo los directores y el reparto de cada pel\u00edcula. 4. Tambi\u00e9n soy mel\u00f3mano como el que m\u00e1s. Me gusta todo tipo de m\u00fasica, si, incluso el reggaeton. Aunque soy de los que cree que la m\u00fasica que merece la pena ya est\u00e1 compuesta. 5. Una curiosidad, toco el piano \u266b aunque todos dicen que <\/p>\n","protected":false},"author":1,"featured_media":2208,"parent":0,"menu_order":0,"comment_status":"closed","ping_status":"closed","template":"page-author.php","meta":{"footnotes":""},"class_list":["post-2207","page","type-page","status-publish","has-post-thumbnail","hentry","has_thumb"],"yoast_head":"<!-- This site is optimized with the Yoast SEO plugin v27.4 - https:\/\/yoast.com\/product\/yoast-seo-wordpress\/ -->\n<title>Xabier L\u00f3pez Sastre - Empresa<\/title>\n<meta name=\"description\" content=\"Apasionado de las finanzas, del mundo empresarial y la tecnolog\u00eda. Cin\u00e9filo empedernido, deportista y fil\u00e1ntropo en mis ratos libres.\" \/>\n<meta name=\"robots\" content=\"index, follow, max-snippet:-1, max-image-preview:large, max-video-preview:-1\" \/>\n<link rel=\"canonical\" href=\"https:\/\/www.euroresidentes.com\/empresa\/xabier-lopez-sastre.html\" \/>\n<meta property=\"og:locale\" content=\"es_ES\" \/>\n<meta property=\"og:type\" content=\"article\" \/>\n<meta property=\"og:title\" content=\"Xabier L\u00f3pez Sastre - Empresa\" \/>\n<meta property=\"og:description\" content=\"Apasionado de las finanzas, del mundo empresarial y la tecnolog\u00eda. Cin\u00e9filo empedernido, deportista y fil\u00e1ntropo en mis ratos libres.\" \/>\n<meta property=\"og:url\" content=\"https:\/\/www.euroresidentes.com\/empresa\/xabier-lopez-sastre.html\" \/>\n<meta property=\"og:site_name\" content=\"Empresa\" \/>\n<meta property=\"article:publisher\" content=\"https:\/\/www.facebook.com\/empresaemprendedores\/\" \/>\n<meta property=\"og:image\" content=\"https:\/\/www.euroresidentes.com\/empresa\/wp-content\/uploads\/2016\/08\/xabier-pagina-autor.jpg\" \/>\n\t<meta property=\"og:image:width\" content=\"700\" \/>\n\t<meta property=\"og:image:height\" content=\"525\" \/>\n\t<meta property=\"og:image:type\" content=\"image\/jpeg\" \/>\n<meta name=\"twitter:card\" content=\"summary_large_image\" \/>\n<meta name=\"twitter:site\" content=\"@euroresidentes\" \/>\n<meta name=\"twitter:label1\" content=\"Est. reading time\" \/>\n\t<meta name=\"twitter:data1\" content=\"1 minuto\" \/>\n<script type=\"application\/ld+json\" class=\"yoast-schema-graph\">{\"@context\":\"https:\\\/\\\/schema.org\",\"@graph\":[{\"@type\":\"WebPage\",\"@id\":\"https:\\\/\\\/www.euroresidentes.com\\\/empresa\\\/xabier-lopez-sastre.html\",\"url\":\"https:\\\/\\\/www.euroresidentes.com\\\/empresa\\\/xabier-lopez-sastre.html\",\"name\":\"Xabier L\u00f3pez Sastre - Empresa\",\"isPartOf\":{\"@id\":\"https:\\\/\\\/www.euroresidentes.com\\\/empresa\\\/#website\"},\"primaryImageOfPage\":{\"@id\":\"https:\\\/\\\/www.euroresidentes.com\\\/empresa\\\/xabier-lopez-sastre.html#primaryimage\"},\"image\":{\"@id\":\"https:\\\/\\\/www.euroresidentes.com\\\/empresa\\\/xabier-lopez-sastre.html#primaryimage\"},\"thumbnailUrl\":\"https:\\\/\\\/www.euroresidentes.com\\\/empresa\\\/wp-content\\\/uploads\\\/2016\\\/08\\\/xabier-pagina-autor.jpg\",\"datePublished\":\"2016-08-19T12:13:30+00:00\",\"description\":\"Apasionado de las finanzas, del mundo empresarial y la tecnolog\u00eda. Cin\u00e9filo empedernido, deportista y fil\u00e1ntropo en mis ratos libres.\",\"breadcrumb\":{\"@id\":\"https:\\\/\\\/www.euroresidentes.com\\\/empresa\\\/xabier-lopez-sastre.html#breadcrumb\"},\"inLanguage\":\"es\",\"potentialAction\":[{\"@type\":\"ReadAction\",\"target\":[\"https:\\\/\\\/www.euroresidentes.com\\\/empresa\\\/xabier-lopez-sastre.html\"]}]},{\"@type\":\"ImageObject\",\"inLanguage\":\"es\",\"@id\":\"https:\\\/\\\/www.euroresidentes.com\\\/empresa\\\/xabier-lopez-sastre.html#primaryimage\",\"url\":\"https:\\\/\\\/www.euroresidentes.com\\\/empresa\\\/wp-content\\\/uploads\\\/2016\\\/08\\\/xabier-pagina-autor.jpg\",\"contentUrl\":\"https:\\\/\\\/www.euroresidentes.com\\\/empresa\\\/wp-content\\\/uploads\\\/2016\\\/08\\\/xabier-pagina-autor.jpg\",\"width\":700,\"height\":525,\"caption\":\"Xabier L\u00f3pez Sastre\"},{\"@type\":\"BreadcrumbList\",\"@id\":\"https:\\\/\\\/www.euroresidentes.com\\\/empresa\\\/xabier-lopez-sastre.html#breadcrumb\",\"itemListElement\":[{\"@type\":\"ListItem\",\"position\":1,\"name\":\"Portada\",\"item\":\"https:\\\/\\\/www.euroresidentes.com\\\/empresa\\\/\"},{\"@type\":\"ListItem\",\"position\":2,\"name\":\"Xabier L\u00f3pez Sastre\"}]},{\"@type\":\"WebSite\",\"@id\":\"https:\\\/\\\/www.euroresidentes.com\\\/empresa\\\/#website\",\"url\":\"https:\\\/\\\/www.euroresidentes.com\\\/empresa\\\/\",\"name\":\"Empresa\",\"description\":\"Empresa\",\"potentialAction\":[{\"@type\":\"SearchAction\",\"target\":{\"@type\":\"EntryPoint\",\"urlTemplate\":\"https:\\\/\\\/www.euroresidentes.com\\\/empresa\\\/?s={search_term_string}\"},\"query-input\":{\"@type\":\"PropertyValueSpecification\",\"valueRequired\":true,\"valueName\":\"search_term_string\"}}],\"inLanguage\":\"es\"}]}<\/script>\n<!-- \/ Yoast SEO plugin. -->","yoast_head_json":{"title":"Xabier L\u00f3pez Sastre - Empresa","description":"Apasionado de las finanzas, del mundo empresarial y la tecnolog\u00eda. Cin\u00e9filo empedernido, deportista y fil\u00e1ntropo en mis ratos libres.","robots":{"index":"index","follow":"follow","max-snippet":"max-snippet:-1","max-image-preview":"max-image-preview:large","max-video-preview":"max-video-preview:-1"},"canonical":"https:\/\/www.euroresidentes.com\/empresa\/xabier-lopez-sastre.html","og_locale":"es_ES","og_type":"article","og_title":"Xabier L\u00f3pez Sastre - Empresa","og_description":"Apasionado de las finanzas, del mundo empresarial y la tecnolog\u00eda. Cin\u00e9filo empedernido, deportista y fil\u00e1ntropo en mis ratos libres.","og_url":"https:\/\/www.euroresidentes.com\/empresa\/xabier-lopez-sastre.html","og_site_name":"Empresa","article_publisher":"https:\/\/www.facebook.com\/empresaemprendedores\/","og_image":[{"width":700,"height":525,"url":"https:\/\/www.euroresidentes.com\/empresa\/wp-content\/uploads\/2016\/08\/xabier-pagina-autor.jpg","type":"image\/jpeg"}],"twitter_card":"summary_large_image","twitter_site":"@euroresidentes","twitter_misc":{"Est. reading time":"1 minuto"},"schema":{"@context":"https:\/\/schema.org","@graph":[{"@type":"WebPage","@id":"https:\/\/www.euroresidentes.com\/empresa\/xabier-lopez-sastre.html","url":"https:\/\/www.euroresidentes.com\/empresa\/xabier-lopez-sastre.html","name":"Xabier L\u00f3pez Sastre - Empresa","isPartOf":{"@id":"https:\/\/www.euroresidentes.com\/empresa\/#website"},"primaryImageOfPage":{"@id":"https:\/\/www.euroresidentes.com\/empresa\/xabier-lopez-sastre.html#primaryimage"},"image":{"@id":"https:\/\/www.euroresidentes.com\/empresa\/xabier-lopez-sastre.html#primaryimage"},"thumbnailUrl":"https:\/\/www.euroresidentes.com\/empresa\/wp-content\/uploads\/2016\/08\/xabier-pagina-autor.jpg","datePublished":"2016-08-19T12:13:30+00:00","description":"Apasionado de las finanzas, del mundo empresarial y la tecnolog\u00eda. Cin\u00e9filo empedernido, deportista y fil\u00e1ntropo en mis ratos libres.","breadcrumb":{"@id":"https:\/\/www.euroresidentes.com\/empresa\/xabier-lopez-sastre.html#breadcrumb"},"inLanguage":"es","potentialAction":[{"@type":"ReadAction","target":["https:\/\/www.euroresidentes.com\/empresa\/xabier-lopez-sastre.html"]}]},{"@type":"ImageObject","inLanguage":"es","@id":"https:\/\/www.euroresidentes.com\/empresa\/xabier-lopez-sastre.html#primaryimage","url":"https:\/\/www.euroresidentes.com\/empresa\/wp-content\/uploads\/2016\/08\/xabier-pagina-autor.jpg","contentUrl":"https:\/\/www.euroresidentes.com\/empresa\/wp-content\/uploads\/2016\/08\/xabier-pagina-autor.jpg","width":700,"height":525,"caption":"Xabier L\u00f3pez Sastre"},{"@type":"BreadcrumbList","@id":"https:\/\/www.euroresidentes.com\/empresa\/xabier-lopez-sastre.html#breadcrumb","itemListElement":[{"@type":"ListItem","position":1,"name":"Portada","item":"https:\/\/www.euroresidentes.com\/empresa\/"},{"@type":"ListItem","position":2,"name":"Xabier L\u00f3pez Sastre"}]},{"@type":"WebSite","@id":"https:\/\/www.euroresidentes.com\/empresa\/#website","url":"https:\/\/www.euroresidentes.com\/empresa\/","name":"Empresa","description":"Empresa","potentialAction":[{"@type":"SearchAction","target":{"@type":"EntryPoint","urlTemplate":"https:\/\/www.euroresidentes.com\/empresa\/?s={search_term_string}"},"query-input":{"@type":"PropertyValueSpecification","valueRequired":true,"valueName":"search_term_string"}}],"inLanguage":"es"}]}},"_links":{"self":[{"href":"https:\/\/www.euroresidentes.com\/empresa\/wp-json\/wp\/v2\/pages\/2207","targetHints":{"allow":["GET"]}}],"collection":[{"href":"https:\/\/www.euroresidentes.com\/empresa\/wp-json\/wp\/v2\/pages"}],"about":[{"href":"https:\/\/www.euroresidentes.com\/empresa\/wp-json\/wp\/v2\/types\/page"}],"author":[{"embeddable":true,"href":"https:\/\/www.euroresidentes.com\/empresa\/wp-json\/wp\/v2\/users\/1"}],"replies":[{"embeddable":true,"href":"https:\/\/www.euroresidentes.com\/empresa\/wp-json\/wp\/v2\/comments?post=2207"}],"version-history":[{"count":2,"href":"https:\/\/www.euroresidentes.com\/empresa\/wp-json\/wp\/v2\/pages\/2207\/revisions"}],"predecessor-version":[{"id":2210,"href":"https:\/\/www.euroresidentes.com\/empresa\/wp-json\/wp\/v2\/pages\/2207\/revisions\/2210"}],"wp:featuredmedia":[{"embeddable":true,"href":"https:\/\/www.euroresidentes.com\/empresa\/wp-json\/wp\/v2\/media\/2208"}],"wp:attachment":[{"href":"https:\/\/www.euroresidentes.com\/empresa\/wp-json\/wp\/v2\/media?parent=2207"}],"curies":[{"name":"wp","href":"https:\/\/api.w.org\/{rel}","templated":true}]}}