
{"id":2153,"date":"2016-08-02T14:34:22","date_gmt":"2016-08-02T12:34:22","guid":{"rendered":"http:\/\/www.euroresidentes.com\/empresa\/?page_id=2153"},"modified":"2016-08-31T15:50:18","modified_gmt":"2016-08-31T13:50:18","slug":"suscripcion-empresa","status":"publish","type":"page","link":"https:\/\/www.euroresidentes.com\/empresa\/suscripcion-empresa.html","title":{"rendered":"Suscripci\u00f3n Empresa"},"content":{"rendered":"<div class=\"col-xs-12\" style=\"background-color: white; margin: 0 auto; margin-bottom: 15px; padding: 0;\"><img decoding=\"async\" class=\"img-responsive\" style=\"width: 100%;\" src=\"https:\/\/www.euroresidentes.com\/img\/empresa-ok.jpg\" alt=\"Revisa tu correo\" \/><\/p>\n<div class=\"btn btn-danger btn-newsletter\" style=\"width:60%; min-width: 200px;\"><a style=\"color: white;\" href=\"https:\/\/www.euroresidentes.com\/empresa\/\"> Volver a empresa<\/a><\/div>\n<div class=\"col-xs-12 text-center\">\n<h5 style=\"font-size:15px;\">Otros blogs: <\/h5>\n<p style=\"font-size: 17px;\">\n<a style=\"color: lightslategray;\" href=\"http:\/\/fin-tech.es\/\"><strong>Fin-Tech<\/strong><\/a> | <a style=\"color: lightslategray;\" href=\"https:\/\/www.euroresidentes.com\/empresa\/motivacion\/\"><strong>Motivaci\u00f3n<\/strong><\/a> | <a style=\"color: lightslategray;\" href=\"https:\/\/www.euroresidentes.com\/empresa\/liderazgo\/\"> <strong>Liderazgo<\/strong><\/a> | <a style=\"color: lightslategray;\" href=\"https:\/\/www.euroresidentes.com\/tecnologia\/\"><strong>Tecnolog\u00eda<\/strong><\/a>\n<\/p>\n<\/div>\n<\/div>\n","protected":false},"excerpt":{"rendered":"<p>Volver a empresa Otros blogs: Fin-Tech | Motivaci\u00f3n | Liderazgo | Tecnolog\u00eda<\/p>\n","protected":false},"author":1,"featured_media":0,"parent":0,"menu_order":0,"comment_status":"closed","ping_status":"closed","template":"page-newsletterThanks.php","meta":{"footnotes":""},"class_list":["post-2153","page","type-page","status-publish","hentry"],"yoast_head":"<!-- This site is optimized with the Yoast SEO plugin v27.3 - https:\/\/yoast.com\/product\/yoast-seo-wordpress\/ -->\n<title>Suscripci\u00f3n Empresa - Empresa<\/title>\n<meta name=\"robots\" content=\"index, follow, max-snippet:-1, max-image-preview:large, max-video-preview:-1\" \/>\n<link rel=\"canonical\" href=\"https:\/\/www.euroresidentes.com\/empresa\/suscripcion-empresa.html\" \/>\n<meta property=\"og:locale\" content=\"es_ES\" \/>\n<meta property=\"og:type\" content=\"article\" \/>\n<meta property=\"og:title\" content=\"Suscripci\u00f3n Empresa - Empresa\" \/>\n<meta property=\"og:description\" content=\"Volver a empresa Otros blogs: Fin-Tech | Motivaci\u00f3n | Liderazgo | Tecnolog\u00eda\" \/>\n<meta property=\"og:url\" content=\"https:\/\/www.euroresidentes.com\/empresa\/suscripcion-empresa.html\" \/>\n<meta property=\"og:site_name\" content=\"Empresa\" \/>\n<meta property=\"article:publisher\" content=\"https:\/\/www.facebook.com\/empresaemprendedores\/\" \/>\n<meta property=\"article:modified_time\" content=\"2016-08-31T13:50:18+00:00\" \/>\n<meta property=\"og:image\" content=\"https:\/\/www.euroresidentes.com\/img\/empresa-ok.jpg\" \/>\n<meta name=\"twitter:card\" content=\"summary_large_image\" \/>\n<meta name=\"twitter:site\" content=\"@euroresidentes\" \/>\n<script type=\"application\/ld+json\" class=\"yoast-schema-graph\">{\"@context\":\"https:\\\/\\\/schema.org\",\"@graph\":[{\"@type\":\"WebPage\",\"@id\":\"https:\\\/\\\/www.euroresidentes.com\\\/empresa\\\/suscripcion-empresa.html\",\"url\":\"https:\\\/\\\/www.euroresidentes.com\\\/empresa\\\/suscripcion-empresa.html\",\"name\":\"Suscripci\u00f3n Empresa - Empresa\",\"isPartOf\":{\"@id\":\"https:\\\/\\\/www.euroresidentes.com\\\/empresa\\\/#website\"},\"primaryImageOfPage\":{\"@id\":\"https:\\\/\\\/www.euroresidentes.com\\\/empresa\\\/suscripcion-empresa.html#primaryimage\"},\"image\":{\"@id\":\"https:\\\/\\\/www.euroresidentes.com\\\/empresa\\\/suscripcion-empresa.html#primaryimage\"},\"thumbnailUrl\":\"https:\\\/\\\/www.euroresidentes.com\\\/img\\\/empresa-ok.jpg\",\"datePublished\":\"2016-08-02T12:34:22+00:00\",\"dateModified\":\"2016-08-31T13:50:18+00:00\",\"breadcrumb\":{\"@id\":\"https:\\\/\\\/www.euroresidentes.com\\\/empresa\\\/suscripcion-empresa.html#breadcrumb\"},\"inLanguage\":\"es\",\"potentialAction\":[{\"@type\":\"ReadAction\",\"target\":[\"https:\\\/\\\/www.euroresidentes.com\\\/empresa\\\/suscripcion-empresa.html\"]}]},{\"@type\":\"ImageObject\",\"inLanguage\":\"es\",\"@id\":\"https:\\\/\\\/www.euroresidentes.com\\\/empresa\\\/suscripcion-empresa.html#primaryimage\",\"url\":\"https:\\\/\\\/www.euroresidentes.com\\\/img\\\/empresa-ok.jpg\",\"contentUrl\":\"https:\\\/\\\/www.euroresidentes.com\\\/img\\\/empresa-ok.jpg\"},{\"@type\":\"BreadcrumbList\",\"@id\":\"https:\\\/\\\/www.euroresidentes.com\\\/empresa\\\/suscripcion-empresa.html#breadcrumb\",\"itemListElement\":[{\"@type\":\"ListItem\",\"position\":1,\"name\":\"Portada\",\"item\":\"https:\\\/\\\/www.euroresidentes.com\\\/empresa\\\/\"},{\"@type\":\"ListItem\",\"position\":2,\"name\":\"Suscripci\u00f3n Empresa\"}]},{\"@type\":\"WebSite\",\"@id\":\"https:\\\/\\\/www.euroresidentes.com\\\/empresa\\\/#website\",\"url\":\"https:\\\/\\\/www.euroresidentes.com\\\/empresa\\\/\",\"name\":\"Empresa\",\"description\":\"Empresa\",\"potentialAction\":[{\"@type\":\"SearchAction\",\"target\":{\"@type\":\"EntryPoint\",\"urlTemplate\":\"https:\\\/\\\/www.euroresidentes.com\\\/empresa\\\/?s={search_term_string}\"},\"query-input\":{\"@type\":\"PropertyValueSpecification\",\"valueRequired\":true,\"valueName\":\"search_term_string\"}}],\"inLanguage\":\"es\"}]}<\/script>\n<!-- \/ Yoast SEO plugin. -->","yoast_head_json":{"title":"Suscripci\u00f3n Empresa - Empresa","robots":{"index":"index","follow":"follow","max-snippet":"max-snippet:-1","max-image-preview":"max-image-preview:large","max-video-preview":"max-video-preview:-1"},"canonical":"https:\/\/www.euroresidentes.com\/empresa\/suscripcion-empresa.html","og_locale":"es_ES","og_type":"article","og_title":"Suscripci\u00f3n Empresa - Empresa","og_description":"Volver a empresa Otros blogs: Fin-Tech | Motivaci\u00f3n | Liderazgo | Tecnolog\u00eda","og_url":"https:\/\/www.euroresidentes.com\/empresa\/suscripcion-empresa.html","og_site_name":"Empresa","article_publisher":"https:\/\/www.facebook.com\/empresaemprendedores\/","article_modified_time":"2016-08-31T13:50:18+00:00","og_image":[{"url":"https:\/\/www.euroresidentes.com\/img\/empresa-ok.jpg","type":"","width":"","height":""}],"twitter_card":"summary_large_image","twitter_site":"@euroresidentes","schema":{"@context":"https:\/\/schema.org","@graph":[{"@type":"WebPage","@id":"https:\/\/www.euroresidentes.com\/empresa\/suscripcion-empresa.html","url":"https:\/\/www.euroresidentes.com\/empresa\/suscripcion-empresa.html","name":"Suscripci\u00f3n Empresa - Empresa","isPartOf":{"@id":"https:\/\/www.euroresidentes.com\/empresa\/#website"},"primaryImageOfPage":{"@id":"https:\/\/www.euroresidentes.com\/empresa\/suscripcion-empresa.html#primaryimage"},"image":{"@id":"https:\/\/www.euroresidentes.com\/empresa\/suscripcion-empresa.html#primaryimage"},"thumbnailUrl":"https:\/\/www.euroresidentes.com\/img\/empresa-ok.jpg","datePublished":"2016-08-02T12:34:22+00:00","dateModified":"2016-08-31T13:50:18+00:00","breadcrumb":{"@id":"https:\/\/www.euroresidentes.com\/empresa\/suscripcion-empresa.html#breadcrumb"},"inLanguage":"es","potentialAction":[{"@type":"ReadAction","target":["https:\/\/www.euroresidentes.com\/empresa\/suscripcion-empresa.html"]}]},{"@type":"ImageObject","inLanguage":"es","@id":"https:\/\/www.euroresidentes.com\/empresa\/suscripcion-empresa.html#primaryimage","url":"https:\/\/www.euroresidentes.com\/img\/empresa-ok.jpg","contentUrl":"https:\/\/www.euroresidentes.com\/img\/empresa-ok.jpg"},{"@type":"BreadcrumbList","@id":"https:\/\/www.euroresidentes.com\/empresa\/suscripcion-empresa.html#breadcrumb","itemListElement":[{"@type":"ListItem","position":1,"name":"Portada","item":"https:\/\/www.euroresidentes.com\/empresa\/"},{"@type":"ListItem","position":2,"name":"Suscripci\u00f3n Empresa"}]},{"@type":"WebSite","@id":"https:\/\/www.euroresidentes.com\/empresa\/#website","url":"https:\/\/www.euroresidentes.com\/empresa\/","name":"Empresa","description":"Empresa","potentialAction":[{"@type":"SearchAction","target":{"@type":"EntryPoint","urlTemplate":"https:\/\/www.euroresidentes.com\/empresa\/?s={search_term_string}"},"query-input":{"@type":"PropertyValueSpecification","valueRequired":true,"valueName":"search_term_string"}}],"inLanguage":"es"}]}},"_links":{"self":[{"href":"https:\/\/www.euroresidentes.com\/empresa\/wp-json\/wp\/v2\/pages\/2153","targetHints":{"allow":["GET"]}}],"collection":[{"href":"https:\/\/www.euroresidentes.com\/empresa\/wp-json\/wp\/v2\/pages"}],"about":[{"href":"https:\/\/www.euroresidentes.com\/empresa\/wp-json\/wp\/v2\/types\/page"}],"author":[{"embeddable":true,"href":"https:\/\/www.euroresidentes.com\/empresa\/wp-json\/wp\/v2\/users\/1"}],"replies":[{"embeddable":true,"href":"https:\/\/www.euroresidentes.com\/empresa\/wp-json\/wp\/v2\/comments?post=2153"}],"version-history":[{"count":32,"href":"https:\/\/www.euroresidentes.com\/empresa\/wp-json\/wp\/v2\/pages\/2153\/revisions"}],"predecessor-version":[{"id":2238,"href":"https:\/\/www.euroresidentes.com\/empresa\/wp-json\/wp\/v2\/pages\/2153\/revisions\/2238"}],"wp:attachment":[{"href":"https:\/\/www.euroresidentes.com\/empresa\/wp-json\/wp\/v2\/media?parent=2153"}],"curies":[{"name":"wp","href":"https:\/\/api.w.org\/{rel}","templated":true}]}}