
{"id":2007,"date":"2016-03-16T13:24:58","date_gmt":"2016-03-16T13:24:58","guid":{"rendered":"http:\/\/www.euroresidentes.com\/empresa\/?page_id=2007"},"modified":"2016-08-23T15:26:12","modified_gmt":"2016-08-23T13:26:12","slug":"angel-angulo","status":"publish","type":"page","link":"https:\/\/www.euroresidentes.com\/empresa\/angel-angulo.html","title":{"rendered":"\u00c1ngel Angulo"},"content":{"rendered":"<p>\u00c1ngel Angulo es licenciado en Sociolog\u00eda en la especialidad de marketing y publicidad. Desde hace 12 a\u00f1os trabaja en el mundo de Internet en el grupo Editorial Prensa Ib\u00e9rica, siendo durante varios a\u00f1os el encargado del \u00e1rea de anal\u00edtica, posicionamiento, publicidad y dise\u00f1o web. Actualmente es del director de negocio online.<\/p>\n<p><a href=\"http:\/\/www.euroresidentes.com\/empresa\/wp-content\/uploads\/2016\/03\/angel_angulo-perfil.jpg\"><img loading=\"lazy\" decoding=\"async\" class=\"aligncenter wp-image-2008 size-full\" src=\"http:\/\/www.euroresidentes.com\/empresa\/wp-content\/uploads\/2016\/03\/angel_angulo-perfil.jpg\" alt=\"\u00c1ngel Angulo\" width=\"500\" height=\"500\" srcset=\"https:\/\/www.euroresidentes.com\/empresa\/wp-content\/uploads\/2016\/03\/angel_angulo-perfil.jpg 500w, https:\/\/www.euroresidentes.com\/empresa\/wp-content\/uploads\/2016\/03\/angel_angulo-perfil-150x150.jpg 150w, https:\/\/www.euroresidentes.com\/empresa\/wp-content\/uploads\/2016\/03\/angel_angulo-perfil-300x300.jpg 300w, https:\/\/www.euroresidentes.com\/empresa\/wp-content\/uploads\/2016\/03\/angel_angulo-perfil-75x75.jpg 75w\" sizes=\"auto, (max-width: 500px) 100vw, 500px\" \/><\/a><\/p>\n<h2 style=\"text-align: center;\">10 cosas sobre mi<\/h2>\n<p><strong>1.<\/strong> Comenz\u00f3 su andadura profesional como investigador de mercados y agente de desarrollo local en el ayuntamiento de un municipio de la provincia de Alicante.<\/p>\n<p><strong>2.<\/strong> Durante 3 a\u00f1os fue el encargado del \u00e1rea de creaci\u00f3n de empresas de la Universidad de Alicante, asesorando a los emprendedores a elaborar planes de empresa y estudiar la viabilidad del negocio. Ayud\u00f3 a montar uno de los primeros \u201cvivieros de empresas\u201d para emprendedores.<\/p>\n<p><strong>3.<\/strong> Le gusta la ense\u00f1anza y la universidad. Colabora como profesor honorario dando clases de publicidad online en el master de programaci\u00f3n web y como profesor en el Unimooc Aemprende.<\/p>\n<p><strong>4.<\/strong> Convencido que en este sector siempre hay que estar aprendiendo y teniendo la mente abierta. Actualmente ha hecho sus pinitos elaborando y presentando un programa de televisi\u00f3n sobre tecnolog\u00eda.<\/p>\n<p><strong>5.<\/strong> Es un apasionado de su trabajo. Si le preguntas por publicidad o negocio web corres el riesgo de quedar dos d\u00edas atrapado en medio de una infumable charla \ud83d\ude09<\/p>\n<p><strong>6.<\/strong> Socio fundador de la Asociaci\u00f3n Espa\u00f1ola de Medios de Comunicaci\u00f3n Online (MediosOn). Considera esta experiencia como uno de los \u201cthink tank\u201d m\u00e1s enriquecedores que se han dado en la industria y que le ha servido como aprendizaje con los mejores del sector.<\/p>\n<p><strong>7.<\/strong> Le gusta la gente humilde que generalmente suele ser inteligente. Trata de tenerlos cerca y pedir consejo.<\/p>\n<p><strong>8.<\/strong> Se siente mediterr\u00e1neo. Ama el mar. Y si pudiera elegir un destino de vacaciones y retiro ser\u00eda cualquier isla de Baleares.<\/p>\n<p><strong>9.<\/strong> Amante del deporte como medio para liberar estr\u00e9s y crear disciplinas de trabajo. Aprovecha la rutina semanal de los viajes para conocer las ciudades haciendo running.<\/p>\n<p><strong>10.<\/strong> Se siente afortunado de vivir en primera persona y de ser parte de la mayor transformaci\u00f3n que ha vivido la industria de los medios de comunicaci\u00f3n.<\/p>\n","protected":false},"excerpt":{"rendered":"<p>\u00c1ngel Angulo es licenciado en Sociolog\u00eda en la especialidad de marketing y publicidad. Desde hace 12 a\u00f1os trabaja en el mundo de Internet en el grupo Editorial Prensa Ib\u00e9rica, siendo durante varios a\u00f1os el encargado del \u00e1rea de anal\u00edtica, posicionamiento, publicidad y dise\u00f1o web. Actualmente es del director de negocio online. 10 cosas sobre mi 1. Comenz\u00f3 su andadura profesional como investigador de mercados y agente de desarrollo local en el ayuntamiento de un municipio de la provincia de Alicante. 2. Durante 3 a\u00f1os fue el encargado del \u00e1rea de creaci\u00f3n de empresas de la Universidad de Alicante, asesorando a <\/p>\n","protected":false},"author":1,"featured_media":2008,"parent":0,"menu_order":0,"comment_status":"closed","ping_status":"closed","template":"","meta":{"footnotes":""},"class_list":["post-2007","page","type-page","status-publish","has-post-thumbnail","hentry","has_thumb"],"yoast_head":"<!-- This site is optimized with the Yoast SEO plugin v27.4 - https:\/\/yoast.com\/product\/yoast-seo-wordpress\/ -->\n<title>\u00c1ngel Angulo - Empresa<\/title>\n<meta name=\"description\" content=\"\u00c1ngel Angulo, licenciado en Sociolog\u00eda en la especialidad de marketing y publicidad. Desde hace muchos a\u00f1os trabaja en el mundo de Internet.\" \/>\n<meta name=\"robots\" content=\"index, follow, max-snippet:-1, max-image-preview:large, max-video-preview:-1\" \/>\n<link rel=\"canonical\" href=\"https:\/\/www.euroresidentes.com\/empresa\/angel-angulo.html\" \/>\n<meta property=\"og:locale\" content=\"es_ES\" \/>\n<meta property=\"og:type\" content=\"article\" \/>\n<meta property=\"og:title\" content=\"\u00c1ngel Angulo - Empresa\" \/>\n<meta property=\"og:description\" content=\"\u00c1ngel Angulo, licenciado en Sociolog\u00eda en la especialidad de marketing y publicidad. Desde hace muchos a\u00f1os trabaja en el mundo de Internet.\" \/>\n<meta property=\"og:url\" content=\"https:\/\/www.euroresidentes.com\/empresa\/angel-angulo.html\" \/>\n<meta property=\"og:site_name\" content=\"Empresa\" \/>\n<meta property=\"article:publisher\" content=\"https:\/\/www.facebook.com\/empresaemprendedores\/\" \/>\n<meta property=\"article:modified_time\" content=\"2016-08-23T13:26:12+00:00\" \/>\n<meta property=\"og:image\" content=\"https:\/\/www.euroresidentes.com\/empresa\/wp-content\/uploads\/2016\/03\/angel_angulo-perfil.jpg\" \/>\n\t<meta property=\"og:image:width\" content=\"500\" \/>\n\t<meta property=\"og:image:height\" content=\"500\" \/>\n\t<meta property=\"og:image:type\" content=\"image\/jpeg\" \/>\n<meta name=\"twitter:card\" content=\"summary_large_image\" \/>\n<meta name=\"twitter:site\" content=\"@euroresidentes\" \/>\n<meta name=\"twitter:label1\" content=\"Est. reading time\" \/>\n\t<meta name=\"twitter:data1\" content=\"2 minutos\" \/>\n<script type=\"application\/ld+json\" class=\"yoast-schema-graph\">{\"@context\":\"https:\\\/\\\/schema.org\",\"@graph\":[{\"@type\":\"WebPage\",\"@id\":\"https:\\\/\\\/www.euroresidentes.com\\\/empresa\\\/angel-angulo.html\",\"url\":\"https:\\\/\\\/www.euroresidentes.com\\\/empresa\\\/angel-angulo.html\",\"name\":\"\u00c1ngel Angulo - Empresa\",\"isPartOf\":{\"@id\":\"https:\\\/\\\/www.euroresidentes.com\\\/empresa\\\/#website\"},\"primaryImageOfPage\":{\"@id\":\"https:\\\/\\\/www.euroresidentes.com\\\/empresa\\\/angel-angulo.html#primaryimage\"},\"image\":{\"@id\":\"https:\\\/\\\/www.euroresidentes.com\\\/empresa\\\/angel-angulo.html#primaryimage\"},\"thumbnailUrl\":\"https:\\\/\\\/www.euroresidentes.com\\\/empresa\\\/wp-content\\\/uploads\\\/2016\\\/03\\\/angel_angulo-perfil.jpg\",\"datePublished\":\"2016-03-16T13:24:58+00:00\",\"dateModified\":\"2016-08-23T13:26:12+00:00\",\"description\":\"\u00c1ngel Angulo, licenciado en Sociolog\u00eda en la especialidad de marketing y publicidad. Desde hace muchos a\u00f1os trabaja en el mundo de Internet.\",\"breadcrumb\":{\"@id\":\"https:\\\/\\\/www.euroresidentes.com\\\/empresa\\\/angel-angulo.html#breadcrumb\"},\"inLanguage\":\"es\",\"potentialAction\":[{\"@type\":\"ReadAction\",\"target\":[\"https:\\\/\\\/www.euroresidentes.com\\\/empresa\\\/angel-angulo.html\"]}]},{\"@type\":\"ImageObject\",\"inLanguage\":\"es\",\"@id\":\"https:\\\/\\\/www.euroresidentes.com\\\/empresa\\\/angel-angulo.html#primaryimage\",\"url\":\"https:\\\/\\\/www.euroresidentes.com\\\/empresa\\\/wp-content\\\/uploads\\\/2016\\\/03\\\/angel_angulo-perfil.jpg\",\"contentUrl\":\"https:\\\/\\\/www.euroresidentes.com\\\/empresa\\\/wp-content\\\/uploads\\\/2016\\\/03\\\/angel_angulo-perfil.jpg\",\"width\":500,\"height\":500,\"caption\":\"\u00c1ngel Angulo\"},{\"@type\":\"BreadcrumbList\",\"@id\":\"https:\\\/\\\/www.euroresidentes.com\\\/empresa\\\/angel-angulo.html#breadcrumb\",\"itemListElement\":[{\"@type\":\"ListItem\",\"position\":1,\"name\":\"Portada\",\"item\":\"https:\\\/\\\/www.euroresidentes.com\\\/empresa\\\/\"},{\"@type\":\"ListItem\",\"position\":2,\"name\":\"\u00c1ngel Angulo\"}]},{\"@type\":\"WebSite\",\"@id\":\"https:\\\/\\\/www.euroresidentes.com\\\/empresa\\\/#website\",\"url\":\"https:\\\/\\\/www.euroresidentes.com\\\/empresa\\\/\",\"name\":\"Empresa\",\"description\":\"Empresa\",\"potentialAction\":[{\"@type\":\"SearchAction\",\"target\":{\"@type\":\"EntryPoint\",\"urlTemplate\":\"https:\\\/\\\/www.euroresidentes.com\\\/empresa\\\/?s={search_term_string}\"},\"query-input\":{\"@type\":\"PropertyValueSpecification\",\"valueRequired\":true,\"valueName\":\"search_term_string\"}}],\"inLanguage\":\"es\"}]}<\/script>\n<!-- \/ Yoast SEO plugin. -->","yoast_head_json":{"title":"\u00c1ngel Angulo - Empresa","description":"\u00c1ngel Angulo, licenciado en Sociolog\u00eda en la especialidad de marketing y publicidad. Desde hace muchos a\u00f1os trabaja en el mundo de Internet.","robots":{"index":"index","follow":"follow","max-snippet":"max-snippet:-1","max-image-preview":"max-image-preview:large","max-video-preview":"max-video-preview:-1"},"canonical":"https:\/\/www.euroresidentes.com\/empresa\/angel-angulo.html","og_locale":"es_ES","og_type":"article","og_title":"\u00c1ngel Angulo - Empresa","og_description":"\u00c1ngel Angulo, licenciado en Sociolog\u00eda en la especialidad de marketing y publicidad. Desde hace muchos a\u00f1os trabaja en el mundo de Internet.","og_url":"https:\/\/www.euroresidentes.com\/empresa\/angel-angulo.html","og_site_name":"Empresa","article_publisher":"https:\/\/www.facebook.com\/empresaemprendedores\/","article_modified_time":"2016-08-23T13:26:12+00:00","og_image":[{"width":500,"height":500,"url":"https:\/\/www.euroresidentes.com\/empresa\/wp-content\/uploads\/2016\/03\/angel_angulo-perfil.jpg","type":"image\/jpeg"}],"twitter_card":"summary_large_image","twitter_site":"@euroresidentes","twitter_misc":{"Est. reading time":"2 minutos"},"schema":{"@context":"https:\/\/schema.org","@graph":[{"@type":"WebPage","@id":"https:\/\/www.euroresidentes.com\/empresa\/angel-angulo.html","url":"https:\/\/www.euroresidentes.com\/empresa\/angel-angulo.html","name":"\u00c1ngel Angulo - Empresa","isPartOf":{"@id":"https:\/\/www.euroresidentes.com\/empresa\/#website"},"primaryImageOfPage":{"@id":"https:\/\/www.euroresidentes.com\/empresa\/angel-angulo.html#primaryimage"},"image":{"@id":"https:\/\/www.euroresidentes.com\/empresa\/angel-angulo.html#primaryimage"},"thumbnailUrl":"https:\/\/www.euroresidentes.com\/empresa\/wp-content\/uploads\/2016\/03\/angel_angulo-perfil.jpg","datePublished":"2016-03-16T13:24:58+00:00","dateModified":"2016-08-23T13:26:12+00:00","description":"\u00c1ngel Angulo, licenciado en Sociolog\u00eda en la especialidad de marketing y publicidad. Desde hace muchos a\u00f1os trabaja en el mundo de Internet.","breadcrumb":{"@id":"https:\/\/www.euroresidentes.com\/empresa\/angel-angulo.html#breadcrumb"},"inLanguage":"es","potentialAction":[{"@type":"ReadAction","target":["https:\/\/www.euroresidentes.com\/empresa\/angel-angulo.html"]}]},{"@type":"ImageObject","inLanguage":"es","@id":"https:\/\/www.euroresidentes.com\/empresa\/angel-angulo.html#primaryimage","url":"https:\/\/www.euroresidentes.com\/empresa\/wp-content\/uploads\/2016\/03\/angel_angulo-perfil.jpg","contentUrl":"https:\/\/www.euroresidentes.com\/empresa\/wp-content\/uploads\/2016\/03\/angel_angulo-perfil.jpg","width":500,"height":500,"caption":"\u00c1ngel Angulo"},{"@type":"BreadcrumbList","@id":"https:\/\/www.euroresidentes.com\/empresa\/angel-angulo.html#breadcrumb","itemListElement":[{"@type":"ListItem","position":1,"name":"Portada","item":"https:\/\/www.euroresidentes.com\/empresa\/"},{"@type":"ListItem","position":2,"name":"\u00c1ngel Angulo"}]},{"@type":"WebSite","@id":"https:\/\/www.euroresidentes.com\/empresa\/#website","url":"https:\/\/www.euroresidentes.com\/empresa\/","name":"Empresa","description":"Empresa","potentialAction":[{"@type":"SearchAction","target":{"@type":"EntryPoint","urlTemplate":"https:\/\/www.euroresidentes.com\/empresa\/?s={search_term_string}"},"query-input":{"@type":"PropertyValueSpecification","valueRequired":true,"valueName":"search_term_string"}}],"inLanguage":"es"}]}},"_links":{"self":[{"href":"https:\/\/www.euroresidentes.com\/empresa\/wp-json\/wp\/v2\/pages\/2007","targetHints":{"allow":["GET"]}}],"collection":[{"href":"https:\/\/www.euroresidentes.com\/empresa\/wp-json\/wp\/v2\/pages"}],"about":[{"href":"https:\/\/www.euroresidentes.com\/empresa\/wp-json\/wp\/v2\/types\/page"}],"author":[{"embeddable":true,"href":"https:\/\/www.euroresidentes.com\/empresa\/wp-json\/wp\/v2\/users\/1"}],"replies":[{"embeddable":true,"href":"https:\/\/www.euroresidentes.com\/empresa\/wp-json\/wp\/v2\/comments?post=2007"}],"version-history":[{"count":3,"href":"https:\/\/www.euroresidentes.com\/empresa\/wp-json\/wp\/v2\/pages\/2007\/revisions"}],"predecessor-version":[{"id":2215,"href":"https:\/\/www.euroresidentes.com\/empresa\/wp-json\/wp\/v2\/pages\/2007\/revisions\/2215"}],"wp:featuredmedia":[{"embeddable":true,"href":"https:\/\/www.euroresidentes.com\/empresa\/wp-json\/wp\/v2\/media\/2008"}],"wp:attachment":[{"href":"https:\/\/www.euroresidentes.com\/empresa\/wp-json\/wp\/v2\/media?parent=2007"}],"curies":[{"name":"wp","href":"https:\/\/api.w.org\/{rel}","templated":true}]}}