
{"id":1964,"date":"2016-01-27T14:23:15","date_gmt":"2016-01-27T14:23:15","guid":{"rendered":"http:\/\/www.euroresidentes.com\/empresa\/?page_id=1964"},"modified":"2017-05-22T11:40:28","modified_gmt":"2017-05-22T09:40:28","slug":"loli-pedreno","status":"publish","type":"page","link":"https:\/\/www.euroresidentes.com\/empresa\/loli-pedreno.html","title":{"rendered":"Loli Pedre\u00f1o"},"content":{"rendered":"<h3 style=\"text-align: center;\"><a href=\"http:\/\/www.euroresidentes.com\/empresa\/wp-content\/uploads\/2016\/01\/loli-pedreno.jpg\"><img loading=\"lazy\" decoding=\"async\" class=\"aligncenter size-full wp-image-2224\" src=\"http:\/\/www.euroresidentes.com\/empresa\/wp-content\/uploads\/2016\/01\/loli-pedreno.jpg\" alt=\"Loli Pedre\u00f1o Lloret\" width=\"700\" height=\"525\" srcset=\"https:\/\/www.euroresidentes.com\/empresa\/wp-content\/uploads\/2016\/01\/loli-pedreno.jpg 700w, https:\/\/www.euroresidentes.com\/empresa\/wp-content\/uploads\/2016\/01\/loli-pedreno-300x225.jpg 300w, https:\/\/www.euroresidentes.com\/empresa\/wp-content\/uploads\/2016\/01\/loli-pedreno-396x297.jpg 396w\" sizes=\"auto, (max-width: 700px) 100vw, 700px\" \/><\/a><\/h3>\n<h3 style=\"text-align: center;\">\u00a015 cosas sobre\u00a0mi<\/h3>\n<p>&nbsp;<\/p>\n<div>1.\u00a0Una de las cosas que me han resultado\u00a0<b>m\u00e1s dif\u00edcil<\/b>\u00a0de escribir son 15 cosas sobre m\u00ed.<\/div>\n<div><\/div>\n<div><\/div>\n<div align=\"center\"><iframe loading=\"lazy\" class=\"giphy-embed\" src=\"https:\/\/giphy.com\/embed\/3o7btPCcdNniyf0ArS\" width=\"480\" height=\"268\" frameborder=\"0\" allowfullscreen=\"allowfullscreen\"><\/iframe><br \/>\n<a href=\"https:\/\/giphy.com\/gifs\/cbc-comedy-what-3o7btPCcdNniyf0ArS\">via GIPHY<\/a><\/div>\n<div><\/div>\n<p>2. <strong>Licenciada en Publicidad y RRPP<\/strong>. Formada en CM. Llevo bastante tiempo dedic\u00e1ndome al marketing digital y a las redes sociales. Me gusta estar al d\u00eda, innovar y proponer nuevas ideas, tendencias\u2026<\/p>\n<p>&nbsp;<\/p>\n<div align=\"center\">\n<p><iframe loading=\"lazy\" class=\"giphy-embed\" src=\"https:\/\/giphy.com\/embed\/14cilFdQzr8hG0\" width=\"480\" height=\"270\" frameborder=\"0\" allowfullscreen=\"allowfullscreen\"><\/iframe><br \/>\n<a href=\"https:\/\/giphy.com\/gifs\/reaction-like-facebook-14cilFdQzr8hG0\">via GIPHY<\/a><\/p>\n<\/div>\n<div>\n<div>\n<p><span style=\"font-weight: 400;\">3. He trabajado de\u00a0<\/span><b>community manager\u00a0<\/b><span style=\"font-weight: 400;\">en varias compa\u00f1\u00edas, administrando y gestionando comunidades tan diferentes c\u00f3mo, Alzheimer, gastronom\u00eda y salud. <\/span><b>Blogger\u00a0<\/b><span style=\"font-weight: 400;\">de tem\u00e1ticas como Internet de las Cosas, las ciudades inteligentes, publicidad \u00a0y algunas m\u00e1s.<\/span><\/p>\n<\/div>\n<div><\/div>\n<div class=\"separator\" style=\"clear: both; text-align: center;\"><a style=\"margin-left: 1em; margin-right: 1em;\" href=\"http:\/\/3.bp.blogspot.com\/-IjCwDjR_hJQ\/VaY4pOZYG0I\/AAAAAAAAGDo\/jtT847pIxMg\/s1600\/risa3.gif\"><img loading=\"lazy\" decoding=\"async\" class=\"\" src=\"http:\/\/3.bp.blogspot.com\/-IjCwDjR_hJQ\/VaY4pOZYG0I\/AAAAAAAAGDo\/jtT847pIxMg\/s320\/risa3.gif\" alt=\"\" width=\"472\" height=\"283\" border=\"0\" \/><\/a><\/div>\n<div class=\"separator\" style=\"clear: both; text-align: center;\"><\/div>\n<div>4.\u00a0<span style=\"font-weight: 400;\">He formado parte de un estupendo equipo del portal\u00a0<\/span><a href=\"http:\/\/estudiantes.info\/\"><span style=\"font-weight: 400;\">estudiantes.info<\/span><\/a><span style=\"font-weight: 400;\">, a trav\u00e9s del proyecto\u00a0<\/span><b>\u201cTu espacio Joven\u201d<\/b><span style=\"font-weight: 400;\">.<\/span><\/div>\n<div><\/div>\n<div class=\"separator\" style=\"clear: both; text-align: center;\"><a style=\"margin-left: 1em; margin-right: 1em;\" href=\"http:\/\/2.bp.blogspot.com\/-MbkN-kdPzEQ\/VaY4u6PE7MI\/AAAAAAAAGDw\/Vet4PZ0MxPw\/s1600\/jovenes.gif\"><img loading=\"lazy\" decoding=\"async\" class=\"\" src=\"http:\/\/2.bp.blogspot.com\/-MbkN-kdPzEQ\/VaY4u6PE7MI\/AAAAAAAAGDw\/Vet4PZ0MxPw\/s320\/jovenes.gif\" alt=\"\" width=\"471\" height=\"328\" border=\"0\" \/><\/a><\/div>\n<p>&nbsp;<\/p>\n<div>5. <span style=\"font-weight: 400;\">Viv\u00ed un a\u00f1o en\u00a0<\/span><b>Canad\u00e1<\/b><span style=\"font-weight: 400;\">, estudiando. Llegu\u00e9 a soportar temperaturas de -30\u00ba C, aunque odio el fr\u00edo, mereci\u00f3 la pena ya que fue una experiencia \u00fanica.<\/span><span style=\"font-weight: 400;\"><br \/>\n<\/span><\/div>\n<\/div>\n<div><\/div>\n<div class=\"separator\" style=\"clear: both; text-align: center;\"><\/div>\n<div class=\"separator\" style=\"clear: both; text-align: center;\"><a style=\"margin-left: 1em; margin-right: 1em;\" href=\"http:\/\/4.bp.blogspot.com\/-UB_bTyZ6Cto\/VaY86JfcGeI\/AAAAAAAAGFk\/Ff1Z-Ha_w4w\/s1600\/3.gif\"><img loading=\"lazy\" decoding=\"async\" class=\"\" src=\"http:\/\/4.bp.blogspot.com\/-UB_bTyZ6Cto\/VaY86JfcGeI\/AAAAAAAAGFk\/Ff1Z-Ha_w4w\/s320\/3.gif\" alt=\"\" width=\"462\" height=\"275\" border=\"0\" \/><\/a><\/div>\n<p>&nbsp;<\/p>\n<div>\n<div>6.\u00a0<span style=\"font-weight: 400;\">Si\u00a0<\/span><b>viajar<\/b><span style=\"font-weight: 400;\">\u00a0fuese gratis, s\u00f3lo permanecer\u00eda en un sitio lo suficiente hasta comer 3 veces en el mismo lugar.<\/span><\/div>\n<div><\/div>\n<div class=\"separator\" style=\"clear: both; text-align: center;\"><a style=\"margin-left: 1em; margin-right: 1em;\" href=\"http:\/\/3.bp.blogspot.com\/-dExpjAoiZd8\/VaY5CtV-HbI\/AAAAAAAAGEA\/X0n5IcTyIMI\/s1600\/4-2.gif\"><img loading=\"lazy\" decoding=\"async\" class=\"\" src=\"http:\/\/3.bp.blogspot.com\/-dExpjAoiZd8\/VaY5CtV-HbI\/AAAAAAAAGEA\/X0n5IcTyIMI\/s320\/4-2.gif\" alt=\"\" width=\"410\" height=\"400\" border=\"0\" \/><\/a><\/div>\n<p>&nbsp;<\/p>\n<p>7. En el \u00faltimo a\u00f1o he vivido en Madrid y viajado a Rep\u00fablica Dominicana, Berl\u00edn, San Francisco, Jap\u00f3n e India. Mientras estudiaba un m\u00e1ster de emprendimiento e innovaci\u00f3n y aprend\u00eda millones de cosas, entre ellas, lo complicado que es aprender y lo bonito que es vivir.<\/p>\n<div align=\"center\">\n<p><iframe loading=\"lazy\" class=\"giphy-embed\" src=\"https:\/\/giphy.com\/embed\/5GoVLqeAOo6PK\" width=\"480\" height=\"375\" frameborder=\"0\" allowfullscreen=\"allowfullscreen\"><\/iframe><br \/>\n<a href=\"https:\/\/giphy.com\/gifs\/excited-screaming-jonah-hill-5GoVLqeAOo6PK\">via GIPHY<\/a><\/p>\n<\/div>\n<div>8. Disfruto comiendo <b>queso <\/b>como un leopardo corriendo en libertad.<\/div>\n<div><\/div>\n<div class=\"separator\" style=\"clear: both; text-align: center;\"><a style=\"margin-left: 1em; margin-right: 1em;\" href=\"http:\/\/1.bp.blogspot.com\/-ZZAs-WvTSRU\/VaY5P0MmjBI\/AAAAAAAAGEI\/aVvSUopXQgU\/s1600\/5.gif\"><img loading=\"lazy\" decoding=\"async\" class=\"\" src=\"http:\/\/1.bp.blogspot.com\/-ZZAs-WvTSRU\/VaY5P0MmjBI\/AAAAAAAAGEI\/aVvSUopXQgU\/s320\/5.gif\" alt=\"\" width=\"466\" height=\"256\" border=\"0\" \/><\/a><\/div>\n<p>&nbsp;<\/p>\n<div>9. Soy muy fan del pensamiento de que el dinero no da la felicidad <b>si no se comparte<\/b><\/div>\n<div class=\"separator\" style=\"clear: both; text-align: center;\"><\/div>\n<div class=\"separator\" style=\"clear: both; text-align: center;\"><a style=\"margin-left: 1em; margin-right: 1em;\" href=\"http:\/\/1.bp.blogspot.com\/-XTDTxRm4nbQ\/VaY5g8EkkbI\/AAAAAAAAGEY\/ifczzNNG1d8\/s1600\/6.gif\"><img loading=\"lazy\" decoding=\"async\" class=\"\" src=\"http:\/\/1.bp.blogspot.com\/-XTDTxRm4nbQ\/VaY5g8EkkbI\/AAAAAAAAGEY\/ifczzNNG1d8\/s320\/6.gif\" alt=\"\" width=\"426\" height=\"266\" border=\"0\" \/><\/a><\/div>\n<p>&nbsp;<\/p>\n<div>10. Mis mejores amigos me describen como una amiga, <b>de las de verdad<\/b>. Es algo de lo que me siento muy orgullosa y feliz por ello.<\/div>\n<div><\/div>\n<div class=\"separator\" style=\"clear: both; text-align: center;\"><\/div>\n<div class=\"separator\" style=\"clear: both; text-align: center;\"><a style=\"margin-left: 1em; margin-right: 1em;\" href=\"http:\/\/3.bp.blogspot.com\/-_sROJ0s-PFg\/VaY54wNqxEI\/AAAAAAAAGEo\/o1Cx0uwoP5g\/s1600\/7%2B%25282%2529.gif\"><img loading=\"lazy\" decoding=\"async\" class=\"\" src=\"http:\/\/3.bp.blogspot.com\/-_sROJ0s-PFg\/VaY54wNqxEI\/AAAAAAAAGEo\/o1Cx0uwoP5g\/s320\/7%2B%25282%2529.gif\" alt=\"\" width=\"423\" height=\"318\" border=\"0\" \/><\/a><\/div>\n<div>11. <span style=\"font-weight: 400;\">Mi mayor p\u00e1nico: los<\/span><b>\u00a0insectos<\/b><span style=\"font-weight: 400;\">\u00a0y las personas que se comportan como ellos, te molestan y no te aportar\u00e1n nunca ning\u00fan beneficio.<\/span><\/div>\n<div><\/div>\n<div class=\"separator\" style=\"clear: both; text-align: center;\"><a style=\"margin-left: 1em; margin-right: 1em;\" href=\"http:\/\/1.bp.blogspot.com\/-qlBNAL3PFRw\/VaY6LusJOLI\/AAAAAAAAGE4\/9Q48-_7mwho\/s1600\/9.gif\"><img loading=\"lazy\" decoding=\"async\" src=\"http:\/\/1.bp.blogspot.com\/-qlBNAL3PFRw\/VaY6LusJOLI\/AAAAAAAAGE4\/9Q48-_7mwho\/s320\/9.gif\" alt=\"\" width=\"320\" height=\"239\" border=\"0\" \/><\/a><\/div>\n<div><\/div>\n<div>12. Me encanta <b>dormir <\/b>pero trato de no hacerlo mucho, me tira m\u00e1s el miedo a perder el tiempo.<\/div>\n<div><\/div>\n<div class=\"separator\" style=\"clear: both; text-align: center;\"><a style=\"margin-left: 1em; margin-right: 1em;\" href=\"http:\/\/4.bp.blogspot.com\/-wL5uvim7g6o\/VaY6UH6HT2I\/AAAAAAAAGFA\/sMt4_zHL3bw\/s1600\/sleep.gif\"><img loading=\"lazy\" decoding=\"async\" src=\"http:\/\/4.bp.blogspot.com\/-wL5uvim7g6o\/VaY6UH6HT2I\/AAAAAAAAGFA\/sMt4_zHL3bw\/s320\/sleep.gif\" alt=\"\" width=\"320\" height=\"179\" border=\"0\" \/><\/a><\/div>\n<p>&nbsp;<\/p>\n<\/div>\n<div>13. <b>Nac\u00ed martes 13 <\/b>y me encanta el sentido del humor inteligente<\/div>\n<div><\/div>\n<div align=\"center\">\n<p><iframe loading=\"lazy\" class=\"giphy-embed\" src=\"https:\/\/giphy.com\/embed\/ZqlvCTNHpqrio\" width=\"480\" height=\"259\" frameborder=\"0\" allowfullscreen=\"allowfullscreen\"><\/iframe><a href=\"https:\/\/giphy.com\/gifs\/laughing-despicable-me-minions-ZqlvCTNHpqrio\">via GIPHY<\/a><\/p>\n<\/div>\n<div>14. Me gusta ver <b>dibujos<\/b> animados y comer <b>comida<\/b> basura, considero que una parte de mi aun es una ni\u00f1a<\/div>\n<div><\/div>\n<div class=\"separator\" style=\"clear: both; text-align: center;\"><a style=\"margin-left: 1em; margin-right: 1em;\" href=\"http:\/\/2.bp.blogspot.com\/-8wgD1WnO4IM\/VaY6j10h02I\/AAAAAAAAGFQ\/BJE2cylngrw\/s1600\/pizza.gif\"><img loading=\"lazy\" decoding=\"async\" src=\"http:\/\/2.bp.blogspot.com\/-8wgD1WnO4IM\/VaY6j10h02I\/AAAAAAAAGFQ\/BJE2cylngrw\/s320\/pizza.gif\" alt=\"\" width=\"320\" height=\"177\" border=\"0\" \/><\/a><\/div>\n<p>&nbsp;<\/p>\n<div>15. <b>Adoro a los perros<\/b>. Me encantan los gatos, aunque va relacionado el amor rec\u00edproco entre nosotros con \u00a0la alergia que tengo.<\/div>\n<div><\/div>\n<div class=\"separator\" style=\"clear: both; text-align: center;\"><a style=\"margin-left: 1em; margin-right: 1em;\" href=\"http:\/\/4.bp.blogspot.com\/-XStMIUrgJj8\/VaY6qNKFzyI\/AAAAAAAAGFY\/QNqKSuu4QCA\/s1600\/perro.gif\"><img loading=\"lazy\" decoding=\"async\" src=\"http:\/\/4.bp.blogspot.com\/-XStMIUrgJj8\/VaY6qNKFzyI\/AAAAAAAAGFY\/QNqKSuu4QCA\/s320\/perro.gif\" alt=\"\" width=\"320\" height=\"136\" border=\"0\" \/><\/a><\/div>\n","protected":false},"excerpt":{"rendered":"<p>\u00a015 cosas sobre\u00a0mi &nbsp; 1.\u00a0Una de las cosas que me han resultado\u00a0m\u00e1s dif\u00edcil\u00a0de escribir son 15 cosas sobre m\u00ed. via GIPHY 2. Licenciada en Publicidad y RRPP. Formada en CM. Llevo bastante tiempo dedic\u00e1ndome al marketing digital y a las redes sociales. Me gusta estar al d\u00eda, innovar y proponer nuevas ideas, tendencias\u2026 &nbsp; via GIPHY 3. He trabajado de\u00a0community manager\u00a0en varias compa\u00f1\u00edas, administrando y gestionando comunidades tan diferentes c\u00f3mo, Alzheimer, gastronom\u00eda y salud. Blogger\u00a0de tem\u00e1ticas como Internet de las Cosas, las ciudades inteligentes, publicidad \u00a0y algunas m\u00e1s. 4.\u00a0He formado parte de un estupendo equipo del portal\u00a0estudiantes.info, a trav\u00e9s del <\/p>\n","protected":false},"author":1,"featured_media":2224,"parent":0,"menu_order":0,"comment_status":"open","ping_status":"open","template":"page-author.php","meta":{"footnotes":""},"class_list":["post-1964","page","type-page","status-publish","has-post-thumbnail","hentry","has_thumb"],"yoast_head":"<!-- This site is optimized with the Yoast SEO plugin v27.5 - https:\/\/yoast.com\/product\/yoast-seo-wordpress\/ -->\n<title>Loli Pedre\u00f1o - Empresa<\/title>\n<meta name=\"robots\" content=\"index, follow, max-snippet:-1, max-image-preview:large, max-video-preview:-1\" \/>\n<link rel=\"canonical\" href=\"https:\/\/www.euroresidentes.com\/empresa\/loli-pedreno.html\" \/>\n<meta property=\"og:locale\" content=\"es_ES\" \/>\n<meta property=\"og:type\" content=\"article\" \/>\n<meta property=\"og:title\" content=\"Loli Pedre\u00f1o - Empresa\" \/>\n<meta property=\"og:description\" content=\"\u00a015 cosas sobre\u00a0mi &nbsp; 1.\u00a0Una de las cosas que me han resultado\u00a0m\u00e1s dif\u00edcil\u00a0de escribir son 15 cosas sobre m\u00ed. via GIPHY 2. Licenciada en Publicidad y RRPP. Formada en CM. Llevo bastante tiempo dedic\u00e1ndome al marketing digital y a las redes sociales. Me gusta estar al d\u00eda, innovar y proponer nuevas ideas, tendencias\u2026 &nbsp; via GIPHY 3. He trabajado de\u00a0community manager\u00a0en varias compa\u00f1\u00edas, administrando y gestionando comunidades tan diferentes c\u00f3mo, Alzheimer, gastronom\u00eda y salud. Blogger\u00a0de tem\u00e1ticas como Internet de las Cosas, las ciudades inteligentes, publicidad \u00a0y algunas m\u00e1s. 4.\u00a0He formado parte de un estupendo equipo del portal\u00a0estudiantes.info, a trav\u00e9s del\" \/>\n<meta property=\"og:url\" content=\"https:\/\/www.euroresidentes.com\/empresa\/loli-pedreno.html\" \/>\n<meta property=\"og:site_name\" content=\"Empresa\" \/>\n<meta property=\"article:publisher\" content=\"https:\/\/www.facebook.com\/empresaemprendedores\/\" \/>\n<meta property=\"article:modified_time\" content=\"2017-05-22T09:40:28+00:00\" \/>\n<meta property=\"og:image\" content=\"https:\/\/www.euroresidentes.com\/empresa\/wp-content\/uploads\/2016\/01\/loli-pedreno.jpg\" \/>\n\t<meta property=\"og:image:width\" content=\"700\" \/>\n\t<meta property=\"og:image:height\" content=\"525\" \/>\n\t<meta property=\"og:image:type\" content=\"image\/jpeg\" \/>\n<meta name=\"twitter:card\" content=\"summary_large_image\" \/>\n<meta name=\"twitter:site\" content=\"@euroresidentes\" \/>\n<meta name=\"twitter:label1\" content=\"Est. reading time\" \/>\n\t<meta name=\"twitter:data1\" content=\"2 minutos\" \/>\n<script type=\"application\/ld+json\" class=\"yoast-schema-graph\">{\"@context\":\"https:\\\/\\\/schema.org\",\"@graph\":[{\"@type\":\"WebPage\",\"@id\":\"https:\\\/\\\/www.euroresidentes.com\\\/empresa\\\/loli-pedreno.html\",\"url\":\"https:\\\/\\\/www.euroresidentes.com\\\/empresa\\\/loli-pedreno.html\",\"name\":\"Loli Pedre\u00f1o - Empresa\",\"isPartOf\":{\"@id\":\"https:\\\/\\\/www.euroresidentes.com\\\/empresa\\\/#website\"},\"primaryImageOfPage\":{\"@id\":\"https:\\\/\\\/www.euroresidentes.com\\\/empresa\\\/loli-pedreno.html#primaryimage\"},\"image\":{\"@id\":\"https:\\\/\\\/www.euroresidentes.com\\\/empresa\\\/loli-pedreno.html#primaryimage\"},\"thumbnailUrl\":\"https:\\\/\\\/www.euroresidentes.com\\\/empresa\\\/wp-content\\\/uploads\\\/2016\\\/01\\\/loli-pedreno.jpg\",\"datePublished\":\"2016-01-27T14:23:15+00:00\",\"dateModified\":\"2017-05-22T09:40:28+00:00\",\"breadcrumb\":{\"@id\":\"https:\\\/\\\/www.euroresidentes.com\\\/empresa\\\/loli-pedreno.html#breadcrumb\"},\"inLanguage\":\"es\",\"potentialAction\":[{\"@type\":\"ReadAction\",\"target\":[\"https:\\\/\\\/www.euroresidentes.com\\\/empresa\\\/loli-pedreno.html\"]}]},{\"@type\":\"ImageObject\",\"inLanguage\":\"es\",\"@id\":\"https:\\\/\\\/www.euroresidentes.com\\\/empresa\\\/loli-pedreno.html#primaryimage\",\"url\":\"https:\\\/\\\/www.euroresidentes.com\\\/empresa\\\/wp-content\\\/uploads\\\/2016\\\/01\\\/loli-pedreno.jpg\",\"contentUrl\":\"https:\\\/\\\/www.euroresidentes.com\\\/empresa\\\/wp-content\\\/uploads\\\/2016\\\/01\\\/loli-pedreno.jpg\",\"width\":700,\"height\":525,\"caption\":\"Loli Pedre\u00f1o Lloret\"},{\"@type\":\"BreadcrumbList\",\"@id\":\"https:\\\/\\\/www.euroresidentes.com\\\/empresa\\\/loli-pedreno.html#breadcrumb\",\"itemListElement\":[{\"@type\":\"ListItem\",\"position\":1,\"name\":\"Portada\",\"item\":\"https:\\\/\\\/www.euroresidentes.com\\\/empresa\\\/\"},{\"@type\":\"ListItem\",\"position\":2,\"name\":\"Loli Pedre\u00f1o\"}]},{\"@type\":\"WebSite\",\"@id\":\"https:\\\/\\\/www.euroresidentes.com\\\/empresa\\\/#website\",\"url\":\"https:\\\/\\\/www.euroresidentes.com\\\/empresa\\\/\",\"name\":\"Empresa\",\"description\":\"Empresa\",\"potentialAction\":[{\"@type\":\"SearchAction\",\"target\":{\"@type\":\"EntryPoint\",\"urlTemplate\":\"https:\\\/\\\/www.euroresidentes.com\\\/empresa\\\/?s={search_term_string}\"},\"query-input\":{\"@type\":\"PropertyValueSpecification\",\"valueRequired\":true,\"valueName\":\"search_term_string\"}}],\"inLanguage\":\"es\"}]}<\/script>\n<!-- \/ Yoast SEO plugin. -->","yoast_head_json":{"title":"Loli Pedre\u00f1o - Empresa","robots":{"index":"index","follow":"follow","max-snippet":"max-snippet:-1","max-image-preview":"max-image-preview:large","max-video-preview":"max-video-preview:-1"},"canonical":"https:\/\/www.euroresidentes.com\/empresa\/loli-pedreno.html","og_locale":"es_ES","og_type":"article","og_title":"Loli Pedre\u00f1o - Empresa","og_description":"\u00a015 cosas sobre\u00a0mi &nbsp; 1.\u00a0Una de las cosas que me han resultado\u00a0m\u00e1s dif\u00edcil\u00a0de escribir son 15 cosas sobre m\u00ed. via GIPHY 2. Licenciada en Publicidad y RRPP. Formada en CM. Llevo bastante tiempo dedic\u00e1ndome al marketing digital y a las redes sociales. Me gusta estar al d\u00eda, innovar y proponer nuevas ideas, tendencias\u2026 &nbsp; via GIPHY 3. He trabajado de\u00a0community manager\u00a0en varias compa\u00f1\u00edas, administrando y gestionando comunidades tan diferentes c\u00f3mo, Alzheimer, gastronom\u00eda y salud. Blogger\u00a0de tem\u00e1ticas como Internet de las Cosas, las ciudades inteligentes, publicidad \u00a0y algunas m\u00e1s. 4.\u00a0He formado parte de un estupendo equipo del portal\u00a0estudiantes.info, a trav\u00e9s del","og_url":"https:\/\/www.euroresidentes.com\/empresa\/loli-pedreno.html","og_site_name":"Empresa","article_publisher":"https:\/\/www.facebook.com\/empresaemprendedores\/","article_modified_time":"2017-05-22T09:40:28+00:00","og_image":[{"width":700,"height":525,"url":"https:\/\/www.euroresidentes.com\/empresa\/wp-content\/uploads\/2016\/01\/loli-pedreno.jpg","type":"image\/jpeg"}],"twitter_card":"summary_large_image","twitter_site":"@euroresidentes","twitter_misc":{"Est. reading time":"2 minutos"},"schema":{"@context":"https:\/\/schema.org","@graph":[{"@type":"WebPage","@id":"https:\/\/www.euroresidentes.com\/empresa\/loli-pedreno.html","url":"https:\/\/www.euroresidentes.com\/empresa\/loli-pedreno.html","name":"Loli Pedre\u00f1o - Empresa","isPartOf":{"@id":"https:\/\/www.euroresidentes.com\/empresa\/#website"},"primaryImageOfPage":{"@id":"https:\/\/www.euroresidentes.com\/empresa\/loli-pedreno.html#primaryimage"},"image":{"@id":"https:\/\/www.euroresidentes.com\/empresa\/loli-pedreno.html#primaryimage"},"thumbnailUrl":"https:\/\/www.euroresidentes.com\/empresa\/wp-content\/uploads\/2016\/01\/loli-pedreno.jpg","datePublished":"2016-01-27T14:23:15+00:00","dateModified":"2017-05-22T09:40:28+00:00","breadcrumb":{"@id":"https:\/\/www.euroresidentes.com\/empresa\/loli-pedreno.html#breadcrumb"},"inLanguage":"es","potentialAction":[{"@type":"ReadAction","target":["https:\/\/www.euroresidentes.com\/empresa\/loli-pedreno.html"]}]},{"@type":"ImageObject","inLanguage":"es","@id":"https:\/\/www.euroresidentes.com\/empresa\/loli-pedreno.html#primaryimage","url":"https:\/\/www.euroresidentes.com\/empresa\/wp-content\/uploads\/2016\/01\/loli-pedreno.jpg","contentUrl":"https:\/\/www.euroresidentes.com\/empresa\/wp-content\/uploads\/2016\/01\/loli-pedreno.jpg","width":700,"height":525,"caption":"Loli Pedre\u00f1o Lloret"},{"@type":"BreadcrumbList","@id":"https:\/\/www.euroresidentes.com\/empresa\/loli-pedreno.html#breadcrumb","itemListElement":[{"@type":"ListItem","position":1,"name":"Portada","item":"https:\/\/www.euroresidentes.com\/empresa\/"},{"@type":"ListItem","position":2,"name":"Loli Pedre\u00f1o"}]},{"@type":"WebSite","@id":"https:\/\/www.euroresidentes.com\/empresa\/#website","url":"https:\/\/www.euroresidentes.com\/empresa\/","name":"Empresa","description":"Empresa","potentialAction":[{"@type":"SearchAction","target":{"@type":"EntryPoint","urlTemplate":"https:\/\/www.euroresidentes.com\/empresa\/?s={search_term_string}"},"query-input":{"@type":"PropertyValueSpecification","valueRequired":true,"valueName":"search_term_string"}}],"inLanguage":"es"}]}},"_links":{"self":[{"href":"https:\/\/www.euroresidentes.com\/empresa\/wp-json\/wp\/v2\/pages\/1964","targetHints":{"allow":["GET"]}}],"collection":[{"href":"https:\/\/www.euroresidentes.com\/empresa\/wp-json\/wp\/v2\/pages"}],"about":[{"href":"https:\/\/www.euroresidentes.com\/empresa\/wp-json\/wp\/v2\/types\/page"}],"author":[{"embeddable":true,"href":"https:\/\/www.euroresidentes.com\/empresa\/wp-json\/wp\/v2\/users\/1"}],"replies":[{"embeddable":true,"href":"https:\/\/www.euroresidentes.com\/empresa\/wp-json\/wp\/v2\/comments?post=1964"}],"version-history":[{"count":10,"href":"https:\/\/www.euroresidentes.com\/empresa\/wp-json\/wp\/v2\/pages\/1964\/revisions"}],"predecessor-version":[{"id":2294,"href":"https:\/\/www.euroresidentes.com\/empresa\/wp-json\/wp\/v2\/pages\/1964\/revisions\/2294"}],"wp:featuredmedia":[{"embeddable":true,"href":"https:\/\/www.euroresidentes.com\/empresa\/wp-json\/wp\/v2\/media\/2224"}],"wp:attachment":[{"href":"https:\/\/www.euroresidentes.com\/empresa\/wp-json\/wp\/v2\/media?parent=1964"}],"curies":[{"name":"wp","href":"https:\/\/api.w.org\/{rel}","templated":true}]}}