
{"id":1914,"date":"2016-01-20T11:10:56","date_gmt":"2016-01-20T11:10:56","guid":{"rendered":"https:\/\/wp.euroresidentes.com\/empresa\/?page_id=1914"},"modified":"2016-08-24T16:17:43","modified_gmt":"2016-08-24T14:17:43","slug":"laura-cardenas","status":"publish","type":"page","link":"https:\/\/www.euroresidentes.com\/empresa\/laura-cardenas.html","title":{"rendered":"Laura C\u00e1rdenas"},"content":{"rendered":"<h3 class=\"separator\" style=\"clear: both; text-align: center;\"><a href=\"http:\/\/www.euroresidentes.com\/empresa\/wp-content\/uploads\/2016\/01\/laura-cardenas.jpg\"><img loading=\"lazy\" decoding=\"async\" class=\"aligncenter wp-image-2221 size-full\" src=\"http:\/\/www.euroresidentes.com\/empresa\/wp-content\/uploads\/2016\/01\/laura-cardenas.jpg\" alt=\"Laura Cardenas\" width=\"533\" height=\"409\" srcset=\"https:\/\/www.euroresidentes.com\/empresa\/wp-content\/uploads\/2016\/01\/laura-cardenas.jpg 533w, https:\/\/www.euroresidentes.com\/empresa\/wp-content\/uploads\/2016\/01\/laura-cardenas-300x230.jpg 300w, https:\/\/www.euroresidentes.com\/empresa\/wp-content\/uploads\/2016\/01\/laura-cardenas-387x297.jpg 387w\" sizes=\"auto, (max-width: 533px) 100vw, 533px\" \/><\/a><\/h3>\n<h2 style=\"text-align: center;\">10 cosas sobre m\u00ed<\/h2>\n<div>1. <b>Su vocaci\u00f3n<\/b>: la comunicaci\u00f3n, en todos los sentidos, en todos los formatos: desde las entrevistas personales a vuela pluma hasta los macroeventos y los <i>trending topic<\/i>.<\/div>\n<p>2. <b>Su misi\u00f3n<\/b>: poner la comunicaci\u00f3n al servicio de la ciudadan\u00eda. Dar voz a los que no la tienen, hacer visible lo invisible.<\/p>\n<p>3. <b>Su forma de entender el trabajo<\/b>. Entiende su profesi\u00f3n no como un trabajo, sino como una forma de ver el mundo. #hayquehacercosas.<\/p>\n<p>4. <b>Perfeccionamiento colaborativo<\/b>. Empe\u00f1ada en hacerlo todo lo mejor posible, entusiasta, abierta a la cultura colaborativa y leal a sus principios.<\/p>\n<p>5. <b>Cooperaci\u00f3n Internacional y responsabilidad social<\/b>. Alma de periodista y especialista en cooperaci\u00f3n internacional, ha tenido el privilegio de desarrollar parte de su carrera en <b> Naciones Unidas<\/b> y actualmente como consultora de organismos internacionales, ONG\u00b4s y empresas interesadas en la Responsabilidad Social Corporativa.<\/p>\n<p>6. <b>Idealista y luchadora<\/b>. Se siente ciudadana del mundo y de todos los pa\u00edses en los que ha vivido o visitado, especialmente de Am\u00e9rica Latina. Pero tambi\u00e9n apegada a su Alicante natal. Por ello dirige all\u00ed el proyecto <b>Encuentros NOW<\/b> que pretende fomentar el debate entre instituciones, empresas y ciudadan\u00eda y premiar el talento a trav\u00e9s de becas de investigaci\u00f3n y posgrado.<\/p>\n<p>7. <b>Mujer a la que le explota el alma<\/b>. No toma caf\u00e9 porque le sobra energ\u00eda: baila flamenco, practica yoga, nataci\u00f3n y running, ejerce de madre\u2026y cuando puede escribe poes\u00eda.<\/p>\n<p>8. <b>El poder de la convicci\u00f3n<\/b>. Convencida de que ser feminista no es renunciar a la feminidad ni tener m\u00e1s poder sobre los hombres, sino que las mujeres tengan m\u00e1s poder sobre s\u00ed mismas.<\/p>\n<p>9. <b>En la retaguardia.<\/b> Le gusta la gente apasionada, el buen vino, y es mejor comensal que cocinera.<\/p>\n<p>10. <b>Mujer que olfatea el talento y ama la verdad<\/b>. Amiga de lo aut\u00e9ntico, de lo ut\u00f3pico, aquello por lo que merece la pena vivir ma\u00f1ana, y ma\u00f1ana y todos los ma\u00f1anas.<\/p>\n<div>\n<h3><strong><span style=\"color: #003366;\"><em><span style=\"font-family: Arial, Helvetica, sans-serif; font-size: large;\">S\u00edgueme en:<\/span><\/em><\/span><\/strong><\/h3>\n<p><strong><strong><a href=\"https:\/\/www.linkedin.com\/in\/lauracardenascomunicacion\" target=\"_blank\"><img loading=\"lazy\" decoding=\"async\" class=\"alignnone\" src=\"http:\/\/www.euroresidentes.com\/img\/icos_b_n\/ico_linkedin_bin.png\" alt=\"\" width=\"30\" height=\"30\" border=\"0\" \/><\/a>\u00a0<a href=\"https:\/\/twitter.com\/lauracardenas79\" target=\"_blank\"><img loading=\"lazy\" decoding=\"async\" class=\"alignnone\" src=\"http:\/\/www.euroresidentes.com\/img\/icos_b_n\/ico_twitter_bin.png\" alt=\"\" width=\"30\" height=\"30\" border=\"0\" \/><\/a>\u00a0<a href=\"https:\/\/www.facebook.com\/laura.cardenas.319247?fref=ts\" target=\"_blank\"><img loading=\"lazy\" decoding=\"async\" class=\"alignnone\" src=\"http:\/\/www.euroresidentes.com\/img\/icos_b_n\/ico_facebook_bin.png\" alt=\"\" width=\"30\" height=\"30\" border=\"0\" \/><\/a><\/strong><\/strong><\/p>\n<\/div>\n","protected":false},"excerpt":{"rendered":"<p>10 cosas sobre m\u00ed 1. Su vocaci\u00f3n: la comunicaci\u00f3n, en todos los sentidos, en todos los formatos: desde las entrevistas personales a vuela pluma hasta los macroeventos y los trending topic. 2. Su misi\u00f3n: poner la comunicaci\u00f3n al servicio de la ciudadan\u00eda. Dar voz a los que no la tienen, hacer visible lo invisible. 3. Su forma de entender el trabajo. Entiende su profesi\u00f3n no como un trabajo, sino como una forma de ver el mundo. #hayquehacercosas. 4. Perfeccionamiento colaborativo. Empe\u00f1ada en hacerlo todo lo mejor posible, entusiasta, abierta a la cultura colaborativa y leal a sus principios. 5. Cooperaci\u00f3n <\/p>\n","protected":false},"author":1,"featured_media":0,"parent":0,"menu_order":0,"comment_status":"open","ping_status":"open","template":"page-author.php","meta":{"footnotes":""},"class_list":["post-1914","page","type-page","status-publish","hentry"],"yoast_head":"<!-- This site is optimized with the Yoast SEO plugin v27.6 - https:\/\/yoast.com\/product\/yoast-seo-wordpress\/ -->\n<title>Laura C\u00e1rdenas - Empresa<\/title>\n<meta name=\"description\" content=\"Laura Cardenas, consultora de comunicaci\u00f3n y visibilidad, cooperaci\u00f3n y RSC. Experta en proyectos de cooperaci\u00f3n de la Uni\u00f3n Europea.\" \/>\n<meta name=\"robots\" content=\"index, follow, max-snippet:-1, max-image-preview:large, max-video-preview:-1\" \/>\n<link rel=\"canonical\" href=\"https:\/\/www.euroresidentes.com\/empresa\/laura-cardenas.html\" \/>\n<meta property=\"og:locale\" content=\"es_ES\" \/>\n<meta property=\"og:type\" content=\"article\" \/>\n<meta property=\"og:title\" content=\"Laura C\u00e1rdenas - Empresa\" \/>\n<meta property=\"og:description\" content=\"Laura Cardenas, consultora de comunicaci\u00f3n y visibilidad, cooperaci\u00f3n y RSC. Experta en proyectos de cooperaci\u00f3n de la Uni\u00f3n Europea.\" \/>\n<meta property=\"og:url\" content=\"https:\/\/www.euroresidentes.com\/empresa\/laura-cardenas.html\" \/>\n<meta property=\"og:site_name\" content=\"Empresa\" \/>\n<meta property=\"article:publisher\" content=\"https:\/\/www.facebook.com\/empresaemprendedores\/\" \/>\n<meta property=\"article:modified_time\" content=\"2016-08-24T14:17:43+00:00\" \/>\n<meta property=\"og:image\" content=\"http:\/\/www.euroresidentes.com\/empresa\/wp-content\/uploads\/2016\/01\/laura-cardenas.jpg\" \/>\n<meta name=\"twitter:card\" content=\"summary_large_image\" \/>\n<meta name=\"twitter:site\" content=\"@euroresidentes\" \/>\n<meta name=\"twitter:label1\" content=\"Est. reading time\" \/>\n\t<meta name=\"twitter:data1\" content=\"2 minutos\" \/>\n<script type=\"application\/ld+json\" class=\"yoast-schema-graph\">{\"@context\":\"https:\\\/\\\/schema.org\",\"@graph\":[{\"@type\":\"WebPage\",\"@id\":\"https:\\\/\\\/www.euroresidentes.com\\\/empresa\\\/laura-cardenas.html\",\"url\":\"https:\\\/\\\/www.euroresidentes.com\\\/empresa\\\/laura-cardenas.html\",\"name\":\"Laura C\u00e1rdenas - Empresa\",\"isPartOf\":{\"@id\":\"https:\\\/\\\/www.euroresidentes.com\\\/empresa\\\/#website\"},\"primaryImageOfPage\":{\"@id\":\"https:\\\/\\\/www.euroresidentes.com\\\/empresa\\\/laura-cardenas.html#primaryimage\"},\"image\":{\"@id\":\"https:\\\/\\\/www.euroresidentes.com\\\/empresa\\\/laura-cardenas.html#primaryimage\"},\"thumbnailUrl\":\"http:\\\/\\\/www.euroresidentes.com\\\/empresa\\\/wp-content\\\/uploads\\\/2016\\\/01\\\/laura-cardenas.jpg\",\"datePublished\":\"2016-01-20T11:10:56+00:00\",\"dateModified\":\"2016-08-24T14:17:43+00:00\",\"description\":\"Laura Cardenas, consultora de comunicaci\u00f3n y visibilidad, cooperaci\u00f3n y RSC. Experta en proyectos de cooperaci\u00f3n de la Uni\u00f3n Europea.\",\"breadcrumb\":{\"@id\":\"https:\\\/\\\/www.euroresidentes.com\\\/empresa\\\/laura-cardenas.html#breadcrumb\"},\"inLanguage\":\"es\",\"potentialAction\":[{\"@type\":\"ReadAction\",\"target\":[\"https:\\\/\\\/www.euroresidentes.com\\\/empresa\\\/laura-cardenas.html\"]}]},{\"@type\":\"ImageObject\",\"inLanguage\":\"es\",\"@id\":\"https:\\\/\\\/www.euroresidentes.com\\\/empresa\\\/laura-cardenas.html#primaryimage\",\"url\":\"http:\\\/\\\/www.euroresidentes.com\\\/empresa\\\/wp-content\\\/uploads\\\/2016\\\/01\\\/laura-cardenas.jpg\",\"contentUrl\":\"http:\\\/\\\/www.euroresidentes.com\\\/empresa\\\/wp-content\\\/uploads\\\/2016\\\/01\\\/laura-cardenas.jpg\"},{\"@type\":\"BreadcrumbList\",\"@id\":\"https:\\\/\\\/www.euroresidentes.com\\\/empresa\\\/laura-cardenas.html#breadcrumb\",\"itemListElement\":[{\"@type\":\"ListItem\",\"position\":1,\"name\":\"Portada\",\"item\":\"https:\\\/\\\/www.euroresidentes.com\\\/empresa\\\/\"},{\"@type\":\"ListItem\",\"position\":2,\"name\":\"Laura C\u00e1rdenas\"}]},{\"@type\":\"WebSite\",\"@id\":\"https:\\\/\\\/www.euroresidentes.com\\\/empresa\\\/#website\",\"url\":\"https:\\\/\\\/www.euroresidentes.com\\\/empresa\\\/\",\"name\":\"Empresa\",\"description\":\"Empresa\",\"potentialAction\":[{\"@type\":\"SearchAction\",\"target\":{\"@type\":\"EntryPoint\",\"urlTemplate\":\"https:\\\/\\\/www.euroresidentes.com\\\/empresa\\\/?s={search_term_string}\"},\"query-input\":{\"@type\":\"PropertyValueSpecification\",\"valueRequired\":true,\"valueName\":\"search_term_string\"}}],\"inLanguage\":\"es\"}]}<\/script>\n<!-- \/ Yoast SEO plugin. -->","yoast_head_json":{"title":"Laura C\u00e1rdenas - Empresa","description":"Laura Cardenas, consultora de comunicaci\u00f3n y visibilidad, cooperaci\u00f3n y RSC. Experta en proyectos de cooperaci\u00f3n de la Uni\u00f3n Europea.","robots":{"index":"index","follow":"follow","max-snippet":"max-snippet:-1","max-image-preview":"max-image-preview:large","max-video-preview":"max-video-preview:-1"},"canonical":"https:\/\/www.euroresidentes.com\/empresa\/laura-cardenas.html","og_locale":"es_ES","og_type":"article","og_title":"Laura C\u00e1rdenas - Empresa","og_description":"Laura Cardenas, consultora de comunicaci\u00f3n y visibilidad, cooperaci\u00f3n y RSC. Experta en proyectos de cooperaci\u00f3n de la Uni\u00f3n Europea.","og_url":"https:\/\/www.euroresidentes.com\/empresa\/laura-cardenas.html","og_site_name":"Empresa","article_publisher":"https:\/\/www.facebook.com\/empresaemprendedores\/","article_modified_time":"2016-08-24T14:17:43+00:00","og_image":[{"url":"http:\/\/www.euroresidentes.com\/empresa\/wp-content\/uploads\/2016\/01\/laura-cardenas.jpg","type":"","width":"","height":""}],"twitter_card":"summary_large_image","twitter_site":"@euroresidentes","twitter_misc":{"Est. reading time":"2 minutos"},"schema":{"@context":"https:\/\/schema.org","@graph":[{"@type":"WebPage","@id":"https:\/\/www.euroresidentes.com\/empresa\/laura-cardenas.html","url":"https:\/\/www.euroresidentes.com\/empresa\/laura-cardenas.html","name":"Laura C\u00e1rdenas - Empresa","isPartOf":{"@id":"https:\/\/www.euroresidentes.com\/empresa\/#website"},"primaryImageOfPage":{"@id":"https:\/\/www.euroresidentes.com\/empresa\/laura-cardenas.html#primaryimage"},"image":{"@id":"https:\/\/www.euroresidentes.com\/empresa\/laura-cardenas.html#primaryimage"},"thumbnailUrl":"http:\/\/www.euroresidentes.com\/empresa\/wp-content\/uploads\/2016\/01\/laura-cardenas.jpg","datePublished":"2016-01-20T11:10:56+00:00","dateModified":"2016-08-24T14:17:43+00:00","description":"Laura Cardenas, consultora de comunicaci\u00f3n y visibilidad, cooperaci\u00f3n y RSC. Experta en proyectos de cooperaci\u00f3n de la Uni\u00f3n Europea.","breadcrumb":{"@id":"https:\/\/www.euroresidentes.com\/empresa\/laura-cardenas.html#breadcrumb"},"inLanguage":"es","potentialAction":[{"@type":"ReadAction","target":["https:\/\/www.euroresidentes.com\/empresa\/laura-cardenas.html"]}]},{"@type":"ImageObject","inLanguage":"es","@id":"https:\/\/www.euroresidentes.com\/empresa\/laura-cardenas.html#primaryimage","url":"http:\/\/www.euroresidentes.com\/empresa\/wp-content\/uploads\/2016\/01\/laura-cardenas.jpg","contentUrl":"http:\/\/www.euroresidentes.com\/empresa\/wp-content\/uploads\/2016\/01\/laura-cardenas.jpg"},{"@type":"BreadcrumbList","@id":"https:\/\/www.euroresidentes.com\/empresa\/laura-cardenas.html#breadcrumb","itemListElement":[{"@type":"ListItem","position":1,"name":"Portada","item":"https:\/\/www.euroresidentes.com\/empresa\/"},{"@type":"ListItem","position":2,"name":"Laura C\u00e1rdenas"}]},{"@type":"WebSite","@id":"https:\/\/www.euroresidentes.com\/empresa\/#website","url":"https:\/\/www.euroresidentes.com\/empresa\/","name":"Empresa","description":"Empresa","potentialAction":[{"@type":"SearchAction","target":{"@type":"EntryPoint","urlTemplate":"https:\/\/www.euroresidentes.com\/empresa\/?s={search_term_string}"},"query-input":{"@type":"PropertyValueSpecification","valueRequired":true,"valueName":"search_term_string"}}],"inLanguage":"es"}]}},"_links":{"self":[{"href":"https:\/\/www.euroresidentes.com\/empresa\/wp-json\/wp\/v2\/pages\/1914","targetHints":{"allow":["GET"]}}],"collection":[{"href":"https:\/\/www.euroresidentes.com\/empresa\/wp-json\/wp\/v2\/pages"}],"about":[{"href":"https:\/\/www.euroresidentes.com\/empresa\/wp-json\/wp\/v2\/types\/page"}],"author":[{"embeddable":true,"href":"https:\/\/www.euroresidentes.com\/empresa\/wp-json\/wp\/v2\/users\/1"}],"replies":[{"embeddable":true,"href":"https:\/\/www.euroresidentes.com\/empresa\/wp-json\/wp\/v2\/comments?post=1914"}],"version-history":[{"count":9,"href":"https:\/\/www.euroresidentes.com\/empresa\/wp-json\/wp\/v2\/pages\/1914\/revisions"}],"predecessor-version":[{"id":2223,"href":"https:\/\/www.euroresidentes.com\/empresa\/wp-json\/wp\/v2\/pages\/1914\/revisions\/2223"}],"wp:attachment":[{"href":"https:\/\/www.euroresidentes.com\/empresa\/wp-json\/wp\/v2\/media?parent=1914"}],"curies":[{"name":"wp","href":"https:\/\/api.w.org\/{rel}","templated":true}]}}