
{"id":319,"date":"2016-01-20T10:37:46","date_gmt":"2016-01-20T10:37:46","guid":{"rendered":"https:\/\/wp.euroresidentes.com\/empresa\/motivacion\/?page_id=319"},"modified":"2020-08-13T09:27:38","modified_gmt":"2020-08-13T07:27:38","slug":"10-cosas-sobre-mi","status":"publish","type":"page","link":"https:\/\/www.euroresidentes.com\/empresa\/motivacion\/10-cosas-sobre-mi.html","title":{"rendered":"10 Cosas sobre m\u00ed"},"content":{"rendered":"<div>\n<div class=\"p3\" style=\"text-align: center;\"><span style=\"color: white; font-size: x-large;\"><b style=\"background-color: #38761d;\"><span style=\"font-family: Trebuchet MS, sans-serif;\">\u00a0\u00a1Hola!, soy Andrea<\/span>\u00a0<\/b><\/span> <b style=\"background-color: #38761d;\"> <\/b><\/p>\n<div class=\"separator\" style=\"clear: both; text-align: center;\"><a style=\"margin-left: 1em; margin-right: 1em;\" href=\"http:\/\/1.bp.blogspot.com\/-P0q0uXW28_Y\/U8jv9Rjn4jI\/AAAAAAAAJF0\/9ZSnt3_HbdA\/s1600\/andrea_mendez.png\"><img loading=\"lazy\" decoding=\"async\" src=\"http:\/\/1.bp.blogspot.com\/-P0q0uXW28_Y\/U8jv9Rjn4jI\/AAAAAAAAJF0\/9ZSnt3_HbdA\/s1600\/andrea_mendez.png\" alt=\"\" width=\"640\" height=\"488\" border=\"0\" \/><\/a><\/div>\n<div class=\"separator\" style=\"clear: both; text-align: center;\">\u00a0<\/div>\n<\/div>\n<div class=\"p3\" style=\"text-align: center;\">\u00a0<\/div>\n<\/div>\n<ol class=\"ol1\">\n<li class=\"li1\"><span style=\"font-family: Arial, Helvetica, sans-serif;\">Estudi\u00e9 la carrera de Psicolog\u00eda durante 4 a\u00f1os en Valencia.<\/span><\/li>\n<li class=\"li1\"><span style=\"font-family: Arial, Helvetica, sans-serif;\">Soy la peque\u00f1a de 3 hijos, dos chicos y yo. El m\u00e9dico crey\u00f3 que era ni\u00f1o y as\u00ed lo creyeron hasta que nac\u00ed. A mis padres les gusta considerarlo como un regalo, sobre todo mi padre (nac\u00ed el d\u00eda del padre). Mis hermanos son 11 y 13 a\u00f1os mayores que yo.<\/span><\/li>\n<li class=\"li1\"><span style=\"font-family: Arial, Helvetica, sans-serif;\">No me dedico a la Psicolog\u00eda. Vivo por y para la Psicolog\u00eda.<\/span><\/li>\n<li class=\"li1\"><span style=\"font-family: Arial, Helvetica, sans-serif;\">Desde peque\u00f1a siempre tuve una cosa clara: \u201cmam\u00e1, yo quiero ayudar a las personas\u201d.<\/span><\/li>\n<li class=\"li1\"><span style=\"font-family: Arial, Helvetica, sans-serif;\">Soy capaz de leerme el mismo libro 10 diez veces y ver la misma pel\u00edcula otras 20. La lectura y el cine son dos mi pasiones.<\/span><\/li>\n<li class=\"li1\"><span style=\"font-family: Arial, Helvetica, sans-serif;\">\u00bfOtra pasi\u00f3n que me define? Los animales. Siento un gran respeto y cari\u00f1o por todos ellos. No soporto verles sufrir ni tolero que nadie les haga da\u00f1o.<\/span><\/li>\n<li class=\"li1\"><span style=\"font-family: Arial, Helvetica, sans-serif;\">No se me da bien dibujar ni hacer manualidades, pero he heredado el don de mi madre en la cocina. Mi plato estrella es el arroz.<\/span><\/li>\n<li class=\"li1\"><span style=\"font-family: Arial, Helvetica, sans-serif;\">Me son indiferentes tanto el caf\u00e9 como el chocolate. No me gustan las cosas dulces ni las bebidas estimulantes. Soy m\u00e1s de agua con dos gotas de lim\u00f3n o una cerveza bien fr\u00eda.<\/span><\/li>\n<li class=\"li1\"><span style=\"font-family: Arial, Helvetica, sans-serif;\">Me gusta pasear cuando amanece, las siestas en verano y las comidas de mi madre. Yo creo que gracias a ellas no he enfermado nunca.<\/span><\/li>\n<li class=\"li1\"><span style=\"font-family: Arial, Helvetica, sans-serif;\">\u00bfLa mayor lecci\u00f3n que he aprendido hasta ahora? Que nunca se deja de aprender.<\/span><\/li>\n<\/ol>\n<p>&nbsp;<\/p>\n","protected":false},"excerpt":{"rendered":"<p>\u00a0\u00a1Hola!, soy Andrea\u00a0 \u00a0 \u00a0 Estudi\u00e9 la carrera de Psicolog\u00eda durante 4 a\u00f1os en Valencia. Soy la peque\u00f1a de 3 hijos, dos chicos y yo. El m\u00e9dico crey\u00f3 que era ni\u00f1o y as\u00ed lo creyeron hasta que nac\u00ed. A mis padres les gusta considerarlo como un regalo, sobre todo mi padre (nac\u00ed el d\u00eda del padre). Mis hermanos son 11 y 13 a\u00f1os mayores que yo. No me dedico a la Psicolog\u00eda. Vivo por y para la Psicolog\u00eda. Desde peque\u00f1a siempre tuve una cosa clara: \u201cmam\u00e1, yo quiero ayudar a las personas\u201d. Soy capaz de leerme el mismo libro 10 <\/p>\n","protected":false},"author":1,"featured_media":0,"parent":0,"menu_order":0,"comment_status":"closed","ping_status":"closed","template":"","meta":{"footnotes":""},"class_list":["post-319","page","type-page","status-publish","hentry"],"yoast_head":"<!-- This site is optimized with the Yoast SEO plugin v27.4 - https:\/\/yoast.com\/product\/yoast-seo-wordpress\/ -->\n<title>10 Cosas sobre m\u00ed - Motivaci\u00f3n<\/title>\n<meta name=\"robots\" content=\"index, follow, max-snippet:-1, max-image-preview:large, max-video-preview:-1\" \/>\n<link rel=\"canonical\" href=\"https:\/\/www.euroresidentes.com\/empresa\/motivacion\/10-cosas-sobre-mi.html\" \/>\n<meta property=\"og:locale\" content=\"es_ES\" \/>\n<meta property=\"og:type\" content=\"article\" \/>\n<meta property=\"og:title\" content=\"10 Cosas sobre m\u00ed - Motivaci\u00f3n\" \/>\n<meta property=\"og:description\" content=\"\u00a0\u00a1Hola!, soy Andrea\u00a0 \u00a0 \u00a0 Estudi\u00e9 la carrera de Psicolog\u00eda durante 4 a\u00f1os en Valencia. Soy la peque\u00f1a de 3 hijos, dos chicos y yo. El m\u00e9dico crey\u00f3 que era ni\u00f1o y as\u00ed lo creyeron hasta que nac\u00ed. A mis padres les gusta considerarlo como un regalo, sobre todo mi padre (nac\u00ed el d\u00eda del padre). Mis hermanos son 11 y 13 a\u00f1os mayores que yo. No me dedico a la Psicolog\u00eda. Vivo por y para la Psicolog\u00eda. Desde peque\u00f1a siempre tuve una cosa clara: \u201cmam\u00e1, yo quiero ayudar a las personas\u201d. Soy capaz de leerme el mismo libro 10\" \/>\n<meta property=\"og:url\" content=\"https:\/\/www.euroresidentes.com\/empresa\/motivacion\/10-cosas-sobre-mi.html\" \/>\n<meta property=\"og:site_name\" content=\"Motivaci\u00f3n\" \/>\n<meta property=\"article:publisher\" content=\"https:\/\/www.facebook.com\/sentir.bien.euroresidentes\" \/>\n<meta property=\"article:modified_time\" content=\"2020-08-13T07:27:38+00:00\" \/>\n<meta property=\"og:image\" content=\"http:\/\/1.bp.blogspot.com\/-P0q0uXW28_Y\/U8jv9Rjn4jI\/AAAAAAAAJF0\/9ZSnt3_HbdA\/s1600\/andrea_mendez.png\" \/>\n<meta name=\"twitter:card\" content=\"summary_large_image\" \/>\n<meta name=\"twitter:site\" content=\"@sentirbien\" \/>\n<meta name=\"twitter:label1\" content=\"Est. reading time\" \/>\n\t<meta name=\"twitter:data1\" content=\"1 minuto\" \/>\n<script type=\"application\/ld+json\" class=\"yoast-schema-graph\">{\"@context\":\"https:\\\/\\\/schema.org\",\"@graph\":[{\"@type\":\"WebPage\",\"@id\":\"https:\\\/\\\/www.euroresidentes.com\\\/empresa\\\/motivacion\\\/10-cosas-sobre-mi.html\",\"url\":\"https:\\\/\\\/www.euroresidentes.com\\\/empresa\\\/motivacion\\\/10-cosas-sobre-mi.html\",\"name\":\"10 Cosas sobre m\u00ed - Motivaci\u00f3n\",\"isPartOf\":{\"@id\":\"https:\\\/\\\/www.euroresidentes.com\\\/empresa\\\/motivacion\\\/#website\"},\"primaryImageOfPage\":{\"@id\":\"https:\\\/\\\/www.euroresidentes.com\\\/empresa\\\/motivacion\\\/10-cosas-sobre-mi.html#primaryimage\"},\"image\":{\"@id\":\"https:\\\/\\\/www.euroresidentes.com\\\/empresa\\\/motivacion\\\/10-cosas-sobre-mi.html#primaryimage\"},\"thumbnailUrl\":\"http:\\\/\\\/1.bp.blogspot.com\\\/-P0q0uXW28_Y\\\/U8jv9Rjn4jI\\\/AAAAAAAAJF0\\\/9ZSnt3_HbdA\\\/s1600\\\/andrea_mendez.png\",\"datePublished\":\"2016-01-20T10:37:46+00:00\",\"dateModified\":\"2020-08-13T07:27:38+00:00\",\"breadcrumb\":{\"@id\":\"https:\\\/\\\/www.euroresidentes.com\\\/empresa\\\/motivacion\\\/10-cosas-sobre-mi.html#breadcrumb\"},\"inLanguage\":\"es\",\"potentialAction\":[{\"@type\":\"ReadAction\",\"target\":[\"https:\\\/\\\/www.euroresidentes.com\\\/empresa\\\/motivacion\\\/10-cosas-sobre-mi.html\"]}]},{\"@type\":\"ImageObject\",\"inLanguage\":\"es\",\"@id\":\"https:\\\/\\\/www.euroresidentes.com\\\/empresa\\\/motivacion\\\/10-cosas-sobre-mi.html#primaryimage\",\"url\":\"http:\\\/\\\/1.bp.blogspot.com\\\/-P0q0uXW28_Y\\\/U8jv9Rjn4jI\\\/AAAAAAAAJF0\\\/9ZSnt3_HbdA\\\/s1600\\\/andrea_mendez.png\",\"contentUrl\":\"http:\\\/\\\/1.bp.blogspot.com\\\/-P0q0uXW28_Y\\\/U8jv9Rjn4jI\\\/AAAAAAAAJF0\\\/9ZSnt3_HbdA\\\/s1600\\\/andrea_mendez.png\"},{\"@type\":\"BreadcrumbList\",\"@id\":\"https:\\\/\\\/www.euroresidentes.com\\\/empresa\\\/motivacion\\\/10-cosas-sobre-mi.html#breadcrumb\",\"itemListElement\":[{\"@type\":\"ListItem\",\"position\":1,\"name\":\"Portada\",\"item\":\"https:\\\/\\\/www.euroresidentes.com\\\/empresa\\\/motivacion\\\/\"},{\"@type\":\"ListItem\",\"position\":2,\"name\":\"10 Cosas sobre m\u00ed\"}]},{\"@type\":\"WebSite\",\"@id\":\"https:\\\/\\\/www.euroresidentes.com\\\/empresa\\\/motivacion\\\/#website\",\"url\":\"https:\\\/\\\/www.euroresidentes.com\\\/empresa\\\/motivacion\\\/\",\"name\":\"Motivaci\u00f3n\",\"description\":\"Euroresidentes\",\"potentialAction\":[{\"@type\":\"SearchAction\",\"target\":{\"@type\":\"EntryPoint\",\"urlTemplate\":\"https:\\\/\\\/www.euroresidentes.com\\\/empresa\\\/motivacion\\\/?s={search_term_string}\"},\"query-input\":{\"@type\":\"PropertyValueSpecification\",\"valueRequired\":true,\"valueName\":\"search_term_string\"}}],\"inLanguage\":\"es\"}]}<\/script>\n<!-- \/ Yoast SEO plugin. -->","yoast_head_json":{"title":"10 Cosas sobre m\u00ed - Motivaci\u00f3n","robots":{"index":"index","follow":"follow","max-snippet":"max-snippet:-1","max-image-preview":"max-image-preview:large","max-video-preview":"max-video-preview:-1"},"canonical":"https:\/\/www.euroresidentes.com\/empresa\/motivacion\/10-cosas-sobre-mi.html","og_locale":"es_ES","og_type":"article","og_title":"10 Cosas sobre m\u00ed - Motivaci\u00f3n","og_description":"\u00a0\u00a1Hola!, soy Andrea\u00a0 \u00a0 \u00a0 Estudi\u00e9 la carrera de Psicolog\u00eda durante 4 a\u00f1os en Valencia. Soy la peque\u00f1a de 3 hijos, dos chicos y yo. El m\u00e9dico crey\u00f3 que era ni\u00f1o y as\u00ed lo creyeron hasta que nac\u00ed. A mis padres les gusta considerarlo como un regalo, sobre todo mi padre (nac\u00ed el d\u00eda del padre). Mis hermanos son 11 y 13 a\u00f1os mayores que yo. No me dedico a la Psicolog\u00eda. Vivo por y para la Psicolog\u00eda. Desde peque\u00f1a siempre tuve una cosa clara: \u201cmam\u00e1, yo quiero ayudar a las personas\u201d. Soy capaz de leerme el mismo libro 10","og_url":"https:\/\/www.euroresidentes.com\/empresa\/motivacion\/10-cosas-sobre-mi.html","og_site_name":"Motivaci\u00f3n","article_publisher":"https:\/\/www.facebook.com\/sentir.bien.euroresidentes","article_modified_time":"2020-08-13T07:27:38+00:00","og_image":[{"url":"http:\/\/1.bp.blogspot.com\/-P0q0uXW28_Y\/U8jv9Rjn4jI\/AAAAAAAAJF0\/9ZSnt3_HbdA\/s1600\/andrea_mendez.png","type":"","width":"","height":""}],"twitter_card":"summary_large_image","twitter_site":"@sentirbien","twitter_misc":{"Est. reading time":"1 minuto"},"schema":{"@context":"https:\/\/schema.org","@graph":[{"@type":"WebPage","@id":"https:\/\/www.euroresidentes.com\/empresa\/motivacion\/10-cosas-sobre-mi.html","url":"https:\/\/www.euroresidentes.com\/empresa\/motivacion\/10-cosas-sobre-mi.html","name":"10 Cosas sobre m\u00ed - Motivaci\u00f3n","isPartOf":{"@id":"https:\/\/www.euroresidentes.com\/empresa\/motivacion\/#website"},"primaryImageOfPage":{"@id":"https:\/\/www.euroresidentes.com\/empresa\/motivacion\/10-cosas-sobre-mi.html#primaryimage"},"image":{"@id":"https:\/\/www.euroresidentes.com\/empresa\/motivacion\/10-cosas-sobre-mi.html#primaryimage"},"thumbnailUrl":"http:\/\/1.bp.blogspot.com\/-P0q0uXW28_Y\/U8jv9Rjn4jI\/AAAAAAAAJF0\/9ZSnt3_HbdA\/s1600\/andrea_mendez.png","datePublished":"2016-01-20T10:37:46+00:00","dateModified":"2020-08-13T07:27:38+00:00","breadcrumb":{"@id":"https:\/\/www.euroresidentes.com\/empresa\/motivacion\/10-cosas-sobre-mi.html#breadcrumb"},"inLanguage":"es","potentialAction":[{"@type":"ReadAction","target":["https:\/\/www.euroresidentes.com\/empresa\/motivacion\/10-cosas-sobre-mi.html"]}]},{"@type":"ImageObject","inLanguage":"es","@id":"https:\/\/www.euroresidentes.com\/empresa\/motivacion\/10-cosas-sobre-mi.html#primaryimage","url":"http:\/\/1.bp.blogspot.com\/-P0q0uXW28_Y\/U8jv9Rjn4jI\/AAAAAAAAJF0\/9ZSnt3_HbdA\/s1600\/andrea_mendez.png","contentUrl":"http:\/\/1.bp.blogspot.com\/-P0q0uXW28_Y\/U8jv9Rjn4jI\/AAAAAAAAJF0\/9ZSnt3_HbdA\/s1600\/andrea_mendez.png"},{"@type":"BreadcrumbList","@id":"https:\/\/www.euroresidentes.com\/empresa\/motivacion\/10-cosas-sobre-mi.html#breadcrumb","itemListElement":[{"@type":"ListItem","position":1,"name":"Portada","item":"https:\/\/www.euroresidentes.com\/empresa\/motivacion\/"},{"@type":"ListItem","position":2,"name":"10 Cosas sobre m\u00ed"}]},{"@type":"WebSite","@id":"https:\/\/www.euroresidentes.com\/empresa\/motivacion\/#website","url":"https:\/\/www.euroresidentes.com\/empresa\/motivacion\/","name":"Motivaci\u00f3n","description":"Euroresidentes","potentialAction":[{"@type":"SearchAction","target":{"@type":"EntryPoint","urlTemplate":"https:\/\/www.euroresidentes.com\/empresa\/motivacion\/?s={search_term_string}"},"query-input":{"@type":"PropertyValueSpecification","valueRequired":true,"valueName":"search_term_string"}}],"inLanguage":"es"}]}},"_links":{"self":[{"href":"https:\/\/www.euroresidentes.com\/empresa\/motivacion\/wp-json\/wp\/v2\/pages\/319","targetHints":{"allow":["GET"]}}],"collection":[{"href":"https:\/\/www.euroresidentes.com\/empresa\/motivacion\/wp-json\/wp\/v2\/pages"}],"about":[{"href":"https:\/\/www.euroresidentes.com\/empresa\/motivacion\/wp-json\/wp\/v2\/types\/page"}],"author":[{"embeddable":true,"href":"https:\/\/www.euroresidentes.com\/empresa\/motivacion\/wp-json\/wp\/v2\/users\/1"}],"replies":[{"embeddable":true,"href":"https:\/\/www.euroresidentes.com\/empresa\/motivacion\/wp-json\/wp\/v2\/comments?post=319"}],"version-history":[{"count":2,"href":"https:\/\/www.euroresidentes.com\/empresa\/motivacion\/wp-json\/wp\/v2\/pages\/319\/revisions"}],"predecessor-version":[{"id":4551,"href":"https:\/\/www.euroresidentes.com\/empresa\/motivacion\/wp-json\/wp\/v2\/pages\/319\/revisions\/4551"}],"wp:attachment":[{"href":"https:\/\/www.euroresidentes.com\/empresa\/motivacion\/wp-json\/wp\/v2\/media?parent=319"}],"curies":[{"name":"wp","href":"https:\/\/api.w.org\/{rel}","templated":true}]}}