
{"id":317,"date":"2016-01-20T10:37:10","date_gmt":"2016-01-20T10:37:10","guid":{"rendered":"https:\/\/wp.euroresidentes.com\/empresa\/motivacion\/?page_id=317"},"modified":"2016-01-29T08:52:21","modified_gmt":"2016-01-29T08:52:21","slug":"articulos-de-interes","status":"publish","type":"page","link":"https:\/\/www.euroresidentes.com\/empresa\/motivacion\/articulos-de-interes.html","title":{"rendered":"Art\u00edculos de Inter\u00e9s"},"content":{"rendered":"<ul>\n<li><b><span style=\"font-family: Trebuchet MS, sans-serif;\"><a href=\"http:\/\/motivacion.euroresidentes.com\/2014\/07\/motivate-en-60-segundos.html\" target=\"_blank\">Mot\u00edvate en 60\u00bb<\/a><\/span><\/b><\/li>\n<li><b><span style=\"font-family: Trebuchet MS, sans-serif;\"><a href=\"http:\/\/motivacion.euroresidentes.com\/2014\/06\/hemos-nacido-motivados.html\" target=\"_blank\">\u00bfHemos nacido motivados?<\/a><\/span><\/b><\/li>\n<li><a href=\"http:\/\/motivacion.euroresidentes.com\/2014\/04\/como-motivar-las-personas-4-pasos.html\" target=\"_blank\"><b><span style=\"font-family: Trebuchet MS, sans-serif;\">C\u00f3mo motivar a las personas. 4 pasos avalados por la ciencia<\/span><\/b><\/a><\/li>\n<li><b><a href=\"http:\/\/motivacion.euroresidentes.com\/2014\/01\/las-10-frases-de-albert-einstein-mas.html\" target=\"_blank\"><span style=\"font-family: Trebuchet MS, sans-serif;\">Las 10 frases de Albert Einstein m\u00e1s motivadoras<\/span><\/a><\/b><\/li>\n<li><b><span style=\"font-family: Trebuchet MS, sans-serif;\"><a href=\"http:\/\/motivacion.euroresidentes.com\/2014\/06\/no-fue-una-perdida-de-tiempo-si.html\" target=\"_blank\">No fue una p\u00e9rdida de tiempo si aprendiste algo<\/a><\/span><\/b><\/li>\n<li><b><span style=\"font-family: Trebuchet MS, sans-serif;\"><a href=\"http:\/\/motivacion.euroresidentes.com\/2014\/08\/13-lecciones-del-arte-de-banksy-que-te.html\" target=\"_blank\">13 Lecciones del arte de Banksy que te dejar\u00e1n sin palabras<\/a><\/span><\/b><\/li>\n<li><b><span style=\"font-family: Trebuchet MS, sans-serif;\"><a href=\"http:\/\/motivacion.euroresidentes.com\/2014\/12\/los-mejores-videos-motivacionales-del.html\" target=\"_blank\">Los mejores v\u00eddeos motivacionales del a\u00f1o<\/a><\/span><\/b><\/li>\n<\/ul>\n","protected":false},"excerpt":{"rendered":"<p>Mot\u00edvate en 60\u00bb \u00bfHemos nacido motivados? C\u00f3mo motivar a las personas. 4 pasos avalados por la ciencia Las 10 frases de Albert Einstein m\u00e1s motivadoras No fue una p\u00e9rdida de tiempo si aprendiste algo 13 Lecciones del arte de Banksy que te dejar\u00e1n sin palabras Los mejores v\u00eddeos motivacionales del a\u00f1o<\/p>\n","protected":false},"author":1,"featured_media":0,"parent":0,"menu_order":0,"comment_status":"closed","ping_status":"closed","template":"page-auhtor.php","meta":{"footnotes":""},"class_list":["post-317","page","type-page","status-publish","hentry"],"yoast_head":"<!-- This site is optimized with the Yoast SEO plugin v27.4 - https:\/\/yoast.com\/product\/yoast-seo-wordpress\/ -->\n<title>Art\u00edculos de Inter\u00e9s - Motivaci\u00f3n<\/title>\n<meta name=\"robots\" content=\"index, follow, max-snippet:-1, max-image-preview:large, max-video-preview:-1\" \/>\n<link rel=\"canonical\" href=\"https:\/\/www.euroresidentes.com\/empresa\/motivacion\/articulos-de-interes.html\" \/>\n<meta property=\"og:locale\" content=\"es_ES\" \/>\n<meta property=\"og:type\" content=\"article\" \/>\n<meta property=\"og:title\" content=\"Art\u00edculos de Inter\u00e9s - Motivaci\u00f3n\" \/>\n<meta property=\"og:description\" content=\"Mot\u00edvate en 60\u00bb \u00bfHemos nacido motivados? C\u00f3mo motivar a las personas. 4 pasos avalados por la ciencia Las 10 frases de Albert Einstein m\u00e1s motivadoras No fue una p\u00e9rdida de tiempo si aprendiste algo 13 Lecciones del arte de Banksy que te dejar\u00e1n sin palabras Los mejores v\u00eddeos motivacionales del a\u00f1o\" \/>\n<meta property=\"og:url\" content=\"https:\/\/www.euroresidentes.com\/empresa\/motivacion\/articulos-de-interes.html\" \/>\n<meta property=\"og:site_name\" content=\"Motivaci\u00f3n\" \/>\n<meta property=\"article:publisher\" content=\"https:\/\/www.facebook.com\/sentir.bien.euroresidentes\" \/>\n<meta property=\"article:modified_time\" content=\"2016-01-29T08:52:21+00:00\" \/>\n<meta name=\"twitter:card\" content=\"summary_large_image\" \/>\n<meta name=\"twitter:site\" content=\"@sentirbien\" \/>\n<script type=\"application\/ld+json\" class=\"yoast-schema-graph\">{\"@context\":\"https:\\\/\\\/schema.org\",\"@graph\":[{\"@type\":\"WebPage\",\"@id\":\"https:\\\/\\\/www.euroresidentes.com\\\/empresa\\\/motivacion\\\/articulos-de-interes.html\",\"url\":\"https:\\\/\\\/www.euroresidentes.com\\\/empresa\\\/motivacion\\\/articulos-de-interes.html\",\"name\":\"Art\u00edculos de Inter\u00e9s - Motivaci\u00f3n\",\"isPartOf\":{\"@id\":\"https:\\\/\\\/www.euroresidentes.com\\\/empresa\\\/motivacion\\\/#website\"},\"datePublished\":\"2016-01-20T10:37:10+00:00\",\"dateModified\":\"2016-01-29T08:52:21+00:00\",\"breadcrumb\":{\"@id\":\"https:\\\/\\\/www.euroresidentes.com\\\/empresa\\\/motivacion\\\/articulos-de-interes.html#breadcrumb\"},\"inLanguage\":\"es\",\"potentialAction\":[{\"@type\":\"ReadAction\",\"target\":[\"https:\\\/\\\/www.euroresidentes.com\\\/empresa\\\/motivacion\\\/articulos-de-interes.html\"]}]},{\"@type\":\"BreadcrumbList\",\"@id\":\"https:\\\/\\\/www.euroresidentes.com\\\/empresa\\\/motivacion\\\/articulos-de-interes.html#breadcrumb\",\"itemListElement\":[{\"@type\":\"ListItem\",\"position\":1,\"name\":\"Portada\",\"item\":\"https:\\\/\\\/www.euroresidentes.com\\\/empresa\\\/motivacion\\\/\"},{\"@type\":\"ListItem\",\"position\":2,\"name\":\"Art\u00edculos de Inter\u00e9s\"}]},{\"@type\":\"WebSite\",\"@id\":\"https:\\\/\\\/www.euroresidentes.com\\\/empresa\\\/motivacion\\\/#website\",\"url\":\"https:\\\/\\\/www.euroresidentes.com\\\/empresa\\\/motivacion\\\/\",\"name\":\"Motivaci\u00f3n\",\"description\":\"Euroresidentes\",\"potentialAction\":[{\"@type\":\"SearchAction\",\"target\":{\"@type\":\"EntryPoint\",\"urlTemplate\":\"https:\\\/\\\/www.euroresidentes.com\\\/empresa\\\/motivacion\\\/?s={search_term_string}\"},\"query-input\":{\"@type\":\"PropertyValueSpecification\",\"valueRequired\":true,\"valueName\":\"search_term_string\"}}],\"inLanguage\":\"es\"}]}<\/script>\n<!-- \/ Yoast SEO plugin. -->","yoast_head_json":{"title":"Art\u00edculos de Inter\u00e9s - Motivaci\u00f3n","robots":{"index":"index","follow":"follow","max-snippet":"max-snippet:-1","max-image-preview":"max-image-preview:large","max-video-preview":"max-video-preview:-1"},"canonical":"https:\/\/www.euroresidentes.com\/empresa\/motivacion\/articulos-de-interes.html","og_locale":"es_ES","og_type":"article","og_title":"Art\u00edculos de Inter\u00e9s - Motivaci\u00f3n","og_description":"Mot\u00edvate en 60\u00bb \u00bfHemos nacido motivados? C\u00f3mo motivar a las personas. 4 pasos avalados por la ciencia Las 10 frases de Albert Einstein m\u00e1s motivadoras No fue una p\u00e9rdida de tiempo si aprendiste algo 13 Lecciones del arte de Banksy que te dejar\u00e1n sin palabras Los mejores v\u00eddeos motivacionales del a\u00f1o","og_url":"https:\/\/www.euroresidentes.com\/empresa\/motivacion\/articulos-de-interes.html","og_site_name":"Motivaci\u00f3n","article_publisher":"https:\/\/www.facebook.com\/sentir.bien.euroresidentes","article_modified_time":"2016-01-29T08:52:21+00:00","twitter_card":"summary_large_image","twitter_site":"@sentirbien","schema":{"@context":"https:\/\/schema.org","@graph":[{"@type":"WebPage","@id":"https:\/\/www.euroresidentes.com\/empresa\/motivacion\/articulos-de-interes.html","url":"https:\/\/www.euroresidentes.com\/empresa\/motivacion\/articulos-de-interes.html","name":"Art\u00edculos de Inter\u00e9s - Motivaci\u00f3n","isPartOf":{"@id":"https:\/\/www.euroresidentes.com\/empresa\/motivacion\/#website"},"datePublished":"2016-01-20T10:37:10+00:00","dateModified":"2016-01-29T08:52:21+00:00","breadcrumb":{"@id":"https:\/\/www.euroresidentes.com\/empresa\/motivacion\/articulos-de-interes.html#breadcrumb"},"inLanguage":"es","potentialAction":[{"@type":"ReadAction","target":["https:\/\/www.euroresidentes.com\/empresa\/motivacion\/articulos-de-interes.html"]}]},{"@type":"BreadcrumbList","@id":"https:\/\/www.euroresidentes.com\/empresa\/motivacion\/articulos-de-interes.html#breadcrumb","itemListElement":[{"@type":"ListItem","position":1,"name":"Portada","item":"https:\/\/www.euroresidentes.com\/empresa\/motivacion\/"},{"@type":"ListItem","position":2,"name":"Art\u00edculos de Inter\u00e9s"}]},{"@type":"WebSite","@id":"https:\/\/www.euroresidentes.com\/empresa\/motivacion\/#website","url":"https:\/\/www.euroresidentes.com\/empresa\/motivacion\/","name":"Motivaci\u00f3n","description":"Euroresidentes","potentialAction":[{"@type":"SearchAction","target":{"@type":"EntryPoint","urlTemplate":"https:\/\/www.euroresidentes.com\/empresa\/motivacion\/?s={search_term_string}"},"query-input":{"@type":"PropertyValueSpecification","valueRequired":true,"valueName":"search_term_string"}}],"inLanguage":"es"}]}},"_links":{"self":[{"href":"https:\/\/www.euroresidentes.com\/empresa\/motivacion\/wp-json\/wp\/v2\/pages\/317","targetHints":{"allow":["GET"]}}],"collection":[{"href":"https:\/\/www.euroresidentes.com\/empresa\/motivacion\/wp-json\/wp\/v2\/pages"}],"about":[{"href":"https:\/\/www.euroresidentes.com\/empresa\/motivacion\/wp-json\/wp\/v2\/types\/page"}],"author":[{"embeddable":true,"href":"https:\/\/www.euroresidentes.com\/empresa\/motivacion\/wp-json\/wp\/v2\/users\/1"}],"replies":[{"embeddable":true,"href":"https:\/\/www.euroresidentes.com\/empresa\/motivacion\/wp-json\/wp\/v2\/comments?post=317"}],"version-history":[{"count":1,"href":"https:\/\/www.euroresidentes.com\/empresa\/motivacion\/wp-json\/wp\/v2\/pages\/317\/revisions"}],"predecessor-version":[{"id":318,"href":"https:\/\/www.euroresidentes.com\/empresa\/motivacion\/wp-json\/wp\/v2\/pages\/317\/revisions\/318"}],"wp:attachment":[{"href":"https:\/\/www.euroresidentes.com\/empresa\/motivacion\/wp-json\/wp\/v2\/media?parent=317"}],"curies":[{"name":"wp","href":"https:\/\/api.w.org\/{rel}","templated":true}]}}