
{"id":309,"date":"2016-01-20T10:34:09","date_gmt":"2016-01-20T10:34:09","guid":{"rendered":"https:\/\/wp.euroresidentes.com\/empresa\/motivacion\/?page_id=309"},"modified":"2016-01-29T08:52:26","modified_gmt":"2016-01-29T08:52:26","slug":"deporte-2","status":"publish","type":"page","link":"https:\/\/www.euroresidentes.com\/empresa\/motivacion\/deporte-2.html","title":{"rendered":"Deporte"},"content":{"rendered":"<ul>\n<li><a href=\"http:\/\/motivacion.euroresidentes.com\/2014\/11\/motivacion-deportiva.html\" target=\"_blank\"><b><span style=\"font-family: Trebuchet MS, sans-serif;\">Motivaci\u00f3n deportiva<\/span><\/b><\/a><\/li>\n<li><b><span style=\"font-family: Trebuchet MS, sans-serif;\"><a href=\"http:\/\/motivacion.euroresidentes.com\/2014\/11\/los-4-primeros-pasos-para-empezar-hacer.html\" target=\"_blank\">Los 4 primeros pasos para empezar a hacer ejercicio<\/a><\/span><\/b><\/li>\n<li><b><span style=\"font-family: Trebuchet MS, sans-serif;\"><a href=\"http:\/\/motivacion.euroresidentes.com\/2015\/05\/quieres-estar-mas-sano-hazte-estas-4.html\" target=\"_blank\">\u00bfQuieres estar sano? Hazte estas 4 preguntas a diario<\/a><\/span><\/b><\/li>\n<li><b><span style=\"font-family: Trebuchet MS, sans-serif;\"><a href=\"http:\/\/motivacion.euroresidentes.com\/2015\/06\/la-historia-de-estos-5-atletas-os.html\" target=\"_blank\">La historia de estos 5 atletas os motivar\u00e1 a cada uno de vosotros<\/a><\/span><\/b><\/li>\n<li><b><a href=\"http:\/\/motivacion.euroresidentes.com\/2015\/10\/13-frases-que-te-motivaran-levantar-el.html\"><span style=\"font-family: Trebuchet MS, sans-serif;\">13 Frases que te motivar\u00e1n a levantar el culo del sof\u00e1 y largarte al gym<\/span><\/a><\/b><\/li>\n<\/ul>\n","protected":false},"excerpt":{"rendered":"<p>Motivaci\u00f3n deportiva Los 4 primeros pasos para empezar a hacer ejercicio \u00bfQuieres estar sano? Hazte estas 4 preguntas a diario La historia de estos 5 atletas os motivar\u00e1 a cada uno de vosotros 13 Frases que te motivar\u00e1n a levantar el culo del sof\u00e1 y largarte al gym<\/p>\n","protected":false},"author":1,"featured_media":0,"parent":0,"menu_order":0,"comment_status":"closed","ping_status":"closed","template":"page-auhtor.php","meta":{"footnotes":""},"class_list":["post-309","page","type-page","status-publish","hentry"],"yoast_head":"<!-- This site is optimized with the Yoast SEO plugin v27.3 - https:\/\/yoast.com\/product\/yoast-seo-wordpress\/ -->\n<title>Deporte - Motivaci\u00f3n<\/title>\n<meta name=\"robots\" content=\"index, follow, max-snippet:-1, max-image-preview:large, max-video-preview:-1\" \/>\n<link rel=\"canonical\" href=\"https:\/\/www.euroresidentes.com\/empresa\/motivacion\/deporte-2.html\" \/>\n<meta property=\"og:locale\" content=\"es_ES\" \/>\n<meta property=\"og:type\" content=\"article\" \/>\n<meta property=\"og:title\" content=\"Deporte - Motivaci\u00f3n\" \/>\n<meta property=\"og:description\" content=\"Motivaci\u00f3n deportiva Los 4 primeros pasos para empezar a hacer ejercicio \u00bfQuieres estar sano? Hazte estas 4 preguntas a diario La historia de estos 5 atletas os motivar\u00e1 a cada uno de vosotros 13 Frases que te motivar\u00e1n a levantar el culo del sof\u00e1 y largarte al gym\" \/>\n<meta property=\"og:url\" content=\"https:\/\/www.euroresidentes.com\/empresa\/motivacion\/deporte-2.html\" \/>\n<meta property=\"og:site_name\" content=\"Motivaci\u00f3n\" \/>\n<meta property=\"article:publisher\" content=\"https:\/\/www.facebook.com\/sentir.bien.euroresidentes\" \/>\n<meta property=\"article:modified_time\" content=\"2016-01-29T08:52:26+00:00\" \/>\n<meta name=\"twitter:card\" content=\"summary_large_image\" \/>\n<meta name=\"twitter:site\" content=\"@sentirbien\" \/>\n<script type=\"application\/ld+json\" class=\"yoast-schema-graph\">{\"@context\":\"https:\\\/\\\/schema.org\",\"@graph\":[{\"@type\":\"WebPage\",\"@id\":\"https:\\\/\\\/www.euroresidentes.com\\\/empresa\\\/motivacion\\\/deporte-2.html\",\"url\":\"https:\\\/\\\/www.euroresidentes.com\\\/empresa\\\/motivacion\\\/deporte-2.html\",\"name\":\"Deporte - Motivaci\u00f3n\",\"isPartOf\":{\"@id\":\"https:\\\/\\\/www.euroresidentes.com\\\/empresa\\\/motivacion\\\/#website\"},\"datePublished\":\"2016-01-20T10:34:09+00:00\",\"dateModified\":\"2016-01-29T08:52:26+00:00\",\"breadcrumb\":{\"@id\":\"https:\\\/\\\/www.euroresidentes.com\\\/empresa\\\/motivacion\\\/deporte-2.html#breadcrumb\"},\"inLanguage\":\"es\",\"potentialAction\":[{\"@type\":\"ReadAction\",\"target\":[\"https:\\\/\\\/www.euroresidentes.com\\\/empresa\\\/motivacion\\\/deporte-2.html\"]}]},{\"@type\":\"BreadcrumbList\",\"@id\":\"https:\\\/\\\/www.euroresidentes.com\\\/empresa\\\/motivacion\\\/deporte-2.html#breadcrumb\",\"itemListElement\":[{\"@type\":\"ListItem\",\"position\":1,\"name\":\"Portada\",\"item\":\"https:\\\/\\\/www.euroresidentes.com\\\/empresa\\\/motivacion\\\/\"},{\"@type\":\"ListItem\",\"position\":2,\"name\":\"Deporte\"}]},{\"@type\":\"WebSite\",\"@id\":\"https:\\\/\\\/www.euroresidentes.com\\\/empresa\\\/motivacion\\\/#website\",\"url\":\"https:\\\/\\\/www.euroresidentes.com\\\/empresa\\\/motivacion\\\/\",\"name\":\"Motivaci\u00f3n\",\"description\":\"Euroresidentes\",\"potentialAction\":[{\"@type\":\"SearchAction\",\"target\":{\"@type\":\"EntryPoint\",\"urlTemplate\":\"https:\\\/\\\/www.euroresidentes.com\\\/empresa\\\/motivacion\\\/?s={search_term_string}\"},\"query-input\":{\"@type\":\"PropertyValueSpecification\",\"valueRequired\":true,\"valueName\":\"search_term_string\"}}],\"inLanguage\":\"es\"}]}<\/script>\n<!-- \/ Yoast SEO plugin. -->","yoast_head_json":{"title":"Deporte - Motivaci\u00f3n","robots":{"index":"index","follow":"follow","max-snippet":"max-snippet:-1","max-image-preview":"max-image-preview:large","max-video-preview":"max-video-preview:-1"},"canonical":"https:\/\/www.euroresidentes.com\/empresa\/motivacion\/deporte-2.html","og_locale":"es_ES","og_type":"article","og_title":"Deporte - Motivaci\u00f3n","og_description":"Motivaci\u00f3n deportiva Los 4 primeros pasos para empezar a hacer ejercicio \u00bfQuieres estar sano? Hazte estas 4 preguntas a diario La historia de estos 5 atletas os motivar\u00e1 a cada uno de vosotros 13 Frases que te motivar\u00e1n a levantar el culo del sof\u00e1 y largarte al gym","og_url":"https:\/\/www.euroresidentes.com\/empresa\/motivacion\/deporte-2.html","og_site_name":"Motivaci\u00f3n","article_publisher":"https:\/\/www.facebook.com\/sentir.bien.euroresidentes","article_modified_time":"2016-01-29T08:52:26+00:00","twitter_card":"summary_large_image","twitter_site":"@sentirbien","schema":{"@context":"https:\/\/schema.org","@graph":[{"@type":"WebPage","@id":"https:\/\/www.euroresidentes.com\/empresa\/motivacion\/deporte-2.html","url":"https:\/\/www.euroresidentes.com\/empresa\/motivacion\/deporte-2.html","name":"Deporte - Motivaci\u00f3n","isPartOf":{"@id":"https:\/\/www.euroresidentes.com\/empresa\/motivacion\/#website"},"datePublished":"2016-01-20T10:34:09+00:00","dateModified":"2016-01-29T08:52:26+00:00","breadcrumb":{"@id":"https:\/\/www.euroresidentes.com\/empresa\/motivacion\/deporte-2.html#breadcrumb"},"inLanguage":"es","potentialAction":[{"@type":"ReadAction","target":["https:\/\/www.euroresidentes.com\/empresa\/motivacion\/deporte-2.html"]}]},{"@type":"BreadcrumbList","@id":"https:\/\/www.euroresidentes.com\/empresa\/motivacion\/deporte-2.html#breadcrumb","itemListElement":[{"@type":"ListItem","position":1,"name":"Portada","item":"https:\/\/www.euroresidentes.com\/empresa\/motivacion\/"},{"@type":"ListItem","position":2,"name":"Deporte"}]},{"@type":"WebSite","@id":"https:\/\/www.euroresidentes.com\/empresa\/motivacion\/#website","url":"https:\/\/www.euroresidentes.com\/empresa\/motivacion\/","name":"Motivaci\u00f3n","description":"Euroresidentes","potentialAction":[{"@type":"SearchAction","target":{"@type":"EntryPoint","urlTemplate":"https:\/\/www.euroresidentes.com\/empresa\/motivacion\/?s={search_term_string}"},"query-input":{"@type":"PropertyValueSpecification","valueRequired":true,"valueName":"search_term_string"}}],"inLanguage":"es"}]}},"_links":{"self":[{"href":"https:\/\/www.euroresidentes.com\/empresa\/motivacion\/wp-json\/wp\/v2\/pages\/309","targetHints":{"allow":["GET"]}}],"collection":[{"href":"https:\/\/www.euroresidentes.com\/empresa\/motivacion\/wp-json\/wp\/v2\/pages"}],"about":[{"href":"https:\/\/www.euroresidentes.com\/empresa\/motivacion\/wp-json\/wp\/v2\/types\/page"}],"author":[{"embeddable":true,"href":"https:\/\/www.euroresidentes.com\/empresa\/motivacion\/wp-json\/wp\/v2\/users\/1"}],"replies":[{"embeddable":true,"href":"https:\/\/www.euroresidentes.com\/empresa\/motivacion\/wp-json\/wp\/v2\/comments?post=309"}],"version-history":[{"count":1,"href":"https:\/\/www.euroresidentes.com\/empresa\/motivacion\/wp-json\/wp\/v2\/pages\/309\/revisions"}],"predecessor-version":[{"id":310,"href":"https:\/\/www.euroresidentes.com\/empresa\/motivacion\/wp-json\/wp\/v2\/pages\/309\/revisions\/310"}],"wp:attachment":[{"href":"https:\/\/www.euroresidentes.com\/empresa\/motivacion\/wp-json\/wp\/v2\/media?parent=309"}],"curies":[{"name":"wp","href":"https:\/\/api.w.org\/{rel}","templated":true}]}}