
{"id":307,"date":"2016-01-20T10:33:38","date_gmt":"2016-01-20T10:33:38","guid":{"rendered":"https:\/\/wp.euroresidentes.com\/empresa\/motivacion\/?page_id=307"},"modified":"2016-01-29T08:52:46","modified_gmt":"2016-01-29T08:52:46","slug":"trabajo-2","status":"publish","type":"page","link":"https:\/\/www.euroresidentes.com\/empresa\/motivacion\/trabajo-2.html","title":{"rendered":"Trabajo"},"content":{"rendered":"<ul>\n<li><b><a href=\"http:\/\/motivacion.euroresidentes.com\/2015\/09\/motivacion-en-el-trabajo-7-cosas-que.html\" target=\"_blank\"><span style=\"font-family: 'trebuchet ms' , sans-serif;\">Motivaci\u00f3n en el trabajo: 7 Cosas que nos motivan m\u00e1s que el dinero<\/span><\/a><\/b><\/li>\n<li><b><span style=\"font-family: 'trebuchet ms' , sans-serif;\"><a href=\"http:\/\/motivacion.euroresidentes.com\/2014\/05\/lee-cada-dia-estas-6-motivaciones-para.html\" target=\"_blank\">Lee cada d\u00eda estas 6 motivaciones antes de ir al trabajo<\/a><\/span><\/b><\/li>\n<li><b><a href=\"http:\/\/motivacion.euroresidentes.com\/2015\/11\/como-cambiar-tu-actitud-en-el-trabajo.html\"><span style=\"font-family: Trebuchet MS, sans-serif;\">C\u00f3mo cambiar tu actitud en el trabajo, incluso en los peores d\u00edas<\/span><\/a><\/b><\/li>\n<li><b><span style=\"font-family: 'trebuchet ms' , sans-serif;\"><a href=\"http:\/\/motivacion.euroresidentes.com\/2014\/07\/10-maneras-de-ser-positivo-en-el-trabajo.html\" target=\"_blank\">10 Maneras de ser positivo en el trabajo<\/a><\/span><\/b><\/li>\n<li><b><a href=\"http:\/\/motivacion.euroresidentes.com\/2014\/09\/como-seguir-adelante-cuando-tu-trabajo.html\" target=\"_blank\"><span style=\"font-family: 'trebuchet ms' , sans-serif;\">C\u00f3mo seguir adelante cuando tu trabajo te desmotiva<\/span><\/a><\/b><\/li>\n<li><b><span style=\"font-family: 'trebuchet ms' , sans-serif;\"><a href=\"http:\/\/motivacion.euroresidentes.com\/2014\/08\/sindrome-postvacacional-6-consejos-para.html\" target=\"_blank\">S\u00edndrome Postvacacional: 6 Consejos para superarlo<\/a><\/span><\/b><\/li>\n<li><b><span style=\"font-family: 'trebuchet ms' , sans-serif;\"><a href=\"http:\/\/motivacion.euroresidentes.com\/2015\/06\/empresa-como-motivar-alguien-que-no-te.html\" target=\"_blank\">Empresa: C\u00f3mo motivar a alguien que no te cae bien<\/a><\/span><\/b><\/li>\n<li><b><a href=\"http:\/\/motivacion.euroresidentes.com\/2013\/09\/motivacion-laboral.html\" target=\"_blank\"><span style=\"font-family: 'trebuchet ms' , sans-serif;\">Motivaci\u00f3n laboral<\/span><\/a><\/b><\/li>\n<\/ul>\n","protected":false},"excerpt":{"rendered":"<p>Motivaci\u00f3n en el trabajo: 7 Cosas que nos motivan m\u00e1s que el dinero Lee cada d\u00eda estas 6 motivaciones antes de ir al trabajo C\u00f3mo cambiar tu actitud en el trabajo, incluso en los peores d\u00edas 10 Maneras de ser positivo en el trabajo C\u00f3mo seguir adelante cuando tu trabajo te desmotiva S\u00edndrome Postvacacional: 6 Consejos para superarlo Empresa: C\u00f3mo motivar a alguien que no te cae bien Motivaci\u00f3n laboral<\/p>\n","protected":false},"author":1,"featured_media":0,"parent":0,"menu_order":0,"comment_status":"closed","ping_status":"closed","template":"page-auhtor.php","meta":{"footnotes":""},"class_list":["post-307","page","type-page","status-publish","hentry"],"yoast_head":"<!-- This site is optimized with the Yoast SEO plugin v27.4 - https:\/\/yoast.com\/product\/yoast-seo-wordpress\/ -->\n<title>Trabajo - Motivaci\u00f3n<\/title>\n<meta name=\"robots\" content=\"index, follow, max-snippet:-1, max-image-preview:large, max-video-preview:-1\" \/>\n<link rel=\"canonical\" href=\"https:\/\/www.euroresidentes.com\/empresa\/motivacion\/trabajo-2.html\" \/>\n<meta property=\"og:locale\" content=\"es_ES\" \/>\n<meta property=\"og:type\" content=\"article\" \/>\n<meta property=\"og:title\" content=\"Trabajo - Motivaci\u00f3n\" \/>\n<meta property=\"og:description\" content=\"Motivaci\u00f3n en el trabajo: 7 Cosas que nos motivan m\u00e1s que el dinero Lee cada d\u00eda estas 6 motivaciones antes de ir al trabajo C\u00f3mo cambiar tu actitud en el trabajo, incluso en los peores d\u00edas 10 Maneras de ser positivo en el trabajo C\u00f3mo seguir adelante cuando tu trabajo te desmotiva S\u00edndrome Postvacacional: 6 Consejos para superarlo Empresa: C\u00f3mo motivar a alguien que no te cae bien Motivaci\u00f3n laboral\" \/>\n<meta property=\"og:url\" content=\"https:\/\/www.euroresidentes.com\/empresa\/motivacion\/trabajo-2.html\" \/>\n<meta property=\"og:site_name\" content=\"Motivaci\u00f3n\" \/>\n<meta property=\"article:publisher\" content=\"https:\/\/www.facebook.com\/sentir.bien.euroresidentes\" \/>\n<meta property=\"article:modified_time\" content=\"2016-01-29T08:52:46+00:00\" \/>\n<meta name=\"twitter:card\" content=\"summary_large_image\" \/>\n<meta name=\"twitter:site\" content=\"@sentirbien\" \/>\n<script type=\"application\/ld+json\" class=\"yoast-schema-graph\">{\"@context\":\"https:\\\/\\\/schema.org\",\"@graph\":[{\"@type\":\"WebPage\",\"@id\":\"https:\\\/\\\/www.euroresidentes.com\\\/empresa\\\/motivacion\\\/trabajo-2.html\",\"url\":\"https:\\\/\\\/www.euroresidentes.com\\\/empresa\\\/motivacion\\\/trabajo-2.html\",\"name\":\"Trabajo - Motivaci\u00f3n\",\"isPartOf\":{\"@id\":\"https:\\\/\\\/www.euroresidentes.com\\\/empresa\\\/motivacion\\\/#website\"},\"datePublished\":\"2016-01-20T10:33:38+00:00\",\"dateModified\":\"2016-01-29T08:52:46+00:00\",\"breadcrumb\":{\"@id\":\"https:\\\/\\\/www.euroresidentes.com\\\/empresa\\\/motivacion\\\/trabajo-2.html#breadcrumb\"},\"inLanguage\":\"es\",\"potentialAction\":[{\"@type\":\"ReadAction\",\"target\":[\"https:\\\/\\\/www.euroresidentes.com\\\/empresa\\\/motivacion\\\/trabajo-2.html\"]}]},{\"@type\":\"BreadcrumbList\",\"@id\":\"https:\\\/\\\/www.euroresidentes.com\\\/empresa\\\/motivacion\\\/trabajo-2.html#breadcrumb\",\"itemListElement\":[{\"@type\":\"ListItem\",\"position\":1,\"name\":\"Portada\",\"item\":\"https:\\\/\\\/www.euroresidentes.com\\\/empresa\\\/motivacion\\\/\"},{\"@type\":\"ListItem\",\"position\":2,\"name\":\"Trabajo\"}]},{\"@type\":\"WebSite\",\"@id\":\"https:\\\/\\\/www.euroresidentes.com\\\/empresa\\\/motivacion\\\/#website\",\"url\":\"https:\\\/\\\/www.euroresidentes.com\\\/empresa\\\/motivacion\\\/\",\"name\":\"Motivaci\u00f3n\",\"description\":\"Euroresidentes\",\"potentialAction\":[{\"@type\":\"SearchAction\",\"target\":{\"@type\":\"EntryPoint\",\"urlTemplate\":\"https:\\\/\\\/www.euroresidentes.com\\\/empresa\\\/motivacion\\\/?s={search_term_string}\"},\"query-input\":{\"@type\":\"PropertyValueSpecification\",\"valueRequired\":true,\"valueName\":\"search_term_string\"}}],\"inLanguage\":\"es\"}]}<\/script>\n<!-- \/ Yoast SEO plugin. -->","yoast_head_json":{"title":"Trabajo - Motivaci\u00f3n","robots":{"index":"index","follow":"follow","max-snippet":"max-snippet:-1","max-image-preview":"max-image-preview:large","max-video-preview":"max-video-preview:-1"},"canonical":"https:\/\/www.euroresidentes.com\/empresa\/motivacion\/trabajo-2.html","og_locale":"es_ES","og_type":"article","og_title":"Trabajo - Motivaci\u00f3n","og_description":"Motivaci\u00f3n en el trabajo: 7 Cosas que nos motivan m\u00e1s que el dinero Lee cada d\u00eda estas 6 motivaciones antes de ir al trabajo C\u00f3mo cambiar tu actitud en el trabajo, incluso en los peores d\u00edas 10 Maneras de ser positivo en el trabajo C\u00f3mo seguir adelante cuando tu trabajo te desmotiva S\u00edndrome Postvacacional: 6 Consejos para superarlo Empresa: C\u00f3mo motivar a alguien que no te cae bien Motivaci\u00f3n laboral","og_url":"https:\/\/www.euroresidentes.com\/empresa\/motivacion\/trabajo-2.html","og_site_name":"Motivaci\u00f3n","article_publisher":"https:\/\/www.facebook.com\/sentir.bien.euroresidentes","article_modified_time":"2016-01-29T08:52:46+00:00","twitter_card":"summary_large_image","twitter_site":"@sentirbien","schema":{"@context":"https:\/\/schema.org","@graph":[{"@type":"WebPage","@id":"https:\/\/www.euroresidentes.com\/empresa\/motivacion\/trabajo-2.html","url":"https:\/\/www.euroresidentes.com\/empresa\/motivacion\/trabajo-2.html","name":"Trabajo - Motivaci\u00f3n","isPartOf":{"@id":"https:\/\/www.euroresidentes.com\/empresa\/motivacion\/#website"},"datePublished":"2016-01-20T10:33:38+00:00","dateModified":"2016-01-29T08:52:46+00:00","breadcrumb":{"@id":"https:\/\/www.euroresidentes.com\/empresa\/motivacion\/trabajo-2.html#breadcrumb"},"inLanguage":"es","potentialAction":[{"@type":"ReadAction","target":["https:\/\/www.euroresidentes.com\/empresa\/motivacion\/trabajo-2.html"]}]},{"@type":"BreadcrumbList","@id":"https:\/\/www.euroresidentes.com\/empresa\/motivacion\/trabajo-2.html#breadcrumb","itemListElement":[{"@type":"ListItem","position":1,"name":"Portada","item":"https:\/\/www.euroresidentes.com\/empresa\/motivacion\/"},{"@type":"ListItem","position":2,"name":"Trabajo"}]},{"@type":"WebSite","@id":"https:\/\/www.euroresidentes.com\/empresa\/motivacion\/#website","url":"https:\/\/www.euroresidentes.com\/empresa\/motivacion\/","name":"Motivaci\u00f3n","description":"Euroresidentes","potentialAction":[{"@type":"SearchAction","target":{"@type":"EntryPoint","urlTemplate":"https:\/\/www.euroresidentes.com\/empresa\/motivacion\/?s={search_term_string}"},"query-input":{"@type":"PropertyValueSpecification","valueRequired":true,"valueName":"search_term_string"}}],"inLanguage":"es"}]}},"_links":{"self":[{"href":"https:\/\/www.euroresidentes.com\/empresa\/motivacion\/wp-json\/wp\/v2\/pages\/307","targetHints":{"allow":["GET"]}}],"collection":[{"href":"https:\/\/www.euroresidentes.com\/empresa\/motivacion\/wp-json\/wp\/v2\/pages"}],"about":[{"href":"https:\/\/www.euroresidentes.com\/empresa\/motivacion\/wp-json\/wp\/v2\/types\/page"}],"author":[{"embeddable":true,"href":"https:\/\/www.euroresidentes.com\/empresa\/motivacion\/wp-json\/wp\/v2\/users\/1"}],"replies":[{"embeddable":true,"href":"https:\/\/www.euroresidentes.com\/empresa\/motivacion\/wp-json\/wp\/v2\/comments?post=307"}],"version-history":[{"count":1,"href":"https:\/\/www.euroresidentes.com\/empresa\/motivacion\/wp-json\/wp\/v2\/pages\/307\/revisions"}],"predecessor-version":[{"id":308,"href":"https:\/\/www.euroresidentes.com\/empresa\/motivacion\/wp-json\/wp\/v2\/pages\/307\/revisions\/308"}],"wp:attachment":[{"href":"https:\/\/www.euroresidentes.com\/empresa\/motivacion\/wp-json\/wp\/v2\/media?parent=307"}],"curies":[{"name":"wp","href":"https:\/\/api.w.org\/{rel}","templated":true}]}}