
{"id":305,"date":"2016-01-20T10:33:04","date_gmt":"2016-01-20T10:33:04","guid":{"rendered":"https:\/\/wp.euroresidentes.com\/empresa\/motivacion\/?page_id=305"},"modified":"2016-01-29T08:52:31","modified_gmt":"2016-01-29T08:52:31","slug":"desarrollo-personal-2","status":"publish","type":"page","link":"https:\/\/www.euroresidentes.com\/empresa\/motivacion\/desarrollo-personal-2.html","title":{"rendered":"Desarrollo Personal"},"content":{"rendered":"<ul>\n<li><span style=\"font-family: 'trebuchet ms' , sans-serif;\"><a href=\"http:\/\/motivacion.euroresidentes.com\/2015\/11\/la-reflexion-que-necesitabas-para.html\"><b>La reflexi\u00f3n que necesitabas para motivarte hoy<\/b><\/a><\/span><\/li>\n<li><span style=\"font-family: 'trebuchet ms' , sans-serif;\"><b><a href=\"http:\/\/motivacion.euroresidentes.com\/2014\/07\/motivacion-estoy-en-la-direccion.html\" target=\"_blank\">Motivaci\u00f3n: \u00bfEstoy en la direcci\u00f3n correcta?<\/a><\/b><\/span><\/li>\n<li><span style=\"font-family: 'trebuchet ms' , sans-serif;\"><b><a href=\"http:\/\/motivacion.euroresidentes.com\/2014\/07\/5-peliculas-para-este-verano-que-te.html\" target=\"_blank\">5 Pel\u00edculas que te motivar\u00e1n a seguir adelante<\/a><\/b><\/span><\/li>\n<li><span style=\"font-family: 'trebuchet ms' , sans-serif;\"><b><a href=\"http:\/\/motivacion.euroresidentes.com\/2014\/08\/21-frases-que-te-recordaran-algo-muy.html\" target=\"_blank\">21 Frases que te recordar\u00e1n algo muy importante: cree en ti<\/a><\/b><\/span><\/li>\n<li><span style=\"font-family: 'trebuchet ms' , sans-serif;\"><a href=\"http:\/\/motivacion.euroresidentes.com\/2015\/04\/tienes-5-segundos-para-conseguir-lo-que.html\" target=\"_blank\"><b>Tienes 5 segundos para conseguir lo que quieres<\/b><\/a><\/span><\/li>\n<li><b><span style=\"font-family: 'trebuchet ms' , sans-serif;\"><a href=\"http:\/\/motivacion.euroresidentes.com\/2014\/05\/8-pasos-basicos-para-mantener-la.html\" target=\"_blank\">8 pasos b\u00e1sicos para mantener la motivaci\u00f3n despierta<\/a><\/span><\/b><\/li>\n<li><b><span style=\"font-family: 'trebuchet ms' , sans-serif;\"><a href=\"http:\/\/motivacion.euroresidentes.com\/2015\/05\/como-motivarse-cuando-no-estas-de-humor.html\" target=\"_blank\">C\u00f3mo motivarse cuando no est\u00e1s de humor para hacer nada<\/a><\/span><\/b><\/li>\n<li><b><a href=\"http:\/\/motivacion.euroresidentes.com\/2015\/06\/6-consejos-que-te-motivaran-cuando-te.html\"><span style=\"font-family: 'trebuchet ms' , sans-serif;\">6 Consejos que te motivar\u00e1n cuando te sientas deprimido<\/span><\/a><\/b><\/li>\n<li><b><a href=\"http:\/\/motivacion.euroresidentes.com\/2014\/12\/9-razones-por-las-que-algunas-personas.html\" target=\"_blank\"><span style=\"font-family: 'trebuchet ms' , sans-serif;\">9 Razones por las que algunas personas est\u00e1n siempre desmotivadas<\/span><\/a><\/b><\/li>\n<li><b><a href=\"http:\/\/motivacion.euroresidentes.com\/2015\/05\/15-tips-para-motivarte-hacer-mucho-mas.html\" target=\"_blank\"><span style=\"font-family: 'trebuchet ms' , sans-serif;\">15 Tips para motivarte a hacer mucho m\u00e1s<\/span><\/a><\/b><\/li>\n<li><b><span style=\"font-family: 'trebuchet ms' , sans-serif;\"><a href=\"http:\/\/motivacion.euroresidentes.com\/2014\/05\/8-formas-de-automotivarse.html\" target=\"_blank\">8 formas de automotivarse<\/a><\/span><\/b><\/li>\n<li><a href=\"http:\/\/motivacion.euroresidentes.com\/2014\/04\/los-7-enemigos-de-la-motivacion.html\" target=\"_blank\"><b><span style=\"font-family: 'trebuchet ms' , sans-serif;\">Los 7 enemigos de la motivaci\u00f3n<\/span><\/b><\/a><\/li>\n<li><b><span style=\"font-family: 'trebuchet ms' , sans-serif;\"><a href=\"http:\/\/motivacion.euroresidentes.com\/2014\/04\/11-increibles-maneras-de-motivarse.html\" target=\"_blank\">11 incre\u00edbles maneras de motivarse<\/a><\/span><\/b><\/li>\n<li><b><span style=\"font-family: 'trebuchet ms' , sans-serif;\"><a href=\"http:\/\/motivacion.euroresidentes.com\/2015\/01\/10-formas-de-poner-en-marcha-tu.html\" target=\"_blank\">10 Formas de poner en marcha tu motivaci\u00f3n HOY<\/a><\/span><\/b><\/li>\n<li><b><span style=\"font-family: 'trebuchet ms' , sans-serif;\"><a href=\"http:\/\/motivacion.euroresidentes.com\/2014\/01\/6-frases-que-no-se-deben-decir-nunca.html\" target=\"_blank\">6 frases que no se deben decir nunca<\/a><\/span><\/b><\/li>\n<li><b><span style=\"font-family: 'trebuchet ms' , sans-serif;\"><a href=\"http:\/\/motivacion.euroresidentes.com\/2013\/12\/que-hago-con-mi-vida-7-pensamientos.html\" target=\"_blank\">Qu\u00e9 hago con mi vida. 7 pensamientos para reflexionar sobre tu vida<\/a><\/span><\/b><\/li>\n<li><b><a href=\"http:\/\/motivacion.euroresidentes.com\/2015\/06\/la-historia-de-estos-5-atletas-os.html\" target=\"_blank\"><span style=\"font-family: 'trebuchet ms' , sans-serif;\">La historia de estos 5 atletas os motivar\u00e1 a cada uno de vosotros<\/span><\/a><\/b><\/li>\n<li><b><span style=\"font-family: 'trebuchet ms' , sans-serif;\"><a href=\"http:\/\/motivacion.euroresidentes.com\/2014\/12\/los-mejores-videos-motivacionales-del.html\" target=\"_blank\">Los mejores v\u00eddeos motivacionales del a\u00f1o<\/a><\/span><\/b><\/li>\n<\/ul>\n","protected":false},"excerpt":{"rendered":"<p>La reflexi\u00f3n que necesitabas para motivarte hoy Motivaci\u00f3n: \u00bfEstoy en la direcci\u00f3n correcta? 5 Pel\u00edculas que te motivar\u00e1n a seguir adelante 21 Frases que te recordar\u00e1n algo muy importante: cree en ti Tienes 5 segundos para conseguir lo que quieres 8 pasos b\u00e1sicos para mantener la motivaci\u00f3n despierta C\u00f3mo motivarse cuando no est\u00e1s de humor para hacer nada 6 Consejos que te motivar\u00e1n cuando te sientas deprimido 9 Razones por las que algunas personas est\u00e1n siempre desmotivadas 15 Tips para motivarte a hacer mucho m\u00e1s 8 formas de automotivarse Los 7 enemigos de la motivaci\u00f3n 11 incre\u00edbles maneras de motivarse <\/p>\n","protected":false},"author":1,"featured_media":0,"parent":0,"menu_order":0,"comment_status":"closed","ping_status":"closed","template":"page-auhtor.php","meta":{"footnotes":""},"class_list":["post-305","page","type-page","status-publish","hentry"],"yoast_head":"<!-- This site is optimized with the Yoast SEO plugin v27.4 - https:\/\/yoast.com\/product\/yoast-seo-wordpress\/ -->\n<title>Desarrollo Personal - Motivaci\u00f3n<\/title>\n<meta name=\"robots\" content=\"index, follow, max-snippet:-1, max-image-preview:large, max-video-preview:-1\" \/>\n<link rel=\"canonical\" href=\"https:\/\/www.euroresidentes.com\/empresa\/motivacion\/desarrollo-personal-2.html\" \/>\n<meta property=\"og:locale\" content=\"es_ES\" \/>\n<meta property=\"og:type\" content=\"article\" \/>\n<meta property=\"og:title\" content=\"Desarrollo Personal - Motivaci\u00f3n\" \/>\n<meta property=\"og:description\" content=\"La reflexi\u00f3n que necesitabas para motivarte hoy Motivaci\u00f3n: \u00bfEstoy en la direcci\u00f3n correcta? 5 Pel\u00edculas que te motivar\u00e1n a seguir adelante 21 Frases que te recordar\u00e1n algo muy importante: cree en ti Tienes 5 segundos para conseguir lo que quieres 8 pasos b\u00e1sicos para mantener la motivaci\u00f3n despierta C\u00f3mo motivarse cuando no est\u00e1s de humor para hacer nada 6 Consejos que te motivar\u00e1n cuando te sientas deprimido 9 Razones por las que algunas personas est\u00e1n siempre desmotivadas 15 Tips para motivarte a hacer mucho m\u00e1s 8 formas de automotivarse Los 7 enemigos de la motivaci\u00f3n 11 incre\u00edbles maneras de motivarse\" \/>\n<meta property=\"og:url\" content=\"https:\/\/www.euroresidentes.com\/empresa\/motivacion\/desarrollo-personal-2.html\" \/>\n<meta property=\"og:site_name\" content=\"Motivaci\u00f3n\" \/>\n<meta property=\"article:publisher\" content=\"https:\/\/www.facebook.com\/sentir.bien.euroresidentes\" \/>\n<meta property=\"article:modified_time\" content=\"2016-01-29T08:52:31+00:00\" \/>\n<meta name=\"twitter:card\" content=\"summary_large_image\" \/>\n<meta name=\"twitter:site\" content=\"@sentirbien\" \/>\n<meta name=\"twitter:label1\" content=\"Est. reading time\" \/>\n\t<meta name=\"twitter:data1\" content=\"1 minuto\" \/>\n<script type=\"application\/ld+json\" class=\"yoast-schema-graph\">{\"@context\":\"https:\\\/\\\/schema.org\",\"@graph\":[{\"@type\":\"WebPage\",\"@id\":\"https:\\\/\\\/www.euroresidentes.com\\\/empresa\\\/motivacion\\\/desarrollo-personal-2.html\",\"url\":\"https:\\\/\\\/www.euroresidentes.com\\\/empresa\\\/motivacion\\\/desarrollo-personal-2.html\",\"name\":\"Desarrollo Personal - Motivaci\u00f3n\",\"isPartOf\":{\"@id\":\"https:\\\/\\\/www.euroresidentes.com\\\/empresa\\\/motivacion\\\/#website\"},\"datePublished\":\"2016-01-20T10:33:04+00:00\",\"dateModified\":\"2016-01-29T08:52:31+00:00\",\"breadcrumb\":{\"@id\":\"https:\\\/\\\/www.euroresidentes.com\\\/empresa\\\/motivacion\\\/desarrollo-personal-2.html#breadcrumb\"},\"inLanguage\":\"es\",\"potentialAction\":[{\"@type\":\"ReadAction\",\"target\":[\"https:\\\/\\\/www.euroresidentes.com\\\/empresa\\\/motivacion\\\/desarrollo-personal-2.html\"]}]},{\"@type\":\"BreadcrumbList\",\"@id\":\"https:\\\/\\\/www.euroresidentes.com\\\/empresa\\\/motivacion\\\/desarrollo-personal-2.html#breadcrumb\",\"itemListElement\":[{\"@type\":\"ListItem\",\"position\":1,\"name\":\"Portada\",\"item\":\"https:\\\/\\\/www.euroresidentes.com\\\/empresa\\\/motivacion\\\/\"},{\"@type\":\"ListItem\",\"position\":2,\"name\":\"Desarrollo Personal\"}]},{\"@type\":\"WebSite\",\"@id\":\"https:\\\/\\\/www.euroresidentes.com\\\/empresa\\\/motivacion\\\/#website\",\"url\":\"https:\\\/\\\/www.euroresidentes.com\\\/empresa\\\/motivacion\\\/\",\"name\":\"Motivaci\u00f3n\",\"description\":\"Euroresidentes\",\"potentialAction\":[{\"@type\":\"SearchAction\",\"target\":{\"@type\":\"EntryPoint\",\"urlTemplate\":\"https:\\\/\\\/www.euroresidentes.com\\\/empresa\\\/motivacion\\\/?s={search_term_string}\"},\"query-input\":{\"@type\":\"PropertyValueSpecification\",\"valueRequired\":true,\"valueName\":\"search_term_string\"}}],\"inLanguage\":\"es\"}]}<\/script>\n<!-- \/ Yoast SEO plugin. -->","yoast_head_json":{"title":"Desarrollo Personal - Motivaci\u00f3n","robots":{"index":"index","follow":"follow","max-snippet":"max-snippet:-1","max-image-preview":"max-image-preview:large","max-video-preview":"max-video-preview:-1"},"canonical":"https:\/\/www.euroresidentes.com\/empresa\/motivacion\/desarrollo-personal-2.html","og_locale":"es_ES","og_type":"article","og_title":"Desarrollo Personal - Motivaci\u00f3n","og_description":"La reflexi\u00f3n que necesitabas para motivarte hoy Motivaci\u00f3n: \u00bfEstoy en la direcci\u00f3n correcta? 5 Pel\u00edculas que te motivar\u00e1n a seguir adelante 21 Frases que te recordar\u00e1n algo muy importante: cree en ti Tienes 5 segundos para conseguir lo que quieres 8 pasos b\u00e1sicos para mantener la motivaci\u00f3n despierta C\u00f3mo motivarse cuando no est\u00e1s de humor para hacer nada 6 Consejos que te motivar\u00e1n cuando te sientas deprimido 9 Razones por las que algunas personas est\u00e1n siempre desmotivadas 15 Tips para motivarte a hacer mucho m\u00e1s 8 formas de automotivarse Los 7 enemigos de la motivaci\u00f3n 11 incre\u00edbles maneras de motivarse","og_url":"https:\/\/www.euroresidentes.com\/empresa\/motivacion\/desarrollo-personal-2.html","og_site_name":"Motivaci\u00f3n","article_publisher":"https:\/\/www.facebook.com\/sentir.bien.euroresidentes","article_modified_time":"2016-01-29T08:52:31+00:00","twitter_card":"summary_large_image","twitter_site":"@sentirbien","twitter_misc":{"Est. reading time":"1 minuto"},"schema":{"@context":"https:\/\/schema.org","@graph":[{"@type":"WebPage","@id":"https:\/\/www.euroresidentes.com\/empresa\/motivacion\/desarrollo-personal-2.html","url":"https:\/\/www.euroresidentes.com\/empresa\/motivacion\/desarrollo-personal-2.html","name":"Desarrollo Personal - Motivaci\u00f3n","isPartOf":{"@id":"https:\/\/www.euroresidentes.com\/empresa\/motivacion\/#website"},"datePublished":"2016-01-20T10:33:04+00:00","dateModified":"2016-01-29T08:52:31+00:00","breadcrumb":{"@id":"https:\/\/www.euroresidentes.com\/empresa\/motivacion\/desarrollo-personal-2.html#breadcrumb"},"inLanguage":"es","potentialAction":[{"@type":"ReadAction","target":["https:\/\/www.euroresidentes.com\/empresa\/motivacion\/desarrollo-personal-2.html"]}]},{"@type":"BreadcrumbList","@id":"https:\/\/www.euroresidentes.com\/empresa\/motivacion\/desarrollo-personal-2.html#breadcrumb","itemListElement":[{"@type":"ListItem","position":1,"name":"Portada","item":"https:\/\/www.euroresidentes.com\/empresa\/motivacion\/"},{"@type":"ListItem","position":2,"name":"Desarrollo Personal"}]},{"@type":"WebSite","@id":"https:\/\/www.euroresidentes.com\/empresa\/motivacion\/#website","url":"https:\/\/www.euroresidentes.com\/empresa\/motivacion\/","name":"Motivaci\u00f3n","description":"Euroresidentes","potentialAction":[{"@type":"SearchAction","target":{"@type":"EntryPoint","urlTemplate":"https:\/\/www.euroresidentes.com\/empresa\/motivacion\/?s={search_term_string}"},"query-input":{"@type":"PropertyValueSpecification","valueRequired":true,"valueName":"search_term_string"}}],"inLanguage":"es"}]}},"_links":{"self":[{"href":"https:\/\/www.euroresidentes.com\/empresa\/motivacion\/wp-json\/wp\/v2\/pages\/305","targetHints":{"allow":["GET"]}}],"collection":[{"href":"https:\/\/www.euroresidentes.com\/empresa\/motivacion\/wp-json\/wp\/v2\/pages"}],"about":[{"href":"https:\/\/www.euroresidentes.com\/empresa\/motivacion\/wp-json\/wp\/v2\/types\/page"}],"author":[{"embeddable":true,"href":"https:\/\/www.euroresidentes.com\/empresa\/motivacion\/wp-json\/wp\/v2\/users\/1"}],"replies":[{"embeddable":true,"href":"https:\/\/www.euroresidentes.com\/empresa\/motivacion\/wp-json\/wp\/v2\/comments?post=305"}],"version-history":[{"count":1,"href":"https:\/\/www.euroresidentes.com\/empresa\/motivacion\/wp-json\/wp\/v2\/pages\/305\/revisions"}],"predecessor-version":[{"id":306,"href":"https:\/\/www.euroresidentes.com\/empresa\/motivacion\/wp-json\/wp\/v2\/pages\/305\/revisions\/306"}],"wp:attachment":[{"href":"https:\/\/www.euroresidentes.com\/empresa\/motivacion\/wp-json\/wp\/v2\/media?parent=305"}],"curies":[{"name":"wp","href":"https:\/\/api.w.org\/{rel}","templated":true}]}}