
{"id":256,"date":"2016-01-19T15:14:38","date_gmt":"2016-01-19T15:14:38","guid":{"rendered":"https:\/\/wp.euroresidentes.com\/empresa\/liderazgo\/?page_id=256"},"modified":"2016-01-29T08:47:12","modified_gmt":"2016-01-29T08:47:12","slug":"el-arte-de-liderar","status":"publish","type":"page","link":"https:\/\/www.euroresidentes.com\/empresa\/liderazgo\/el-arte-de-liderar.html","title":{"rendered":"El arte de liderar"},"content":{"rendered":"<ul>\n<li><a href=\"http:\/\/liderazgo.euroresidentes.com\/2014\/08\/liderazgo-y-coaching.html\" target=\"_blank\"><b>Liderazgo y coaching<\/b><\/a><\/li>\n<li><b><a href=\"http:\/\/liderazgo.euroresidentes.com\/2013\/10\/liderazgo-empresarial.html\" target=\"_blank\">Liderazgo empresarial&nbsp;<\/a><\/b><\/li>\n<li><a href=\"http:\/\/liderazgo.euroresidentes.com\/2013\/10\/liderazgo-transformacional.html\" target=\"_blank\"><b>Liderazgo transformacional&nbsp;<\/b><\/a><\/li>\n<li><b><a href=\"http:\/\/liderazgo.euroresidentes.com\/2013\/10\/liderazgo-transaccional.html\" target=\"_blank\">Liderazgo transaccional<\/a>&nbsp;<\/b><\/li>\n<li><b><a href=\"http:\/\/liderazgo.euroresidentes.com\/2013\/10\/liderazgo-educativo.html\" target=\"_blank\">Liderazgo educativo<\/a>&nbsp;<\/b><\/li>\n<li><b><a href=\"http:\/\/liderazgo.euroresidentes.com\/2014\/10\/liderazgo-dinamico.html\" target=\"_blank\">Liderazgo din\u00e1mico<\/a><\/b><\/li>\n<li><b><a href=\"http:\/\/liderazgo.euroresidentes.com\/2013\/10\/liderazgo-democratico.html\" target=\"_blank\">Liderazgo democr\u00e1tico<\/a>&nbsp;<\/b><\/li>\n<li><b><a href=\"http:\/\/liderazgo.euroresidentes.com\/2013\/11\/liderazgo-situacional.html\" target=\"_blank\">Liderazgo situacional<\/a>&nbsp;<\/b><\/li>\n<li><b><a href=\"http:\/\/liderazgo.euroresidentes.com\/2013\/11\/liderazgo-autocratico.html\" target=\"_blank\">Liderazgo autocr\u00e1tico<\/a>&nbsp;<\/b><\/li>\n<li><b><a href=\"http:\/\/liderazgo.euroresidentes.com\/2015\/07\/ejemplos-de-liderazgo-autocratico.html\">Ejemplos de liderazgo autocr\u00e1tico<\/a><\/b><\/li>\n<li><b><a href=\"http:\/\/liderazgo.euroresidentes.com\/2013\/12\/liderazgo-organizacional.html\" target=\"_blank\">Liderazgo organizacional<\/a>&nbsp;<\/b><\/li>\n<li><b><a href=\"http:\/\/liderazgo.euroresidentes.com\/2014\/04\/liderazgo-burocratico.html\" target=\"_blank\">Liderazgo burocr\u00e1tico<\/a>&nbsp;<\/b><\/li>\n<li><b><a href=\"http:\/\/liderazgo.euroresidentes.com\/2015\/09\/liderazgo-en-costes.html\">Liderazgo en costes<\/a><\/b><\/li>\n<li><a href=\"http:\/\/liderazgo.euroresidentes.com\/2013\/12\/liderazgo-segun-cyril-levicki.html\" target=\"_blank\"><b>Liderazgo seg\u00fan Cyril Levicki<\/b><\/a><\/li>\n<li><b><a href=\"http:\/\/liderazgo.euroresidentes.com\/2014\/01\/liderazgo-y-trabajo-en-equipo.html\" target=\"_blank\">&nbsp;Liderazgo y trabajo en equipo&nbsp;<\/a><\/b><\/li>\n<li><a href=\"http:\/\/liderazgo.euroresidentes.com\/2015\/07\/6-tipos-de-liderazgo-y-cuando-se.html\"><b>6 Tipos de liderazgo (y cuando se deber\u00edan usar)<\/b><\/a><\/li>\n<li><a href=\"http:\/\/liderazgo.euroresidentes.com\/2013\/12\/los-3-estilos-de-liderazgo-mas.html\" target=\"_blank\"><b>Los 3 estilos de liderazgo m\u00e1s efectivos en las organizaciones&nbsp;<\/b><\/a><\/li>\n<li><a href=\"http:\/\/liderazgo.euroresidentes.com\/2013\/12\/liderazgo-organizacional.html\" target=\"_blank\"><b>Grandes l\u00edderes democr\u00e1ticos en la historia<\/b><\/a><\/li>\n<\/ul>\n","protected":false},"excerpt":{"rendered":"<p>Liderazgo y coaching Liderazgo empresarial&nbsp; Liderazgo transformacional&nbsp; Liderazgo transaccional&nbsp; Liderazgo educativo&nbsp; Liderazgo din\u00e1mico Liderazgo democr\u00e1tico&nbsp; Liderazgo situacional&nbsp; Liderazgo autocr\u00e1tico&nbsp; Ejemplos de liderazgo autocr\u00e1tico Liderazgo organizacional&nbsp; Liderazgo burocr\u00e1tico&nbsp; Liderazgo en costes Liderazgo seg\u00fan Cyril Levicki &nbsp;Liderazgo y trabajo en equipo&nbsp; 6 Tipos de liderazgo (y cuando se deber\u00edan usar) Los 3 estilos de liderazgo m\u00e1s efectivos en las organizaciones&nbsp; Grandes l\u00edderes democr\u00e1ticos en la historia<\/p>\n","protected":false},"author":1,"featured_media":0,"parent":0,"menu_order":0,"comment_status":"closed","ping_status":"closed","template":"page-auhtor.php","meta":{"footnotes":""},"class_list":["post-256","page","type-page","status-publish","hentry"],"yoast_head":"<!-- This site is optimized with the Yoast SEO plugin v27.4 - https:\/\/yoast.com\/product\/yoast-seo-wordpress\/ -->\n<title>El arte de liderar - Liderazgo<\/title>\n<meta name=\"robots\" content=\"index, follow, max-snippet:-1, max-image-preview:large, max-video-preview:-1\" \/>\n<link rel=\"canonical\" href=\"https:\/\/www.euroresidentes.com\/empresa\/liderazgo\/el-arte-de-liderar.html\" \/>\n<meta property=\"og:locale\" content=\"es_ES\" \/>\n<meta property=\"og:type\" content=\"article\" \/>\n<meta property=\"og:title\" content=\"El arte de liderar - Liderazgo\" \/>\n<meta property=\"og:description\" content=\"Liderazgo y coaching Liderazgo empresarial&nbsp; Liderazgo transformacional&nbsp; Liderazgo transaccional&nbsp; Liderazgo educativo&nbsp; Liderazgo din\u00e1mico Liderazgo democr\u00e1tico&nbsp; Liderazgo situacional&nbsp; Liderazgo autocr\u00e1tico&nbsp; Ejemplos de liderazgo autocr\u00e1tico Liderazgo organizacional&nbsp; Liderazgo burocr\u00e1tico&nbsp; Liderazgo en costes Liderazgo seg\u00fan Cyril Levicki &nbsp;Liderazgo y trabajo en equipo&nbsp; 6 Tipos de liderazgo (y cuando se deber\u00edan usar) Los 3 estilos de liderazgo m\u00e1s efectivos en las organizaciones&nbsp; Grandes l\u00edderes democr\u00e1ticos en la historia\" \/>\n<meta property=\"og:url\" content=\"https:\/\/www.euroresidentes.com\/empresa\/liderazgo\/el-arte-de-liderar.html\" \/>\n<meta property=\"og:site_name\" content=\"Liderazgo\" \/>\n<meta property=\"article:publisher\" content=\"https:\/\/www.facebook.com\/sentir.bien.euroresidentes\/\" \/>\n<meta property=\"article:modified_time\" content=\"2016-01-29T08:47:12+00:00\" \/>\n<meta name=\"twitter:card\" content=\"summary_large_image\" \/>\n<script type=\"application\/ld+json\" class=\"yoast-schema-graph\">{\"@context\":\"https:\\\/\\\/schema.org\",\"@graph\":[{\"@type\":\"WebPage\",\"@id\":\"https:\\\/\\\/www.euroresidentes.com\\\/empresa\\\/liderazgo\\\/el-arte-de-liderar.html\",\"url\":\"https:\\\/\\\/www.euroresidentes.com\\\/empresa\\\/liderazgo\\\/el-arte-de-liderar.html\",\"name\":\"El arte de liderar - Liderazgo\",\"isPartOf\":{\"@id\":\"https:\\\/\\\/www.euroresidentes.com\\\/empresa\\\/liderazgo\\\/#website\"},\"datePublished\":\"2016-01-19T15:14:38+00:00\",\"dateModified\":\"2016-01-29T08:47:12+00:00\",\"breadcrumb\":{\"@id\":\"https:\\\/\\\/www.euroresidentes.com\\\/empresa\\\/liderazgo\\\/el-arte-de-liderar.html#breadcrumb\"},\"inLanguage\":\"es\",\"potentialAction\":[{\"@type\":\"ReadAction\",\"target\":[\"https:\\\/\\\/www.euroresidentes.com\\\/empresa\\\/liderazgo\\\/el-arte-de-liderar.html\"]}]},{\"@type\":\"BreadcrumbList\",\"@id\":\"https:\\\/\\\/www.euroresidentes.com\\\/empresa\\\/liderazgo\\\/el-arte-de-liderar.html#breadcrumb\",\"itemListElement\":[{\"@type\":\"ListItem\",\"position\":1,\"name\":\"Portada\",\"item\":\"https:\\\/\\\/www.euroresidentes.com\\\/empresa\\\/liderazgo\\\/\"},{\"@type\":\"ListItem\",\"position\":2,\"name\":\"El arte de liderar\"}]},{\"@type\":\"WebSite\",\"@id\":\"https:\\\/\\\/www.euroresidentes.com\\\/empresa\\\/liderazgo\\\/#website\",\"url\":\"https:\\\/\\\/www.euroresidentes.com\\\/empresa\\\/liderazgo\\\/\",\"name\":\"Liderazgo\",\"description\":\"Euroresidentes\",\"potentialAction\":[{\"@type\":\"SearchAction\",\"target\":{\"@type\":\"EntryPoint\",\"urlTemplate\":\"https:\\\/\\\/www.euroresidentes.com\\\/empresa\\\/liderazgo\\\/?s={search_term_string}\"},\"query-input\":{\"@type\":\"PropertyValueSpecification\",\"valueRequired\":true,\"valueName\":\"search_term_string\"}}],\"inLanguage\":\"es\"}]}<\/script>\n<!-- \/ Yoast SEO plugin. -->","yoast_head_json":{"title":"El arte de liderar - Liderazgo","robots":{"index":"index","follow":"follow","max-snippet":"max-snippet:-1","max-image-preview":"max-image-preview:large","max-video-preview":"max-video-preview:-1"},"canonical":"https:\/\/www.euroresidentes.com\/empresa\/liderazgo\/el-arte-de-liderar.html","og_locale":"es_ES","og_type":"article","og_title":"El arte de liderar - Liderazgo","og_description":"Liderazgo y coaching Liderazgo empresarial&nbsp; Liderazgo transformacional&nbsp; Liderazgo transaccional&nbsp; Liderazgo educativo&nbsp; Liderazgo din\u00e1mico Liderazgo democr\u00e1tico&nbsp; Liderazgo situacional&nbsp; Liderazgo autocr\u00e1tico&nbsp; Ejemplos de liderazgo autocr\u00e1tico Liderazgo organizacional&nbsp; Liderazgo burocr\u00e1tico&nbsp; Liderazgo en costes Liderazgo seg\u00fan Cyril Levicki &nbsp;Liderazgo y trabajo en equipo&nbsp; 6 Tipos de liderazgo (y cuando se deber\u00edan usar) Los 3 estilos de liderazgo m\u00e1s efectivos en las organizaciones&nbsp; Grandes l\u00edderes democr\u00e1ticos en la historia","og_url":"https:\/\/www.euroresidentes.com\/empresa\/liderazgo\/el-arte-de-liderar.html","og_site_name":"Liderazgo","article_publisher":"https:\/\/www.facebook.com\/sentir.bien.euroresidentes\/","article_modified_time":"2016-01-29T08:47:12+00:00","twitter_card":"summary_large_image","schema":{"@context":"https:\/\/schema.org","@graph":[{"@type":"WebPage","@id":"https:\/\/www.euroresidentes.com\/empresa\/liderazgo\/el-arte-de-liderar.html","url":"https:\/\/www.euroresidentes.com\/empresa\/liderazgo\/el-arte-de-liderar.html","name":"El arte de liderar - Liderazgo","isPartOf":{"@id":"https:\/\/www.euroresidentes.com\/empresa\/liderazgo\/#website"},"datePublished":"2016-01-19T15:14:38+00:00","dateModified":"2016-01-29T08:47:12+00:00","breadcrumb":{"@id":"https:\/\/www.euroresidentes.com\/empresa\/liderazgo\/el-arte-de-liderar.html#breadcrumb"},"inLanguage":"es","potentialAction":[{"@type":"ReadAction","target":["https:\/\/www.euroresidentes.com\/empresa\/liderazgo\/el-arte-de-liderar.html"]}]},{"@type":"BreadcrumbList","@id":"https:\/\/www.euroresidentes.com\/empresa\/liderazgo\/el-arte-de-liderar.html#breadcrumb","itemListElement":[{"@type":"ListItem","position":1,"name":"Portada","item":"https:\/\/www.euroresidentes.com\/empresa\/liderazgo\/"},{"@type":"ListItem","position":2,"name":"El arte de liderar"}]},{"@type":"WebSite","@id":"https:\/\/www.euroresidentes.com\/empresa\/liderazgo\/#website","url":"https:\/\/www.euroresidentes.com\/empresa\/liderazgo\/","name":"Liderazgo","description":"Euroresidentes","potentialAction":[{"@type":"SearchAction","target":{"@type":"EntryPoint","urlTemplate":"https:\/\/www.euroresidentes.com\/empresa\/liderazgo\/?s={search_term_string}"},"query-input":{"@type":"PropertyValueSpecification","valueRequired":true,"valueName":"search_term_string"}}],"inLanguage":"es"}]}},"_links":{"self":[{"href":"https:\/\/www.euroresidentes.com\/empresa\/liderazgo\/wp-json\/wp\/v2\/pages\/256","targetHints":{"allow":["GET"]}}],"collection":[{"href":"https:\/\/www.euroresidentes.com\/empresa\/liderazgo\/wp-json\/wp\/v2\/pages"}],"about":[{"href":"https:\/\/www.euroresidentes.com\/empresa\/liderazgo\/wp-json\/wp\/v2\/types\/page"}],"author":[{"embeddable":true,"href":"https:\/\/www.euroresidentes.com\/empresa\/liderazgo\/wp-json\/wp\/v2\/users\/1"}],"replies":[{"embeddable":true,"href":"https:\/\/www.euroresidentes.com\/empresa\/liderazgo\/wp-json\/wp\/v2\/comments?post=256"}],"version-history":[{"count":4,"href":"https:\/\/www.euroresidentes.com\/empresa\/liderazgo\/wp-json\/wp\/v2\/pages\/256\/revisions"}],"predecessor-version":[{"id":285,"href":"https:\/\/www.euroresidentes.com\/empresa\/liderazgo\/wp-json\/wp\/v2\/pages\/256\/revisions\/285"}],"wp:attachment":[{"href":"https:\/\/www.euroresidentes.com\/empresa\/liderazgo\/wp-json\/wp\/v2\/media?parent=256"}],"curies":[{"name":"wp","href":"https:\/\/api.w.org\/{rel}","templated":true}]}}