
{"id":3644,"date":"2015-04-20T09:32:00","date_gmt":"2015-04-20T09:32:00","guid":{"rendered":"http:\/\/www.euroresidentes.com\/empresa\/innovacion-publicidad\/sobre-angel-angulo-angel-angulo-es.html"},"modified":"2016-03-16T13:31:33","modified_gmt":"2016-03-16T13:31:33","slug":"sobre-angel-angulo-angel-angulo-es","status":"publish","type":"page","link":"https:\/\/www.euroresidentes.com\/empresa\/innovacion-publicidad\/sobre-angel-angulo-angel-angulo-es.html","title":{"rendered":"Sobre \u00c1ngel Angulo"},"content":{"rendered":"<p><b>\u00c1ngel Angulo<\/b> es licenciado en Sociolog\u00eda en la especialidad de marketing y publicidad. Desde hace 12 a\u00f1os trabaja en el mundo de Internet en el grupo Editorial Prensa Ib\u00e9rica, siendo durante varios a\u00f1os el encargado del \u00e1rea de anal\u00edtica, posicionamiento, publicidad y dise\u00f1o web. Actualmente es del director de negocio online.<\/p>\n<div class=\"separator\" style=\"clear: both; text-align: center;\">\n<a href=\"http:\/\/www.euroresidentes.com\/empresa\/innovacion-publicidad\/wp-content\/uploads\/sites\/16\/2015\/04\/angel_angulo-perfil.jpg\" imageanchor=\"1\" style=\"margin-left: 1em; margin-right: 1em;\"><img loading=\"lazy\" decoding=\"async\" border=\"0\" src=\"http:\/\/www.euroresidentes.com\/empresa\/innovacion-publicidad\/wp-content\/uploads\/sites\/16\/2015\/04\/angel_angulo-perfil.jpg\" height=\"320\" width=\"320\" \/><\/a><\/div>\n<div align=\"center\">\n\ufeff<\/div>\n<p><\/p>\n<h3>\n10 cosas sobre \u00c1ngel<br \/>\nAngulo<\/h3>\n<p>\n1. Comenz\u00f3 su andadura profesional como investigador de mercados y agente de desarrollo local en el ayuntamiento de un municipio de la provincia de Alicante.<\/p>\n<p>2. Durante 3 a\u00f1os fue el encargado del \u00e1rea de creaci\u00f3n de empresas de la Universidad de Alicante, asesorando a los emprendedores a elaborar planes de empresa y estudiar la viabilidad del negocio. Ayud\u00f3 a montar uno de los primeros \u201cvivieros de empresas\u201d para emprendedores.<\/p>\n<p>3. Le gusta la ense\u00f1anza y la universidad. Colabora como profesor honorario dando clases de publicidad online en el master de programaci\u00f3n web y como profesor en el Unimooc  Aemprende.<\/p>\n<p>4. Convencido que en este sector siempre hay que estar aprendiendo y teniendo la mente abierta. Actualmente ha hecho sus pinitos elaborando y presentando un programa de televisi\u00f3n sobre tecnolog\u00eda.<\/p>\n<p>5. Es un apasionado de su trabajo. Si le preguntas por publicidad o negocio web corres el riesgo de quedar dos d\u00edas atrapado en medio de una infumable charla \ud83d\ude09<\/p>\n<p>6. Socio fundador de la Asociaci\u00f3n Espa\u00f1ola de Medios de Comunicaci\u00f3n Online (MediosOn). Considera esta experiencia como uno de los \u201cthink tank\u201d m\u00e1s enriquecedores que se han dado en la industria y que le ha servido como aprendizaje con los mejores del sector.<\/p>\n<p>7. Le gusta la gente humilde que generalmente suele ser inteligente. Trata de tenerlos cerca y pedir consejo.<\/p>\n<p>8. Se siente mediterr\u00e1neo. Ama el mar. Y si pudiera elegir un destino de vacaciones y retiro ser\u00eda cualquier isla de Baleares.<\/p>\n<p>9. Amante del deporte como medio para liberar estr\u00e9s y crear disciplinas de trabajo. Aprovecha la rutina semanal de los viajes para conocer las ciudades haciendo running.<\/p>\n<p>10. Se siente afortunado de vivir en primera persona y de ser parte de la mayor transformaci\u00f3n que ha vivido la industria de los medios de comunicaci\u00f3n.<\/p>\n","protected":false},"excerpt":{"rendered":"<p>\u00c1ngel Angulo es licenciado en Sociolog\u00eda en la especialidad de marketing y publicidad. Desde hace 12 a\u00f1os trabaja en el mundo de Internet en el grupo Editorial Prensa Ib\u00e9rica, siendo durante varios a\u00f1os el encargado del \u00e1rea de anal\u00edtica, posicionamiento, publicidad y dise\u00f1o web. Actualmente es del director de negocio online. \ufeff 10 cosas sobre \u00c1ngel Angulo 1. Comenz\u00f3 su andadura profesional como investigador de mercados y agente de desarrollo local en el ayuntamiento de un municipio de la provincia de Alicante. 2. Durante 3 a\u00f1os fue el encargado del \u00e1rea de creaci\u00f3n de empresas de la Universidad de Alicante, <\/p>\n","protected":false},"author":1,"featured_media":0,"parent":0,"menu_order":0,"comment_status":"closed","ping_status":"closed","template":"","meta":{"footnotes":""},"class_list":["post-3644","page","type-page","status-publish","hentry"],"yoast_head":"<!-- This site is optimized with the Yoast SEO plugin v27.4 - https:\/\/yoast.com\/product\/yoast-seo-wordpress\/ -->\n<title>Sobre \u00c1ngel Angulo - Innovaci\u00f3n y Publicidad<\/title>\n<meta name=\"robots\" content=\"index, follow, max-snippet:-1, max-image-preview:large, max-video-preview:-1\" \/>\n<link rel=\"canonical\" href=\"https:\/\/www.euroresidentes.com\/empresa\/innovacion-publicidad\/sobre-angel-angulo-angel-angulo-es.html\" \/>\n<meta property=\"og:locale\" content=\"es_ES\" \/>\n<meta property=\"og:type\" content=\"article\" \/>\n<meta property=\"og:title\" content=\"Sobre \u00c1ngel Angulo - Innovaci\u00f3n y Publicidad\" \/>\n<meta property=\"og:description\" content=\"\u00c1ngel Angulo es licenciado en Sociolog\u00eda en la especialidad de marketing y publicidad. Desde hace 12 a\u00f1os trabaja en el mundo de Internet en el grupo Editorial Prensa Ib\u00e9rica, siendo durante varios a\u00f1os el encargado del \u00e1rea de anal\u00edtica, posicionamiento, publicidad y dise\u00f1o web. Actualmente es del director de negocio online. \ufeff 10 cosas sobre \u00c1ngel Angulo 1. Comenz\u00f3 su andadura profesional como investigador de mercados y agente de desarrollo local en el ayuntamiento de un municipio de la provincia de Alicante. 2. Durante 3 a\u00f1os fue el encargado del \u00e1rea de creaci\u00f3n de empresas de la Universidad de Alicante,\" \/>\n<meta property=\"og:url\" content=\"https:\/\/www.euroresidentes.com\/empresa\/innovacion-publicidad\/sobre-angel-angulo-angel-angulo-es.html\" \/>\n<meta property=\"og:site_name\" content=\"Innovaci\u00f3n y Publicidad\" \/>\n<meta property=\"article:modified_time\" content=\"2016-03-16T13:31:33+00:00\" \/>\n<meta property=\"og:image\" content=\"http:\/\/www.euroresidentes.com\/empresa\/innovacion-publicidad\/wp-content\/uploads\/sites\/16\/2015\/04\/angel_angulo-perfil.jpg\" \/>\n<meta name=\"twitter:card\" content=\"summary_large_image\" \/>\n<meta name=\"twitter:label1\" content=\"Est. reading time\" \/>\n\t<meta name=\"twitter:data1\" content=\"2 minutos\" \/>\n<script type=\"application\/ld+json\" class=\"yoast-schema-graph\">{\"@context\":\"https:\\\/\\\/schema.org\",\"@graph\":[{\"@type\":\"WebPage\",\"@id\":\"https:\\\/\\\/www.euroresidentes.com\\\/empresa\\\/innovacion-publicidad\\\/sobre-angel-angulo-angel-angulo-es.html\",\"url\":\"https:\\\/\\\/www.euroresidentes.com\\\/empresa\\\/innovacion-publicidad\\\/sobre-angel-angulo-angel-angulo-es.html\",\"name\":\"Sobre \u00c1ngel Angulo - Innovaci\u00f3n y Publicidad\",\"isPartOf\":{\"@id\":\"https:\\\/\\\/www.euroresidentes.com\\\/empresa\\\/innovacion-publicidad\\\/#website\"},\"primaryImageOfPage\":{\"@id\":\"https:\\\/\\\/www.euroresidentes.com\\\/empresa\\\/innovacion-publicidad\\\/sobre-angel-angulo-angel-angulo-es.html#primaryimage\"},\"image\":{\"@id\":\"https:\\\/\\\/www.euroresidentes.com\\\/empresa\\\/innovacion-publicidad\\\/sobre-angel-angulo-angel-angulo-es.html#primaryimage\"},\"thumbnailUrl\":\"http:\\\/\\\/www.euroresidentes.com\\\/empresa\\\/innovacion-publicidad\\\/wp-content\\\/uploads\\\/sites\\\/16\\\/2015\\\/04\\\/angel_angulo-perfil.jpg\",\"datePublished\":\"2015-04-20T09:32:00+00:00\",\"dateModified\":\"2016-03-16T13:31:33+00:00\",\"breadcrumb\":{\"@id\":\"https:\\\/\\\/www.euroresidentes.com\\\/empresa\\\/innovacion-publicidad\\\/sobre-angel-angulo-angel-angulo-es.html#breadcrumb\"},\"inLanguage\":\"es\",\"potentialAction\":[{\"@type\":\"ReadAction\",\"target\":[\"https:\\\/\\\/www.euroresidentes.com\\\/empresa\\\/innovacion-publicidad\\\/sobre-angel-angulo-angel-angulo-es.html\"]}]},{\"@type\":\"ImageObject\",\"inLanguage\":\"es\",\"@id\":\"https:\\\/\\\/www.euroresidentes.com\\\/empresa\\\/innovacion-publicidad\\\/sobre-angel-angulo-angel-angulo-es.html#primaryimage\",\"url\":\"http:\\\/\\\/www.euroresidentes.com\\\/empresa\\\/innovacion-publicidad\\\/wp-content\\\/uploads\\\/sites\\\/16\\\/2015\\\/04\\\/angel_angulo-perfil.jpg\",\"contentUrl\":\"http:\\\/\\\/www.euroresidentes.com\\\/empresa\\\/innovacion-publicidad\\\/wp-content\\\/uploads\\\/sites\\\/16\\\/2015\\\/04\\\/angel_angulo-perfil.jpg\"},{\"@type\":\"BreadcrumbList\",\"@id\":\"https:\\\/\\\/www.euroresidentes.com\\\/empresa\\\/innovacion-publicidad\\\/sobre-angel-angulo-angel-angulo-es.html#breadcrumb\",\"itemListElement\":[{\"@type\":\"ListItem\",\"position\":1,\"name\":\"Portada\",\"item\":\"https:\\\/\\\/www.euroresidentes.com\\\/empresa\\\/innovacion-publicidad\\\/\"},{\"@type\":\"ListItem\",\"position\":2,\"name\":\"Sobre \u00c1ngel Angulo\"}]},{\"@type\":\"WebSite\",\"@id\":\"https:\\\/\\\/www.euroresidentes.com\\\/empresa\\\/innovacion-publicidad\\\/#website\",\"url\":\"https:\\\/\\\/www.euroresidentes.com\\\/empresa\\\/innovacion-publicidad\\\/\",\"name\":\"Innovaci\u00f3n y Publicidad\",\"description\":\"Empresa Euroresidentes\",\"potentialAction\":[{\"@type\":\"SearchAction\",\"target\":{\"@type\":\"EntryPoint\",\"urlTemplate\":\"https:\\\/\\\/www.euroresidentes.com\\\/empresa\\\/innovacion-publicidad\\\/?s={search_term_string}\"},\"query-input\":{\"@type\":\"PropertyValueSpecification\",\"valueRequired\":true,\"valueName\":\"search_term_string\"}}],\"inLanguage\":\"es\"}]}<\/script>\n<!-- \/ Yoast SEO plugin. -->","yoast_head_json":{"title":"Sobre \u00c1ngel Angulo - Innovaci\u00f3n y Publicidad","robots":{"index":"index","follow":"follow","max-snippet":"max-snippet:-1","max-image-preview":"max-image-preview:large","max-video-preview":"max-video-preview:-1"},"canonical":"https:\/\/www.euroresidentes.com\/empresa\/innovacion-publicidad\/sobre-angel-angulo-angel-angulo-es.html","og_locale":"es_ES","og_type":"article","og_title":"Sobre \u00c1ngel Angulo - Innovaci\u00f3n y Publicidad","og_description":"\u00c1ngel Angulo es licenciado en Sociolog\u00eda en la especialidad de marketing y publicidad. Desde hace 12 a\u00f1os trabaja en el mundo de Internet en el grupo Editorial Prensa Ib\u00e9rica, siendo durante varios a\u00f1os el encargado del \u00e1rea de anal\u00edtica, posicionamiento, publicidad y dise\u00f1o web. Actualmente es del director de negocio online. \ufeff 10 cosas sobre \u00c1ngel Angulo 1. Comenz\u00f3 su andadura profesional como investigador de mercados y agente de desarrollo local en el ayuntamiento de un municipio de la provincia de Alicante. 2. Durante 3 a\u00f1os fue el encargado del \u00e1rea de creaci\u00f3n de empresas de la Universidad de Alicante,","og_url":"https:\/\/www.euroresidentes.com\/empresa\/innovacion-publicidad\/sobre-angel-angulo-angel-angulo-es.html","og_site_name":"Innovaci\u00f3n y Publicidad","article_modified_time":"2016-03-16T13:31:33+00:00","og_image":[{"url":"http:\/\/www.euroresidentes.com\/empresa\/innovacion-publicidad\/wp-content\/uploads\/sites\/16\/2015\/04\/angel_angulo-perfil.jpg","type":"","width":"","height":""}],"twitter_card":"summary_large_image","twitter_misc":{"Est. reading time":"2 minutos"},"schema":{"@context":"https:\/\/schema.org","@graph":[{"@type":"WebPage","@id":"https:\/\/www.euroresidentes.com\/empresa\/innovacion-publicidad\/sobre-angel-angulo-angel-angulo-es.html","url":"https:\/\/www.euroresidentes.com\/empresa\/innovacion-publicidad\/sobre-angel-angulo-angel-angulo-es.html","name":"Sobre \u00c1ngel Angulo - Innovaci\u00f3n y Publicidad","isPartOf":{"@id":"https:\/\/www.euroresidentes.com\/empresa\/innovacion-publicidad\/#website"},"primaryImageOfPage":{"@id":"https:\/\/www.euroresidentes.com\/empresa\/innovacion-publicidad\/sobre-angel-angulo-angel-angulo-es.html#primaryimage"},"image":{"@id":"https:\/\/www.euroresidentes.com\/empresa\/innovacion-publicidad\/sobre-angel-angulo-angel-angulo-es.html#primaryimage"},"thumbnailUrl":"http:\/\/www.euroresidentes.com\/empresa\/innovacion-publicidad\/wp-content\/uploads\/sites\/16\/2015\/04\/angel_angulo-perfil.jpg","datePublished":"2015-04-20T09:32:00+00:00","dateModified":"2016-03-16T13:31:33+00:00","breadcrumb":{"@id":"https:\/\/www.euroresidentes.com\/empresa\/innovacion-publicidad\/sobre-angel-angulo-angel-angulo-es.html#breadcrumb"},"inLanguage":"es","potentialAction":[{"@type":"ReadAction","target":["https:\/\/www.euroresidentes.com\/empresa\/innovacion-publicidad\/sobre-angel-angulo-angel-angulo-es.html"]}]},{"@type":"ImageObject","inLanguage":"es","@id":"https:\/\/www.euroresidentes.com\/empresa\/innovacion-publicidad\/sobre-angel-angulo-angel-angulo-es.html#primaryimage","url":"http:\/\/www.euroresidentes.com\/empresa\/innovacion-publicidad\/wp-content\/uploads\/sites\/16\/2015\/04\/angel_angulo-perfil.jpg","contentUrl":"http:\/\/www.euroresidentes.com\/empresa\/innovacion-publicidad\/wp-content\/uploads\/sites\/16\/2015\/04\/angel_angulo-perfil.jpg"},{"@type":"BreadcrumbList","@id":"https:\/\/www.euroresidentes.com\/empresa\/innovacion-publicidad\/sobre-angel-angulo-angel-angulo-es.html#breadcrumb","itemListElement":[{"@type":"ListItem","position":1,"name":"Portada","item":"https:\/\/www.euroresidentes.com\/empresa\/innovacion-publicidad\/"},{"@type":"ListItem","position":2,"name":"Sobre \u00c1ngel Angulo"}]},{"@type":"WebSite","@id":"https:\/\/www.euroresidentes.com\/empresa\/innovacion-publicidad\/#website","url":"https:\/\/www.euroresidentes.com\/empresa\/innovacion-publicidad\/","name":"Innovaci\u00f3n y Publicidad","description":"Empresa Euroresidentes","potentialAction":[{"@type":"SearchAction","target":{"@type":"EntryPoint","urlTemplate":"https:\/\/www.euroresidentes.com\/empresa\/innovacion-publicidad\/?s={search_term_string}"},"query-input":{"@type":"PropertyValueSpecification","valueRequired":true,"valueName":"search_term_string"}}],"inLanguage":"es"}]}},"_links":{"self":[{"href":"https:\/\/www.euroresidentes.com\/empresa\/innovacion-publicidad\/wp-json\/wp\/v2\/pages\/3644","targetHints":{"allow":["GET"]}}],"collection":[{"href":"https:\/\/www.euroresidentes.com\/empresa\/innovacion-publicidad\/wp-json\/wp\/v2\/pages"}],"about":[{"href":"https:\/\/www.euroresidentes.com\/empresa\/innovacion-publicidad\/wp-json\/wp\/v2\/types\/page"}],"author":[{"embeddable":true,"href":"https:\/\/www.euroresidentes.com\/empresa\/innovacion-publicidad\/wp-json\/wp\/v2\/users\/1"}],"replies":[{"embeddable":true,"href":"https:\/\/www.euroresidentes.com\/empresa\/innovacion-publicidad\/wp-json\/wp\/v2\/comments?post=3644"}],"version-history":[{"count":1,"href":"https:\/\/www.euroresidentes.com\/empresa\/innovacion-publicidad\/wp-json\/wp\/v2\/pages\/3644\/revisions"}],"predecessor-version":[{"id":3649,"href":"https:\/\/www.euroresidentes.com\/empresa\/innovacion-publicidad\/wp-json\/wp\/v2\/pages\/3644\/revisions\/3649"}],"wp:attachment":[{"href":"https:\/\/www.euroresidentes.com\/empresa\/innovacion-publicidad\/wp-json\/wp\/v2\/media?parent=3644"}],"curies":[{"name":"wp","href":"https:\/\/api.w.org\/{rel}","templated":true}]}}