
{"id":3292,"date":"2014-12-09T10:12:00","date_gmt":"2014-12-09T10:12:00","guid":{"rendered":"https:\/\/wp.euroresidentes.com\/amor\/amores-imposibles\/anuncios-de-twitter-en-twitter-las.html"},"modified":"2014-12-09T10:12:00","modified_gmt":"2014-12-09T10:12:00","slug":"anuncios-de-twitter-en-twitter-las","status":"publish","type":"page","link":"https:\/\/www.euroresidentes.com\/empresa\/innovacion-publicidad\/anuncios-de-twitter-en-twitter-las.html","title":{"rendered":"Anuncios en Twitter"},"content":{"rendered":"<div dir=\"ltr\" style=\"text-align: left\">\n<div dir=\"ltr\" style=\"text-align: left\">Twitter<\/div>\n<p>En Twitter las marcas tienen la opci\u00f3n de pagar para para poder ampliar el alcance de los tweets de sus cuentas, promover un hastatag o para ganar m\u00e1s seguidores.<br \/>\nSi los anunciantes eligen la opci\u00f3n de promover los Tweets, sus mensajes llegar\u00e1n a m\u00e1s personas, twitter ofrece unas opciones de orientaci\u00f3n sobre sus anuncios en los que podr\u00e1n informarse para invertir de la forma m\u00e1s eficaz. Estos anuncios tambi\u00e9n incluye promoci\u00f3n de cuentas, que se mostrar\u00e1n a las personas como recomendaciones para seguir. Promocionar un hasta significar\u00e1 que le aparecer\u00e1 a los usuarios de twitter relacionados en la barra de tendencias, ganando atenci\u00f3n adicional. Eso s\u00ed, si tu opci\u00f3n es Twitter, aseg\u00farate de medir en ROI de las redes sociales<\/p>\n<p><b>Ejemplos:<\/b><\/p>\n<div class=\"separator\" style=\"clear: both;text-align: center\"><\/div>\n<div class=\"separator\" style=\"clear: both;text-align: center\">\u00a0<a href=\"http:\/\/www.euroresidentes.com\/empresa\/innovacion\/wp-content\/uploads\/sites\/3\/2014\/12\/twitter1.png\"><img loading=\"lazy\" decoding=\"async\" class=\"aligncenter size-full wp-image-3402\" src=\"http:\/\/www.euroresidentes.com\/empresa\/innovacion\/wp-content\/uploads\/sites\/3\/2014\/12\/twitter1.png\" alt=\"twitter1\" width=\"415\" height=\"415\" \/><\/a><\/div>\n<div class=\"separator\" style=\"clear: both;text-align: center\"><\/div>\n<p>&nbsp;<\/p>\n<div class=\"separator\" style=\"clear: both;text-align: center\"><a href=\"http:\/\/www.euroresidentes.com\/empresa\/innovacion\/wp-content\/uploads\/sites\/3\/2014\/12\/twitter2.png\"><img loading=\"lazy\" decoding=\"async\" class=\"aligncenter size-full wp-image-3403\" src=\"http:\/\/www.euroresidentes.com\/empresa\/innovacion\/wp-content\/uploads\/sites\/3\/2014\/12\/twitter2.png\" alt=\"twitter2\" width=\"593\" height=\"365\" \/><\/a><\/div>\n<\/div>\n","protected":false},"excerpt":{"rendered":"<p>Twitter En Twitter las marcas tienen la opci\u00f3n de pagar para para poder ampliar el alcance de los tweets de sus cuentas, promover un hastatag o para ganar m\u00e1s seguidores. Si los anunciantes eligen la opci\u00f3n de promover los Tweets, sus mensajes llegar\u00e1n a m\u00e1s personas, twitter ofrece unas opciones de orientaci\u00f3n sobre sus anuncios en los que podr\u00e1n informarse para invertir de la forma m\u00e1s eficaz. Estos anuncios tambi\u00e9n incluye promoci\u00f3n de cuentas, que se mostrar\u00e1n a las personas como recomendaciones para seguir. Promocionar un hasta significar\u00e1 que le aparecer\u00e1 a los usuarios de twitter relacionados en la barra <\/p>\n","protected":false},"author":1,"featured_media":3403,"parent":0,"menu_order":0,"comment_status":"closed","ping_status":"closed","template":"page-auhtor.php","meta":{"footnotes":""},"class_list":["post-3292","page","type-page","status-publish","has-post-thumbnail","hentry","has_thumb"],"yoast_head":"<!-- This site is optimized with the Yoast SEO plugin v27.4 - https:\/\/yoast.com\/product\/yoast-seo-wordpress\/ -->\n<title>Anuncios en Twitter - Innovaci\u00f3n y Publicidad<\/title>\n<meta name=\"robots\" content=\"index, follow, max-snippet:-1, max-image-preview:large, max-video-preview:-1\" \/>\n<link rel=\"canonical\" href=\"https:\/\/www.euroresidentes.com\/empresa\/innovacion-publicidad\/anuncios-de-twitter-en-twitter-las.html\" \/>\n<meta property=\"og:locale\" content=\"es_ES\" \/>\n<meta property=\"og:type\" content=\"article\" \/>\n<meta property=\"og:title\" content=\"Anuncios en Twitter - Innovaci\u00f3n y Publicidad\" \/>\n<meta property=\"og:description\" content=\"Twitter En Twitter las marcas tienen la opci\u00f3n de pagar para para poder ampliar el alcance de los tweets de sus cuentas, promover un hastatag o para ganar m\u00e1s seguidores. Si los anunciantes eligen la opci\u00f3n de promover los Tweets, sus mensajes llegar\u00e1n a m\u00e1s personas, twitter ofrece unas opciones de orientaci\u00f3n sobre sus anuncios en los que podr\u00e1n informarse para invertir de la forma m\u00e1s eficaz. Estos anuncios tambi\u00e9n incluye promoci\u00f3n de cuentas, que se mostrar\u00e1n a las personas como recomendaciones para seguir. Promocionar un hasta significar\u00e1 que le aparecer\u00e1 a los usuarios de twitter relacionados en la barra\" \/>\n<meta property=\"og:url\" content=\"https:\/\/www.euroresidentes.com\/empresa\/innovacion-publicidad\/anuncios-de-twitter-en-twitter-las.html\" \/>\n<meta property=\"og:site_name\" content=\"Innovaci\u00f3n y Publicidad\" \/>\n<meta name=\"twitter:card\" content=\"summary_large_image\" \/>\n<meta name=\"twitter:label1\" content=\"Est. reading time\" \/>\n\t<meta name=\"twitter:data1\" content=\"1 minuto\" \/>\n<script type=\"application\/ld+json\" class=\"yoast-schema-graph\">{\"@context\":\"https:\\\/\\\/schema.org\",\"@graph\":[{\"@type\":\"WebPage\",\"@id\":\"https:\\\/\\\/www.euroresidentes.com\\\/empresa\\\/innovacion-publicidad\\\/anuncios-de-twitter-en-twitter-las.html\",\"url\":\"https:\\\/\\\/www.euroresidentes.com\\\/empresa\\\/innovacion-publicidad\\\/anuncios-de-twitter-en-twitter-las.html\",\"name\":\"Anuncios en Twitter - Innovaci\u00f3n y Publicidad\",\"isPartOf\":{\"@id\":\"https:\\\/\\\/www.euroresidentes.com\\\/empresa\\\/innovacion-publicidad\\\/#website\"},\"primaryImageOfPage\":{\"@id\":\"https:\\\/\\\/www.euroresidentes.com\\\/empresa\\\/innovacion-publicidad\\\/anuncios-de-twitter-en-twitter-las.html#primaryimage\"},\"image\":{\"@id\":\"https:\\\/\\\/www.euroresidentes.com\\\/empresa\\\/innovacion-publicidad\\\/anuncios-de-twitter-en-twitter-las.html#primaryimage\"},\"thumbnailUrl\":\"\",\"datePublished\":\"2014-12-09T10:12:00+00:00\",\"breadcrumb\":{\"@id\":\"https:\\\/\\\/www.euroresidentes.com\\\/empresa\\\/innovacion-publicidad\\\/anuncios-de-twitter-en-twitter-las.html#breadcrumb\"},\"inLanguage\":\"es\",\"potentialAction\":[{\"@type\":\"ReadAction\",\"target\":[\"https:\\\/\\\/www.euroresidentes.com\\\/empresa\\\/innovacion-publicidad\\\/anuncios-de-twitter-en-twitter-las.html\"]}]},{\"@type\":\"ImageObject\",\"inLanguage\":\"es\",\"@id\":\"https:\\\/\\\/www.euroresidentes.com\\\/empresa\\\/innovacion-publicidad\\\/anuncios-de-twitter-en-twitter-las.html#primaryimage\",\"url\":\"\",\"contentUrl\":\"\"},{\"@type\":\"BreadcrumbList\",\"@id\":\"https:\\\/\\\/www.euroresidentes.com\\\/empresa\\\/innovacion-publicidad\\\/anuncios-de-twitter-en-twitter-las.html#breadcrumb\",\"itemListElement\":[{\"@type\":\"ListItem\",\"position\":1,\"name\":\"Portada\",\"item\":\"https:\\\/\\\/www.euroresidentes.com\\\/empresa\\\/innovacion-publicidad\\\/\"},{\"@type\":\"ListItem\",\"position\":2,\"name\":\"Anuncios en Twitter\"}]},{\"@type\":\"WebSite\",\"@id\":\"https:\\\/\\\/www.euroresidentes.com\\\/empresa\\\/innovacion-publicidad\\\/#website\",\"url\":\"https:\\\/\\\/www.euroresidentes.com\\\/empresa\\\/innovacion-publicidad\\\/\",\"name\":\"Innovaci\u00f3n y Publicidad\",\"description\":\"Empresa Euroresidentes\",\"potentialAction\":[{\"@type\":\"SearchAction\",\"target\":{\"@type\":\"EntryPoint\",\"urlTemplate\":\"https:\\\/\\\/www.euroresidentes.com\\\/empresa\\\/innovacion-publicidad\\\/?s={search_term_string}\"},\"query-input\":{\"@type\":\"PropertyValueSpecification\",\"valueRequired\":true,\"valueName\":\"search_term_string\"}}],\"inLanguage\":\"es\"}]}<\/script>\n<!-- \/ Yoast SEO plugin. -->","yoast_head_json":{"title":"Anuncios en Twitter - Innovaci\u00f3n y Publicidad","robots":{"index":"index","follow":"follow","max-snippet":"max-snippet:-1","max-image-preview":"max-image-preview:large","max-video-preview":"max-video-preview:-1"},"canonical":"https:\/\/www.euroresidentes.com\/empresa\/innovacion-publicidad\/anuncios-de-twitter-en-twitter-las.html","og_locale":"es_ES","og_type":"article","og_title":"Anuncios en Twitter - Innovaci\u00f3n y Publicidad","og_description":"Twitter En Twitter las marcas tienen la opci\u00f3n de pagar para para poder ampliar el alcance de los tweets de sus cuentas, promover un hastatag o para ganar m\u00e1s seguidores. Si los anunciantes eligen la opci\u00f3n de promover los Tweets, sus mensajes llegar\u00e1n a m\u00e1s personas, twitter ofrece unas opciones de orientaci\u00f3n sobre sus anuncios en los que podr\u00e1n informarse para invertir de la forma m\u00e1s eficaz. Estos anuncios tambi\u00e9n incluye promoci\u00f3n de cuentas, que se mostrar\u00e1n a las personas como recomendaciones para seguir. Promocionar un hasta significar\u00e1 que le aparecer\u00e1 a los usuarios de twitter relacionados en la barra","og_url":"https:\/\/www.euroresidentes.com\/empresa\/innovacion-publicidad\/anuncios-de-twitter-en-twitter-las.html","og_site_name":"Innovaci\u00f3n y Publicidad","twitter_card":"summary_large_image","twitter_misc":{"Est. reading time":"1 minuto"},"schema":{"@context":"https:\/\/schema.org","@graph":[{"@type":"WebPage","@id":"https:\/\/www.euroresidentes.com\/empresa\/innovacion-publicidad\/anuncios-de-twitter-en-twitter-las.html","url":"https:\/\/www.euroresidentes.com\/empresa\/innovacion-publicidad\/anuncios-de-twitter-en-twitter-las.html","name":"Anuncios en Twitter - Innovaci\u00f3n y Publicidad","isPartOf":{"@id":"https:\/\/www.euroresidentes.com\/empresa\/innovacion-publicidad\/#website"},"primaryImageOfPage":{"@id":"https:\/\/www.euroresidentes.com\/empresa\/innovacion-publicidad\/anuncios-de-twitter-en-twitter-las.html#primaryimage"},"image":{"@id":"https:\/\/www.euroresidentes.com\/empresa\/innovacion-publicidad\/anuncios-de-twitter-en-twitter-las.html#primaryimage"},"thumbnailUrl":"","datePublished":"2014-12-09T10:12:00+00:00","breadcrumb":{"@id":"https:\/\/www.euroresidentes.com\/empresa\/innovacion-publicidad\/anuncios-de-twitter-en-twitter-las.html#breadcrumb"},"inLanguage":"es","potentialAction":[{"@type":"ReadAction","target":["https:\/\/www.euroresidentes.com\/empresa\/innovacion-publicidad\/anuncios-de-twitter-en-twitter-las.html"]}]},{"@type":"ImageObject","inLanguage":"es","@id":"https:\/\/www.euroresidentes.com\/empresa\/innovacion-publicidad\/anuncios-de-twitter-en-twitter-las.html#primaryimage","url":"","contentUrl":""},{"@type":"BreadcrumbList","@id":"https:\/\/www.euroresidentes.com\/empresa\/innovacion-publicidad\/anuncios-de-twitter-en-twitter-las.html#breadcrumb","itemListElement":[{"@type":"ListItem","position":1,"name":"Portada","item":"https:\/\/www.euroresidentes.com\/empresa\/innovacion-publicidad\/"},{"@type":"ListItem","position":2,"name":"Anuncios en Twitter"}]},{"@type":"WebSite","@id":"https:\/\/www.euroresidentes.com\/empresa\/innovacion-publicidad\/#website","url":"https:\/\/www.euroresidentes.com\/empresa\/innovacion-publicidad\/","name":"Innovaci\u00f3n y Publicidad","description":"Empresa Euroresidentes","potentialAction":[{"@type":"SearchAction","target":{"@type":"EntryPoint","urlTemplate":"https:\/\/www.euroresidentes.com\/empresa\/innovacion-publicidad\/?s={search_term_string}"},"query-input":{"@type":"PropertyValueSpecification","valueRequired":true,"valueName":"search_term_string"}}],"inLanguage":"es"}]}},"_links":{"self":[{"href":"https:\/\/www.euroresidentes.com\/empresa\/innovacion-publicidad\/wp-json\/wp\/v2\/pages\/3292","targetHints":{"allow":["GET"]}}],"collection":[{"href":"https:\/\/www.euroresidentes.com\/empresa\/innovacion-publicidad\/wp-json\/wp\/v2\/pages"}],"about":[{"href":"https:\/\/www.euroresidentes.com\/empresa\/innovacion-publicidad\/wp-json\/wp\/v2\/types\/page"}],"author":[{"embeddable":true,"href":"https:\/\/www.euroresidentes.com\/empresa\/innovacion-publicidad\/wp-json\/wp\/v2\/users\/1"}],"replies":[{"embeddable":true,"href":"https:\/\/www.euroresidentes.com\/empresa\/innovacion-publicidad\/wp-json\/wp\/v2\/comments?post=3292"}],"version-history":[{"count":0,"href":"https:\/\/www.euroresidentes.com\/empresa\/innovacion-publicidad\/wp-json\/wp\/v2\/pages\/3292\/revisions"}],"wp:featuredmedia":[{"embeddable":true,"href":"https:\/\/www.euroresidentes.com\/empresa\/innovacion-publicidad\/wp-json\/"}],"wp:attachment":[{"href":"https:\/\/www.euroresidentes.com\/empresa\/innovacion-publicidad\/wp-json\/wp\/v2\/media?parent=3292"}],"curies":[{"name":"wp","href":"https:\/\/api.w.org\/{rel}","templated":true}]}}