
{"id":3291,"date":"2014-12-09T10:13:00","date_gmt":"2014-12-09T10:13:00","guid":{"rendered":"https:\/\/wp.euroresidentes.com\/amor\/amores-imposibles\/anuncios-de-facebook-de-productos-o.html"},"modified":"2014-12-09T10:13:00","modified_gmt":"2014-12-09T10:13:00","slug":"anuncios-de-facebook-de-productos-o","status":"publish","type":"page","link":"https:\/\/www.euroresidentes.com\/empresa\/innovacion-publicidad\/anuncios-de-facebook-de-productos-o.html","title":{"rendered":"Anuncios en Facebook"},"content":{"rendered":"<div dir=\"ltr\" style=\"text-align: left\">\n<p><b>Anuncios de Facebook de productos o servicios:<\/b>Los anuncios de Facebook tienen varios formatos, cada uno tiene unas ventajas e inconvenientes \u00fanicas para los anunciantes que eligen esta plataforma como medio para anunciarse. Los anuncios aparecen en las columnas laterales de la p\u00e1gina de Facebook, con un t\u00edtulo, un texto muy breve y una imagen.<\/p>\n<p><b>Ejemplo<\/b><\/p>\n<div class=\"separator\" style=\"clear: both;text-align: center\"><a href=\"http:\/\/www.euroresidentes.com\/empresa\/innovacion\/wp-content\/uploads\/sites\/3\/2014\/12\/face1.png\"><img loading=\"lazy\" decoding=\"async\" class=\"aligncenter size-full wp-image-3411\" src=\"http:\/\/www.euroresidentes.com\/empresa\/innovacion\/wp-content\/uploads\/sites\/3\/2014\/12\/face1.png\" alt=\"face1\" width=\"191\" height=\"359\" \/><\/a><\/div>\n<p>&nbsp;<\/p>\n<div class=\"separator\" style=\"clear: both;text-align: center\"><a href=\"http:\/\/www.euroresidentes.com\/empresa\/innovacion\/wp-content\/uploads\/sites\/3\/2014\/12\/face3.png\"><img loading=\"lazy\" decoding=\"async\" class=\"aligncenter size-full wp-image-3413\" src=\"http:\/\/www.euroresidentes.com\/empresa\/innovacion\/wp-content\/uploads\/sites\/3\/2014\/12\/face3.png\" alt=\"face3\" width=\"193\" height=\"509\" \/><\/a><\/div>\n<p><b>Publicaciones promocionadas de Facebook:<\/b><\/p>\n<p>Son aquellas que permiten que los anunciantes paguen una tarifa para promocionar un mensaje en su p\u00e1gina de Facebook, nunca un perfil. Lo que consigue el anunciante es aumentar los fans y amigos en su p\u00e1gina. Aparecen a trav\u00e9s de las publicaciones.<\/p>\n<p>Ejemplo<\/p>\n<div class=\"separator\" style=\"clear: both;text-align: center\"><a href=\"http:\/\/www.euroresidentes.com\/empresa\/innovacion\/wp-content\/uploads\/sites\/3\/2014\/12\/face2.png\"><img loading=\"lazy\" decoding=\"async\" class=\"aligncenter size-full wp-image-3414\" src=\"http:\/\/www.euroresidentes.com\/empresa\/innovacion\/wp-content\/uploads\/sites\/3\/2014\/12\/face2.png\" alt=\"face2\" width=\"383\" height=\"463\" \/><\/a><\/div>\n<div class=\"separator\" style=\"clear: both;text-align: center\"><\/div>\n<p>&nbsp;<\/p>\n<div class=\"separator\" style=\"clear: both;text-align: center\"><a href=\"http:\/\/www.euroresidentes.com\/empresa\/innovacion\/wp-content\/uploads\/sites\/3\/2014\/12\/face4.png\"><img loading=\"lazy\" decoding=\"async\" class=\"aligncenter size-full wp-image-3415\" src=\"http:\/\/www.euroresidentes.com\/empresa\/innovacion\/wp-content\/uploads\/sites\/3\/2014\/12\/face4.png\" alt=\"face4\" width=\"447\" height=\"481\" \/><\/a><\/div>\n<div class=\"separator\" style=\"clear: both;text-align: center\"><\/div>\n<p>&nbsp;<\/p>\n<\/div>\n","protected":false},"excerpt":{"rendered":"<p>Anuncios de Facebook de productos o servicios:Los anuncios de Facebook tienen varios formatos, cada uno tiene unas ventajas e inconvenientes \u00fanicas para los anunciantes que eligen esta plataforma como medio para anunciarse. Los anuncios aparecen en las columnas laterales de la p\u00e1gina de Facebook, con un t\u00edtulo, un texto muy breve y una imagen. Ejemplo &nbsp; Publicaciones promocionadas de Facebook: Son aquellas que permiten que los anunciantes paguen una tarifa para promocionar un mensaje en su p\u00e1gina de Facebook, nunca un perfil. Lo que consigue el anunciante es aumentar los fans y amigos en su p\u00e1gina. Aparecen a trav\u00e9s de <\/p>\n","protected":false},"author":1,"featured_media":3414,"parent":0,"menu_order":0,"comment_status":"closed","ping_status":"closed","template":"page-auhtor.php","meta":{"footnotes":""},"class_list":["post-3291","page","type-page","status-publish","has-post-thumbnail","hentry","has_thumb"],"yoast_head":"<!-- This site is optimized with the Yoast SEO plugin v27.4 - https:\/\/yoast.com\/product\/yoast-seo-wordpress\/ -->\n<title>Anuncios en Facebook - Innovaci\u00f3n y Publicidad<\/title>\n<meta name=\"robots\" content=\"index, follow, max-snippet:-1, max-image-preview:large, max-video-preview:-1\" \/>\n<link rel=\"canonical\" href=\"https:\/\/www.euroresidentes.com\/empresa\/innovacion-publicidad\/anuncios-de-facebook-de-productos-o.html\" \/>\n<meta property=\"og:locale\" content=\"es_ES\" \/>\n<meta property=\"og:type\" content=\"article\" \/>\n<meta property=\"og:title\" content=\"Anuncios en Facebook - Innovaci\u00f3n y Publicidad\" \/>\n<meta property=\"og:description\" content=\"Anuncios de Facebook de productos o servicios:Los anuncios de Facebook tienen varios formatos, cada uno tiene unas ventajas e inconvenientes \u00fanicas para los anunciantes que eligen esta plataforma como medio para anunciarse. Los anuncios aparecen en las columnas laterales de la p\u00e1gina de Facebook, con un t\u00edtulo, un texto muy breve y una imagen. Ejemplo &nbsp; Publicaciones promocionadas de Facebook: Son aquellas que permiten que los anunciantes paguen una tarifa para promocionar un mensaje en su p\u00e1gina de Facebook, nunca un perfil. Lo que consigue el anunciante es aumentar los fans y amigos en su p\u00e1gina. Aparecen a trav\u00e9s de\" \/>\n<meta property=\"og:url\" content=\"https:\/\/www.euroresidentes.com\/empresa\/innovacion-publicidad\/anuncios-de-facebook-de-productos-o.html\" \/>\n<meta property=\"og:site_name\" content=\"Innovaci\u00f3n y Publicidad\" \/>\n<meta name=\"twitter:card\" content=\"summary_large_image\" \/>\n<meta name=\"twitter:label1\" content=\"Est. reading time\" \/>\n\t<meta name=\"twitter:data1\" content=\"1 minuto\" \/>\n<script type=\"application\/ld+json\" class=\"yoast-schema-graph\">{\"@context\":\"https:\\\/\\\/schema.org\",\"@graph\":[{\"@type\":\"WebPage\",\"@id\":\"https:\\\/\\\/www.euroresidentes.com\\\/empresa\\\/innovacion-publicidad\\\/anuncios-de-facebook-de-productos-o.html\",\"url\":\"https:\\\/\\\/www.euroresidentes.com\\\/empresa\\\/innovacion-publicidad\\\/anuncios-de-facebook-de-productos-o.html\",\"name\":\"Anuncios en Facebook - Innovaci\u00f3n y Publicidad\",\"isPartOf\":{\"@id\":\"https:\\\/\\\/www.euroresidentes.com\\\/empresa\\\/innovacion-publicidad\\\/#website\"},\"primaryImageOfPage\":{\"@id\":\"https:\\\/\\\/www.euroresidentes.com\\\/empresa\\\/innovacion-publicidad\\\/anuncios-de-facebook-de-productos-o.html#primaryimage\"},\"image\":{\"@id\":\"https:\\\/\\\/www.euroresidentes.com\\\/empresa\\\/innovacion-publicidad\\\/anuncios-de-facebook-de-productos-o.html#primaryimage\"},\"thumbnailUrl\":\"\",\"datePublished\":\"2014-12-09T10:13:00+00:00\",\"breadcrumb\":{\"@id\":\"https:\\\/\\\/www.euroresidentes.com\\\/empresa\\\/innovacion-publicidad\\\/anuncios-de-facebook-de-productos-o.html#breadcrumb\"},\"inLanguage\":\"es\",\"potentialAction\":[{\"@type\":\"ReadAction\",\"target\":[\"https:\\\/\\\/www.euroresidentes.com\\\/empresa\\\/innovacion-publicidad\\\/anuncios-de-facebook-de-productos-o.html\"]}]},{\"@type\":\"ImageObject\",\"inLanguage\":\"es\",\"@id\":\"https:\\\/\\\/www.euroresidentes.com\\\/empresa\\\/innovacion-publicidad\\\/anuncios-de-facebook-de-productos-o.html#primaryimage\",\"url\":\"\",\"contentUrl\":\"\"},{\"@type\":\"BreadcrumbList\",\"@id\":\"https:\\\/\\\/www.euroresidentes.com\\\/empresa\\\/innovacion-publicidad\\\/anuncios-de-facebook-de-productos-o.html#breadcrumb\",\"itemListElement\":[{\"@type\":\"ListItem\",\"position\":1,\"name\":\"Portada\",\"item\":\"https:\\\/\\\/www.euroresidentes.com\\\/empresa\\\/innovacion-publicidad\\\/\"},{\"@type\":\"ListItem\",\"position\":2,\"name\":\"Anuncios en Facebook\"}]},{\"@type\":\"WebSite\",\"@id\":\"https:\\\/\\\/www.euroresidentes.com\\\/empresa\\\/innovacion-publicidad\\\/#website\",\"url\":\"https:\\\/\\\/www.euroresidentes.com\\\/empresa\\\/innovacion-publicidad\\\/\",\"name\":\"Innovaci\u00f3n y Publicidad\",\"description\":\"Empresa Euroresidentes\",\"potentialAction\":[{\"@type\":\"SearchAction\",\"target\":{\"@type\":\"EntryPoint\",\"urlTemplate\":\"https:\\\/\\\/www.euroresidentes.com\\\/empresa\\\/innovacion-publicidad\\\/?s={search_term_string}\"},\"query-input\":{\"@type\":\"PropertyValueSpecification\",\"valueRequired\":true,\"valueName\":\"search_term_string\"}}],\"inLanguage\":\"es\"}]}<\/script>\n<!-- \/ Yoast SEO plugin. -->","yoast_head_json":{"title":"Anuncios en Facebook - Innovaci\u00f3n y Publicidad","robots":{"index":"index","follow":"follow","max-snippet":"max-snippet:-1","max-image-preview":"max-image-preview:large","max-video-preview":"max-video-preview:-1"},"canonical":"https:\/\/www.euroresidentes.com\/empresa\/innovacion-publicidad\/anuncios-de-facebook-de-productos-o.html","og_locale":"es_ES","og_type":"article","og_title":"Anuncios en Facebook - Innovaci\u00f3n y Publicidad","og_description":"Anuncios de Facebook de productos o servicios:Los anuncios de Facebook tienen varios formatos, cada uno tiene unas ventajas e inconvenientes \u00fanicas para los anunciantes que eligen esta plataforma como medio para anunciarse. Los anuncios aparecen en las columnas laterales de la p\u00e1gina de Facebook, con un t\u00edtulo, un texto muy breve y una imagen. Ejemplo &nbsp; Publicaciones promocionadas de Facebook: Son aquellas que permiten que los anunciantes paguen una tarifa para promocionar un mensaje en su p\u00e1gina de Facebook, nunca un perfil. Lo que consigue el anunciante es aumentar los fans y amigos en su p\u00e1gina. Aparecen a trav\u00e9s de","og_url":"https:\/\/www.euroresidentes.com\/empresa\/innovacion-publicidad\/anuncios-de-facebook-de-productos-o.html","og_site_name":"Innovaci\u00f3n y Publicidad","twitter_card":"summary_large_image","twitter_misc":{"Est. reading time":"1 minuto"},"schema":{"@context":"https:\/\/schema.org","@graph":[{"@type":"WebPage","@id":"https:\/\/www.euroresidentes.com\/empresa\/innovacion-publicidad\/anuncios-de-facebook-de-productos-o.html","url":"https:\/\/www.euroresidentes.com\/empresa\/innovacion-publicidad\/anuncios-de-facebook-de-productos-o.html","name":"Anuncios en Facebook - Innovaci\u00f3n y Publicidad","isPartOf":{"@id":"https:\/\/www.euroresidentes.com\/empresa\/innovacion-publicidad\/#website"},"primaryImageOfPage":{"@id":"https:\/\/www.euroresidentes.com\/empresa\/innovacion-publicidad\/anuncios-de-facebook-de-productos-o.html#primaryimage"},"image":{"@id":"https:\/\/www.euroresidentes.com\/empresa\/innovacion-publicidad\/anuncios-de-facebook-de-productos-o.html#primaryimage"},"thumbnailUrl":"","datePublished":"2014-12-09T10:13:00+00:00","breadcrumb":{"@id":"https:\/\/www.euroresidentes.com\/empresa\/innovacion-publicidad\/anuncios-de-facebook-de-productos-o.html#breadcrumb"},"inLanguage":"es","potentialAction":[{"@type":"ReadAction","target":["https:\/\/www.euroresidentes.com\/empresa\/innovacion-publicidad\/anuncios-de-facebook-de-productos-o.html"]}]},{"@type":"ImageObject","inLanguage":"es","@id":"https:\/\/www.euroresidentes.com\/empresa\/innovacion-publicidad\/anuncios-de-facebook-de-productos-o.html#primaryimage","url":"","contentUrl":""},{"@type":"BreadcrumbList","@id":"https:\/\/www.euroresidentes.com\/empresa\/innovacion-publicidad\/anuncios-de-facebook-de-productos-o.html#breadcrumb","itemListElement":[{"@type":"ListItem","position":1,"name":"Portada","item":"https:\/\/www.euroresidentes.com\/empresa\/innovacion-publicidad\/"},{"@type":"ListItem","position":2,"name":"Anuncios en Facebook"}]},{"@type":"WebSite","@id":"https:\/\/www.euroresidentes.com\/empresa\/innovacion-publicidad\/#website","url":"https:\/\/www.euroresidentes.com\/empresa\/innovacion-publicidad\/","name":"Innovaci\u00f3n y Publicidad","description":"Empresa Euroresidentes","potentialAction":[{"@type":"SearchAction","target":{"@type":"EntryPoint","urlTemplate":"https:\/\/www.euroresidentes.com\/empresa\/innovacion-publicidad\/?s={search_term_string}"},"query-input":{"@type":"PropertyValueSpecification","valueRequired":true,"valueName":"search_term_string"}}],"inLanguage":"es"}]}},"_links":{"self":[{"href":"https:\/\/www.euroresidentes.com\/empresa\/innovacion-publicidad\/wp-json\/wp\/v2\/pages\/3291","targetHints":{"allow":["GET"]}}],"collection":[{"href":"https:\/\/www.euroresidentes.com\/empresa\/innovacion-publicidad\/wp-json\/wp\/v2\/pages"}],"about":[{"href":"https:\/\/www.euroresidentes.com\/empresa\/innovacion-publicidad\/wp-json\/wp\/v2\/types\/page"}],"author":[{"embeddable":true,"href":"https:\/\/www.euroresidentes.com\/empresa\/innovacion-publicidad\/wp-json\/wp\/v2\/users\/1"}],"replies":[{"embeddable":true,"href":"https:\/\/www.euroresidentes.com\/empresa\/innovacion-publicidad\/wp-json\/wp\/v2\/comments?post=3291"}],"version-history":[{"count":0,"href":"https:\/\/www.euroresidentes.com\/empresa\/innovacion-publicidad\/wp-json\/wp\/v2\/pages\/3291\/revisions"}],"wp:featuredmedia":[{"embeddable":true,"href":"https:\/\/www.euroresidentes.com\/empresa\/innovacion-publicidad\/wp-json\/"}],"wp:attachment":[{"href":"https:\/\/www.euroresidentes.com\/empresa\/innovacion-publicidad\/wp-json\/wp\/v2\/media?parent=3291"}],"curies":[{"name":"wp","href":"https:\/\/api.w.org\/{rel}","templated":true}]}}