
{"id":3287,"date":"2014-12-09T12:37:00","date_gmt":"2014-12-09T12:37:00","guid":{"rendered":"https:\/\/wp.euroresidentes.com\/amor\/amores-imposibles\/banner-robapaginas.html"},"modified":"2014-12-09T12:37:00","modified_gmt":"2014-12-09T12:37:00","slug":"banner-robapaginas","status":"publish","type":"page","link":"https:\/\/www.euroresidentes.com\/empresa\/innovacion-publicidad\/banner-robapaginas.html","title":{"rendered":"Banner: Robap\u00e1ginas"},"content":{"rendered":"<div dir=\"ltr\" style=\"text-align: left\">\n<p><b>Tipos de banners<\/b>Robap\u00e1ginas<\/p>\n<p>Tanto rectangular como vertical. Lo podemos encontrar en muchas p\u00e1ginas, siempre en las zonas estrat\u00e9gicas de mayor efectividad, es el formato m\u00e1s utilizado en la web. Existen varios tama\u00f1os y sue\u00f1e localizarse en mitad de la p\u00e1gina. Su forma es cuadrada o rectangular y el m\u00e1s com\u00fan mide 300\u00d7250 p\u00edxeles pero tambi\u00e9n existen 400&#215;400 pixeles, 200&#215;200, etc. Su peso normalmente est\u00e1 entre los 20 y 25 kb y existen tanto en la forma.gif (la m\u00e1s com\u00fan) como en .swf.<\/p>\n<p>En ingl\u00e9s este formato se conoce como Mid Page Unite (MPU), recibe este nombre porque suele estar colocado en la mitad en la p\u00e1gina. Es perfecto para colocarlo junto a una noticia de inter\u00e9s en la que el lector pueda tanto ver la publicidad c\u00f3mo leer la noticia sin estar simult\u00e1neamente colocados.<\/p>\n<p><b>Ejemplos:<br \/>\n<\/b><\/p>\n<div class=\"separator\" style=\"clear: both;text-align: center\"><\/div>\n<div class=\"separator\" style=\"clear: both;text-align: center\">\u00a0<a href=\"http:\/\/www.euroresidentes.com\/empresa\/innovacion\/wp-content\/uploads\/sites\/3\/2014\/12\/roba2.png\"><img loading=\"lazy\" decoding=\"async\" class=\"aligncenter wp-image-3355 size-large\" src=\"http:\/\/www.euroresidentes.com\/empresa\/innovacion\/wp-content\/uploads\/sites\/3\/2014\/12\/roba2-1024x476.png\" alt=\"roba2\" width=\"1024\" height=\"476\" \/><\/a><\/div>\n<div class=\"separator\" style=\"clear: both;text-align: center\"><\/div>\n<p>&nbsp;<\/p>\n<div class=\"separator\" style=\"clear: both;text-align: center\"><a href=\"http:\/\/www.euroresidentes.com\/empresa\/innovacion\/wp-content\/uploads\/sites\/3\/2014\/12\/roba.png\"><img loading=\"lazy\" decoding=\"async\" class=\"aligncenter size-full wp-image-3357\" src=\"http:\/\/www.euroresidentes.com\/empresa\/innovacion\/wp-content\/uploads\/sites\/3\/2014\/12\/roba.png\" alt=\"roba\" width=\"1113\" height=\"535\" \/><\/a><\/div>\n<p>&nbsp;<\/p>\n<\/div>\n","protected":false},"excerpt":{"rendered":"<p>Tipos de bannersRobap\u00e1ginas Tanto rectangular como vertical. Lo podemos encontrar en muchas p\u00e1ginas, siempre en las zonas estrat\u00e9gicas de mayor efectividad, es el formato m\u00e1s utilizado en la web. Existen varios tama\u00f1os y sue\u00f1e localizarse en mitad de la p\u00e1gina. Su forma es cuadrada o rectangular y el m\u00e1s com\u00fan mide 300\u00d7250 p\u00edxeles pero tambi\u00e9n existen 400&#215;400 pixeles, 200&#215;200, etc. Su peso normalmente est\u00e1 entre los 20 y 25 kb y existen tanto en la forma.gif (la m\u00e1s com\u00fan) como en .swf. En ingl\u00e9s este formato se conoce como Mid Page Unite (MPU), recibe este nombre porque suele estar colocado <\/p>\n","protected":false},"author":1,"featured_media":3355,"parent":0,"menu_order":0,"comment_status":"closed","ping_status":"closed","template":"page-auhtor.php","meta":{"footnotes":""},"class_list":["post-3287","page","type-page","status-publish","has-post-thumbnail","hentry","has_thumb"],"yoast_head":"<!-- This site is optimized with the Yoast SEO plugin v27.5 - https:\/\/yoast.com\/product\/yoast-seo-wordpress\/ -->\n<title>Banner: Robap\u00e1ginas - Innovaci\u00f3n y Publicidad<\/title>\n<meta name=\"robots\" content=\"index, follow, max-snippet:-1, max-image-preview:large, max-video-preview:-1\" \/>\n<link rel=\"canonical\" href=\"https:\/\/www.euroresidentes.com\/empresa\/innovacion-publicidad\/banner-robapaginas.html\" \/>\n<meta property=\"og:locale\" content=\"es_ES\" \/>\n<meta property=\"og:type\" content=\"article\" \/>\n<meta property=\"og:title\" content=\"Banner: Robap\u00e1ginas - Innovaci\u00f3n y Publicidad\" \/>\n<meta property=\"og:description\" content=\"Tipos de bannersRobap\u00e1ginas Tanto rectangular como vertical. Lo podemos encontrar en muchas p\u00e1ginas, siempre en las zonas estrat\u00e9gicas de mayor efectividad, es el formato m\u00e1s utilizado en la web. Existen varios tama\u00f1os y sue\u00f1e localizarse en mitad de la p\u00e1gina. Su forma es cuadrada o rectangular y el m\u00e1s com\u00fan mide 300\u00d7250 p\u00edxeles pero tambi\u00e9n existen 400&#215;400 pixeles, 200&#215;200, etc. Su peso normalmente est\u00e1 entre los 20 y 25 kb y existen tanto en la forma.gif (la m\u00e1s com\u00fan) como en .swf. En ingl\u00e9s este formato se conoce como Mid Page Unite (MPU), recibe este nombre porque suele estar colocado\" \/>\n<meta property=\"og:url\" content=\"https:\/\/www.euroresidentes.com\/empresa\/innovacion-publicidad\/banner-robapaginas.html\" \/>\n<meta property=\"og:site_name\" content=\"Innovaci\u00f3n y Publicidad\" \/>\n<meta name=\"twitter:card\" content=\"summary_large_image\" \/>\n<meta name=\"twitter:label1\" content=\"Est. reading time\" \/>\n\t<meta name=\"twitter:data1\" content=\"1 minuto\" \/>\n<script type=\"application\/ld+json\" class=\"yoast-schema-graph\">{\"@context\":\"https:\\\/\\\/schema.org\",\"@graph\":[{\"@type\":\"WebPage\",\"@id\":\"https:\\\/\\\/www.euroresidentes.com\\\/empresa\\\/innovacion-publicidad\\\/banner-robapaginas.html\",\"url\":\"https:\\\/\\\/www.euroresidentes.com\\\/empresa\\\/innovacion-publicidad\\\/banner-robapaginas.html\",\"name\":\"Banner: Robap\u00e1ginas - Innovaci\u00f3n y Publicidad\",\"isPartOf\":{\"@id\":\"https:\\\/\\\/www.euroresidentes.com\\\/empresa\\\/innovacion-publicidad\\\/#website\"},\"primaryImageOfPage\":{\"@id\":\"https:\\\/\\\/www.euroresidentes.com\\\/empresa\\\/innovacion-publicidad\\\/banner-robapaginas.html#primaryimage\"},\"image\":{\"@id\":\"https:\\\/\\\/www.euroresidentes.com\\\/empresa\\\/innovacion-publicidad\\\/banner-robapaginas.html#primaryimage\"},\"thumbnailUrl\":\"\",\"datePublished\":\"2014-12-09T12:37:00+00:00\",\"breadcrumb\":{\"@id\":\"https:\\\/\\\/www.euroresidentes.com\\\/empresa\\\/innovacion-publicidad\\\/banner-robapaginas.html#breadcrumb\"},\"inLanguage\":\"es\",\"potentialAction\":[{\"@type\":\"ReadAction\",\"target\":[\"https:\\\/\\\/www.euroresidentes.com\\\/empresa\\\/innovacion-publicidad\\\/banner-robapaginas.html\"]}]},{\"@type\":\"ImageObject\",\"inLanguage\":\"es\",\"@id\":\"https:\\\/\\\/www.euroresidentes.com\\\/empresa\\\/innovacion-publicidad\\\/banner-robapaginas.html#primaryimage\",\"url\":\"\",\"contentUrl\":\"\"},{\"@type\":\"BreadcrumbList\",\"@id\":\"https:\\\/\\\/www.euroresidentes.com\\\/empresa\\\/innovacion-publicidad\\\/banner-robapaginas.html#breadcrumb\",\"itemListElement\":[{\"@type\":\"ListItem\",\"position\":1,\"name\":\"Portada\",\"item\":\"https:\\\/\\\/www.euroresidentes.com\\\/empresa\\\/innovacion-publicidad\\\/\"},{\"@type\":\"ListItem\",\"position\":2,\"name\":\"Banner: Robap\u00e1ginas\"}]},{\"@type\":\"WebSite\",\"@id\":\"https:\\\/\\\/www.euroresidentes.com\\\/empresa\\\/innovacion-publicidad\\\/#website\",\"url\":\"https:\\\/\\\/www.euroresidentes.com\\\/empresa\\\/innovacion-publicidad\\\/\",\"name\":\"Innovaci\u00f3n y Publicidad\",\"description\":\"Empresa Euroresidentes\",\"potentialAction\":[{\"@type\":\"SearchAction\",\"target\":{\"@type\":\"EntryPoint\",\"urlTemplate\":\"https:\\\/\\\/www.euroresidentes.com\\\/empresa\\\/innovacion-publicidad\\\/?s={search_term_string}\"},\"query-input\":{\"@type\":\"PropertyValueSpecification\",\"valueRequired\":true,\"valueName\":\"search_term_string\"}}],\"inLanguage\":\"es\"}]}<\/script>\n<!-- \/ Yoast SEO plugin. -->","yoast_head_json":{"title":"Banner: Robap\u00e1ginas - Innovaci\u00f3n y Publicidad","robots":{"index":"index","follow":"follow","max-snippet":"max-snippet:-1","max-image-preview":"max-image-preview:large","max-video-preview":"max-video-preview:-1"},"canonical":"https:\/\/www.euroresidentes.com\/empresa\/innovacion-publicidad\/banner-robapaginas.html","og_locale":"es_ES","og_type":"article","og_title":"Banner: Robap\u00e1ginas - Innovaci\u00f3n y Publicidad","og_description":"Tipos de bannersRobap\u00e1ginas Tanto rectangular como vertical. Lo podemos encontrar en muchas p\u00e1ginas, siempre en las zonas estrat\u00e9gicas de mayor efectividad, es el formato m\u00e1s utilizado en la web. Existen varios tama\u00f1os y sue\u00f1e localizarse en mitad de la p\u00e1gina. Su forma es cuadrada o rectangular y el m\u00e1s com\u00fan mide 300\u00d7250 p\u00edxeles pero tambi\u00e9n existen 400&#215;400 pixeles, 200&#215;200, etc. Su peso normalmente est\u00e1 entre los 20 y 25 kb y existen tanto en la forma.gif (la m\u00e1s com\u00fan) como en .swf. En ingl\u00e9s este formato se conoce como Mid Page Unite (MPU), recibe este nombre porque suele estar colocado","og_url":"https:\/\/www.euroresidentes.com\/empresa\/innovacion-publicidad\/banner-robapaginas.html","og_site_name":"Innovaci\u00f3n y Publicidad","twitter_card":"summary_large_image","twitter_misc":{"Est. reading time":"1 minuto"},"schema":{"@context":"https:\/\/schema.org","@graph":[{"@type":"WebPage","@id":"https:\/\/www.euroresidentes.com\/empresa\/innovacion-publicidad\/banner-robapaginas.html","url":"https:\/\/www.euroresidentes.com\/empresa\/innovacion-publicidad\/banner-robapaginas.html","name":"Banner: Robap\u00e1ginas - Innovaci\u00f3n y Publicidad","isPartOf":{"@id":"https:\/\/www.euroresidentes.com\/empresa\/innovacion-publicidad\/#website"},"primaryImageOfPage":{"@id":"https:\/\/www.euroresidentes.com\/empresa\/innovacion-publicidad\/banner-robapaginas.html#primaryimage"},"image":{"@id":"https:\/\/www.euroresidentes.com\/empresa\/innovacion-publicidad\/banner-robapaginas.html#primaryimage"},"thumbnailUrl":"","datePublished":"2014-12-09T12:37:00+00:00","breadcrumb":{"@id":"https:\/\/www.euroresidentes.com\/empresa\/innovacion-publicidad\/banner-robapaginas.html#breadcrumb"},"inLanguage":"es","potentialAction":[{"@type":"ReadAction","target":["https:\/\/www.euroresidentes.com\/empresa\/innovacion-publicidad\/banner-robapaginas.html"]}]},{"@type":"ImageObject","inLanguage":"es","@id":"https:\/\/www.euroresidentes.com\/empresa\/innovacion-publicidad\/banner-robapaginas.html#primaryimage","url":"","contentUrl":""},{"@type":"BreadcrumbList","@id":"https:\/\/www.euroresidentes.com\/empresa\/innovacion-publicidad\/banner-robapaginas.html#breadcrumb","itemListElement":[{"@type":"ListItem","position":1,"name":"Portada","item":"https:\/\/www.euroresidentes.com\/empresa\/innovacion-publicidad\/"},{"@type":"ListItem","position":2,"name":"Banner: Robap\u00e1ginas"}]},{"@type":"WebSite","@id":"https:\/\/www.euroresidentes.com\/empresa\/innovacion-publicidad\/#website","url":"https:\/\/www.euroresidentes.com\/empresa\/innovacion-publicidad\/","name":"Innovaci\u00f3n y Publicidad","description":"Empresa Euroresidentes","potentialAction":[{"@type":"SearchAction","target":{"@type":"EntryPoint","urlTemplate":"https:\/\/www.euroresidentes.com\/empresa\/innovacion-publicidad\/?s={search_term_string}"},"query-input":{"@type":"PropertyValueSpecification","valueRequired":true,"valueName":"search_term_string"}}],"inLanguage":"es"}]}},"_links":{"self":[{"href":"https:\/\/www.euroresidentes.com\/empresa\/innovacion-publicidad\/wp-json\/wp\/v2\/pages\/3287","targetHints":{"allow":["GET"]}}],"collection":[{"href":"https:\/\/www.euroresidentes.com\/empresa\/innovacion-publicidad\/wp-json\/wp\/v2\/pages"}],"about":[{"href":"https:\/\/www.euroresidentes.com\/empresa\/innovacion-publicidad\/wp-json\/wp\/v2\/types\/page"}],"author":[{"embeddable":true,"href":"https:\/\/www.euroresidentes.com\/empresa\/innovacion-publicidad\/wp-json\/wp\/v2\/users\/1"}],"replies":[{"embeddable":true,"href":"https:\/\/www.euroresidentes.com\/empresa\/innovacion-publicidad\/wp-json\/wp\/v2\/comments?post=3287"}],"version-history":[{"count":0,"href":"https:\/\/www.euroresidentes.com\/empresa\/innovacion-publicidad\/wp-json\/wp\/v2\/pages\/3287\/revisions"}],"wp:featuredmedia":[{"embeddable":true,"href":"https:\/\/www.euroresidentes.com\/empresa\/innovacion-publicidad\/wp-json\/"}],"wp:attachment":[{"href":"https:\/\/www.euroresidentes.com\/empresa\/innovacion-publicidad\/wp-json\/wp\/v2\/media?parent=3287"}],"curies":[{"name":"wp","href":"https:\/\/api.w.org\/{rel}","templated":true}]}}