
{"id":3286,"date":"2014-12-11T09:23:00","date_gmt":"2014-12-11T09:23:00","guid":{"rendered":"https:\/\/wp.euroresidentes.com\/amor\/amores-imposibles\/banner-s.html"},"modified":"2014-12-11T09:23:00","modified_gmt":"2014-12-11T09:23:00","slug":"banner-s","status":"publish","type":"page","link":"https:\/\/www.euroresidentes.com\/empresa\/innovacion-publicidad\/banner-s.html","title":{"rendered":"Banner: Skyscraper o Rascacielos"},"content":{"rendered":"<div dir=\"ltr\" style=\"text-align: left\">\n<p><b>Tipos de banners<\/b>Skyscraper o Rascacielos<\/p>\n<p>Tambi\u00e9n llamado simplemente \u201cSky\u201d. Siempre es vertical y de gran tama\u00f1o, se sit\u00faa en lado derecho de la p\u00e1gina web y suele llamar considerablemente la atenci\u00f3n de los lectores. Este formato tiene una alta tasa de clic entre los tipos de banners ya que la derecha es la parte m\u00e1s frecuentada por el rat\u00f3n del ordenador cuando navegamos.<\/p>\n<p>Su tama\u00f1o es de 120 a 160&#215;600 p\u00edxeles, debido a su gran tama\u00f1o es uno de los tipos m\u00e1s visibles. Su forma, como su nombre bien indica, es parecida a la de un rascacielos. Tambi\u00e9n tenemos el doble-sky, que tiene las dimensiones de 300&#215;600.<br \/>\n<b><br \/>\n<\/b><br \/>\n<b>Ejemplos:<\/b><br \/>\n<b><br \/>\n<\/b><\/p>\n<div class=\"separator\" style=\"clear: both;text-align: center\"><a href=\"http:\/\/www.euroresidentes.com\/empresa\/innovacion\/wp-content\/uploads\/sites\/3\/2014\/12\/skycrapper.png\"><img loading=\"lazy\" decoding=\"async\" class=\"aligncenter size-full wp-image-3352\" src=\"http:\/\/www.euroresidentes.com\/empresa\/innovacion\/wp-content\/uploads\/sites\/3\/2014\/12\/skycrapper.png\" alt=\"Banner: Skyscraper o Rascacielos\" width=\"975\" height=\"523\" \/><\/a><\/div>\n<p><b>\u00a0<\/b><\/p>\n<\/div>\n","protected":false},"excerpt":{"rendered":"<p>Tipos de bannersSkyscraper o Rascacielos Tambi\u00e9n llamado simplemente \u201cSky\u201d. Siempre es vertical y de gran tama\u00f1o, se sit\u00faa en lado derecho de la p\u00e1gina web y suele llamar considerablemente la atenci\u00f3n de los lectores. Este formato tiene una alta tasa de clic entre los tipos de banners ya que la derecha es la parte m\u00e1s frecuentada por el rat\u00f3n del ordenador cuando navegamos. Su tama\u00f1o es de 120 a 160&#215;600 p\u00edxeles, debido a su gran tama\u00f1o es uno de los tipos m\u00e1s visibles. Su forma, como su nombre bien indica, es parecida a la de un rascacielos. Tambi\u00e9n tenemos el <\/p>\n","protected":false},"author":1,"featured_media":3352,"parent":0,"menu_order":0,"comment_status":"closed","ping_status":"closed","template":"page-auhtor.php","meta":{"footnotes":""},"class_list":["post-3286","page","type-page","status-publish","has-post-thumbnail","hentry","has_thumb"],"yoast_head":"<!-- This site is optimized with the Yoast SEO plugin v27.3 - https:\/\/yoast.com\/product\/yoast-seo-wordpress\/ -->\n<title>Banner: Skyscraper o Rascacielos - Innovaci\u00f3n y Publicidad<\/title>\n<meta name=\"robots\" content=\"index, follow, max-snippet:-1, max-image-preview:large, max-video-preview:-1\" \/>\n<link rel=\"canonical\" href=\"https:\/\/www.euroresidentes.com\/empresa\/innovacion-publicidad\/banner-s.html\" \/>\n<meta property=\"og:locale\" content=\"es_ES\" \/>\n<meta property=\"og:type\" content=\"article\" \/>\n<meta property=\"og:title\" content=\"Banner: Skyscraper o Rascacielos - Innovaci\u00f3n y Publicidad\" \/>\n<meta property=\"og:description\" content=\"Tipos de bannersSkyscraper o Rascacielos Tambi\u00e9n llamado simplemente \u201cSky\u201d. Siempre es vertical y de gran tama\u00f1o, se sit\u00faa en lado derecho de la p\u00e1gina web y suele llamar considerablemente la atenci\u00f3n de los lectores. Este formato tiene una alta tasa de clic entre los tipos de banners ya que la derecha es la parte m\u00e1s frecuentada por el rat\u00f3n del ordenador cuando navegamos. Su tama\u00f1o es de 120 a 160&#215;600 p\u00edxeles, debido a su gran tama\u00f1o es uno de los tipos m\u00e1s visibles. Su forma, como su nombre bien indica, es parecida a la de un rascacielos. Tambi\u00e9n tenemos el\" \/>\n<meta property=\"og:url\" content=\"https:\/\/www.euroresidentes.com\/empresa\/innovacion-publicidad\/banner-s.html\" \/>\n<meta property=\"og:site_name\" content=\"Innovaci\u00f3n y Publicidad\" \/>\n<meta name=\"twitter:card\" content=\"summary_large_image\" \/>\n<meta name=\"twitter:label1\" content=\"Est. reading time\" \/>\n\t<meta name=\"twitter:data1\" content=\"1 minuto\" \/>\n<script type=\"application\/ld+json\" class=\"yoast-schema-graph\">{\"@context\":\"https:\\\/\\\/schema.org\",\"@graph\":[{\"@type\":\"WebPage\",\"@id\":\"https:\\\/\\\/www.euroresidentes.com\\\/empresa\\\/innovacion-publicidad\\\/banner-s.html\",\"url\":\"https:\\\/\\\/www.euroresidentes.com\\\/empresa\\\/innovacion-publicidad\\\/banner-s.html\",\"name\":\"Banner: Skyscraper o Rascacielos - Innovaci\u00f3n y Publicidad\",\"isPartOf\":{\"@id\":\"https:\\\/\\\/www.euroresidentes.com\\\/empresa\\\/innovacion-publicidad\\\/#website\"},\"primaryImageOfPage\":{\"@id\":\"https:\\\/\\\/www.euroresidentes.com\\\/empresa\\\/innovacion-publicidad\\\/banner-s.html#primaryimage\"},\"image\":{\"@id\":\"https:\\\/\\\/www.euroresidentes.com\\\/empresa\\\/innovacion-publicidad\\\/banner-s.html#primaryimage\"},\"thumbnailUrl\":\"\",\"datePublished\":\"2014-12-11T09:23:00+00:00\",\"breadcrumb\":{\"@id\":\"https:\\\/\\\/www.euroresidentes.com\\\/empresa\\\/innovacion-publicidad\\\/banner-s.html#breadcrumb\"},\"inLanguage\":\"es\",\"potentialAction\":[{\"@type\":\"ReadAction\",\"target\":[\"https:\\\/\\\/www.euroresidentes.com\\\/empresa\\\/innovacion-publicidad\\\/banner-s.html\"]}]},{\"@type\":\"ImageObject\",\"inLanguage\":\"es\",\"@id\":\"https:\\\/\\\/www.euroresidentes.com\\\/empresa\\\/innovacion-publicidad\\\/banner-s.html#primaryimage\",\"url\":\"\",\"contentUrl\":\"\"},{\"@type\":\"BreadcrumbList\",\"@id\":\"https:\\\/\\\/www.euroresidentes.com\\\/empresa\\\/innovacion-publicidad\\\/banner-s.html#breadcrumb\",\"itemListElement\":[{\"@type\":\"ListItem\",\"position\":1,\"name\":\"Portada\",\"item\":\"https:\\\/\\\/www.euroresidentes.com\\\/empresa\\\/innovacion-publicidad\\\/\"},{\"@type\":\"ListItem\",\"position\":2,\"name\":\"Banner: Skyscraper o Rascacielos\"}]},{\"@type\":\"WebSite\",\"@id\":\"https:\\\/\\\/www.euroresidentes.com\\\/empresa\\\/innovacion-publicidad\\\/#website\",\"url\":\"https:\\\/\\\/www.euroresidentes.com\\\/empresa\\\/innovacion-publicidad\\\/\",\"name\":\"Innovaci\u00f3n y Publicidad\",\"description\":\"Empresa Euroresidentes\",\"potentialAction\":[{\"@type\":\"SearchAction\",\"target\":{\"@type\":\"EntryPoint\",\"urlTemplate\":\"https:\\\/\\\/www.euroresidentes.com\\\/empresa\\\/innovacion-publicidad\\\/?s={search_term_string}\"},\"query-input\":{\"@type\":\"PropertyValueSpecification\",\"valueRequired\":true,\"valueName\":\"search_term_string\"}}],\"inLanguage\":\"es\"}]}<\/script>\n<!-- \/ Yoast SEO plugin. -->","yoast_head_json":{"title":"Banner: Skyscraper o Rascacielos - Innovaci\u00f3n y Publicidad","robots":{"index":"index","follow":"follow","max-snippet":"max-snippet:-1","max-image-preview":"max-image-preview:large","max-video-preview":"max-video-preview:-1"},"canonical":"https:\/\/www.euroresidentes.com\/empresa\/innovacion-publicidad\/banner-s.html","og_locale":"es_ES","og_type":"article","og_title":"Banner: Skyscraper o Rascacielos - Innovaci\u00f3n y Publicidad","og_description":"Tipos de bannersSkyscraper o Rascacielos Tambi\u00e9n llamado simplemente \u201cSky\u201d. Siempre es vertical y de gran tama\u00f1o, se sit\u00faa en lado derecho de la p\u00e1gina web y suele llamar considerablemente la atenci\u00f3n de los lectores. Este formato tiene una alta tasa de clic entre los tipos de banners ya que la derecha es la parte m\u00e1s frecuentada por el rat\u00f3n del ordenador cuando navegamos. Su tama\u00f1o es de 120 a 160&#215;600 p\u00edxeles, debido a su gran tama\u00f1o es uno de los tipos m\u00e1s visibles. Su forma, como su nombre bien indica, es parecida a la de un rascacielos. Tambi\u00e9n tenemos el","og_url":"https:\/\/www.euroresidentes.com\/empresa\/innovacion-publicidad\/banner-s.html","og_site_name":"Innovaci\u00f3n y Publicidad","twitter_card":"summary_large_image","twitter_misc":{"Est. reading time":"1 minuto"},"schema":{"@context":"https:\/\/schema.org","@graph":[{"@type":"WebPage","@id":"https:\/\/www.euroresidentes.com\/empresa\/innovacion-publicidad\/banner-s.html","url":"https:\/\/www.euroresidentes.com\/empresa\/innovacion-publicidad\/banner-s.html","name":"Banner: Skyscraper o Rascacielos - Innovaci\u00f3n y Publicidad","isPartOf":{"@id":"https:\/\/www.euroresidentes.com\/empresa\/innovacion-publicidad\/#website"},"primaryImageOfPage":{"@id":"https:\/\/www.euroresidentes.com\/empresa\/innovacion-publicidad\/banner-s.html#primaryimage"},"image":{"@id":"https:\/\/www.euroresidentes.com\/empresa\/innovacion-publicidad\/banner-s.html#primaryimage"},"thumbnailUrl":"","datePublished":"2014-12-11T09:23:00+00:00","breadcrumb":{"@id":"https:\/\/www.euroresidentes.com\/empresa\/innovacion-publicidad\/banner-s.html#breadcrumb"},"inLanguage":"es","potentialAction":[{"@type":"ReadAction","target":["https:\/\/www.euroresidentes.com\/empresa\/innovacion-publicidad\/banner-s.html"]}]},{"@type":"ImageObject","inLanguage":"es","@id":"https:\/\/www.euroresidentes.com\/empresa\/innovacion-publicidad\/banner-s.html#primaryimage","url":"","contentUrl":""},{"@type":"BreadcrumbList","@id":"https:\/\/www.euroresidentes.com\/empresa\/innovacion-publicidad\/banner-s.html#breadcrumb","itemListElement":[{"@type":"ListItem","position":1,"name":"Portada","item":"https:\/\/www.euroresidentes.com\/empresa\/innovacion-publicidad\/"},{"@type":"ListItem","position":2,"name":"Banner: Skyscraper o Rascacielos"}]},{"@type":"WebSite","@id":"https:\/\/www.euroresidentes.com\/empresa\/innovacion-publicidad\/#website","url":"https:\/\/www.euroresidentes.com\/empresa\/innovacion-publicidad\/","name":"Innovaci\u00f3n y Publicidad","description":"Empresa Euroresidentes","potentialAction":[{"@type":"SearchAction","target":{"@type":"EntryPoint","urlTemplate":"https:\/\/www.euroresidentes.com\/empresa\/innovacion-publicidad\/?s={search_term_string}"},"query-input":{"@type":"PropertyValueSpecification","valueRequired":true,"valueName":"search_term_string"}}],"inLanguage":"es"}]}},"_links":{"self":[{"href":"https:\/\/www.euroresidentes.com\/empresa\/innovacion-publicidad\/wp-json\/wp\/v2\/pages\/3286","targetHints":{"allow":["GET"]}}],"collection":[{"href":"https:\/\/www.euroresidentes.com\/empresa\/innovacion-publicidad\/wp-json\/wp\/v2\/pages"}],"about":[{"href":"https:\/\/www.euroresidentes.com\/empresa\/innovacion-publicidad\/wp-json\/wp\/v2\/types\/page"}],"author":[{"embeddable":true,"href":"https:\/\/www.euroresidentes.com\/empresa\/innovacion-publicidad\/wp-json\/wp\/v2\/users\/1"}],"replies":[{"embeddable":true,"href":"https:\/\/www.euroresidentes.com\/empresa\/innovacion-publicidad\/wp-json\/wp\/v2\/comments?post=3286"}],"version-history":[{"count":0,"href":"https:\/\/www.euroresidentes.com\/empresa\/innovacion-publicidad\/wp-json\/wp\/v2\/pages\/3286\/revisions"}],"wp:featuredmedia":[{"embeddable":true,"href":"https:\/\/www.euroresidentes.com\/empresa\/innovacion-publicidad\/wp-json\/"}],"wp:attachment":[{"href":"https:\/\/www.euroresidentes.com\/empresa\/innovacion-publicidad\/wp-json\/wp\/v2\/media?parent=3286"}],"curies":[{"name":"wp","href":"https:\/\/api.w.org\/{rel}","templated":true}]}}