
{"id":3285,"date":"2014-12-11T16:34:00","date_gmt":"2014-12-11T16:34:00","guid":{"rendered":"https:\/\/wp.euroresidentes.com\/amor\/amores-imposibles\/banner.html"},"modified":"2014-12-11T16:34:00","modified_gmt":"2014-12-11T16:34:00","slug":"banner","status":"publish","type":"page","link":"https:\/\/www.euroresidentes.com\/empresa\/innovacion-publicidad\/banner.html","title":{"rendered":"Banner: Botones"},"content":{"rendered":"<div dir=\"ltr\" style=\"text-align: left\">\n<p><b>Tipos de banners:\u00a0<\/b>Botones<\/p>\n<p>Son los banners m\u00e1s peque\u00f1os que existen. Podemos encontrar botones interactivos. Son aquellos que se desplazan por la pantalla al mismo tiempo que subes o bajas por la p\u00e1gina web.<\/p>\n<p>Para muchos usuarios resulta un tipo de publicidad molesta, ya que en muchas ocasiones se interpone entre el usuario y la lectura o visi\u00f3n de contenidos, y la cierran sin fijarse qu\u00e9 producto o servicio es.<\/p>\n<p>Las medidas habituales son 120\u00d760 o un 90\u00d790. Muchos de ellos son peque\u00f1as im\u00e1genes con animaci\u00f3n acompa\u00f1adas de texto a su lado.<\/p>\n<p><b>Ejemplos:<\/b><br \/>\n<b><br \/>\n<\/b><\/p>\n<div class=\"separator\" style=\"clear: both;text-align: center\"><a href=\"http:\/\/www.euroresidentes.com\/empresa\/innovacion\/wp-content\/uploads\/sites\/3\/2014\/12\/botonpubli1.png\"><img loading=\"lazy\" decoding=\"async\" class=\"aligncenter size-full wp-image-3365\" src=\"http:\/\/www.euroresidentes.com\/empresa\/innovacion\/wp-content\/uploads\/sites\/3\/2014\/12\/botonpubli1.png\" alt=\"botonpubli1\" width=\"1001\" height=\"627\" \/><\/a><\/div>\n<p>&nbsp;<\/p>\n<div class=\"separator\" style=\"clear: both;text-align: center\"><a href=\"http:\/\/www.euroresidentes.com\/empresa\/innovacion\/wp-content\/uploads\/sites\/3\/2014\/12\/botonpubli2.png\"><img loading=\"lazy\" decoding=\"async\" class=\"aligncenter size-full wp-image-3366\" src=\"http:\/\/www.euroresidentes.com\/empresa\/innovacion\/wp-content\/uploads\/sites\/3\/2014\/12\/botonpubli2.png\" alt=\"botonpubli2\" width=\"993\" height=\"605\" \/><\/a><\/div>\n<p>&nbsp;<\/p>\n<div class=\"separator\" style=\"clear: both;text-align: center\"><a href=\"http:\/\/www.euroresidentes.com\/empresa\/innovacion\/wp-content\/uploads\/sites\/3\/2014\/12\/botonpubli3.png\"><img loading=\"lazy\" decoding=\"async\" class=\"aligncenter size-full wp-image-3367\" src=\"http:\/\/www.euroresidentes.com\/empresa\/innovacion\/wp-content\/uploads\/sites\/3\/2014\/12\/botonpubli3.png\" alt=\"botonpubli3\" width=\"991\" height=\"617\" \/><\/a><\/div>\n<p>&nbsp;<\/p>\n<div class=\"separator\" style=\"clear: both;text-align: center\"><\/div>\n<\/div>\n","protected":false},"excerpt":{"rendered":"<p>Tipos de banners:\u00a0Botones Son los banners m\u00e1s peque\u00f1os que existen. Podemos encontrar botones interactivos. Son aquellos que se desplazan por la pantalla al mismo tiempo que subes o bajas por la p\u00e1gina web. Para muchos usuarios resulta un tipo de publicidad molesta, ya que en muchas ocasiones se interpone entre el usuario y la lectura o visi\u00f3n de contenidos, y la cierran sin fijarse qu\u00e9 producto o servicio es. Las medidas habituales son 120\u00d760 o un 90\u00d790. Muchos de ellos son peque\u00f1as im\u00e1genes con animaci\u00f3n acompa\u00f1adas de texto a su lado. Ejemplos: &nbsp; &nbsp; &nbsp;<\/p>\n","protected":false},"author":1,"featured_media":3365,"parent":0,"menu_order":0,"comment_status":"closed","ping_status":"closed","template":"page-auhtor.php","meta":{"footnotes":""},"class_list":["post-3285","page","type-page","status-publish","has-post-thumbnail","hentry","has_thumb"],"yoast_head":"<!-- This site is optimized with the Yoast SEO plugin v27.4 - https:\/\/yoast.com\/product\/yoast-seo-wordpress\/ -->\n<title>Banner: Botones - Innovaci\u00f3n y Publicidad<\/title>\n<meta name=\"robots\" content=\"index, follow, max-snippet:-1, max-image-preview:large, max-video-preview:-1\" \/>\n<link rel=\"canonical\" href=\"https:\/\/www.euroresidentes.com\/empresa\/innovacion-publicidad\/banner.html\" \/>\n<meta property=\"og:locale\" content=\"es_ES\" \/>\n<meta property=\"og:type\" content=\"article\" \/>\n<meta property=\"og:title\" content=\"Banner: Botones - Innovaci\u00f3n y Publicidad\" \/>\n<meta property=\"og:description\" content=\"Tipos de banners:\u00a0Botones Son los banners m\u00e1s peque\u00f1os que existen. Podemos encontrar botones interactivos. Son aquellos que se desplazan por la pantalla al mismo tiempo que subes o bajas por la p\u00e1gina web. Para muchos usuarios resulta un tipo de publicidad molesta, ya que en muchas ocasiones se interpone entre el usuario y la lectura o visi\u00f3n de contenidos, y la cierran sin fijarse qu\u00e9 producto o servicio es. Las medidas habituales son 120\u00d760 o un 90\u00d790. Muchos de ellos son peque\u00f1as im\u00e1genes con animaci\u00f3n acompa\u00f1adas de texto a su lado. Ejemplos: &nbsp; &nbsp; &nbsp;\" \/>\n<meta property=\"og:url\" content=\"https:\/\/www.euroresidentes.com\/empresa\/innovacion-publicidad\/banner.html\" \/>\n<meta property=\"og:site_name\" content=\"Innovaci\u00f3n y Publicidad\" \/>\n<meta name=\"twitter:card\" content=\"summary_large_image\" \/>\n<meta name=\"twitter:label1\" content=\"Est. reading time\" \/>\n\t<meta name=\"twitter:data1\" content=\"1 minuto\" \/>\n<script type=\"application\/ld+json\" class=\"yoast-schema-graph\">{\"@context\":\"https:\\\/\\\/schema.org\",\"@graph\":[{\"@type\":\"WebPage\",\"@id\":\"https:\\\/\\\/www.euroresidentes.com\\\/empresa\\\/innovacion-publicidad\\\/banner.html\",\"url\":\"https:\\\/\\\/www.euroresidentes.com\\\/empresa\\\/innovacion-publicidad\\\/banner.html\",\"name\":\"Banner: Botones - Innovaci\u00f3n y Publicidad\",\"isPartOf\":{\"@id\":\"https:\\\/\\\/www.euroresidentes.com\\\/empresa\\\/innovacion-publicidad\\\/#website\"},\"primaryImageOfPage\":{\"@id\":\"https:\\\/\\\/www.euroresidentes.com\\\/empresa\\\/innovacion-publicidad\\\/banner.html#primaryimage\"},\"image\":{\"@id\":\"https:\\\/\\\/www.euroresidentes.com\\\/empresa\\\/innovacion-publicidad\\\/banner.html#primaryimage\"},\"thumbnailUrl\":\"\",\"datePublished\":\"2014-12-11T16:34:00+00:00\",\"breadcrumb\":{\"@id\":\"https:\\\/\\\/www.euroresidentes.com\\\/empresa\\\/innovacion-publicidad\\\/banner.html#breadcrumb\"},\"inLanguage\":\"es\",\"potentialAction\":[{\"@type\":\"ReadAction\",\"target\":[\"https:\\\/\\\/www.euroresidentes.com\\\/empresa\\\/innovacion-publicidad\\\/banner.html\"]}]},{\"@type\":\"ImageObject\",\"inLanguage\":\"es\",\"@id\":\"https:\\\/\\\/www.euroresidentes.com\\\/empresa\\\/innovacion-publicidad\\\/banner.html#primaryimage\",\"url\":\"\",\"contentUrl\":\"\"},{\"@type\":\"BreadcrumbList\",\"@id\":\"https:\\\/\\\/www.euroresidentes.com\\\/empresa\\\/innovacion-publicidad\\\/banner.html#breadcrumb\",\"itemListElement\":[{\"@type\":\"ListItem\",\"position\":1,\"name\":\"Portada\",\"item\":\"https:\\\/\\\/www.euroresidentes.com\\\/empresa\\\/innovacion-publicidad\\\/\"},{\"@type\":\"ListItem\",\"position\":2,\"name\":\"Banner: Botones\"}]},{\"@type\":\"WebSite\",\"@id\":\"https:\\\/\\\/www.euroresidentes.com\\\/empresa\\\/innovacion-publicidad\\\/#website\",\"url\":\"https:\\\/\\\/www.euroresidentes.com\\\/empresa\\\/innovacion-publicidad\\\/\",\"name\":\"Innovaci\u00f3n y Publicidad\",\"description\":\"Empresa Euroresidentes\",\"potentialAction\":[{\"@type\":\"SearchAction\",\"target\":{\"@type\":\"EntryPoint\",\"urlTemplate\":\"https:\\\/\\\/www.euroresidentes.com\\\/empresa\\\/innovacion-publicidad\\\/?s={search_term_string}\"},\"query-input\":{\"@type\":\"PropertyValueSpecification\",\"valueRequired\":true,\"valueName\":\"search_term_string\"}}],\"inLanguage\":\"es\"}]}<\/script>\n<!-- \/ Yoast SEO plugin. -->","yoast_head_json":{"title":"Banner: Botones - Innovaci\u00f3n y Publicidad","robots":{"index":"index","follow":"follow","max-snippet":"max-snippet:-1","max-image-preview":"max-image-preview:large","max-video-preview":"max-video-preview:-1"},"canonical":"https:\/\/www.euroresidentes.com\/empresa\/innovacion-publicidad\/banner.html","og_locale":"es_ES","og_type":"article","og_title":"Banner: Botones - Innovaci\u00f3n y Publicidad","og_description":"Tipos de banners:\u00a0Botones Son los banners m\u00e1s peque\u00f1os que existen. Podemos encontrar botones interactivos. Son aquellos que se desplazan por la pantalla al mismo tiempo que subes o bajas por la p\u00e1gina web. Para muchos usuarios resulta un tipo de publicidad molesta, ya que en muchas ocasiones se interpone entre el usuario y la lectura o visi\u00f3n de contenidos, y la cierran sin fijarse qu\u00e9 producto o servicio es. Las medidas habituales son 120\u00d760 o un 90\u00d790. Muchos de ellos son peque\u00f1as im\u00e1genes con animaci\u00f3n acompa\u00f1adas de texto a su lado. Ejemplos: &nbsp; &nbsp; &nbsp;","og_url":"https:\/\/www.euroresidentes.com\/empresa\/innovacion-publicidad\/banner.html","og_site_name":"Innovaci\u00f3n y Publicidad","twitter_card":"summary_large_image","twitter_misc":{"Est. reading time":"1 minuto"},"schema":{"@context":"https:\/\/schema.org","@graph":[{"@type":"WebPage","@id":"https:\/\/www.euroresidentes.com\/empresa\/innovacion-publicidad\/banner.html","url":"https:\/\/www.euroresidentes.com\/empresa\/innovacion-publicidad\/banner.html","name":"Banner: Botones - Innovaci\u00f3n y Publicidad","isPartOf":{"@id":"https:\/\/www.euroresidentes.com\/empresa\/innovacion-publicidad\/#website"},"primaryImageOfPage":{"@id":"https:\/\/www.euroresidentes.com\/empresa\/innovacion-publicidad\/banner.html#primaryimage"},"image":{"@id":"https:\/\/www.euroresidentes.com\/empresa\/innovacion-publicidad\/banner.html#primaryimage"},"thumbnailUrl":"","datePublished":"2014-12-11T16:34:00+00:00","breadcrumb":{"@id":"https:\/\/www.euroresidentes.com\/empresa\/innovacion-publicidad\/banner.html#breadcrumb"},"inLanguage":"es","potentialAction":[{"@type":"ReadAction","target":["https:\/\/www.euroresidentes.com\/empresa\/innovacion-publicidad\/banner.html"]}]},{"@type":"ImageObject","inLanguage":"es","@id":"https:\/\/www.euroresidentes.com\/empresa\/innovacion-publicidad\/banner.html#primaryimage","url":"","contentUrl":""},{"@type":"BreadcrumbList","@id":"https:\/\/www.euroresidentes.com\/empresa\/innovacion-publicidad\/banner.html#breadcrumb","itemListElement":[{"@type":"ListItem","position":1,"name":"Portada","item":"https:\/\/www.euroresidentes.com\/empresa\/innovacion-publicidad\/"},{"@type":"ListItem","position":2,"name":"Banner: Botones"}]},{"@type":"WebSite","@id":"https:\/\/www.euroresidentes.com\/empresa\/innovacion-publicidad\/#website","url":"https:\/\/www.euroresidentes.com\/empresa\/innovacion-publicidad\/","name":"Innovaci\u00f3n y Publicidad","description":"Empresa Euroresidentes","potentialAction":[{"@type":"SearchAction","target":{"@type":"EntryPoint","urlTemplate":"https:\/\/www.euroresidentes.com\/empresa\/innovacion-publicidad\/?s={search_term_string}"},"query-input":{"@type":"PropertyValueSpecification","valueRequired":true,"valueName":"search_term_string"}}],"inLanguage":"es"}]}},"_links":{"self":[{"href":"https:\/\/www.euroresidentes.com\/empresa\/innovacion-publicidad\/wp-json\/wp\/v2\/pages\/3285","targetHints":{"allow":["GET"]}}],"collection":[{"href":"https:\/\/www.euroresidentes.com\/empresa\/innovacion-publicidad\/wp-json\/wp\/v2\/pages"}],"about":[{"href":"https:\/\/www.euroresidentes.com\/empresa\/innovacion-publicidad\/wp-json\/wp\/v2\/types\/page"}],"author":[{"embeddable":true,"href":"https:\/\/www.euroresidentes.com\/empresa\/innovacion-publicidad\/wp-json\/wp\/v2\/users\/1"}],"replies":[{"embeddable":true,"href":"https:\/\/www.euroresidentes.com\/empresa\/innovacion-publicidad\/wp-json\/wp\/v2\/comments?post=3285"}],"version-history":[{"count":0,"href":"https:\/\/www.euroresidentes.com\/empresa\/innovacion-publicidad\/wp-json\/wp\/v2\/pages\/3285\/revisions"}],"wp:featuredmedia":[{"embeddable":true,"href":"https:\/\/www.euroresidentes.com\/empresa\/innovacion-publicidad\/wp-json\/"}],"wp:attachment":[{"href":"https:\/\/www.euroresidentes.com\/empresa\/innovacion-publicidad\/wp-json\/wp\/v2\/media?parent=3285"}],"curies":[{"name":"wp","href":"https:\/\/api.w.org\/{rel}","templated":true}]}}