
{"id":3284,"date":"2014-12-11T17:10:00","date_gmt":"2014-12-11T17:10:00","guid":{"rendered":"https:\/\/wp.euroresidentes.com\/amor\/amores-imposibles\/banner-interstitial-o-cortinillatipos.html"},"modified":"2014-12-11T17:10:00","modified_gmt":"2014-12-11T17:10:00","slug":"banner-interstitial-o-cortinillatipos","status":"publish","type":"page","link":"https:\/\/www.euroresidentes.com\/empresa\/innovacion-publicidad\/banner-interstitial-o-cortinillatipos.html","title":{"rendered":"Banner: Interstitial o Cortinilla"},"content":{"rendered":"<div dir=\"ltr\" style=\"text-align: left\">\n<p><b>Tipos de banner\u00a0<\/b>Interstitial<\/p>\n<p>Aparecen en la pantalla, sobre la web, cuando entras en una web. Aparece antes de que la p\u00e1gina se cargue.<\/p>\n<p>Su tama\u00f1o es de 800&#215;600 pixeles, ocupando casi toda la pantalla, dura apenas unos segundos, los suficientes para que el usuario pueda leer la publicidad, casi siempre, interactiva.<\/p>\n<p>Este tipo de publicidad tambi\u00e9n es catalogada como molesta en la mayor\u00eda de ocasiones. Una de las normas que los anunciantes deben cumplir es la de colocar una X visible para la opci\u00f3n de cierre.<\/p>\n<p><b>Ejemplos:<\/b><\/p>\n<div class=\"separator\" style=\"clear: both;text-align: center\"><a href=\"http:\/\/www.euroresidentes.com\/empresa\/innovacion\/wp-content\/uploads\/sites\/3\/2014\/12\/interstitial2.png\"><img loading=\"lazy\" decoding=\"async\" class=\"aligncenter size-full wp-image-3360\" src=\"http:\/\/www.euroresidentes.com\/empresa\/innovacion\/wp-content\/uploads\/sites\/3\/2014\/12\/interstitial2.png\" alt=\"interstitial2\" width=\"1187\" height=\"607\" \/><\/a><\/div>\n<p>&nbsp;<\/p>\n<div class=\"separator\" style=\"clear: both;text-align: center\"><a href=\"http:\/\/www.euroresidentes.com\/empresa\/innovacion\/wp-content\/uploads\/sites\/3\/2014\/12\/intertitial.png\"><img loading=\"lazy\" decoding=\"async\" class=\"aligncenter size-full wp-image-3361\" src=\"http:\/\/www.euroresidentes.com\/empresa\/innovacion\/wp-content\/uploads\/sites\/3\/2014\/12\/intertitial.png\" alt=\"intertitial\" width=\"1195\" height=\"607\" \/><\/a><\/div>\n<p>&nbsp;<\/p>\n<div class=\"separator\" style=\"clear: both;text-align: center\"><a href=\"http:\/\/www.euroresidentes.com\/empresa\/innovacion\/wp-content\/uploads\/sites\/3\/2014\/12\/interstitial4.png\"><img loading=\"lazy\" decoding=\"async\" class=\"aligncenter size-full wp-image-3362\" src=\"http:\/\/www.euroresidentes.com\/empresa\/innovacion\/wp-content\/uploads\/sites\/3\/2014\/12\/interstitial4.png\" alt=\"interstitial4\" width=\"1163\" height=\"659\" \/><\/a><\/div>\n<p>&nbsp;<\/p>\n<\/div>\n","protected":false},"excerpt":{"rendered":"<p>Tipos de banner\u00a0Interstitial Aparecen en la pantalla, sobre la web, cuando entras en una web. Aparece antes de que la p\u00e1gina se cargue. Su tama\u00f1o es de 800&#215;600 pixeles, ocupando casi toda la pantalla, dura apenas unos segundos, los suficientes para que el usuario pueda leer la publicidad, casi siempre, interactiva. Este tipo de publicidad tambi\u00e9n es catalogada como molesta en la mayor\u00eda de ocasiones. Una de las normas que los anunciantes deben cumplir es la de colocar una X visible para la opci\u00f3n de cierre. Ejemplos: &nbsp; &nbsp; &nbsp;<\/p>\n","protected":false},"author":1,"featured_media":3361,"parent":0,"menu_order":0,"comment_status":"closed","ping_status":"closed","template":"page-auhtor.php","meta":{"footnotes":""},"class_list":["post-3284","page","type-page","status-publish","has-post-thumbnail","hentry","has_thumb"],"yoast_head":"<!-- This site is optimized with the Yoast SEO plugin v27.5 - https:\/\/yoast.com\/product\/yoast-seo-wordpress\/ -->\n<title>Banner: Interstitial o Cortinilla - Innovaci\u00f3n y Publicidad<\/title>\n<meta name=\"robots\" content=\"index, follow, max-snippet:-1, max-image-preview:large, max-video-preview:-1\" \/>\n<link rel=\"canonical\" href=\"https:\/\/www.euroresidentes.com\/empresa\/innovacion-publicidad\/banner-interstitial-o-cortinillatipos.html\" \/>\n<meta property=\"og:locale\" content=\"es_ES\" \/>\n<meta property=\"og:type\" content=\"article\" \/>\n<meta property=\"og:title\" content=\"Banner: Interstitial o Cortinilla - Innovaci\u00f3n y Publicidad\" \/>\n<meta property=\"og:description\" content=\"Tipos de banner\u00a0Interstitial Aparecen en la pantalla, sobre la web, cuando entras en una web. Aparece antes de que la p\u00e1gina se cargue. Su tama\u00f1o es de 800&#215;600 pixeles, ocupando casi toda la pantalla, dura apenas unos segundos, los suficientes para que el usuario pueda leer la publicidad, casi siempre, interactiva. Este tipo de publicidad tambi\u00e9n es catalogada como molesta en la mayor\u00eda de ocasiones. Una de las normas que los anunciantes deben cumplir es la de colocar una X visible para la opci\u00f3n de cierre. Ejemplos: &nbsp; &nbsp; &nbsp;\" \/>\n<meta property=\"og:url\" content=\"https:\/\/www.euroresidentes.com\/empresa\/innovacion-publicidad\/banner-interstitial-o-cortinillatipos.html\" \/>\n<meta property=\"og:site_name\" content=\"Innovaci\u00f3n y Publicidad\" \/>\n<meta name=\"twitter:card\" content=\"summary_large_image\" \/>\n<script type=\"application\/ld+json\" class=\"yoast-schema-graph\">{\"@context\":\"https:\\\/\\\/schema.org\",\"@graph\":[{\"@type\":\"WebPage\",\"@id\":\"https:\\\/\\\/www.euroresidentes.com\\\/empresa\\\/innovacion-publicidad\\\/banner-interstitial-o-cortinillatipos.html\",\"url\":\"https:\\\/\\\/www.euroresidentes.com\\\/empresa\\\/innovacion-publicidad\\\/banner-interstitial-o-cortinillatipos.html\",\"name\":\"Banner: Interstitial o Cortinilla - Innovaci\u00f3n y Publicidad\",\"isPartOf\":{\"@id\":\"https:\\\/\\\/www.euroresidentes.com\\\/empresa\\\/innovacion-publicidad\\\/#website\"},\"primaryImageOfPage\":{\"@id\":\"https:\\\/\\\/www.euroresidentes.com\\\/empresa\\\/innovacion-publicidad\\\/banner-interstitial-o-cortinillatipos.html#primaryimage\"},\"image\":{\"@id\":\"https:\\\/\\\/www.euroresidentes.com\\\/empresa\\\/innovacion-publicidad\\\/banner-interstitial-o-cortinillatipos.html#primaryimage\"},\"thumbnailUrl\":\"\",\"datePublished\":\"2014-12-11T17:10:00+00:00\",\"breadcrumb\":{\"@id\":\"https:\\\/\\\/www.euroresidentes.com\\\/empresa\\\/innovacion-publicidad\\\/banner-interstitial-o-cortinillatipos.html#breadcrumb\"},\"inLanguage\":\"es\",\"potentialAction\":[{\"@type\":\"ReadAction\",\"target\":[\"https:\\\/\\\/www.euroresidentes.com\\\/empresa\\\/innovacion-publicidad\\\/banner-interstitial-o-cortinillatipos.html\"]}]},{\"@type\":\"ImageObject\",\"inLanguage\":\"es\",\"@id\":\"https:\\\/\\\/www.euroresidentes.com\\\/empresa\\\/innovacion-publicidad\\\/banner-interstitial-o-cortinillatipos.html#primaryimage\",\"url\":\"\",\"contentUrl\":\"\"},{\"@type\":\"BreadcrumbList\",\"@id\":\"https:\\\/\\\/www.euroresidentes.com\\\/empresa\\\/innovacion-publicidad\\\/banner-interstitial-o-cortinillatipos.html#breadcrumb\",\"itemListElement\":[{\"@type\":\"ListItem\",\"position\":1,\"name\":\"Portada\",\"item\":\"https:\\\/\\\/www.euroresidentes.com\\\/empresa\\\/innovacion-publicidad\\\/\"},{\"@type\":\"ListItem\",\"position\":2,\"name\":\"Banner: Interstitial o Cortinilla\"}]},{\"@type\":\"WebSite\",\"@id\":\"https:\\\/\\\/www.euroresidentes.com\\\/empresa\\\/innovacion-publicidad\\\/#website\",\"url\":\"https:\\\/\\\/www.euroresidentes.com\\\/empresa\\\/innovacion-publicidad\\\/\",\"name\":\"Innovaci\u00f3n y Publicidad\",\"description\":\"Empresa Euroresidentes\",\"potentialAction\":[{\"@type\":\"SearchAction\",\"target\":{\"@type\":\"EntryPoint\",\"urlTemplate\":\"https:\\\/\\\/www.euroresidentes.com\\\/empresa\\\/innovacion-publicidad\\\/?s={search_term_string}\"},\"query-input\":{\"@type\":\"PropertyValueSpecification\",\"valueRequired\":true,\"valueName\":\"search_term_string\"}}],\"inLanguage\":\"es\"}]}<\/script>\n<!-- \/ Yoast SEO plugin. -->","yoast_head_json":{"title":"Banner: Interstitial o Cortinilla - Innovaci\u00f3n y Publicidad","robots":{"index":"index","follow":"follow","max-snippet":"max-snippet:-1","max-image-preview":"max-image-preview:large","max-video-preview":"max-video-preview:-1"},"canonical":"https:\/\/www.euroresidentes.com\/empresa\/innovacion-publicidad\/banner-interstitial-o-cortinillatipos.html","og_locale":"es_ES","og_type":"article","og_title":"Banner: Interstitial o Cortinilla - Innovaci\u00f3n y Publicidad","og_description":"Tipos de banner\u00a0Interstitial Aparecen en la pantalla, sobre la web, cuando entras en una web. Aparece antes de que la p\u00e1gina se cargue. Su tama\u00f1o es de 800&#215;600 pixeles, ocupando casi toda la pantalla, dura apenas unos segundos, los suficientes para que el usuario pueda leer la publicidad, casi siempre, interactiva. Este tipo de publicidad tambi\u00e9n es catalogada como molesta en la mayor\u00eda de ocasiones. Una de las normas que los anunciantes deben cumplir es la de colocar una X visible para la opci\u00f3n de cierre. Ejemplos: &nbsp; &nbsp; &nbsp;","og_url":"https:\/\/www.euroresidentes.com\/empresa\/innovacion-publicidad\/banner-interstitial-o-cortinillatipos.html","og_site_name":"Innovaci\u00f3n y Publicidad","twitter_card":"summary_large_image","schema":{"@context":"https:\/\/schema.org","@graph":[{"@type":"WebPage","@id":"https:\/\/www.euroresidentes.com\/empresa\/innovacion-publicidad\/banner-interstitial-o-cortinillatipos.html","url":"https:\/\/www.euroresidentes.com\/empresa\/innovacion-publicidad\/banner-interstitial-o-cortinillatipos.html","name":"Banner: Interstitial o Cortinilla - Innovaci\u00f3n y Publicidad","isPartOf":{"@id":"https:\/\/www.euroresidentes.com\/empresa\/innovacion-publicidad\/#website"},"primaryImageOfPage":{"@id":"https:\/\/www.euroresidentes.com\/empresa\/innovacion-publicidad\/banner-interstitial-o-cortinillatipos.html#primaryimage"},"image":{"@id":"https:\/\/www.euroresidentes.com\/empresa\/innovacion-publicidad\/banner-interstitial-o-cortinillatipos.html#primaryimage"},"thumbnailUrl":"","datePublished":"2014-12-11T17:10:00+00:00","breadcrumb":{"@id":"https:\/\/www.euroresidentes.com\/empresa\/innovacion-publicidad\/banner-interstitial-o-cortinillatipos.html#breadcrumb"},"inLanguage":"es","potentialAction":[{"@type":"ReadAction","target":["https:\/\/www.euroresidentes.com\/empresa\/innovacion-publicidad\/banner-interstitial-o-cortinillatipos.html"]}]},{"@type":"ImageObject","inLanguage":"es","@id":"https:\/\/www.euroresidentes.com\/empresa\/innovacion-publicidad\/banner-interstitial-o-cortinillatipos.html#primaryimage","url":"","contentUrl":""},{"@type":"BreadcrumbList","@id":"https:\/\/www.euroresidentes.com\/empresa\/innovacion-publicidad\/banner-interstitial-o-cortinillatipos.html#breadcrumb","itemListElement":[{"@type":"ListItem","position":1,"name":"Portada","item":"https:\/\/www.euroresidentes.com\/empresa\/innovacion-publicidad\/"},{"@type":"ListItem","position":2,"name":"Banner: Interstitial o Cortinilla"}]},{"@type":"WebSite","@id":"https:\/\/www.euroresidentes.com\/empresa\/innovacion-publicidad\/#website","url":"https:\/\/www.euroresidentes.com\/empresa\/innovacion-publicidad\/","name":"Innovaci\u00f3n y Publicidad","description":"Empresa Euroresidentes","potentialAction":[{"@type":"SearchAction","target":{"@type":"EntryPoint","urlTemplate":"https:\/\/www.euroresidentes.com\/empresa\/innovacion-publicidad\/?s={search_term_string}"},"query-input":{"@type":"PropertyValueSpecification","valueRequired":true,"valueName":"search_term_string"}}],"inLanguage":"es"}]}},"_links":{"self":[{"href":"https:\/\/www.euroresidentes.com\/empresa\/innovacion-publicidad\/wp-json\/wp\/v2\/pages\/3284","targetHints":{"allow":["GET"]}}],"collection":[{"href":"https:\/\/www.euroresidentes.com\/empresa\/innovacion-publicidad\/wp-json\/wp\/v2\/pages"}],"about":[{"href":"https:\/\/www.euroresidentes.com\/empresa\/innovacion-publicidad\/wp-json\/wp\/v2\/types\/page"}],"author":[{"embeddable":true,"href":"https:\/\/www.euroresidentes.com\/empresa\/innovacion-publicidad\/wp-json\/wp\/v2\/users\/1"}],"replies":[{"embeddable":true,"href":"https:\/\/www.euroresidentes.com\/empresa\/innovacion-publicidad\/wp-json\/wp\/v2\/comments?post=3284"}],"version-history":[{"count":0,"href":"https:\/\/www.euroresidentes.com\/empresa\/innovacion-publicidad\/wp-json\/wp\/v2\/pages\/3284\/revisions"}],"wp:featuredmedia":[{"embeddable":true,"href":"https:\/\/www.euroresidentes.com\/empresa\/innovacion-publicidad\/wp-json\/"}],"wp:attachment":[{"href":"https:\/\/www.euroresidentes.com\/empresa\/innovacion-publicidad\/wp-json\/wp\/v2\/media?parent=3284"}],"curies":[{"name":"wp","href":"https:\/\/api.w.org\/{rel}","templated":true}]}}