
{"id":3283,"date":"2014-12-11T17:14:00","date_gmt":"2014-12-11T17:14:00","guid":{"rendered":"https:\/\/wp.euroresidentes.com\/amor\/amores-imposibles\/banner-banner-rectangular-tiene-forma.html"},"modified":"2014-12-11T17:14:00","modified_gmt":"2014-12-11T17:14:00","slug":"banner-banner-rectangular-tiene-forma","status":"publish","type":"page","link":"https:\/\/www.euroresidentes.com\/empresa\/innovacion-publicidad\/banner-banner-rectangular-tiene-forma.html","title":{"rendered":"Anuncios Publicitarios: Banners"},"content":{"rendered":"<div dir=\"ltr\" style=\"text-align: left\">\n<p>Todos los<b>\u00a0tipos de banners<\/b>\u00a0que podemos encontrar son: Banner rectangular, robap\u00e1ginas, botones e intersticial.<\/p>\n<div><\/div>\n<div>El banner rectangular es el que m\u00e1s eficaz de todos y el que recibe m\u00e1s visitas. Se pueden encontrar en la mayor\u00eda de sitios web de noticias, blog, comunidades y web especializadas. Lo que suelen hacer las empresas web tambi\u00e9n es realizar unos intercambios de anuncios usando la\u00a0<a href=\"https:\/\/support.google.com\/adwords\/answer\/117120?hl=es\" target=\"_blank\">Red de Display de Google<\/a>, o comprar un espacio publicitario web de la misma manera que en un peri\u00f3dico.<\/div>\n<p><b><br \/>\n<\/b><br \/>\n<b>Banner Rectangular: <\/b>Tiene forma rectangular y en muchas ocasiones se coloca en el tercio superior de la p\u00e1gina.<\/p>\n<p>Existen tres tipos de banners seg\u00fan su tama\u00f1o.:<\/p>\n<p>&nbsp;<\/p>\n<ul style=\"text-align: left\">\n<li><b>Megabanner<\/b>: 728X90 p\u00edxeles<\/li>\n<\/ul>\n<p>Este tipo solemos encontrarlo en la parte superior del sitio web. El mejor sitio para que los usuarios o lectores se fijen en el anuncio, resumiendo, el tipo m\u00e1s efectivo.<\/p>\n<ul style=\"text-align: left\">\n<li><b>Banner<\/b>: 468X60 p\u00edxeles<\/li>\n<li><b>\u00a0Medio banner:<\/b> 234\u00d760 p\u00edxeles<\/li>\n<\/ul>\n<p>Ejemplos de banner rectangular:<\/p>\n<div class=\"separator\" style=\"clear: both;text-align: center\"><a href=\"http:\/\/www.euroresidentes.com\/empresa\/innovacion\/wp-content\/uploads\/sites\/3\/2014\/12\/banner.png\"><img loading=\"lazy\" decoding=\"async\" class=\"aligncenter size-full wp-image-3390\" src=\"http:\/\/www.euroresidentes.com\/empresa\/innovacion\/wp-content\/uploads\/sites\/3\/2014\/12\/banner.png\" alt=\"banner\" width=\"1001\" height=\"639\" \/><\/a><\/div>\n<div class=\"separator\" style=\"clear: both;text-align: center\"><\/div>\n<p>&nbsp;<\/p>\n<div class=\"separator\" style=\"clear: both;text-align: center\"><a href=\"http:\/\/www.euroresidentes.com\/empresa\/innovacion\/wp-content\/uploads\/sites\/3\/2014\/12\/banner2.png\"><img loading=\"lazy\" decoding=\"async\" class=\"aligncenter size-full wp-image-3392\" src=\"http:\/\/www.euroresidentes.com\/empresa\/innovacion\/wp-content\/uploads\/sites\/3\/2014\/12\/banner2.png\" alt=\"banner2\" width=\"977\" height=\"357\" \/><\/a><\/div>\n<div class=\"separator\" style=\"clear: both;text-align: center\"><\/div>\n<p>&nbsp;<\/p>\n<div class=\"separator\" style=\"clear: both;text-align: center\"><a href=\"http:\/\/www.euroresidentes.com\/empresa\/innovacion\/wp-content\/uploads\/sites\/3\/2014\/12\/banner3.png\"><img loading=\"lazy\" decoding=\"async\" class=\"aligncenter size-full wp-image-3393\" src=\"http:\/\/www.euroresidentes.com\/empresa\/innovacion\/wp-content\/uploads\/sites\/3\/2014\/12\/banner3.png\" alt=\"banner3\" width=\"1003\" height=\"543\" \/><\/a><\/div>\n<p><b>Tipos de banner:<\/b><\/p>\n<ul style=\"text-align: left\">\n<li><a href=\"http:\/\/innovacion-publicidad.euroresidentes.com\/p\/banner.html\" target=\"_blank\">Botones<\/a><\/li>\n<li><a href=\"http:\/\/innovacion-publicidad.euroresidentes.com\/p\/banner-s.html\" target=\"_blank\">Skyscraper o Rascacielos<\/a><\/li>\n<li><a href=\"http:\/\/innovacion-publicidad.euroresidentes.com\/p\/banner-robapaginas.html\" target=\"_blank\">Robap\u00e1ginas<\/a><\/li>\n<li><a href=\"http:\/\/innovacion-publicidad.euroresidentes.com\/p\/banner-interstitial-o-cortinillatipos.html\" target=\"_blank\">Interstitial o Cortinilla<\/a><\/li>\n<\/ul>\n<p>&nbsp;<\/p>\n<div><\/div>\n<\/div>\n","protected":false},"excerpt":{"rendered":"<p>Todos los\u00a0tipos de banners\u00a0que podemos encontrar son: Banner rectangular, robap\u00e1ginas, botones e intersticial. El banner rectangular es el que m\u00e1s eficaz de todos y el que recibe m\u00e1s visitas. Se pueden encontrar en la mayor\u00eda de sitios web de noticias, blog, comunidades y web especializadas. Lo que suelen hacer las empresas web tambi\u00e9n es realizar unos intercambios de anuncios usando la\u00a0Red de Display de Google, o comprar un espacio publicitario web de la misma manera que en un peri\u00f3dico. Banner Rectangular: Tiene forma rectangular y en muchas ocasiones se coloca en el tercio superior de la p\u00e1gina. Existen tres tipos <\/p>\n","protected":false},"author":1,"featured_media":3390,"parent":0,"menu_order":0,"comment_status":"closed","ping_status":"closed","template":"page-auhtor.php","meta":{"footnotes":""},"class_list":["post-3283","page","type-page","status-publish","has-post-thumbnail","hentry","has_thumb"],"yoast_head":"<!-- This site is optimized with the Yoast SEO plugin v27.6 - https:\/\/yoast.com\/product\/yoast-seo-wordpress\/ -->\n<title>Anuncios Publicitarios: Banners - Innovaci\u00f3n y Publicidad<\/title>\n<meta name=\"robots\" content=\"index, follow, max-snippet:-1, max-image-preview:large, max-video-preview:-1\" \/>\n<link rel=\"canonical\" href=\"https:\/\/www.euroresidentes.com\/empresa\/innovacion-publicidad\/banner-banner-rectangular-tiene-forma.html\" \/>\n<meta property=\"og:locale\" content=\"es_ES\" \/>\n<meta property=\"og:type\" content=\"article\" \/>\n<meta property=\"og:title\" content=\"Anuncios Publicitarios: Banners - Innovaci\u00f3n y Publicidad\" \/>\n<meta property=\"og:description\" content=\"Todos los\u00a0tipos de banners\u00a0que podemos encontrar son: Banner rectangular, robap\u00e1ginas, botones e intersticial. El banner rectangular es el que m\u00e1s eficaz de todos y el que recibe m\u00e1s visitas. Se pueden encontrar en la mayor\u00eda de sitios web de noticias, blog, comunidades y web especializadas. Lo que suelen hacer las empresas web tambi\u00e9n es realizar unos intercambios de anuncios usando la\u00a0Red de Display de Google, o comprar un espacio publicitario web de la misma manera que en un peri\u00f3dico. Banner Rectangular: Tiene forma rectangular y en muchas ocasiones se coloca en el tercio superior de la p\u00e1gina. Existen tres tipos\" \/>\n<meta property=\"og:url\" content=\"https:\/\/www.euroresidentes.com\/empresa\/innovacion-publicidad\/banner-banner-rectangular-tiene-forma.html\" \/>\n<meta property=\"og:site_name\" content=\"Innovaci\u00f3n y Publicidad\" \/>\n<meta name=\"twitter:card\" content=\"summary_large_image\" \/>\n<meta name=\"twitter:label1\" content=\"Est. reading time\" \/>\n\t<meta name=\"twitter:data1\" content=\"1 minuto\" \/>\n<script type=\"application\/ld+json\" class=\"yoast-schema-graph\">{\"@context\":\"https:\\\/\\\/schema.org\",\"@graph\":[{\"@type\":\"WebPage\",\"@id\":\"https:\\\/\\\/www.euroresidentes.com\\\/empresa\\\/innovacion-publicidad\\\/banner-banner-rectangular-tiene-forma.html\",\"url\":\"https:\\\/\\\/www.euroresidentes.com\\\/empresa\\\/innovacion-publicidad\\\/banner-banner-rectangular-tiene-forma.html\",\"name\":\"Anuncios Publicitarios: Banners - Innovaci\u00f3n y Publicidad\",\"isPartOf\":{\"@id\":\"https:\\\/\\\/www.euroresidentes.com\\\/empresa\\\/innovacion-publicidad\\\/#website\"},\"primaryImageOfPage\":{\"@id\":\"https:\\\/\\\/www.euroresidentes.com\\\/empresa\\\/innovacion-publicidad\\\/banner-banner-rectangular-tiene-forma.html#primaryimage\"},\"image\":{\"@id\":\"https:\\\/\\\/www.euroresidentes.com\\\/empresa\\\/innovacion-publicidad\\\/banner-banner-rectangular-tiene-forma.html#primaryimage\"},\"thumbnailUrl\":\"\",\"datePublished\":\"2014-12-11T17:14:00+00:00\",\"breadcrumb\":{\"@id\":\"https:\\\/\\\/www.euroresidentes.com\\\/empresa\\\/innovacion-publicidad\\\/banner-banner-rectangular-tiene-forma.html#breadcrumb\"},\"inLanguage\":\"es\",\"potentialAction\":[{\"@type\":\"ReadAction\",\"target\":[\"https:\\\/\\\/www.euroresidentes.com\\\/empresa\\\/innovacion-publicidad\\\/banner-banner-rectangular-tiene-forma.html\"]}]},{\"@type\":\"ImageObject\",\"inLanguage\":\"es\",\"@id\":\"https:\\\/\\\/www.euroresidentes.com\\\/empresa\\\/innovacion-publicidad\\\/banner-banner-rectangular-tiene-forma.html#primaryimage\",\"url\":\"\",\"contentUrl\":\"\"},{\"@type\":\"BreadcrumbList\",\"@id\":\"https:\\\/\\\/www.euroresidentes.com\\\/empresa\\\/innovacion-publicidad\\\/banner-banner-rectangular-tiene-forma.html#breadcrumb\",\"itemListElement\":[{\"@type\":\"ListItem\",\"position\":1,\"name\":\"Portada\",\"item\":\"https:\\\/\\\/www.euroresidentes.com\\\/empresa\\\/innovacion-publicidad\\\/\"},{\"@type\":\"ListItem\",\"position\":2,\"name\":\"Anuncios Publicitarios: Banners\"}]},{\"@type\":\"WebSite\",\"@id\":\"https:\\\/\\\/www.euroresidentes.com\\\/empresa\\\/innovacion-publicidad\\\/#website\",\"url\":\"https:\\\/\\\/www.euroresidentes.com\\\/empresa\\\/innovacion-publicidad\\\/\",\"name\":\"Innovaci\u00f3n y Publicidad\",\"description\":\"Empresa Euroresidentes\",\"potentialAction\":[{\"@type\":\"SearchAction\",\"target\":{\"@type\":\"EntryPoint\",\"urlTemplate\":\"https:\\\/\\\/www.euroresidentes.com\\\/empresa\\\/innovacion-publicidad\\\/?s={search_term_string}\"},\"query-input\":{\"@type\":\"PropertyValueSpecification\",\"valueRequired\":true,\"valueName\":\"search_term_string\"}}],\"inLanguage\":\"es\"}]}<\/script>\n<!-- \/ Yoast SEO plugin. -->","yoast_head_json":{"title":"Anuncios Publicitarios: Banners - Innovaci\u00f3n y Publicidad","robots":{"index":"index","follow":"follow","max-snippet":"max-snippet:-1","max-image-preview":"max-image-preview:large","max-video-preview":"max-video-preview:-1"},"canonical":"https:\/\/www.euroresidentes.com\/empresa\/innovacion-publicidad\/banner-banner-rectangular-tiene-forma.html","og_locale":"es_ES","og_type":"article","og_title":"Anuncios Publicitarios: Banners - Innovaci\u00f3n y Publicidad","og_description":"Todos los\u00a0tipos de banners\u00a0que podemos encontrar son: Banner rectangular, robap\u00e1ginas, botones e intersticial. El banner rectangular es el que m\u00e1s eficaz de todos y el que recibe m\u00e1s visitas. Se pueden encontrar en la mayor\u00eda de sitios web de noticias, blog, comunidades y web especializadas. Lo que suelen hacer las empresas web tambi\u00e9n es realizar unos intercambios de anuncios usando la\u00a0Red de Display de Google, o comprar un espacio publicitario web de la misma manera que en un peri\u00f3dico. Banner Rectangular: Tiene forma rectangular y en muchas ocasiones se coloca en el tercio superior de la p\u00e1gina. Existen tres tipos","og_url":"https:\/\/www.euroresidentes.com\/empresa\/innovacion-publicidad\/banner-banner-rectangular-tiene-forma.html","og_site_name":"Innovaci\u00f3n y Publicidad","twitter_card":"summary_large_image","twitter_misc":{"Est. reading time":"1 minuto"},"schema":{"@context":"https:\/\/schema.org","@graph":[{"@type":"WebPage","@id":"https:\/\/www.euroresidentes.com\/empresa\/innovacion-publicidad\/banner-banner-rectangular-tiene-forma.html","url":"https:\/\/www.euroresidentes.com\/empresa\/innovacion-publicidad\/banner-banner-rectangular-tiene-forma.html","name":"Anuncios Publicitarios: Banners - Innovaci\u00f3n y Publicidad","isPartOf":{"@id":"https:\/\/www.euroresidentes.com\/empresa\/innovacion-publicidad\/#website"},"primaryImageOfPage":{"@id":"https:\/\/www.euroresidentes.com\/empresa\/innovacion-publicidad\/banner-banner-rectangular-tiene-forma.html#primaryimage"},"image":{"@id":"https:\/\/www.euroresidentes.com\/empresa\/innovacion-publicidad\/banner-banner-rectangular-tiene-forma.html#primaryimage"},"thumbnailUrl":"","datePublished":"2014-12-11T17:14:00+00:00","breadcrumb":{"@id":"https:\/\/www.euroresidentes.com\/empresa\/innovacion-publicidad\/banner-banner-rectangular-tiene-forma.html#breadcrumb"},"inLanguage":"es","potentialAction":[{"@type":"ReadAction","target":["https:\/\/www.euroresidentes.com\/empresa\/innovacion-publicidad\/banner-banner-rectangular-tiene-forma.html"]}]},{"@type":"ImageObject","inLanguage":"es","@id":"https:\/\/www.euroresidentes.com\/empresa\/innovacion-publicidad\/banner-banner-rectangular-tiene-forma.html#primaryimage","url":"","contentUrl":""},{"@type":"BreadcrumbList","@id":"https:\/\/www.euroresidentes.com\/empresa\/innovacion-publicidad\/banner-banner-rectangular-tiene-forma.html#breadcrumb","itemListElement":[{"@type":"ListItem","position":1,"name":"Portada","item":"https:\/\/www.euroresidentes.com\/empresa\/innovacion-publicidad\/"},{"@type":"ListItem","position":2,"name":"Anuncios Publicitarios: Banners"}]},{"@type":"WebSite","@id":"https:\/\/www.euroresidentes.com\/empresa\/innovacion-publicidad\/#website","url":"https:\/\/www.euroresidentes.com\/empresa\/innovacion-publicidad\/","name":"Innovaci\u00f3n y Publicidad","description":"Empresa Euroresidentes","potentialAction":[{"@type":"SearchAction","target":{"@type":"EntryPoint","urlTemplate":"https:\/\/www.euroresidentes.com\/empresa\/innovacion-publicidad\/?s={search_term_string}"},"query-input":{"@type":"PropertyValueSpecification","valueRequired":true,"valueName":"search_term_string"}}],"inLanguage":"es"}]}},"_links":{"self":[{"href":"https:\/\/www.euroresidentes.com\/empresa\/innovacion-publicidad\/wp-json\/wp\/v2\/pages\/3283","targetHints":{"allow":["GET"]}}],"collection":[{"href":"https:\/\/www.euroresidentes.com\/empresa\/innovacion-publicidad\/wp-json\/wp\/v2\/pages"}],"about":[{"href":"https:\/\/www.euroresidentes.com\/empresa\/innovacion-publicidad\/wp-json\/wp\/v2\/types\/page"}],"author":[{"embeddable":true,"href":"https:\/\/www.euroresidentes.com\/empresa\/innovacion-publicidad\/wp-json\/wp\/v2\/users\/1"}],"replies":[{"embeddable":true,"href":"https:\/\/www.euroresidentes.com\/empresa\/innovacion-publicidad\/wp-json\/wp\/v2\/comments?post=3283"}],"version-history":[{"count":0,"href":"https:\/\/www.euroresidentes.com\/empresa\/innovacion-publicidad\/wp-json\/wp\/v2\/pages\/3283\/revisions"}],"wp:featuredmedia":[{"embeddable":true,"href":"https:\/\/www.euroresidentes.com\/empresa\/innovacion-publicidad\/wp-json\/"}],"wp:attachment":[{"href":"https:\/\/www.euroresidentes.com\/empresa\/innovacion-publicidad\/wp-json\/wp\/v2\/media?parent=3283"}],"curies":[{"name":"wp","href":"https:\/\/api.w.org\/{rel}","templated":true}]}}