
{"id":3282,"date":"2014-12-11T18:19:00","date_gmt":"2014-12-11T18:19:00","guid":{"rendered":"https:\/\/wp.euroresidentes.com\/amor\/amores-imposibles\/anuncios-en-youtube.html"},"modified":"2014-12-11T18:19:00","modified_gmt":"2014-12-11T18:19:00","slug":"anuncios-en-youtube","status":"publish","type":"page","link":"https:\/\/www.euroresidentes.com\/empresa\/innovacion-publicidad\/anuncios-en-youtube.html","title":{"rendered":"Anuncios en Youtube"},"content":{"rendered":"<p><b>Publicidad en Youtube:<\/b>Desde que este sitio web de v\u00eddeos fue adquirido por Google, los anunciantes tienen las mismas posibilidades de personalizaci\u00f3n que en la publicidad de AdWords.<\/p>\n<p>Lo podemos encontrar en distintos tipos de formatos y localizaci\u00f3n. Tenemos desde banner, hasta superposiciones en v\u00eddeos: en medio de la reproducci\u00f3n de un disco completo, antes o despu\u00e9s, anuncios largos que puedes saltar, anuncios de menos de 20 segundos que tienes que ver para poder escuchar la canci\u00f3n&#8230;<\/p>\n<p><b>Ejemplos:<\/b><\/p>\n<div id=\"attachment_3396\" style=\"width: 649px\" class=\"wp-caption aligncenter\"><a href=\"http:\/\/www.euroresidentes.com\/empresa\/innovacion\/wp-content\/uploads\/sites\/3\/2014\/12\/youtube2.png\"><img loading=\"lazy\" decoding=\"async\" aria-describedby=\"caption-attachment-3396\" class=\"wp-image-3396 size-full\" src=\"http:\/\/www.euroresidentes.com\/empresa\/innovacion\/wp-content\/uploads\/sites\/3\/2014\/12\/youtube2.png\" alt=\"youtube2\" width=\"639\" height=\"529\" \/><\/a><p id=\"caption-attachment-3396\" class=\"wp-caption-text\">Banner<\/p><\/div>\n<p>&nbsp;<\/p>\n<div id=\"attachment_3397\" style=\"width: 730px\" class=\"wp-caption aligncenter\"><a href=\"http:\/\/www.euroresidentes.com\/empresa\/innovacion\/wp-content\/uploads\/sites\/3\/2014\/12\/youtube3.png\"><img loading=\"lazy\" decoding=\"async\" aria-describedby=\"caption-attachment-3397\" class=\"wp-image-3397\" src=\"http:\/\/www.euroresidentes.com\/empresa\/innovacion\/wp-content\/uploads\/sites\/3\/2014\/12\/youtube3.png\" alt=\"V\u00eddeos patrocinados\" width=\"720\" height=\"205\" \/><\/a><p id=\"caption-attachment-3397\" class=\"wp-caption-text\">V\u00eddeos patrocinados<\/p><\/div>\n<p>&nbsp;<\/p>\n<div id=\"attachment_3398\" style=\"width: 683px\" class=\"wp-caption aligncenter\"><a href=\"http:\/\/www.euroresidentes.com\/empresa\/innovacion\/wp-content\/uploads\/sites\/3\/2014\/12\/youtube4.png\"><img loading=\"lazy\" decoding=\"async\" aria-describedby=\"caption-attachment-3398\" class=\"wp-image-3398 size-full\" src=\"http:\/\/www.euroresidentes.com\/empresa\/innovacion\/wp-content\/uploads\/sites\/3\/2014\/12\/youtube4.png\" alt=\"youtube4\" width=\"673\" height=\"413\" \/><\/a><p id=\"caption-attachment-3398\" class=\"wp-caption-text\">Anuncio insertado en v\u00eddeo<\/p><\/div>\n<p>&nbsp;<\/p>\n<div id=\"attachment_3399\" style=\"width: 659px\" class=\"wp-caption aligncenter\"><a href=\"http:\/\/www.euroresidentes.com\/empresa\/innovacion\/wp-content\/uploads\/sites\/3\/2014\/12\/youtube5.png\"><img loading=\"lazy\" decoding=\"async\" aria-describedby=\"caption-attachment-3399\" class=\"size-full wp-image-3399\" src=\"http:\/\/www.euroresidentes.com\/empresa\/innovacion\/wp-content\/uploads\/sites\/3\/2014\/12\/youtube5.png\" alt=\"Anuncio insertado en v\u00eddeo\" width=\"649\" height=\"395\" \/><\/a><p id=\"caption-attachment-3399\" class=\"wp-caption-text\">Anuncio insertado en v\u00eddeo<\/p><\/div>\n<p>&nbsp;<\/p>\n<div id=\"attachment_3400\" style=\"width: 610px\" class=\"wp-caption aligncenter\"><a href=\"http:\/\/www.euroresidentes.com\/empresa\/innovacion\/wp-content\/uploads\/sites\/3\/2014\/12\/youtube.png\"><img loading=\"lazy\" decoding=\"async\" aria-describedby=\"caption-attachment-3400\" class=\"wp-image-3400\" src=\"http:\/\/www.euroresidentes.com\/empresa\/innovacion\/wp-content\/uploads\/sites\/3\/2014\/12\/youtube.png\" alt=\"Botones\" width=\"600\" height=\"424\" \/><\/a><p id=\"caption-attachment-3400\" class=\"wp-caption-text\">Botones<\/p><\/div>\n","protected":false},"excerpt":{"rendered":"<p>Publicidad en Youtube:Desde que este sitio web de v\u00eddeos fue adquirido por Google, los anunciantes tienen las mismas posibilidades de personalizaci\u00f3n que en la publicidad de AdWords. Lo podemos encontrar en distintos tipos de formatos y localizaci\u00f3n. Tenemos desde banner, hasta superposiciones en v\u00eddeos: en medio de la reproducci\u00f3n de un disco completo, antes o despu\u00e9s, anuncios largos que puedes saltar, anuncios de menos de 20 segundos que tienes que ver para poder escuchar la canci\u00f3n&#8230; Ejemplos: &nbsp; &nbsp; &nbsp; &nbsp;<\/p>\n","protected":false},"author":1,"featured_media":3396,"parent":0,"menu_order":0,"comment_status":"closed","ping_status":"closed","template":"page-auhtor.php","meta":{"footnotes":""},"class_list":["post-3282","page","type-page","status-publish","has-post-thumbnail","hentry","has_thumb"],"yoast_head":"<!-- This site is optimized with the Yoast SEO plugin v27.6 - https:\/\/yoast.com\/product\/yoast-seo-wordpress\/ -->\n<title>Anuncios en Youtube - Innovaci\u00f3n y Publicidad<\/title>\n<meta name=\"robots\" content=\"index, follow, max-snippet:-1, max-image-preview:large, max-video-preview:-1\" \/>\n<link rel=\"canonical\" href=\"https:\/\/www.euroresidentes.com\/empresa\/innovacion-publicidad\/anuncios-en-youtube.html\" \/>\n<meta property=\"og:locale\" content=\"es_ES\" \/>\n<meta property=\"og:type\" content=\"article\" \/>\n<meta property=\"og:title\" content=\"Anuncios en Youtube - Innovaci\u00f3n y Publicidad\" \/>\n<meta property=\"og:description\" content=\"Publicidad en Youtube:Desde que este sitio web de v\u00eddeos fue adquirido por Google, los anunciantes tienen las mismas posibilidades de personalizaci\u00f3n que en la publicidad de AdWords. Lo podemos encontrar en distintos tipos de formatos y localizaci\u00f3n. Tenemos desde banner, hasta superposiciones en v\u00eddeos: en medio de la reproducci\u00f3n de un disco completo, antes o despu\u00e9s, anuncios largos que puedes saltar, anuncios de menos de 20 segundos que tienes que ver para poder escuchar la canci\u00f3n&#8230; Ejemplos: &nbsp; &nbsp; &nbsp; &nbsp;\" \/>\n<meta property=\"og:url\" content=\"https:\/\/www.euroresidentes.com\/empresa\/innovacion-publicidad\/anuncios-en-youtube.html\" \/>\n<meta property=\"og:site_name\" content=\"Innovaci\u00f3n y Publicidad\" \/>\n<meta name=\"twitter:card\" content=\"summary_large_image\" \/>\n<meta name=\"twitter:label1\" content=\"Est. reading time\" \/>\n\t<meta name=\"twitter:data1\" content=\"1 minuto\" \/>\n<script type=\"application\/ld+json\" class=\"yoast-schema-graph\">{\"@context\":\"https:\\\/\\\/schema.org\",\"@graph\":[{\"@type\":\"WebPage\",\"@id\":\"https:\\\/\\\/www.euroresidentes.com\\\/empresa\\\/innovacion-publicidad\\\/anuncios-en-youtube.html\",\"url\":\"https:\\\/\\\/www.euroresidentes.com\\\/empresa\\\/innovacion-publicidad\\\/anuncios-en-youtube.html\",\"name\":\"Anuncios en Youtube - Innovaci\u00f3n y Publicidad\",\"isPartOf\":{\"@id\":\"https:\\\/\\\/www.euroresidentes.com\\\/empresa\\\/innovacion-publicidad\\\/#website\"},\"primaryImageOfPage\":{\"@id\":\"https:\\\/\\\/www.euroresidentes.com\\\/empresa\\\/innovacion-publicidad\\\/anuncios-en-youtube.html#primaryimage\"},\"image\":{\"@id\":\"https:\\\/\\\/www.euroresidentes.com\\\/empresa\\\/innovacion-publicidad\\\/anuncios-en-youtube.html#primaryimage\"},\"thumbnailUrl\":\"\",\"datePublished\":\"2014-12-11T18:19:00+00:00\",\"breadcrumb\":{\"@id\":\"https:\\\/\\\/www.euroresidentes.com\\\/empresa\\\/innovacion-publicidad\\\/anuncios-en-youtube.html#breadcrumb\"},\"inLanguage\":\"es\",\"potentialAction\":[{\"@type\":\"ReadAction\",\"target\":[\"https:\\\/\\\/www.euroresidentes.com\\\/empresa\\\/innovacion-publicidad\\\/anuncios-en-youtube.html\"]}]},{\"@type\":\"ImageObject\",\"inLanguage\":\"es\",\"@id\":\"https:\\\/\\\/www.euroresidentes.com\\\/empresa\\\/innovacion-publicidad\\\/anuncios-en-youtube.html#primaryimage\",\"url\":\"\",\"contentUrl\":\"\"},{\"@type\":\"BreadcrumbList\",\"@id\":\"https:\\\/\\\/www.euroresidentes.com\\\/empresa\\\/innovacion-publicidad\\\/anuncios-en-youtube.html#breadcrumb\",\"itemListElement\":[{\"@type\":\"ListItem\",\"position\":1,\"name\":\"Portada\",\"item\":\"https:\\\/\\\/www.euroresidentes.com\\\/empresa\\\/innovacion-publicidad\\\/\"},{\"@type\":\"ListItem\",\"position\":2,\"name\":\"Anuncios en Youtube\"}]},{\"@type\":\"WebSite\",\"@id\":\"https:\\\/\\\/www.euroresidentes.com\\\/empresa\\\/innovacion-publicidad\\\/#website\",\"url\":\"https:\\\/\\\/www.euroresidentes.com\\\/empresa\\\/innovacion-publicidad\\\/\",\"name\":\"Innovaci\u00f3n y Publicidad\",\"description\":\"Empresa Euroresidentes\",\"potentialAction\":[{\"@type\":\"SearchAction\",\"target\":{\"@type\":\"EntryPoint\",\"urlTemplate\":\"https:\\\/\\\/www.euroresidentes.com\\\/empresa\\\/innovacion-publicidad\\\/?s={search_term_string}\"},\"query-input\":{\"@type\":\"PropertyValueSpecification\",\"valueRequired\":true,\"valueName\":\"search_term_string\"}}],\"inLanguage\":\"es\"}]}<\/script>\n<!-- \/ Yoast SEO plugin. -->","yoast_head_json":{"title":"Anuncios en Youtube - Innovaci\u00f3n y Publicidad","robots":{"index":"index","follow":"follow","max-snippet":"max-snippet:-1","max-image-preview":"max-image-preview:large","max-video-preview":"max-video-preview:-1"},"canonical":"https:\/\/www.euroresidentes.com\/empresa\/innovacion-publicidad\/anuncios-en-youtube.html","og_locale":"es_ES","og_type":"article","og_title":"Anuncios en Youtube - Innovaci\u00f3n y Publicidad","og_description":"Publicidad en Youtube:Desde que este sitio web de v\u00eddeos fue adquirido por Google, los anunciantes tienen las mismas posibilidades de personalizaci\u00f3n que en la publicidad de AdWords. Lo podemos encontrar en distintos tipos de formatos y localizaci\u00f3n. Tenemos desde banner, hasta superposiciones en v\u00eddeos: en medio de la reproducci\u00f3n de un disco completo, antes o despu\u00e9s, anuncios largos que puedes saltar, anuncios de menos de 20 segundos que tienes que ver para poder escuchar la canci\u00f3n&#8230; Ejemplos: &nbsp; &nbsp; &nbsp; &nbsp;","og_url":"https:\/\/www.euroresidentes.com\/empresa\/innovacion-publicidad\/anuncios-en-youtube.html","og_site_name":"Innovaci\u00f3n y Publicidad","twitter_card":"summary_large_image","twitter_misc":{"Est. reading time":"1 minuto"},"schema":{"@context":"https:\/\/schema.org","@graph":[{"@type":"WebPage","@id":"https:\/\/www.euroresidentes.com\/empresa\/innovacion-publicidad\/anuncios-en-youtube.html","url":"https:\/\/www.euroresidentes.com\/empresa\/innovacion-publicidad\/anuncios-en-youtube.html","name":"Anuncios en Youtube - Innovaci\u00f3n y Publicidad","isPartOf":{"@id":"https:\/\/www.euroresidentes.com\/empresa\/innovacion-publicidad\/#website"},"primaryImageOfPage":{"@id":"https:\/\/www.euroresidentes.com\/empresa\/innovacion-publicidad\/anuncios-en-youtube.html#primaryimage"},"image":{"@id":"https:\/\/www.euroresidentes.com\/empresa\/innovacion-publicidad\/anuncios-en-youtube.html#primaryimage"},"thumbnailUrl":"","datePublished":"2014-12-11T18:19:00+00:00","breadcrumb":{"@id":"https:\/\/www.euroresidentes.com\/empresa\/innovacion-publicidad\/anuncios-en-youtube.html#breadcrumb"},"inLanguage":"es","potentialAction":[{"@type":"ReadAction","target":["https:\/\/www.euroresidentes.com\/empresa\/innovacion-publicidad\/anuncios-en-youtube.html"]}]},{"@type":"ImageObject","inLanguage":"es","@id":"https:\/\/www.euroresidentes.com\/empresa\/innovacion-publicidad\/anuncios-en-youtube.html#primaryimage","url":"","contentUrl":""},{"@type":"BreadcrumbList","@id":"https:\/\/www.euroresidentes.com\/empresa\/innovacion-publicidad\/anuncios-en-youtube.html#breadcrumb","itemListElement":[{"@type":"ListItem","position":1,"name":"Portada","item":"https:\/\/www.euroresidentes.com\/empresa\/innovacion-publicidad\/"},{"@type":"ListItem","position":2,"name":"Anuncios en Youtube"}]},{"@type":"WebSite","@id":"https:\/\/www.euroresidentes.com\/empresa\/innovacion-publicidad\/#website","url":"https:\/\/www.euroresidentes.com\/empresa\/innovacion-publicidad\/","name":"Innovaci\u00f3n y Publicidad","description":"Empresa Euroresidentes","potentialAction":[{"@type":"SearchAction","target":{"@type":"EntryPoint","urlTemplate":"https:\/\/www.euroresidentes.com\/empresa\/innovacion-publicidad\/?s={search_term_string}"},"query-input":{"@type":"PropertyValueSpecification","valueRequired":true,"valueName":"search_term_string"}}],"inLanguage":"es"}]}},"_links":{"self":[{"href":"https:\/\/www.euroresidentes.com\/empresa\/innovacion-publicidad\/wp-json\/wp\/v2\/pages\/3282","targetHints":{"allow":["GET"]}}],"collection":[{"href":"https:\/\/www.euroresidentes.com\/empresa\/innovacion-publicidad\/wp-json\/wp\/v2\/pages"}],"about":[{"href":"https:\/\/www.euroresidentes.com\/empresa\/innovacion-publicidad\/wp-json\/wp\/v2\/types\/page"}],"author":[{"embeddable":true,"href":"https:\/\/www.euroresidentes.com\/empresa\/innovacion-publicidad\/wp-json\/wp\/v2\/users\/1"}],"replies":[{"embeddable":true,"href":"https:\/\/www.euroresidentes.com\/empresa\/innovacion-publicidad\/wp-json\/wp\/v2\/comments?post=3282"}],"version-history":[{"count":0,"href":"https:\/\/www.euroresidentes.com\/empresa\/innovacion-publicidad\/wp-json\/wp\/v2\/pages\/3282\/revisions"}],"wp:featuredmedia":[{"embeddable":true,"href":"https:\/\/www.euroresidentes.com\/empresa\/innovacion-publicidad\/wp-json\/"}],"wp:attachment":[{"href":"https:\/\/www.euroresidentes.com\/empresa\/innovacion-publicidad\/wp-json\/wp\/v2\/media?parent=3282"}],"curies":[{"name":"wp","href":"https:\/\/api.w.org\/{rel}","templated":true}]}}