{"id":346,"date":"2014-10-31T08:25:00","date_gmt":"2014-10-31T08:25:00","guid":{"rendered":"http:\/\/www.euroresidentes.com\/amor\/todo-sobre-amor\/conquistar.html"},"modified":"2016-03-11T10:17:21","modified_gmt":"2016-03-11T10:17:21","slug":"conquistar","status":"publish","type":"page","link":"https:\/\/www.euroresidentes.com\/amor\/todo-sobre-amor\/conquistar.html","title":{"rendered":"Enamorar a tu pareja"},"content":{"rendered":"<p>Los mejores <b>consejos y t\u00e9cnicas para conquistar<\/b> o ligar a una mujer (o a un hombre):<\/p>\n<p><b>Enamorar:&nbsp;<\/b><\/p>\n<ul>\n<li><a href=\"http:\/\/todo-sobre-amor.euroresidentes.com\/2008\/01\/mirar-los-ojos.html\" target=\"_blank\">Mirar a los ojos<\/a>. Conectar con los ojos. Contacto visual. T\u00e9cnicas para mirar con los ojos y enamorar.<\/li>\n<li><a href=\"http:\/\/todo-sobre-amor.euroresidentes.com\/2008\/01\/45-formas-de-llegar-al-corazn-de-una.html\" target=\"_blank\">45 formar de llegar al coraz\u00f3n de una mujer<\/a>, todas las ideas para enamorar a una mujer.<\/li>\n<li><a href=\"http:\/\/todo-sobre-amor.euroresidentes.com\/2008\/01\/cmo-decir-te-quiero-en-100-idiomas.html\" target=\"_blank\">C\u00f3mo decir \u00abte quiero en\u00bb en 100 idiomas<\/a>. S\u00e9 original y d\u00edselo de 100 maneras diferentes.<\/li>\n<li><a href=\"http:\/\/todo-sobre-amor.euroresidentes.com\/2008\/02\/declaraciones-de-amor.html\" target=\"_blank\">101 declaraciones de amor<\/a>, todas las formas rom\u00e1nticas, simp\u00e1ticas, t\u00f2picas y originales.<\/li>\n<li><a href=\"http:\/\/todo-sobre-amor.euroresidentes.com\/2013\/04\/amor-primera-vista.html\" target=\"_blank\">El amor a primera vista,<\/a> \u00bfse produce?<\/li>\n<li><a href=\"http:\/\/todo-sobre-amor.euroresidentes.com\/2013\/12\/como-saber-si-le-gustas.html\" target=\"_blank\">C\u00f3mo saber si le gustas<\/a>, averiguar si le gustas es posible<\/li>\n<li><a href=\"http:\/\/todo-sobre-amor.euroresidentes.com\/2014\/02\/10-formas-de-saber-si-estas-enamorado-no.html\" target=\"_blank\">10 formas de saber si est\u00e1s enamorado<\/a><\/li>\n<li><a href=\"http:\/\/todo-sobre-amor.euroresidentes.com\/2014\/02\/6-tipos-de-besos-y-sus-significados.html\" target=\"_blank\">6 tipos de besos y sus significados<\/a>&nbsp;&#8211; <a href=\"http:\/\/www.euroresidentes.com\/amor\/ligar\/como-besar.htm\" target=\"_blank\">C\u00f3mo besar<\/a><\/li>\n<\/ul>\n<div>\n<b><br \/><\/b><br \/>\n<b>Consejos y trucos para ligar:<\/b><\/div>\n<div>\n<ul>\n<li><a href=\"http:\/\/todo-sobre-amor.euroresidentes.com\/2008\/02\/dnde-ligar.html\" target=\"_blank\">D\u00f3nde ligar<\/a><\/li>\n<li><a href=\"http:\/\/todo-sobre-amor.euroresidentes.com\/2008\/03\/lo-ms-importante-la-hora-de-ligar.html\" target=\"_blank\">Lo m\u00e1s importante a la hora de ligar<\/a>, apariencia, estilo, lo que dices..<\/li>\n<li><a href=\"http:\/\/todo-sobre-amor.euroresidentes.com\/2008\/03\/ligar-jugar-con-la-distancia-fsica.html\" target=\"_blank\">Ligar: jugar con la distancia f\u00edsica<\/a>.<\/li>\n<li><a href=\"http:\/\/todo-sobre-amor.euroresidentes.com\/2008\/03\/ligar-posturas-y-seales-del-cuerpo.html\" target=\"_blank\">Ligar: posturas y se\u00f1ales del cuerpo<\/a>.<\/li>\n<li><a href=\"http:\/\/todo-sobre-amor.euroresidentes.com\/2008\/03\/ligar-la-importancia-de-los-gestos.html\" target=\"_blank\">Ligar: la importancia de los gestos<\/a><\/li>\n<li><a href=\"http:\/\/todo-sobre-amor.euroresidentes.com\/2008\/03\/ligar-expresiones-de-la-cara.html\" target=\"_blank\">Ligar: las expresiones de la cara<\/a><\/li>\n<li><a href=\"http:\/\/todo-sobre-amor.euroresidentes.com\/2008\/03\/ligar-con-la-mirada.html\" target=\"_blank\">Ligar con la mirada<\/a>, reglas b\u00e1sicas<\/li>\n<li><a href=\"http:\/\/todo-sobre-amor.euroresidentes.com\/2008\/01\/cmo-conseguir-el-telfono-de-una-mujer.html\" target=\"_blank\">C\u00f3mo conseguir el tel\u00e9fono de una mujer en tres minutos<\/a>. Infalible..<\/li>\n<li><a href=\"http:\/\/todo-sobre-amor.euroresidentes.com\/2008\/02\/cmo-romper-el-hielo.html\" target=\"_blank\">C\u00f3mo romper el hielo<\/a>. &nbsp;Iniciar el contacto, la conversaci\u00f3n, a veces cuesta.<\/li>\n<li><a href=\"http:\/\/todo-sobre-amor.euroresidentes.com\/2008\/02\/un-juego-para-ligar.html\" target=\"_blank\">Juego para ligar<\/a>, un juego simp\u00e1tico que funciona.<\/li>\n<li><a href=\"http:\/\/todo-sobre-amor.euroresidentes.com\/2014\/03\/5-cosas-que-no-debes-hacer-cuando-estas.html\" target=\"_blank\">5 cosas que no debes hacer cuando est\u00e1s conquistando a alguien<\/a><\/li>\n<\/ul>\n<\/div>\n","protected":false},"excerpt":{"rendered":"<p>Los mejores consejos y t\u00e9cnicas para conquistar o ligar a una mujer (o a un hombre): Enamorar:&nbsp; Mirar a los ojos. Conectar con los ojos. Contacto visual. T\u00e9cnicas para mirar con los ojos y enamorar. 45 formar de llegar al coraz\u00f3n de una mujer, todas las ideas para enamorar a una mujer. C\u00f3mo decir \u00abte quiero en\u00bb en 100 idiomas. S\u00e9 original y d\u00edselo de 100 maneras diferentes. 101 declaraciones de amor, todas las formas rom\u00e1nticas, simp\u00e1ticas, t\u00f2picas y originales. El amor a primera vista, \u00bfse produce? C\u00f3mo saber si le gustas, averiguar si le gustas es posible 10 formas <\/p>\n","protected":false},"author":1,"featured_media":0,"parent":0,"menu_order":0,"comment_status":"closed","ping_status":"closed","template":"","meta":{"footnotes":""},"class_list":["post-346","page","type-page","status-publish","hentry"],"yoast_head":"<!-- This site is optimized with the Yoast SEO plugin v24.1 - https:\/\/yoast.com\/wordpress\/plugins\/seo\/ -->\n<title>Enamorar a tu pareja - Todo sobre el amor<\/title>\n<meta name=\"robots\" content=\"index, follow, max-snippet:-1, max-image-preview:large, max-video-preview:-1\" \/>\n<link rel=\"canonical\" href=\"https:\/\/www.euroresidentes.com\/amor\/todo-sobre-amor\/conquistar.html\" \/>\n<meta property=\"og:locale\" content=\"es_ES\" \/>\n<meta property=\"og:type\" content=\"article\" \/>\n<meta property=\"og:title\" content=\"Enamorar a tu pareja - Todo sobre el amor\" \/>\n<meta property=\"og:description\" content=\"Los mejores consejos y t\u00e9cnicas para conquistar o ligar a una mujer (o a un hombre): Enamorar:&nbsp; Mirar a los ojos. Conectar con los ojos. Contacto visual. T\u00e9cnicas para mirar con los ojos y enamorar. 45 formar de llegar al coraz\u00f3n de una mujer, todas las ideas para enamorar a una mujer. C\u00f3mo decir \u00abte quiero en\u00bb en 100 idiomas. S\u00e9 original y d\u00edselo de 100 maneras diferentes. 101 declaraciones de amor, todas las formas rom\u00e1nticas, simp\u00e1ticas, t\u00f2picas y originales. El amor a primera vista, \u00bfse produce? C\u00f3mo saber si le gustas, averiguar si le gustas es posible 10 formas\" \/>\n<meta property=\"og:url\" content=\"https:\/\/www.euroresidentes.com\/amor\/todo-sobre-amor\/conquistar.html\" \/>\n<meta property=\"og:site_name\" content=\"Todo sobre el amor\" \/>\n<meta property=\"article:modified_time\" content=\"2016-03-11T10:17:21+00:00\" \/>\n<meta name=\"twitter:card\" content=\"summary_large_image\" \/>\n<meta name=\"twitter:label1\" content=\"Est. reading time\" \/>\n\t<meta name=\"twitter:data1\" content=\"1 minuto\" \/>\n<script type=\"application\/ld+json\" class=\"yoast-schema-graph\">{\"@context\":\"https:\/\/schema.org\",\"@graph\":[{\"@type\":\"WebPage\",\"@id\":\"https:\/\/www.euroresidentes.com\/amor\/todo-sobre-amor\/conquistar.html\",\"url\":\"https:\/\/www.euroresidentes.com\/amor\/todo-sobre-amor\/conquistar.html\",\"name\":\"Enamorar a tu pareja - Todo sobre el amor\",\"isPartOf\":{\"@id\":\"https:\/\/www.euroresidentes.com\/amor\/todo-sobre-amor\/#website\"},\"datePublished\":\"2014-10-31T08:25:00+00:00\",\"dateModified\":\"2016-03-11T10:17:21+00:00\",\"breadcrumb\":{\"@id\":\"https:\/\/www.euroresidentes.com\/amor\/todo-sobre-amor\/conquistar.html#breadcrumb\"},\"inLanguage\":\"es\",\"potentialAction\":[{\"@type\":\"ReadAction\",\"target\":[\"https:\/\/www.euroresidentes.com\/amor\/todo-sobre-amor\/conquistar.html\"]}]},{\"@type\":\"BreadcrumbList\",\"@id\":\"https:\/\/www.euroresidentes.com\/amor\/todo-sobre-amor\/conquistar.html#breadcrumb\",\"itemListElement\":[{\"@type\":\"ListItem\",\"position\":1,\"name\":\"Portada\",\"item\":\"https:\/\/www.euroresidentes.com\/amor\/todo-sobre-amor\/\"},{\"@type\":\"ListItem\",\"position\":2,\"name\":\"Enamorar a tu pareja\"}]},{\"@type\":\"WebSite\",\"@id\":\"https:\/\/www.euroresidentes.com\/amor\/todo-sobre-amor\/#website\",\"url\":\"https:\/\/www.euroresidentes.com\/amor\/todo-sobre-amor\/\",\"name\":\"Todo sobre el amor\",\"description\":\"Todo sobre el Amor Euroresidentes\",\"potentialAction\":[{\"@type\":\"SearchAction\",\"target\":{\"@type\":\"EntryPoint\",\"urlTemplate\":\"https:\/\/www.euroresidentes.com\/amor\/todo-sobre-amor\/?s={search_term_string}\"},\"query-input\":{\"@type\":\"PropertyValueSpecification\",\"valueRequired\":true,\"valueName\":\"search_term_string\"}}],\"inLanguage\":\"es\"}]}<\/script>\n<!-- \/ Yoast SEO plugin. -->","yoast_head_json":{"title":"Enamorar a tu pareja - Todo sobre el amor","robots":{"index":"index","follow":"follow","max-snippet":"max-snippet:-1","max-image-preview":"max-image-preview:large","max-video-preview":"max-video-preview:-1"},"canonical":"https:\/\/www.euroresidentes.com\/amor\/todo-sobre-amor\/conquistar.html","og_locale":"es_ES","og_type":"article","og_title":"Enamorar a tu pareja - Todo sobre el amor","og_description":"Los mejores consejos y t\u00e9cnicas para conquistar o ligar a una mujer (o a un hombre): Enamorar:&nbsp; Mirar a los ojos. Conectar con los ojos. Contacto visual. T\u00e9cnicas para mirar con los ojos y enamorar. 45 formar de llegar al coraz\u00f3n de una mujer, todas las ideas para enamorar a una mujer. C\u00f3mo decir \u00abte quiero en\u00bb en 100 idiomas. S\u00e9 original y d\u00edselo de 100 maneras diferentes. 101 declaraciones de amor, todas las formas rom\u00e1nticas, simp\u00e1ticas, t\u00f2picas y originales. El amor a primera vista, \u00bfse produce? C\u00f3mo saber si le gustas, averiguar si le gustas es posible 10 formas","og_url":"https:\/\/www.euroresidentes.com\/amor\/todo-sobre-amor\/conquistar.html","og_site_name":"Todo sobre el amor","article_modified_time":"2016-03-11T10:17:21+00:00","twitter_card":"summary_large_image","twitter_misc":{"Est. reading time":"1 minuto"},"schema":{"@context":"https:\/\/schema.org","@graph":[{"@type":"WebPage","@id":"https:\/\/www.euroresidentes.com\/amor\/todo-sobre-amor\/conquistar.html","url":"https:\/\/www.euroresidentes.com\/amor\/todo-sobre-amor\/conquistar.html","name":"Enamorar a tu pareja - Todo sobre el amor","isPartOf":{"@id":"https:\/\/www.euroresidentes.com\/amor\/todo-sobre-amor\/#website"},"datePublished":"2014-10-31T08:25:00+00:00","dateModified":"2016-03-11T10:17:21+00:00","breadcrumb":{"@id":"https:\/\/www.euroresidentes.com\/amor\/todo-sobre-amor\/conquistar.html#breadcrumb"},"inLanguage":"es","potentialAction":[{"@type":"ReadAction","target":["https:\/\/www.euroresidentes.com\/amor\/todo-sobre-amor\/conquistar.html"]}]},{"@type":"BreadcrumbList","@id":"https:\/\/www.euroresidentes.com\/amor\/todo-sobre-amor\/conquistar.html#breadcrumb","itemListElement":[{"@type":"ListItem","position":1,"name":"Portada","item":"https:\/\/www.euroresidentes.com\/amor\/todo-sobre-amor\/"},{"@type":"ListItem","position":2,"name":"Enamorar a tu pareja"}]},{"@type":"WebSite","@id":"https:\/\/www.euroresidentes.com\/amor\/todo-sobre-amor\/#website","url":"https:\/\/www.euroresidentes.com\/amor\/todo-sobre-amor\/","name":"Todo sobre el amor","description":"Todo sobre el Amor Euroresidentes","potentialAction":[{"@type":"SearchAction","target":{"@type":"EntryPoint","urlTemplate":"https:\/\/www.euroresidentes.com\/amor\/todo-sobre-amor\/?s={search_term_string}"},"query-input":{"@type":"PropertyValueSpecification","valueRequired":true,"valueName":"search_term_string"}}],"inLanguage":"es"}]}},"_links":{"self":[{"href":"https:\/\/www.euroresidentes.com\/amor\/todo-sobre-amor\/wp-json\/wp\/v2\/pages\/346","targetHints":{"allow":["GET"]}}],"collection":[{"href":"https:\/\/www.euroresidentes.com\/amor\/todo-sobre-amor\/wp-json\/wp\/v2\/pages"}],"about":[{"href":"https:\/\/www.euroresidentes.com\/amor\/todo-sobre-amor\/wp-json\/wp\/v2\/types\/page"}],"author":[{"embeddable":true,"href":"https:\/\/www.euroresidentes.com\/amor\/todo-sobre-amor\/wp-json\/wp\/v2\/users\/1"}],"replies":[{"embeddable":true,"href":"https:\/\/www.euroresidentes.com\/amor\/todo-sobre-amor\/wp-json\/wp\/v2\/comments?post=346"}],"version-history":[{"count":1,"href":"https:\/\/www.euroresidentes.com\/amor\/todo-sobre-amor\/wp-json\/wp\/v2\/pages\/346\/revisions"}],"predecessor-version":[{"id":886,"href":"https:\/\/www.euroresidentes.com\/amor\/todo-sobre-amor\/wp-json\/wp\/v2\/pages\/346\/revisions\/886"}],"wp:attachment":[{"href":"https:\/\/www.euroresidentes.com\/amor\/todo-sobre-amor\/wp-json\/wp\/v2\/media?parent=346"}],"curies":[{"name":"wp","href":"https:\/\/api.w.org\/{rel}","templated":true}]}}