{"id":1727,"date":"2015-04-29T08:04:00","date_gmt":"2015-04-29T06:04:00","guid":{"rendered":"http:\/\/www.euroresidentes.com\/amor\/todo-sobre-amor\/dudas-de-amor.html"},"modified":"2016-12-20T15:07:27","modified_gmt":"2016-12-20T14:07:27","slug":"dudas-de-amor","status":"publish","type":"page","link":"https:\/\/www.euroresidentes.com\/amor\/todo-sobre-amor\/dudas-de-amor.html","title":{"rendered":"Dudas de amor"},"content":{"rendered":"<div dir=\"ltr\" style=\"text-align: left;\" trbidi=\"on\">\n\u00bfTienes dudas sobre el amor? \u00bfSobre tus sentimientos o los suyos?&#8230; Estas en el lugar correcto<\/p>\n<p><\/p>\n<ul>\n<li><a href=\"http:\/\/amor-imposible.estudiantes.info\/2014\/04\/que-es-estar-enamorado.html\" target=\"_blank\">\u00bfQu\u00e9 es estar enamorado?<\/a><\/li>\n<\/ul>\n<ul>\n<li><a href=\"http:\/\/amor-imposible.estudiantes.info\/2014\/04\/por-que-nos-enamoramos.html\" target=\"_blank\">\u00bfPor qu\u00e9 nos enamoramos?<\/a><\/li>\n<\/ul>\n<ul>\n<li><a href=\"http:\/\/amor-imposible.estudiantes.info\/2014\/04\/por-que-elella.html\" target=\"_blank\">\u00bfPor qu\u00e9 \u00e9l\/ella?<\/a><\/li>\n<\/ul>\n<ul>\n<li><a href=\"http:\/\/amor-imposible.estudiantes.info\/2014\/04\/existe-el-amor-primera-vista.html\" target=\"_blank\">\u00bfExiste el amor a primera vista?<\/a><\/li>\n<\/ul>\n<ul>\n<li><a href=\"http:\/\/amor-imposible.estudiantes.info\/2014\/05\/10-maneras-de-saber-si-es-un-hombre-de.html\" target=\"_blank\">10 Maneras de saber si es un hombre de verdad<\/a><\/li>\n<\/ul>\n<ul>\n<li><a href=\"http:\/\/amor-imposible.estudiantes.info\/2014\/05\/10-maneras-de-saber-si-estas-saliendo.html\" target=\"_blank\">10 Maneras de saber si estas saliendo con una mujer 10<\/a><\/li>\n<\/ul>\n<ul>\n<li><a href=\"http:\/\/amor-imposible.estudiantes.info\/2014\/05\/que-estoy-haciendo-mal-en-el-amor.html\" target=\"_blank\">\u00bfQu\u00e9 estoy haciendo mal en el amor?<\/a><\/li>\n<\/ul>\n<ul>\n<li><a href=\"http:\/\/amor-imposible.estudiantes.info\/2014\/06\/8-situaciones-en-las-que-no-debes.html\" target=\"_blank\">8 Situaciones en las que no debes enamorarte<\/a><\/li>\n<\/ul>\n<ul>\n<li><a href=\"http:\/\/amor-imposible.estudiantes.info\/2014\/10\/se-acabo-el-amor-10-senales-que-indican.html\" target=\"_blank\">Se acab\u00f3 el amor: 10 Se\u00f1ales que indican que ya no est\u00e1 enamorado.<\/a><\/li>\n<\/ul>\n<ul>\n<li><a href=\"http:\/\/amor-imposible.estudiantes.info\/2014\/11\/los-hombres-tambien-quieren-amor-10.html\" target=\"_blank\">Los hombres tambi\u00e9n quieren amor: 10 cosas que les encanta escuchar<\/a><\/li>\n<\/ul>\n<ul>\n<li><a href=\"http:\/\/amor-imposible.estudiantes.info\/2015\/01\/aprende-quererte-ti-mismo-8-cosas-que.html\" target=\"_blank\">Aprende a quererte a ti mismo: 8 cosas que hacen las personas con Amor propio<\/a><\/li>\n<\/ul>\n<ul>\n<li><a href=\"http:\/\/amor-imposible.estudiantes.info\/2015\/04\/8-motivos-indiscutibles-por-los-que.html\" target=\"_blank\">8 Motivos indiscutibles por los que deber\u00edas dejar de intentar cambiar a otras personas<\/a><\/li>\n<\/ul>\n<\/div>\n","protected":false},"excerpt":{"rendered":"<p>\u00bfTienes dudas sobre el amor? \u00bfSobre tus sentimientos o los suyos?&#8230; Estas en el lugar correcto \u00bfQu\u00e9 es estar enamorado? \u00bfPor qu\u00e9 nos enamoramos? \u00bfPor qu\u00e9 \u00e9l\/ella? \u00bfExiste el amor a primera vista? 10 Maneras de saber si es un hombre de verdad 10 Maneras de saber si estas saliendo con una mujer 10 \u00bfQu\u00e9 estoy haciendo mal en el amor? 8 Situaciones en las que no debes enamorarte Se acab\u00f3 el amor: 10 Se\u00f1ales que indican que ya no est\u00e1 enamorado. Los hombres tambi\u00e9n quieren amor: 10 cosas que les encanta escuchar Aprende a quererte a ti mismo: 8 <\/p>\n","protected":false},"author":31,"featured_media":0,"parent":0,"menu_order":0,"comment_status":"closed","ping_status":"closed","template":"","meta":{"footnotes":""},"class_list":["post-1727","page","type-page","status-publish","hentry"],"yoast_head":"<!-- This site is optimized with the Yoast SEO plugin v24.1 - https:\/\/yoast.com\/wordpress\/plugins\/seo\/ -->\n<title>Dudas de amor - Todo sobre el amor<\/title>\n<meta name=\"robots\" content=\"index, follow, max-snippet:-1, max-image-preview:large, max-video-preview:-1\" \/>\n<link rel=\"canonical\" href=\"https:\/\/www.euroresidentes.com\/amor\/todo-sobre-amor\/dudas-de-amor.html\" \/>\n<meta property=\"og:locale\" content=\"es_ES\" \/>\n<meta property=\"og:type\" content=\"article\" \/>\n<meta property=\"og:title\" content=\"Dudas de amor - Todo sobre el amor\" \/>\n<meta property=\"og:description\" content=\"\u00bfTienes dudas sobre el amor? \u00bfSobre tus sentimientos o los suyos?&#8230; Estas en el lugar correcto \u00bfQu\u00e9 es estar enamorado? \u00bfPor qu\u00e9 nos enamoramos? \u00bfPor qu\u00e9 \u00e9l\/ella? \u00bfExiste el amor a primera vista? 10 Maneras de saber si es un hombre de verdad 10 Maneras de saber si estas saliendo con una mujer 10 \u00bfQu\u00e9 estoy haciendo mal en el amor? 8 Situaciones en las que no debes enamorarte Se acab\u00f3 el amor: 10 Se\u00f1ales que indican que ya no est\u00e1 enamorado. Los hombres tambi\u00e9n quieren amor: 10 cosas que les encanta escuchar Aprende a quererte a ti mismo: 8\" \/>\n<meta property=\"og:url\" content=\"https:\/\/www.euroresidentes.com\/amor\/todo-sobre-amor\/dudas-de-amor.html\" \/>\n<meta property=\"og:site_name\" content=\"Todo sobre el amor\" \/>\n<meta property=\"article:modified_time\" content=\"2016-12-20T14:07:27+00:00\" \/>\n<meta name=\"twitter:card\" content=\"summary_large_image\" \/>\n<meta name=\"twitter:label1\" content=\"Est. reading time\" \/>\n\t<meta name=\"twitter:data1\" content=\"1 minuto\" \/>\n<script type=\"application\/ld+json\" class=\"yoast-schema-graph\">{\"@context\":\"https:\/\/schema.org\",\"@graph\":[{\"@type\":\"WebPage\",\"@id\":\"https:\/\/www.euroresidentes.com\/amor\/todo-sobre-amor\/dudas-de-amor.html\",\"url\":\"https:\/\/www.euroresidentes.com\/amor\/todo-sobre-amor\/dudas-de-amor.html\",\"name\":\"Dudas de amor - Todo sobre el amor\",\"isPartOf\":{\"@id\":\"https:\/\/www.euroresidentes.com\/amor\/todo-sobre-amor\/#website\"},\"datePublished\":\"2015-04-29T06:04:00+00:00\",\"dateModified\":\"2016-12-20T14:07:27+00:00\",\"breadcrumb\":{\"@id\":\"https:\/\/www.euroresidentes.com\/amor\/todo-sobre-amor\/dudas-de-amor.html#breadcrumb\"},\"inLanguage\":\"es\",\"potentialAction\":[{\"@type\":\"ReadAction\",\"target\":[\"https:\/\/www.euroresidentes.com\/amor\/todo-sobre-amor\/dudas-de-amor.html\"]}]},{\"@type\":\"BreadcrumbList\",\"@id\":\"https:\/\/www.euroresidentes.com\/amor\/todo-sobre-amor\/dudas-de-amor.html#breadcrumb\",\"itemListElement\":[{\"@type\":\"ListItem\",\"position\":1,\"name\":\"Portada\",\"item\":\"https:\/\/www.euroresidentes.com\/amor\/todo-sobre-amor\/\"},{\"@type\":\"ListItem\",\"position\":2,\"name\":\"Dudas de amor\"}]},{\"@type\":\"WebSite\",\"@id\":\"https:\/\/www.euroresidentes.com\/amor\/todo-sobre-amor\/#website\",\"url\":\"https:\/\/www.euroresidentes.com\/amor\/todo-sobre-amor\/\",\"name\":\"Todo sobre el amor\",\"description\":\"Todo sobre el Amor Euroresidentes\",\"potentialAction\":[{\"@type\":\"SearchAction\",\"target\":{\"@type\":\"EntryPoint\",\"urlTemplate\":\"https:\/\/www.euroresidentes.com\/amor\/todo-sobre-amor\/?s={search_term_string}\"},\"query-input\":{\"@type\":\"PropertyValueSpecification\",\"valueRequired\":true,\"valueName\":\"search_term_string\"}}],\"inLanguage\":\"es\"}]}<\/script>\n<!-- \/ Yoast SEO plugin. -->","yoast_head_json":{"title":"Dudas de amor - Todo sobre el amor","robots":{"index":"index","follow":"follow","max-snippet":"max-snippet:-1","max-image-preview":"max-image-preview:large","max-video-preview":"max-video-preview:-1"},"canonical":"https:\/\/www.euroresidentes.com\/amor\/todo-sobre-amor\/dudas-de-amor.html","og_locale":"es_ES","og_type":"article","og_title":"Dudas de amor - Todo sobre el amor","og_description":"\u00bfTienes dudas sobre el amor? \u00bfSobre tus sentimientos o los suyos?&#8230; Estas en el lugar correcto \u00bfQu\u00e9 es estar enamorado? \u00bfPor qu\u00e9 nos enamoramos? \u00bfPor qu\u00e9 \u00e9l\/ella? \u00bfExiste el amor a primera vista? 10 Maneras de saber si es un hombre de verdad 10 Maneras de saber si estas saliendo con una mujer 10 \u00bfQu\u00e9 estoy haciendo mal en el amor? 8 Situaciones en las que no debes enamorarte Se acab\u00f3 el amor: 10 Se\u00f1ales que indican que ya no est\u00e1 enamorado. Los hombres tambi\u00e9n quieren amor: 10 cosas que les encanta escuchar Aprende a quererte a ti mismo: 8","og_url":"https:\/\/www.euroresidentes.com\/amor\/todo-sobre-amor\/dudas-de-amor.html","og_site_name":"Todo sobre el amor","article_modified_time":"2016-12-20T14:07:27+00:00","twitter_card":"summary_large_image","twitter_misc":{"Est. reading time":"1 minuto"},"schema":{"@context":"https:\/\/schema.org","@graph":[{"@type":"WebPage","@id":"https:\/\/www.euroresidentes.com\/amor\/todo-sobre-amor\/dudas-de-amor.html","url":"https:\/\/www.euroresidentes.com\/amor\/todo-sobre-amor\/dudas-de-amor.html","name":"Dudas de amor - Todo sobre el amor","isPartOf":{"@id":"https:\/\/www.euroresidentes.com\/amor\/todo-sobre-amor\/#website"},"datePublished":"2015-04-29T06:04:00+00:00","dateModified":"2016-12-20T14:07:27+00:00","breadcrumb":{"@id":"https:\/\/www.euroresidentes.com\/amor\/todo-sobre-amor\/dudas-de-amor.html#breadcrumb"},"inLanguage":"es","potentialAction":[{"@type":"ReadAction","target":["https:\/\/www.euroresidentes.com\/amor\/todo-sobre-amor\/dudas-de-amor.html"]}]},{"@type":"BreadcrumbList","@id":"https:\/\/www.euroresidentes.com\/amor\/todo-sobre-amor\/dudas-de-amor.html#breadcrumb","itemListElement":[{"@type":"ListItem","position":1,"name":"Portada","item":"https:\/\/www.euroresidentes.com\/amor\/todo-sobre-amor\/"},{"@type":"ListItem","position":2,"name":"Dudas de amor"}]},{"@type":"WebSite","@id":"https:\/\/www.euroresidentes.com\/amor\/todo-sobre-amor\/#website","url":"https:\/\/www.euroresidentes.com\/amor\/todo-sobre-amor\/","name":"Todo sobre el amor","description":"Todo sobre el Amor Euroresidentes","potentialAction":[{"@type":"SearchAction","target":{"@type":"EntryPoint","urlTemplate":"https:\/\/www.euroresidentes.com\/amor\/todo-sobre-amor\/?s={search_term_string}"},"query-input":{"@type":"PropertyValueSpecification","valueRequired":true,"valueName":"search_term_string"}}],"inLanguage":"es"}]}},"_links":{"self":[{"href":"https:\/\/www.euroresidentes.com\/amor\/todo-sobre-amor\/wp-json\/wp\/v2\/pages\/1727","targetHints":{"allow":["GET"]}}],"collection":[{"href":"https:\/\/www.euroresidentes.com\/amor\/todo-sobre-amor\/wp-json\/wp\/v2\/pages"}],"about":[{"href":"https:\/\/www.euroresidentes.com\/amor\/todo-sobre-amor\/wp-json\/wp\/v2\/types\/page"}],"author":[{"embeddable":true,"href":"https:\/\/www.euroresidentes.com\/amor\/todo-sobre-amor\/wp-json\/wp\/v2\/users\/31"}],"replies":[{"embeddable":true,"href":"https:\/\/www.euroresidentes.com\/amor\/todo-sobre-amor\/wp-json\/wp\/v2\/comments?post=1727"}],"version-history":[{"count":1,"href":"https:\/\/www.euroresidentes.com\/amor\/todo-sobre-amor\/wp-json\/wp\/v2\/pages\/1727\/revisions"}],"predecessor-version":[{"id":1736,"href":"https:\/\/www.euroresidentes.com\/amor\/todo-sobre-amor\/wp-json\/wp\/v2\/pages\/1727\/revisions\/1736"}],"wp:attachment":[{"href":"https:\/\/www.euroresidentes.com\/amor\/todo-sobre-amor\/wp-json\/wp\/v2\/media?parent=1727"}],"curies":[{"name":"wp","href":"https:\/\/api.w.org\/{rel}","templated":true}]}}